{"id":403,"date":"2017-08-15T18:39:09","date_gmt":"2017-08-15T16:39:09","guid":{"rendered":"https:\/\/thai-inhaler.com\/shop\/non%20class\u00e9\/tiger-balm-baume-du-tigre-patches-chauds-6-patches\/"},"modified":"2024-01-08T07:11:34","modified_gmt":"2024-01-08T06:11:34","slug":"tiger-balm-baume-du-tigre-patches-chauds-6-patches","status":"publish","type":"product","link":"https:\/\/thai-inhaler.com\/fr\/shop\/patches\/tiger-balm-baume-du-tigre-patches-chauds-6-patches\/","title":{"rendered":"Tiger Balm &#8211; Baume du Tigre &#8211; Patches Chauds &#8211; 4 Patches"},"content":{"rendered":"<h2>Tiger Balm &#8211; Baume du Tigre &#8211; Medicated Plaster RD &#8211; Patches Chauds &#8211; 4 Patches<\/h2>\n<h3>Efficacit\u00e9 du produit :<\/h3>\n<p>Le Patch Chaud Baume du Tigre est un pansement analg\u00e9sique \u00e0 base d&#8217;ingr\u00e9dients naturels qui p\u00e9n\u00e8trent instantan\u00e9ment dans la peau pour stimuler la circulation sanguine, traiter les sympt\u00f4mes douleureux et acc\u00e9l\u00e9rer le processus de gu\u00e9rison.<\/p>\n<h3>Ingr\u00e9dients pour 100g :<\/h3>\n<p>1g<b> <\/b>Camphre &#8211; 0,6g Huile de menthol &#8211; 0,5g Huile d&#8217;eucalyptus &#8211; 0,3g Menthol &#8211; 0,2g Extrait de piment<\/p>\n<h3>Comment l&#8217;utiliser :<\/h3>\n<p>Nettoyer et s\u00e9cher la surface o\u00f9 appliquer le patch. \u00d4ter le film protecteur et appliquer le pansement sur la zone affect\u00e9e une \u00e0 deux fois par jour. Pour de meilleurs r\u00e9sultats, appliquer le pl\u00e2tre une demi-heure apr\u00e8s avoir pris un bain et retirer une heure avant le bain.<\/p>\n<h3>Conservation :<\/h3>\n<p>Garder hors de la port\u00e9e des enfants. Conserver dans un endroit frais et sec, \u00e0 l&#8217;abri de la lumi\u00e8re directe du soleil. De plus, garder les patches \u00e0 moins de 25\u00b0 C et ne pas exposer trop longtemps \u00e0 l&#8217;atmosph\u00e8re.<\/p>\n<h3>Avertissement :<\/h3>\n<p>Le Patch Chaud Medicated-RD du Baume du Tigre est destin\u00e9 \u00e0 un usage externe seulement. Ne pas appliquer autour des yeux, des muqueuses, des plaies ou de la peau enflamm\u00e9e. En cas d&#8217;irritation de la peau, cesser l&#8217;utilisation et demander un avis m\u00e9dical. Ne pas utiliser pendant la grossesse ou en cas de signes de r\u00e9action allergique tels que des \u00e9ruptions cutan\u00e9es, rougeurs ou d\u00e9mangeaisons. Conservez les pansements inutilis\u00e9s dans leur emballage d&#8217;origine afin de pr\u00e9server les ingr\u00e9dients analg\u00e9siques. Les enfants doivent l&#8217;utiliser sous la surveillance d&#8217;un adulte.<\/p>\n","protected":false},"excerpt":{"rendered":"<p><b>Nom du produit : <\/b>Tiger Balm &#8211; Baume du Tigre &#8211; Medicated Plaster RD &#8211; Patches Chauds &#8211; 4 Patches<br \/>\n<b>Conditionnement :<\/b> 2 paquets de 2 patches \u2013 10cm x 14cm<br \/>\n<b>Origine : <\/b>Tha\u00eflande<br \/>\n<b>Usage : <\/b>Soulagement des douleurs musculaires<\/p>\n","protected":false},"featured_media":316,"comment_status":"open","ping_status":"closed","template":"","meta":{"_exactmetrics_skip_tracking":false,"_exactmetrics_sitenote_active":false,"_exactmetrics_sitenote_note":"","_exactmetrics_sitenote_category":0,"jetpack_post_was_ever_published":false},"product_cat":[58],"product_tag":[],"yoast_head":"<!-- This site is optimized with the Yoast SEO plugin v22.3 - https:\/\/yoast.com\/wordpress\/plugins\/seo\/ -->\n<title>Tiger Balm - Baume du Tigre - Patches Chauds - 4 Patches - Thai-Inhaler.com<\/title>\n<meta name=\"robots\" content=\"index, follow, max-snippet:-1, max-image-preview:large, max-video-preview:-1\" \/>\n<link rel=\"canonical\" href=\"https:\/\/thai-inhaler.com\/fr\/shop\/patches\/tiger-balm-baume-du-tigre-patches-chauds-6-patches\/\" \/>\n<meta property=\"og:locale\" content=\"fr_FR\" \/>\n<meta property=\"og:type\" content=\"article\" \/>\n<meta property=\"og:title\" content=\"Tiger Balm - Baume du Tigre - Patches Chauds - 4 Patches - Thai-Inhaler.com\" \/>\n<meta property=\"og:description\" content=\"Nom du produit : Tiger Balm - Baume du Tigre - Medicated Plaster RD - Patches Chauds - 4 Patches Conditionnement : 2 paquets de 2 patches \u2013 10cm x 14cm Origine : Tha\u00eflande Usage : Soulagement des douleurs musculaires\" \/>\n<meta property=\"og:url\" content=\"https:\/\/thai-inhaler.com\/fr\/shop\/patches\/tiger-balm-baume-du-tigre-patches-chauds-6-patches\/\" \/>\n<meta property=\"og:site_name\" content=\"Thai-Inhaler.com\" \/>\n<meta property=\"article:modified_time\" content=\"2024-01-08T06:11:34+00:00\" \/>\n<meta property=\"og:image\" content=\"https:\/\/thai-inhaler.com\/wp-content\/uploads\/2017\/08\/IMG_2948.jpg\" \/>\n\t<meta property=\"og:image:width\" content=\"900\" \/>\n\t<meta property=\"og:image:height\" content=\"900\" \/>\n\t<meta property=\"og:image:type\" content=\"image\/jpeg\" \/>\n<meta name=\"twitter:card\" content=\"summary_large_image\" \/>\n<meta name=\"twitter:label1\" content=\"Dur\u00e9e de lecture estim\u00e9e\" \/>\n\t<meta name=\"twitter:data1\" content=\"1 minute\" \/>\n<script type=\"application\/ld+json\" class=\"yoast-schema-graph\">{\"@context\":\"https:\/\/schema.org\",\"@graph\":[{\"@type\":\"WebPage\",\"@id\":\"https:\/\/thai-inhaler.com\/fr\/shop\/patches\/tiger-balm-baume-du-tigre-patches-chauds-6-patches\/\",\"url\":\"https:\/\/thai-inhaler.com\/fr\/shop\/patches\/tiger-balm-baume-du-tigre-patches-chauds-6-patches\/\",\"name\":\"Tiger Balm - Baume du Tigre - Patches Chauds - 4 Patches - Thai-Inhaler.com\",\"isPartOf\":{\"@id\":\"https:\/\/thai-inhaler.com\/#website\"},\"primaryImageOfPage\":{\"@id\":\"https:\/\/thai-inhaler.com\/fr\/shop\/patches\/tiger-balm-baume-du-tigre-patches-chauds-6-patches\/#primaryimage\"},\"image\":{\"@id\":\"https:\/\/thai-inhaler.com\/fr\/shop\/patches\/tiger-balm-baume-du-tigre-patches-chauds-6-patches\/#primaryimage\"},\"thumbnailUrl\":\"https:\/\/i0.wp.com\/thai-inhaler.com\/wp-content\/uploads\/2017\/08\/IMG_2948.jpg?fit=900%2C900&ssl=1\",\"datePublished\":\"2017-08-15T16:39:09+00:00\",\"dateModified\":\"2024-01-08T06:11:34+00:00\",\"breadcrumb\":{\"@id\":\"https:\/\/thai-inhaler.com\/fr\/shop\/patches\/tiger-balm-baume-du-tigre-patches-chauds-6-patches\/#breadcrumb\"},\"inLanguage\":\"fr-FR\",\"potentialAction\":[{\"@type\":\"ReadAction\",\"target\":[\"https:\/\/thai-inhaler.com\/fr\/shop\/patches\/tiger-balm-baume-du-tigre-patches-chauds-6-patches\/\"]}]},{\"@type\":\"ImageObject\",\"inLanguage\":\"fr-FR\",\"@id\":\"https:\/\/thai-inhaler.com\/fr\/shop\/patches\/tiger-balm-baume-du-tigre-patches-chauds-6-patches\/#primaryimage\",\"url\":\"https:\/\/i0.wp.com\/thai-inhaler.com\/wp-content\/uploads\/2017\/08\/IMG_2948.jpg?fit=900%2C900&ssl=1\",\"contentUrl\":\"https:\/\/i0.wp.com\/thai-inhaler.com\/wp-content\/uploads\/2017\/08\/IMG_2948.jpg?fit=900%2C900&ssl=1\",\"width\":900,\"height\":900,\"caption\":\"Tiger Balm - Baume du Tigre - Patches Chauds - 6 Patches\"},{\"@type\":\"BreadcrumbList\",\"@id\":\"https:\/\/thai-inhaler.com\/fr\/shop\/patches\/tiger-balm-baume-du-tigre-patches-chauds-6-patches\/#breadcrumb\",\"itemListElement\":[{\"@type\":\"ListItem\",\"position\":1,\"name\":\"Home\",\"item\":\"https:\/\/thai-inhaler.com\/fr\/\"},{\"@type\":\"ListItem\",\"position\":2,\"name\":\"Shop\",\"item\":\"https:\/\/thai-inhaler.com\/shop\/\"},{\"@type\":\"ListItem\",\"position\":3,\"name\":\"Tiger Balm &#8211; Baume du Tigre &#8211; Patches Chauds &#8211; 4 Patches\"}]},{\"@type\":\"WebSite\",\"@id\":\"https:\/\/thai-inhaler.com\/#website\",\"url\":\"https:\/\/thai-inhaler.com\/\",\"name\":\"Thai-Inhaler.com\",\"description\":\"Thai Herbal Products, Inhalers, Balms, Plasters On Sale\",\"publisher\":{\"@id\":\"https:\/\/thai-inhaler.com\/#organization\"},\"potentialAction\":[{\"@type\":\"SearchAction\",\"target\":{\"@type\":\"EntryPoint\",\"urlTemplate\":\"https:\/\/thai-inhaler.com\/?s={search_term_string}\"},\"query-input\":\"required name=search_term_string\"}],\"inLanguage\":\"fr-FR\"},{\"@type\":\"Organization\",\"@id\":\"https:\/\/thai-inhaler.com\/#organization\",\"name\":\"Thai-Inhaler.com\",\"url\":\"https:\/\/thai-inhaler.com\/\",\"logo\":{\"@type\":\"ImageObject\",\"inLanguage\":\"fr-FR\",\"@id\":\"https:\/\/thai-inhaler.com\/#\/schema\/logo\/image\/\",\"url\":\"https:\/\/i0.wp.com\/thai-inhaler.com\/wp-content\/uploads\/2017\/08\/cropped-logoThaiinhaler-01.png?fit=460%2C160&ssl=1\",\"contentUrl\":\"https:\/\/i0.wp.com\/thai-inhaler.com\/wp-content\/uploads\/2017\/08\/cropped-logoThaiinhaler-01.png?fit=460%2C160&ssl=1\",\"width\":460,\"height\":160,\"caption\":\"Thai-Inhaler.com\"},\"image\":{\"@id\":\"https:\/\/thai-inhaler.com\/#\/schema\/logo\/image\/\"}}]}<\/script>\n<!-- \/ Yoast SEO plugin. -->","yoast_head_json":{"title":"Tiger Balm - Baume du Tigre - Patches Chauds - 4 Patches - Thai-Inhaler.com","robots":{"index":"index","follow":"follow","max-snippet":"max-snippet:-1","max-image-preview":"max-image-preview:large","max-video-preview":"max-video-preview:-1"},"canonical":"https:\/\/thai-inhaler.com\/fr\/shop\/patches\/tiger-balm-baume-du-tigre-patches-chauds-6-patches\/","og_locale":"fr_FR","og_type":"article","og_title":"Tiger Balm - Baume du Tigre - Patches Chauds - 4 Patches - Thai-Inhaler.com","og_description":"Nom du produit : Tiger Balm - Baume du Tigre - Medicated Plaster RD - Patches Chauds - 4 Patches Conditionnement : 2 paquets de 2 patches \u2013 10cm x 14cm Origine : Tha\u00eflande Usage : Soulagement des douleurs musculaires","og_url":"https:\/\/thai-inhaler.com\/fr\/shop\/patches\/tiger-balm-baume-du-tigre-patches-chauds-6-patches\/","og_site_name":"Thai-Inhaler.com","article_modified_time":"2024-01-08T06:11:34+00:00","og_image":[{"width":900,"height":900,"url":"https:\/\/thai-inhaler.com\/wp-content\/uploads\/2017\/08\/IMG_2948.jpg","type":"image\/jpeg"}],"twitter_card":"summary_large_image","twitter_misc":{"Dur\u00e9e de lecture estim\u00e9e":"1 minute"},"schema":{"@context":"https:\/\/schema.org","@graph":[{"@type":"WebPage","@id":"https:\/\/thai-inhaler.com\/fr\/shop\/patches\/tiger-balm-baume-du-tigre-patches-chauds-6-patches\/","url":"https:\/\/thai-inhaler.com\/fr\/shop\/patches\/tiger-balm-baume-du-tigre-patches-chauds-6-patches\/","name":"Tiger Balm - Baume du Tigre - Patches Chauds - 4 Patches - Thai-Inhaler.com","isPartOf":{"@id":"https:\/\/thai-inhaler.com\/#website"},"primaryImageOfPage":{"@id":"https:\/\/thai-inhaler.com\/fr\/shop\/patches\/tiger-balm-baume-du-tigre-patches-chauds-6-patches\/#primaryimage"},"image":{"@id":"https:\/\/thai-inhaler.com\/fr\/shop\/patches\/tiger-balm-baume-du-tigre-patches-chauds-6-patches\/#primaryimage"},"thumbnailUrl":"https:\/\/i0.wp.com\/thai-inhaler.com\/wp-content\/uploads\/2017\/08\/IMG_2948.jpg?fit=900%2C900&ssl=1","datePublished":"2017-08-15T16:39:09+00:00","dateModified":"2024-01-08T06:11:34+00:00","breadcrumb":{"@id":"https:\/\/thai-inhaler.com\/fr\/shop\/patches\/tiger-balm-baume-du-tigre-patches-chauds-6-patches\/#breadcrumb"},"inLanguage":"fr-FR","potentialAction":[{"@type":"ReadAction","target":["https:\/\/thai-inhaler.com\/fr\/shop\/patches\/tiger-balm-baume-du-tigre-patches-chauds-6-patches\/"]}]},{"@type":"ImageObject","inLanguage":"fr-FR","@id":"https:\/\/thai-inhaler.com\/fr\/shop\/patches\/tiger-balm-baume-du-tigre-patches-chauds-6-patches\/#primaryimage","url":"https:\/\/i0.wp.com\/thai-inhaler.com\/wp-content\/uploads\/2017\/08\/IMG_2948.jpg?fit=900%2C900&ssl=1","contentUrl":"https:\/\/i0.wp.com\/thai-inhaler.com\/wp-content\/uploads\/2017\/08\/IMG_2948.jpg?fit=900%2C900&ssl=1","width":900,"height":900,"caption":"Tiger Balm - Baume du Tigre - Patches Chauds - 6 Patches"},{"@type":"BreadcrumbList","@id":"https:\/\/thai-inhaler.com\/fr\/shop\/patches\/tiger-balm-baume-du-tigre-patches-chauds-6-patches\/#breadcrumb","itemListElement":[{"@type":"ListItem","position":1,"name":"Home","item":"https:\/\/thai-inhaler.com\/fr\/"},{"@type":"ListItem","position":2,"name":"Shop","item":"https:\/\/thai-inhaler.com\/shop\/"},{"@type":"ListItem","position":3,"name":"Tiger Balm &#8211; Baume du Tigre &#8211; Patches Chauds &#8211; 4 Patches"}]},{"@type":"WebSite","@id":"https:\/\/thai-inhaler.com\/#website","url":"https:\/\/thai-inhaler.com\/","name":"Thai-Inhaler.com","description":"Thai Herbal Products, Inhalers, Balms, Plasters On Sale","publisher":{"@id":"https:\/\/thai-inhaler.com\/#organization"},"potentialAction":[{"@type":"SearchAction","target":{"@type":"EntryPoint","urlTemplate":"https:\/\/thai-inhaler.com\/?s={search_term_string}"},"query-input":"required name=search_term_string"}],"inLanguage":"fr-FR"},{"@type":"Organization","@id":"https:\/\/thai-inhaler.com\/#organization","name":"Thai-Inhaler.com","url":"https:\/\/thai-inhaler.com\/","logo":{"@type":"ImageObject","inLanguage":"fr-FR","@id":"https:\/\/thai-inhaler.com\/#\/schema\/logo\/image\/","url":"https:\/\/i0.wp.com\/thai-inhaler.com\/wp-content\/uploads\/2017\/08\/cropped-logoThaiinhaler-01.png?fit=460%2C160&ssl=1","contentUrl":"https:\/\/i0.wp.com\/thai-inhaler.com\/wp-content\/uploads\/2017\/08\/cropped-logoThaiinhaler-01.png?fit=460%2C160&ssl=1","width":460,"height":160,"caption":"Thai-Inhaler.com"},"image":{"@id":"https:\/\/thai-inhaler.com\/#\/schema\/logo\/image\/"}}]}},"jetpack_sharing_enabled":true,"_links":{"self":[{"href":"https:\/\/thai-inhaler.com\/fr\/wp-json\/wp\/v2\/product\/403"}],"collection":[{"href":"https:\/\/thai-inhaler.com\/fr\/wp-json\/wp\/v2\/product"}],"about":[{"href":"https:\/\/thai-inhaler.com\/fr\/wp-json\/wp\/v2\/types\/product"}],"replies":[{"embeddable":true,"href":"https:\/\/thai-inhaler.com\/fr\/wp-json\/wp\/v2\/comments?post=403"}],"wp:featuredmedia":[{"embeddable":true,"href":"https:\/\/thai-inhaler.com\/fr\/wp-json\/wp\/v2\/media\/316"}],"wp:attachment":[{"href":"https:\/\/thai-inhaler.com\/fr\/wp-json\/wp\/v2\/media?parent=403"}],"wp:term":[{"taxonomy":"product_cat","embeddable":true,"href":"https:\/\/thai-inhaler.com\/fr\/wp-json\/wp\/v2\/product_cat?post=403"},{"taxonomy":"product_tag","embeddable":true,"href":"https:\/\/thai-inhaler.com\/fr\/wp-json\/wp\/v2\/product_tag?post=403"}],"curies":[{"name":"wp","href":"https:\/\/api.w.org\/{rel}","templated":true}]}}