{"id":402,"date":"2017-08-16T14:57:28","date_gmt":"2017-08-16T12:57:28","guid":{"rendered":"https:\/\/thai-inhaler.com\/shop\/non%20class\u00e9\/tiger-balm-neck-shoulder-rub-50-grammes-1-piece-baume-du-tigre-massage-cou-et-epaule\/"},"modified":"2023-11-20T07:52:33","modified_gmt":"2023-11-20T06:52:33","slug":"tiger-balm-neck-shoulder-rub-50-grammes-1-piece-baume-du-tigre-massage-cou-et-epaule","status":"publish","type":"product","link":"https:\/\/thai-inhaler.com\/fr\/shop\/baumes\/tiger-balm-neck-shoulder-rub-50-grammes-1-piece-baume-du-tigre-massage-cou-et-epaule\/","title":{"rendered":"Tiger Balm &#8211; Neck &#038; Shoulder Rub &#8211; 50 Grammes &#8211; 1 Pi\u00e8ce &#8211; Baume du Tigre &#8211; Massage Cou et \u00c9paule"},"content":{"rendered":"<h2>Tiger Balm &#8211; Neck &amp; Shoulder Rub &#8211; 50 Grammes &#8211; 1 Pi\u00e8ce &#8211; Baume du Tigre &#8211; Massage Cou et \u00c9paule<\/h2>\n<h3>Efficacit\u00e9 du produit :<\/h3>\n<p>Faites l&#8217;exp\u00e9rience de la puissance d&#8217;un massage sur le pouce avec le Baume du Tigre r\u00e9volutionnaire Neck &amp; Shoulder Rub. Il est sp\u00e9cialement con\u00e7u avec des ingr\u00e9dients \u00e0 l\u2019absorption rapide qui peuvent soulager les douleurs des cervicales et \u00e9paules.<\/p>\n<p>Massez votre corps avec cette lotion aqueuse, non grasse et vous \u00eates assur\u00e9 de ressentez les douleurs dans votre cou et vos \u00e9paules s&#8217;\u00e9vaporer en toute simplicit\u00e9.<\/p>\n<p>En rehaussant les effets d&#8217;un simple massage, le Baume baume du Tigre pour le Cou et les \u00c9paules apaise le stress et les maux de t\u00eate gr\u00e2ce \u00e0 sa formule apaisante et calmante, faisant de ce tube \u00e0 la taille pratique un incontournable pour tous ceux ayant besoin d&#8217;un soulagement rapide des douleurs au cou et aux \u00e9paules.<\/p>\n<p>&nbsp;<\/p>\n<h3>Ingr\u00e9dients :<\/h3>\n<p>Camphre \u2013 11%, Menthol \u2013 10%, Huile de menthe 6%<\/p>\n<h3>Comment l&#8217;utiliser :<\/h3>\n<p>Massez doucement une quantit\u00e9 suffisante de cr\u00e8me sur le muscle affect\u00e9 deux \u00e0 quatre fois par jour selon l&#8217;intensit\u00e9 de la douleur.<\/p>\n<h3>Conservation :<\/h3>\n<p>Conservez ce produit \u00e0 l&#8217;abri de la lumi\u00e8re directe du soleil et d&#8217;une temp\u00e9rature sup\u00e9rieure \u00e0 30\u00baC. \u00c9vitez \u00e9galement les endroits o\u00f9 l&#8217;humidit\u00e9 est \u00e9lev\u00e9e.<\/p>\n<h3>Avertissement :<\/h3>\n<p>Ce produit est destin\u00e9 \u00e0 un usage externe uniquement. Ne pas appliquer autour des yeux, des muqueuses, des plaies ou de la peau enflamm\u00e9e. En cas d&#8217;irritation de la peau, cesser l&#8217;utilisation et demander un avis m\u00e9dical. Ne pas utiliser pendant la grossesse et l&#8217;allaitement. Garder hors de la port\u00e9e des enfants. Ne pas utiliser chez les enfants de moins de 3 ans et consulter un m\u00e9decin avant d&#8217;utiliser chez les enfants de moins de 12 ans. Si des signes d&#8217;une r\u00e9action allergique apparaissent comme des \u00e9ruptions cutan\u00e9es, des rougeurs ou des d\u00e9mangeaisons, cesser l&#8217;utilisation et consulter un m\u00e9decin. Tester sur de petites surfaces avant utilisation.<\/p>\n","protected":false},"excerpt":{"rendered":"<p><b>Nom<\/b> : Tiger Balm &#8211; Neck &amp; Shoulder Rub<br \/>\n<b>Origine<\/b> : Tha\u00eflande<br \/>\n<b>Dur\u00e9e de conservation<\/b> : Trois ans<\/p>\n","protected":false},"featured_media":330,"comment_status":"open","ping_status":"closed","template":"","meta":{"_exactmetrics_skip_tracking":false,"_exactmetrics_sitenote_active":false,"_exactmetrics_sitenote_note":"","_exactmetrics_sitenote_category":0,"jetpack_post_was_ever_published":false},"product_cat":[56],"product_tag":[],"yoast_head":"<!-- This site is optimized with the Yoast SEO plugin v22.3 - https:\/\/yoast.com\/wordpress\/plugins\/seo\/ -->\n<title>Tiger Balm - Neck &amp; Shoulder Rub - 50 Grammes - 1 Pi\u00e8ce - Baume du Tigre - Massage Cou et \u00c9paule - Thai-Inhaler.com<\/title>\n<meta name=\"robots\" content=\"index, follow, max-snippet:-1, max-image-preview:large, max-video-preview:-1\" \/>\n<link rel=\"canonical\" href=\"https:\/\/thai-inhaler.com\/fr\/shop\/baumes\/tiger-balm-neck-shoulder-rub-50-grammes-1-piece-baume-du-tigre-massage-cou-et-epaule\/\" \/>\n<meta property=\"og:locale\" content=\"fr_FR\" \/>\n<meta property=\"og:type\" content=\"article\" \/>\n<meta property=\"og:title\" content=\"Tiger Balm - Neck &amp; Shoulder Rub - 50 Grammes - 1 Pi\u00e8ce - Baume du Tigre - Massage Cou et \u00c9paule - Thai-Inhaler.com\" \/>\n<meta property=\"og:description\" content=\"Nom : Tiger Balm - Neck &amp; Shoulder Rub Origine : Tha\u00eflande Dur\u00e9e de conservation : Trois ans\" \/>\n<meta property=\"og:url\" content=\"https:\/\/thai-inhaler.com\/fr\/shop\/baumes\/tiger-balm-neck-shoulder-rub-50-grammes-1-piece-baume-du-tigre-massage-cou-et-epaule\/\" \/>\n<meta property=\"og:site_name\" content=\"Thai-Inhaler.com\" \/>\n<meta property=\"article:modified_time\" content=\"2023-11-20T06:52:33+00:00\" \/>\n<meta property=\"og:image\" content=\"https:\/\/thai-inhaler.com\/wp-content\/uploads\/2017\/08\/IMG_3168.jpg\" \/>\n\t<meta property=\"og:image:width\" content=\"2048\" \/>\n\t<meta property=\"og:image:height\" content=\"2048\" \/>\n\t<meta property=\"og:image:type\" content=\"image\/jpeg\" \/>\n<meta name=\"twitter:card\" content=\"summary_large_image\" \/>\n<meta name=\"twitter:label1\" content=\"Dur\u00e9e de lecture estim\u00e9e\" \/>\n\t<meta name=\"twitter:data1\" content=\"2 minutes\" \/>\n<script type=\"application\/ld+json\" class=\"yoast-schema-graph\">{\"@context\":\"https:\/\/schema.org\",\"@graph\":[{\"@type\":\"WebPage\",\"@id\":\"https:\/\/thai-inhaler.com\/fr\/shop\/baumes\/tiger-balm-neck-shoulder-rub-50-grammes-1-piece-baume-du-tigre-massage-cou-et-epaule\/\",\"url\":\"https:\/\/thai-inhaler.com\/fr\/shop\/baumes\/tiger-balm-neck-shoulder-rub-50-grammes-1-piece-baume-du-tigre-massage-cou-et-epaule\/\",\"name\":\"Tiger Balm - Neck & Shoulder Rub - 50 Grammes - 1 Pi\u00e8ce - Baume du Tigre - Massage Cou et \u00c9paule - Thai-Inhaler.com\",\"isPartOf\":{\"@id\":\"https:\/\/thai-inhaler.com\/#website\"},\"primaryImageOfPage\":{\"@id\":\"https:\/\/thai-inhaler.com\/fr\/shop\/baumes\/tiger-balm-neck-shoulder-rub-50-grammes-1-piece-baume-du-tigre-massage-cou-et-epaule\/#primaryimage\"},\"image\":{\"@id\":\"https:\/\/thai-inhaler.com\/fr\/shop\/baumes\/tiger-balm-neck-shoulder-rub-50-grammes-1-piece-baume-du-tigre-massage-cou-et-epaule\/#primaryimage\"},\"thumbnailUrl\":\"https:\/\/i0.wp.com\/thai-inhaler.com\/wp-content\/uploads\/2017\/08\/IMG_3168.jpg?fit=2048%2C2048&ssl=1\",\"datePublished\":\"2017-08-16T12:57:28+00:00\",\"dateModified\":\"2023-11-20T06:52:33+00:00\",\"breadcrumb\":{\"@id\":\"https:\/\/thai-inhaler.com\/fr\/shop\/baumes\/tiger-balm-neck-shoulder-rub-50-grammes-1-piece-baume-du-tigre-massage-cou-et-epaule\/#breadcrumb\"},\"inLanguage\":\"fr-FR\",\"potentialAction\":[{\"@type\":\"ReadAction\",\"target\":[\"https:\/\/thai-inhaler.com\/fr\/shop\/baumes\/tiger-balm-neck-shoulder-rub-50-grammes-1-piece-baume-du-tigre-massage-cou-et-epaule\/\"]}]},{\"@type\":\"ImageObject\",\"inLanguage\":\"fr-FR\",\"@id\":\"https:\/\/thai-inhaler.com\/fr\/shop\/baumes\/tiger-balm-neck-shoulder-rub-50-grammes-1-piece-baume-du-tigre-massage-cou-et-epaule\/#primaryimage\",\"url\":\"https:\/\/i0.wp.com\/thai-inhaler.com\/wp-content\/uploads\/2017\/08\/IMG_3168.jpg?fit=2048%2C2048&ssl=1\",\"contentUrl\":\"https:\/\/i0.wp.com\/thai-inhaler.com\/wp-content\/uploads\/2017\/08\/IMG_3168.jpg?fit=2048%2C2048&ssl=1\",\"width\":2048,\"height\":2048,\"caption\":\"Tiger Balm - Neck & Shoulder Rub - 50 Grammes - 1 Pi\u00e8ce - Baume du Tigre - Massage Cou et \u00c9paule\"},{\"@type\":\"BreadcrumbList\",\"@id\":\"https:\/\/thai-inhaler.com\/fr\/shop\/baumes\/tiger-balm-neck-shoulder-rub-50-grammes-1-piece-baume-du-tigre-massage-cou-et-epaule\/#breadcrumb\",\"itemListElement\":[{\"@type\":\"ListItem\",\"position\":1,\"name\":\"Home\",\"item\":\"https:\/\/thai-inhaler.com\/fr\/\"},{\"@type\":\"ListItem\",\"position\":2,\"name\":\"Shop\",\"item\":\"https:\/\/thai-inhaler.com\/shop\/\"},{\"@type\":\"ListItem\",\"position\":3,\"name\":\"Tiger Balm &#8211; Neck &#038; Shoulder Rub &#8211; 50 Grammes &#8211; 1 Pi\u00e8ce &#8211; Baume du Tigre &#8211; Massage Cou et \u00c9paule\"}]},{\"@type\":\"WebSite\",\"@id\":\"https:\/\/thai-inhaler.com\/#website\",\"url\":\"https:\/\/thai-inhaler.com\/\",\"name\":\"Thai-Inhaler.com\",\"description\":\"Thai Herbal Products, Inhalers, Balms, Plasters On Sale\",\"publisher\":{\"@id\":\"https:\/\/thai-inhaler.com\/#organization\"},\"potentialAction\":[{\"@type\":\"SearchAction\",\"target\":{\"@type\":\"EntryPoint\",\"urlTemplate\":\"https:\/\/thai-inhaler.com\/?s={search_term_string}\"},\"query-input\":\"required name=search_term_string\"}],\"inLanguage\":\"fr-FR\"},{\"@type\":\"Organization\",\"@id\":\"https:\/\/thai-inhaler.com\/#organization\",\"name\":\"Thai-Inhaler.com\",\"url\":\"https:\/\/thai-inhaler.com\/\",\"logo\":{\"@type\":\"ImageObject\",\"inLanguage\":\"fr-FR\",\"@id\":\"https:\/\/thai-inhaler.com\/#\/schema\/logo\/image\/\",\"url\":\"https:\/\/i0.wp.com\/thai-inhaler.com\/wp-content\/uploads\/2017\/08\/cropped-logoThaiinhaler-01.png?fit=460%2C160&ssl=1\",\"contentUrl\":\"https:\/\/i0.wp.com\/thai-inhaler.com\/wp-content\/uploads\/2017\/08\/cropped-logoThaiinhaler-01.png?fit=460%2C160&ssl=1\",\"width\":460,\"height\":160,\"caption\":\"Thai-Inhaler.com\"},\"image\":{\"@id\":\"https:\/\/thai-inhaler.com\/#\/schema\/logo\/image\/\"}}]}<\/script>\n<!-- \/ Yoast SEO plugin. -->","yoast_head_json":{"title":"Tiger Balm - Neck & Shoulder Rub - 50 Grammes - 1 Pi\u00e8ce - Baume du Tigre - Massage Cou et \u00c9paule - Thai-Inhaler.com","robots":{"index":"index","follow":"follow","max-snippet":"max-snippet:-1","max-image-preview":"max-image-preview:large","max-video-preview":"max-video-preview:-1"},"canonical":"https:\/\/thai-inhaler.com\/fr\/shop\/baumes\/tiger-balm-neck-shoulder-rub-50-grammes-1-piece-baume-du-tigre-massage-cou-et-epaule\/","og_locale":"fr_FR","og_type":"article","og_title":"Tiger Balm - Neck & Shoulder Rub - 50 Grammes - 1 Pi\u00e8ce - Baume du Tigre - Massage Cou et \u00c9paule - Thai-Inhaler.com","og_description":"Nom : Tiger Balm - Neck &amp; Shoulder Rub Origine : Tha\u00eflande Dur\u00e9e de conservation : Trois ans","og_url":"https:\/\/thai-inhaler.com\/fr\/shop\/baumes\/tiger-balm-neck-shoulder-rub-50-grammes-1-piece-baume-du-tigre-massage-cou-et-epaule\/","og_site_name":"Thai-Inhaler.com","article_modified_time":"2023-11-20T06:52:33+00:00","og_image":[{"width":2048,"height":2048,"url":"https:\/\/thai-inhaler.com\/wp-content\/uploads\/2017\/08\/IMG_3168.jpg","type":"image\/jpeg"}],"twitter_card":"summary_large_image","twitter_misc":{"Dur\u00e9e de lecture estim\u00e9e":"2 minutes"},"schema":{"@context":"https:\/\/schema.org","@graph":[{"@type":"WebPage","@id":"https:\/\/thai-inhaler.com\/fr\/shop\/baumes\/tiger-balm-neck-shoulder-rub-50-grammes-1-piece-baume-du-tigre-massage-cou-et-epaule\/","url":"https:\/\/thai-inhaler.com\/fr\/shop\/baumes\/tiger-balm-neck-shoulder-rub-50-grammes-1-piece-baume-du-tigre-massage-cou-et-epaule\/","name":"Tiger Balm - Neck & Shoulder Rub - 50 Grammes - 1 Pi\u00e8ce - Baume du Tigre - Massage Cou et \u00c9paule - Thai-Inhaler.com","isPartOf":{"@id":"https:\/\/thai-inhaler.com\/#website"},"primaryImageOfPage":{"@id":"https:\/\/thai-inhaler.com\/fr\/shop\/baumes\/tiger-balm-neck-shoulder-rub-50-grammes-1-piece-baume-du-tigre-massage-cou-et-epaule\/#primaryimage"},"image":{"@id":"https:\/\/thai-inhaler.com\/fr\/shop\/baumes\/tiger-balm-neck-shoulder-rub-50-grammes-1-piece-baume-du-tigre-massage-cou-et-epaule\/#primaryimage"},"thumbnailUrl":"https:\/\/i0.wp.com\/thai-inhaler.com\/wp-content\/uploads\/2017\/08\/IMG_3168.jpg?fit=2048%2C2048&ssl=1","datePublished":"2017-08-16T12:57:28+00:00","dateModified":"2023-11-20T06:52:33+00:00","breadcrumb":{"@id":"https:\/\/thai-inhaler.com\/fr\/shop\/baumes\/tiger-balm-neck-shoulder-rub-50-grammes-1-piece-baume-du-tigre-massage-cou-et-epaule\/#breadcrumb"},"inLanguage":"fr-FR","potentialAction":[{"@type":"ReadAction","target":["https:\/\/thai-inhaler.com\/fr\/shop\/baumes\/tiger-balm-neck-shoulder-rub-50-grammes-1-piece-baume-du-tigre-massage-cou-et-epaule\/"]}]},{"@type":"ImageObject","inLanguage":"fr-FR","@id":"https:\/\/thai-inhaler.com\/fr\/shop\/baumes\/tiger-balm-neck-shoulder-rub-50-grammes-1-piece-baume-du-tigre-massage-cou-et-epaule\/#primaryimage","url":"https:\/\/i0.wp.com\/thai-inhaler.com\/wp-content\/uploads\/2017\/08\/IMG_3168.jpg?fit=2048%2C2048&ssl=1","contentUrl":"https:\/\/i0.wp.com\/thai-inhaler.com\/wp-content\/uploads\/2017\/08\/IMG_3168.jpg?fit=2048%2C2048&ssl=1","width":2048,"height":2048,"caption":"Tiger Balm - Neck & Shoulder Rub - 50 Grammes - 1 Pi\u00e8ce - Baume du Tigre - Massage Cou et \u00c9paule"},{"@type":"BreadcrumbList","@id":"https:\/\/thai-inhaler.com\/fr\/shop\/baumes\/tiger-balm-neck-shoulder-rub-50-grammes-1-piece-baume-du-tigre-massage-cou-et-epaule\/#breadcrumb","itemListElement":[{"@type":"ListItem","position":1,"name":"Home","item":"https:\/\/thai-inhaler.com\/fr\/"},{"@type":"ListItem","position":2,"name":"Shop","item":"https:\/\/thai-inhaler.com\/shop\/"},{"@type":"ListItem","position":3,"name":"Tiger Balm &#8211; Neck &#038; Shoulder Rub &#8211; 50 Grammes &#8211; 1 Pi\u00e8ce &#8211; Baume du Tigre &#8211; Massage Cou et \u00c9paule"}]},{"@type":"WebSite","@id":"https:\/\/thai-inhaler.com\/#website","url":"https:\/\/thai-inhaler.com\/","name":"Thai-Inhaler.com","description":"Thai Herbal Products, Inhalers, Balms, Plasters On Sale","publisher":{"@id":"https:\/\/thai-inhaler.com\/#organization"},"potentialAction":[{"@type":"SearchAction","target":{"@type":"EntryPoint","urlTemplate":"https:\/\/thai-inhaler.com\/?s={search_term_string}"},"query-input":"required name=search_term_string"}],"inLanguage":"fr-FR"},{"@type":"Organization","@id":"https:\/\/thai-inhaler.com\/#organization","name":"Thai-Inhaler.com","url":"https:\/\/thai-inhaler.com\/","logo":{"@type":"ImageObject","inLanguage":"fr-FR","@id":"https:\/\/thai-inhaler.com\/#\/schema\/logo\/image\/","url":"https:\/\/i0.wp.com\/thai-inhaler.com\/wp-content\/uploads\/2017\/08\/cropped-logoThaiinhaler-01.png?fit=460%2C160&ssl=1","contentUrl":"https:\/\/i0.wp.com\/thai-inhaler.com\/wp-content\/uploads\/2017\/08\/cropped-logoThaiinhaler-01.png?fit=460%2C160&ssl=1","width":460,"height":160,"caption":"Thai-Inhaler.com"},"image":{"@id":"https:\/\/thai-inhaler.com\/#\/schema\/logo\/image\/"}}]}},"jetpack_sharing_enabled":true,"_links":{"self":[{"href":"https:\/\/thai-inhaler.com\/fr\/wp-json\/wp\/v2\/product\/402"}],"collection":[{"href":"https:\/\/thai-inhaler.com\/fr\/wp-json\/wp\/v2\/product"}],"about":[{"href":"https:\/\/thai-inhaler.com\/fr\/wp-json\/wp\/v2\/types\/product"}],"replies":[{"embeddable":true,"href":"https:\/\/thai-inhaler.com\/fr\/wp-json\/wp\/v2\/comments?post=402"}],"wp:featuredmedia":[{"embeddable":true,"href":"https:\/\/thai-inhaler.com\/fr\/wp-json\/wp\/v2\/media\/330"}],"wp:attachment":[{"href":"https:\/\/thai-inhaler.com\/fr\/wp-json\/wp\/v2\/media?parent=402"}],"wp:term":[{"taxonomy":"product_cat","embeddable":true,"href":"https:\/\/thai-inhaler.com\/fr\/wp-json\/wp\/v2\/product_cat?post=402"},{"taxonomy":"product_tag","embeddable":true,"href":"https:\/\/thai-inhaler.com\/fr\/wp-json\/wp\/v2\/product_tag?post=402"}],"curies":[{"name":"wp","href":"https:\/\/api.w.org\/{rel}","templated":true}]}}