{"id":401,"date":"2017-08-21T17:16:16","date_gmt":"2017-08-21T15:16:16","guid":{"rendered":"https:\/\/thai-inhaler.com\/shop\/non%20class\u00e9\/taisho-counterpain-baume-analgesique-thailande-120-grammes-1-piece\/"},"modified":"2024-02-13T22:14:49","modified_gmt":"2024-02-13T21:14:49","slug":"taisho-counterpain-baume-analgesique-thailande-120-grammes-1-piece","status":"publish","type":"product","link":"https:\/\/thai-inhaler.com\/fr\/shop\/baumes\/taisho-counterpain-baume-analgesique-thailande-120-grammes-1-piece\/","title":{"rendered":"Taisho Counterpain &#8211; Baume Analg\u00e9sique Tha\u00eflande &#8211; 120 Grammes &#8211; 1 Pi\u00e8ce"},"content":{"rendered":"<h2>Taisho Counterpain &#8211; Baume Analg\u00e9sique Tha\u00eflande &#8211; 120 Grammes &#8211; 1 Pi\u00e8ce<\/h2>\n<h3>Description du produit :<\/h3>\n<p>Le Baume Analg\u00e9sique Taisho Counterpain de Tha\u00eflande est sp\u00e9cialement formul\u00e9 pour soulager les douleurs caus\u00e9es par l&#8217;arthrite, les rhumatismes et les \u00e9picondylites. Si vous \u00eates une personnes active ou faites constamment de l&#8217;exercice, vous pouvez utiliser Taisho Counterpain pour soulager les douleurs des muscles, tendons et articulations caus\u00e9es par les raideurs, bleus, blessures, foulures ou autres d\u00e9sagr\u00e9ments caus\u00e9s par le sport.<\/p>\n<h3>Efficacit\u00e9 du produit :<\/h3>\n<p>Le Baume Analg\u00e9sique Taisho Counterpain de Tha\u00eflande est un produit commun qui produit un effet de soulagement rapide et profond sur les parties douloureuses. Il est utilis\u00e9 pour soulager les douleurs musculaires et le surmenage caus\u00e9s par le sport, mais aussi d&#8217;autres types de douleurs musculaires. Cette pommade est efficace pour soulager les maux de type douleurs dorsales, raideurs, douleurs articulaires, arthrite et foulures.<\/p>\n<p>Ce produit contient une forte concentration d&#8217;ingr\u00e9dients anti-douleur qui p\u00e9n\u00e8trent rapidement. Cela inclut : menthol, eug\u00e9nol et salicylate de m\u00e9thyle. Ces ingr\u00e9dients travailleront efficacement afin d&#8217;aider au soulagement des maux et douleurs musculaires, muscles fatigu\u00e9s, articulations ou encore pour chauffer les muscle avant un exercice et ainsi r\u00e9duire les douleurs li\u00e9es au sport. Ce baume n&#8217;est pas gras et ne d\u00e9teint pas sur les v\u00eatements.<\/p>\n<h3>Ingr\u00e9dients actifs :<\/h3>\n<p>Salicylate de m\u00e9thyle &#8211; 12,2%, Eug\u00e9nol &#8211; 1,36%, Menthol &#8211; 5,44%<\/p>\n<h3>Comment l&#8217;utiliser :<\/h3>\n<p>Appliquer la cr\u00e8me Taisho Counterpain sur les zones touch\u00e9es et \u00e9taler d\u00e9licatement. Vous ressentirez une sensation apaisante de chaleur gr\u00e2ce \u00e0 ses ingr\u00e9dients qui aideront \u00e0 soulager rapidement les douleurs musculaires et les raideurs. L&#8217;utilisation n&#8217;est pas recommand\u00e9e pour les enfants de moins de 2 ans.<\/p>\n<h3>Attention :<\/h3>\n<p>Ce produit convient \u00e0 une utilisation externe uniquement. Ne pas appliquer autour des yeux, membranes muqueuses, inflammations ou peaux ab\u00eem\u00e9es. En cas d&#8217;irritations, stopper l&#8217;utilisation et demande un avis m\u00e9dical. Conserver hors de la port\u00e9e des enfants.<\/p>\n","protected":false},"excerpt":{"rendered":"<p><strong>Type d&#8217;article :<\/strong> Massage et Relaxation<br \/>\n<b>Contenance :<\/b> 120g<br \/>\n<b>Application :<\/b> Corps<br \/>\n<b>Fonction :<\/b> Cr\u00e8me anti-douleurs musculaires, rhumatismes, arthrite, foulures, bleus<br \/>\n<b>Composition :<\/b> Salicylate de m\u00e9thyle<br \/>\n<strong>Dosage :<\/strong> 2-3 fois par jour<br \/>\n<b>Origine :<\/b> Tha\u00eflande<\/p>\n","protected":false},"featured_media":343,"comment_status":"open","ping_status":"closed","template":"","meta":{"_exactmetrics_skip_tracking":false,"_exactmetrics_sitenote_active":false,"_exactmetrics_sitenote_note":"","_exactmetrics_sitenote_category":0,"jetpack_post_was_ever_published":false},"product_cat":[56],"product_tag":[],"yoast_head":"<!-- This site is optimized with the Yoast SEO plugin v22.3 - https:\/\/yoast.com\/wordpress\/plugins\/seo\/ -->\n<title>Taisho Counterpain - Baume Analg\u00e9sique Tha\u00eflande - 120 Grammes - 1 Pi\u00e8ce - Thai-Inhaler.com<\/title>\n<meta name=\"robots\" content=\"index, follow, max-snippet:-1, max-image-preview:large, max-video-preview:-1\" \/>\n<link rel=\"canonical\" href=\"https:\/\/thai-inhaler.com\/fr\/shop\/baumes\/taisho-counterpain-baume-analgesique-thailande-120-grammes-1-piece\/\" \/>\n<meta property=\"og:locale\" content=\"fr_FR\" \/>\n<meta property=\"og:type\" content=\"article\" \/>\n<meta property=\"og:title\" content=\"Taisho Counterpain - Baume Analg\u00e9sique Tha\u00eflande - 120 Grammes - 1 Pi\u00e8ce - Thai-Inhaler.com\" \/>\n<meta property=\"og:description\" content=\"Type d&#039;article : Massage et Relaxation Contenance : 120g Application : Corps Fonction : Cr\u00e8me anti-douleurs musculaires, rhumatismes, arthrite, foulures, bleus Composition : Salicylate de m\u00e9thyle Dosage : 2-3 fois par jour Origine : Tha\u00eflande\" \/>\n<meta property=\"og:url\" content=\"https:\/\/thai-inhaler.com\/fr\/shop\/baumes\/taisho-counterpain-baume-analgesique-thailande-120-grammes-1-piece\/\" \/>\n<meta property=\"og:site_name\" content=\"Thai-Inhaler.com\" \/>\n<meta property=\"article:modified_time\" content=\"2024-02-13T21:14:49+00:00\" \/>\n<meta property=\"og:image\" content=\"https:\/\/thai-inhaler.com\/wp-content\/uploads\/2017\/08\/IMG_3380.jpg\" \/>\n\t<meta property=\"og:image:width\" content=\"2048\" \/>\n\t<meta property=\"og:image:height\" content=\"2048\" \/>\n\t<meta property=\"og:image:type\" content=\"image\/jpeg\" \/>\n<meta name=\"twitter:card\" content=\"summary_large_image\" \/>\n<meta name=\"twitter:label1\" content=\"Dur\u00e9e de lecture estim\u00e9e\" \/>\n\t<meta name=\"twitter:data1\" content=\"2 minutes\" \/>\n<script type=\"application\/ld+json\" class=\"yoast-schema-graph\">{\"@context\":\"https:\/\/schema.org\",\"@graph\":[{\"@type\":\"WebPage\",\"@id\":\"https:\/\/thai-inhaler.com\/fr\/shop\/baumes\/taisho-counterpain-baume-analgesique-thailande-120-grammes-1-piece\/\",\"url\":\"https:\/\/thai-inhaler.com\/fr\/shop\/baumes\/taisho-counterpain-baume-analgesique-thailande-120-grammes-1-piece\/\",\"name\":\"Taisho Counterpain - Baume Analg\u00e9sique Tha\u00eflande - 120 Grammes - 1 Pi\u00e8ce - Thai-Inhaler.com\",\"isPartOf\":{\"@id\":\"https:\/\/thai-inhaler.com\/#website\"},\"primaryImageOfPage\":{\"@id\":\"https:\/\/thai-inhaler.com\/fr\/shop\/baumes\/taisho-counterpain-baume-analgesique-thailande-120-grammes-1-piece\/#primaryimage\"},\"image\":{\"@id\":\"https:\/\/thai-inhaler.com\/fr\/shop\/baumes\/taisho-counterpain-baume-analgesique-thailande-120-grammes-1-piece\/#primaryimage\"},\"thumbnailUrl\":\"https:\/\/i0.wp.com\/thai-inhaler.com\/wp-content\/uploads\/2017\/08\/IMG_3380.jpg?fit=2048%2C2048&ssl=1\",\"datePublished\":\"2017-08-21T15:16:16+00:00\",\"dateModified\":\"2024-02-13T21:14:49+00:00\",\"breadcrumb\":{\"@id\":\"https:\/\/thai-inhaler.com\/fr\/shop\/baumes\/taisho-counterpain-baume-analgesique-thailande-120-grammes-1-piece\/#breadcrumb\"},\"inLanguage\":\"fr-FR\",\"potentialAction\":[{\"@type\":\"ReadAction\",\"target\":[\"https:\/\/thai-inhaler.com\/fr\/shop\/baumes\/taisho-counterpain-baume-analgesique-thailande-120-grammes-1-piece\/\"]}]},{\"@type\":\"ImageObject\",\"inLanguage\":\"fr-FR\",\"@id\":\"https:\/\/thai-inhaler.com\/fr\/shop\/baumes\/taisho-counterpain-baume-analgesique-thailande-120-grammes-1-piece\/#primaryimage\",\"url\":\"https:\/\/i0.wp.com\/thai-inhaler.com\/wp-content\/uploads\/2017\/08\/IMG_3380.jpg?fit=2048%2C2048&ssl=1\",\"contentUrl\":\"https:\/\/i0.wp.com\/thai-inhaler.com\/wp-content\/uploads\/2017\/08\/IMG_3380.jpg?fit=2048%2C2048&ssl=1\",\"width\":2048,\"height\":2048,\"caption\":\"Taisho Counterpain - Baume Analg\u00e9sique Tha\u00eflande - 120 Grammes - 1 Pi\u00e8ce\"},{\"@type\":\"BreadcrumbList\",\"@id\":\"https:\/\/thai-inhaler.com\/fr\/shop\/baumes\/taisho-counterpain-baume-analgesique-thailande-120-grammes-1-piece\/#breadcrumb\",\"itemListElement\":[{\"@type\":\"ListItem\",\"position\":1,\"name\":\"Home\",\"item\":\"https:\/\/thai-inhaler.com\/fr\/\"},{\"@type\":\"ListItem\",\"position\":2,\"name\":\"Shop\",\"item\":\"https:\/\/thai-inhaler.com\/shop\/\"},{\"@type\":\"ListItem\",\"position\":3,\"name\":\"Taisho Counterpain &#8211; Baume Analg\u00e9sique Tha\u00eflande &#8211; 120 Grammes &#8211; 1 Pi\u00e8ce\"}]},{\"@type\":\"WebSite\",\"@id\":\"https:\/\/thai-inhaler.com\/#website\",\"url\":\"https:\/\/thai-inhaler.com\/\",\"name\":\"Thai-Inhaler.com\",\"description\":\"Thai Herbal Products, Inhalers, Balms, Plasters On Sale\",\"publisher\":{\"@id\":\"https:\/\/thai-inhaler.com\/#organization\"},\"potentialAction\":[{\"@type\":\"SearchAction\",\"target\":{\"@type\":\"EntryPoint\",\"urlTemplate\":\"https:\/\/thai-inhaler.com\/?s={search_term_string}\"},\"query-input\":\"required name=search_term_string\"}],\"inLanguage\":\"fr-FR\"},{\"@type\":\"Organization\",\"@id\":\"https:\/\/thai-inhaler.com\/#organization\",\"name\":\"Thai-Inhaler.com\",\"url\":\"https:\/\/thai-inhaler.com\/\",\"logo\":{\"@type\":\"ImageObject\",\"inLanguage\":\"fr-FR\",\"@id\":\"https:\/\/thai-inhaler.com\/#\/schema\/logo\/image\/\",\"url\":\"https:\/\/i0.wp.com\/thai-inhaler.com\/wp-content\/uploads\/2017\/08\/cropped-logoThaiinhaler-01.png?fit=460%2C160&ssl=1\",\"contentUrl\":\"https:\/\/i0.wp.com\/thai-inhaler.com\/wp-content\/uploads\/2017\/08\/cropped-logoThaiinhaler-01.png?fit=460%2C160&ssl=1\",\"width\":460,\"height\":160,\"caption\":\"Thai-Inhaler.com\"},\"image\":{\"@id\":\"https:\/\/thai-inhaler.com\/#\/schema\/logo\/image\/\"}}]}<\/script>\n<!-- \/ Yoast SEO plugin. -->","yoast_head_json":{"title":"Taisho Counterpain - Baume Analg\u00e9sique Tha\u00eflande - 120 Grammes - 1 Pi\u00e8ce - Thai-Inhaler.com","robots":{"index":"index","follow":"follow","max-snippet":"max-snippet:-1","max-image-preview":"max-image-preview:large","max-video-preview":"max-video-preview:-1"},"canonical":"https:\/\/thai-inhaler.com\/fr\/shop\/baumes\/taisho-counterpain-baume-analgesique-thailande-120-grammes-1-piece\/","og_locale":"fr_FR","og_type":"article","og_title":"Taisho Counterpain - Baume Analg\u00e9sique Tha\u00eflande - 120 Grammes - 1 Pi\u00e8ce - Thai-Inhaler.com","og_description":"Type d'article : Massage et Relaxation Contenance : 120g Application : Corps Fonction : Cr\u00e8me anti-douleurs musculaires, rhumatismes, arthrite, foulures, bleus Composition : Salicylate de m\u00e9thyle Dosage : 2-3 fois par jour Origine : Tha\u00eflande","og_url":"https:\/\/thai-inhaler.com\/fr\/shop\/baumes\/taisho-counterpain-baume-analgesique-thailande-120-grammes-1-piece\/","og_site_name":"Thai-Inhaler.com","article_modified_time":"2024-02-13T21:14:49+00:00","og_image":[{"width":2048,"height":2048,"url":"https:\/\/thai-inhaler.com\/wp-content\/uploads\/2017\/08\/IMG_3380.jpg","type":"image\/jpeg"}],"twitter_card":"summary_large_image","twitter_misc":{"Dur\u00e9e de lecture estim\u00e9e":"2 minutes"},"schema":{"@context":"https:\/\/schema.org","@graph":[{"@type":"WebPage","@id":"https:\/\/thai-inhaler.com\/fr\/shop\/baumes\/taisho-counterpain-baume-analgesique-thailande-120-grammes-1-piece\/","url":"https:\/\/thai-inhaler.com\/fr\/shop\/baumes\/taisho-counterpain-baume-analgesique-thailande-120-grammes-1-piece\/","name":"Taisho Counterpain - Baume Analg\u00e9sique Tha\u00eflande - 120 Grammes - 1 Pi\u00e8ce - Thai-Inhaler.com","isPartOf":{"@id":"https:\/\/thai-inhaler.com\/#website"},"primaryImageOfPage":{"@id":"https:\/\/thai-inhaler.com\/fr\/shop\/baumes\/taisho-counterpain-baume-analgesique-thailande-120-grammes-1-piece\/#primaryimage"},"image":{"@id":"https:\/\/thai-inhaler.com\/fr\/shop\/baumes\/taisho-counterpain-baume-analgesique-thailande-120-grammes-1-piece\/#primaryimage"},"thumbnailUrl":"https:\/\/i0.wp.com\/thai-inhaler.com\/wp-content\/uploads\/2017\/08\/IMG_3380.jpg?fit=2048%2C2048&ssl=1","datePublished":"2017-08-21T15:16:16+00:00","dateModified":"2024-02-13T21:14:49+00:00","breadcrumb":{"@id":"https:\/\/thai-inhaler.com\/fr\/shop\/baumes\/taisho-counterpain-baume-analgesique-thailande-120-grammes-1-piece\/#breadcrumb"},"inLanguage":"fr-FR","potentialAction":[{"@type":"ReadAction","target":["https:\/\/thai-inhaler.com\/fr\/shop\/baumes\/taisho-counterpain-baume-analgesique-thailande-120-grammes-1-piece\/"]}]},{"@type":"ImageObject","inLanguage":"fr-FR","@id":"https:\/\/thai-inhaler.com\/fr\/shop\/baumes\/taisho-counterpain-baume-analgesique-thailande-120-grammes-1-piece\/#primaryimage","url":"https:\/\/i0.wp.com\/thai-inhaler.com\/wp-content\/uploads\/2017\/08\/IMG_3380.jpg?fit=2048%2C2048&ssl=1","contentUrl":"https:\/\/i0.wp.com\/thai-inhaler.com\/wp-content\/uploads\/2017\/08\/IMG_3380.jpg?fit=2048%2C2048&ssl=1","width":2048,"height":2048,"caption":"Taisho Counterpain - Baume Analg\u00e9sique Tha\u00eflande - 120 Grammes - 1 Pi\u00e8ce"},{"@type":"BreadcrumbList","@id":"https:\/\/thai-inhaler.com\/fr\/shop\/baumes\/taisho-counterpain-baume-analgesique-thailande-120-grammes-1-piece\/#breadcrumb","itemListElement":[{"@type":"ListItem","position":1,"name":"Home","item":"https:\/\/thai-inhaler.com\/fr\/"},{"@type":"ListItem","position":2,"name":"Shop","item":"https:\/\/thai-inhaler.com\/shop\/"},{"@type":"ListItem","position":3,"name":"Taisho Counterpain &#8211; Baume Analg\u00e9sique Tha\u00eflande &#8211; 120 Grammes &#8211; 1 Pi\u00e8ce"}]},{"@type":"WebSite","@id":"https:\/\/thai-inhaler.com\/#website","url":"https:\/\/thai-inhaler.com\/","name":"Thai-Inhaler.com","description":"Thai Herbal Products, Inhalers, Balms, Plasters On Sale","publisher":{"@id":"https:\/\/thai-inhaler.com\/#organization"},"potentialAction":[{"@type":"SearchAction","target":{"@type":"EntryPoint","urlTemplate":"https:\/\/thai-inhaler.com\/?s={search_term_string}"},"query-input":"required name=search_term_string"}],"inLanguage":"fr-FR"},{"@type":"Organization","@id":"https:\/\/thai-inhaler.com\/#organization","name":"Thai-Inhaler.com","url":"https:\/\/thai-inhaler.com\/","logo":{"@type":"ImageObject","inLanguage":"fr-FR","@id":"https:\/\/thai-inhaler.com\/#\/schema\/logo\/image\/","url":"https:\/\/i0.wp.com\/thai-inhaler.com\/wp-content\/uploads\/2017\/08\/cropped-logoThaiinhaler-01.png?fit=460%2C160&ssl=1","contentUrl":"https:\/\/i0.wp.com\/thai-inhaler.com\/wp-content\/uploads\/2017\/08\/cropped-logoThaiinhaler-01.png?fit=460%2C160&ssl=1","width":460,"height":160,"caption":"Thai-Inhaler.com"},"image":{"@id":"https:\/\/thai-inhaler.com\/#\/schema\/logo\/image\/"}}]}},"jetpack_sharing_enabled":true,"_links":{"self":[{"href":"https:\/\/thai-inhaler.com\/fr\/wp-json\/wp\/v2\/product\/401"}],"collection":[{"href":"https:\/\/thai-inhaler.com\/fr\/wp-json\/wp\/v2\/product"}],"about":[{"href":"https:\/\/thai-inhaler.com\/fr\/wp-json\/wp\/v2\/types\/product"}],"replies":[{"embeddable":true,"href":"https:\/\/thai-inhaler.com\/fr\/wp-json\/wp\/v2\/comments?post=401"}],"wp:featuredmedia":[{"embeddable":true,"href":"https:\/\/thai-inhaler.com\/fr\/wp-json\/wp\/v2\/media\/343"}],"wp:attachment":[{"href":"https:\/\/thai-inhaler.com\/fr\/wp-json\/wp\/v2\/media?parent=401"}],"wp:term":[{"taxonomy":"product_cat","embeddable":true,"href":"https:\/\/thai-inhaler.com\/fr\/wp-json\/wp\/v2\/product_cat?post=401"},{"taxonomy":"product_tag","embeddable":true,"href":"https:\/\/thai-inhaler.com\/fr\/wp-json\/wp\/v2\/product_tag?post=401"}],"curies":[{"name":"wp","href":"https:\/\/api.w.org\/{rel}","templated":true}]}}