{"id":400,"date":"2017-08-21T17:22:11","date_gmt":"2017-08-21T15:22:11","guid":{"rendered":"https:\/\/thai-inhaler.com\/shop\/non%20class\u00e9\/neoplast-mentopas-patch-menthol-thailande-10-patches\/"},"modified":"2024-03-02T22:24:10","modified_gmt":"2024-03-02T21:24:10","slug":"neoplast-mentopas-patch-menthol-thailande-10-patches","status":"publish","type":"product","link":"https:\/\/thai-inhaler.com\/fr\/shop\/patches\/neoplast-mentopas-patch-menthol-thailande-10-patches\/","title":{"rendered":"Neoplast Mentopas &#8211; Patch Menthol Tha\u00eflande &#8211; 10 Patches"},"content":{"rendered":"<h2>Neoplast Mentopas &#8211; Patch Menthol Tha\u00eflande &#8211; 1 Paquet de 10 Patches<\/h2>\n<h3>Efficacit\u00e9 du produit :<\/h3>\n<p>Les Patches Neoplast Mentopas Menthol de Tha\u00eflande sont des anti-inflammatoire et analg\u00e9sique efficaces pour soulager les douleurs musculaires, ainsi que les maux caus\u00e9s par les rhumatismes, l&#8217;arthrite et autres douleurs articulaires. Ils peuvent \u00e9galement \u00eatre utilis\u00e9s pour combattre l&#8217;insomnie, en appliquant un pansement sur chaque tempe.<\/p>\n<h3>Ingr\u00e9dients actifs :<\/h3>\n<p>Menthol, Salicylate de m\u00e9thyle, \u00c9thyl\u00e8ne glycol<\/p>\n<h3>Comment l&#8217;utiliser :<\/h3>\n<p>Lavez-vous les mains avant de toucher les patches. Lavez et s\u00e9chez la zone affect\u00e9e puis pliez le pansement afin d&#8217;enlever le film protecteur. Appliquez ensuite directement sur la peau la partie adh\u00e9sive du patch et massez d\u00e9licatement afin d&#8217;assurer qu&#8217;il adh\u00e8re \u00e0 la peau. N&#8217;utilisez qu&#8217;un patch \u00e0 la fois par zone choisie. Le pansement sera efficace entre 8 et 12 heures. Pensez \u00e0 vous laver les mains avant d&#8217;enlever le patch et nettoyer la zone avant d&#8217;appliquer un nouveau patch. Un second pansement est n\u00e9cessaire uniquement si la douleur persiste.<\/p>\n<h3>Conservation :<\/h3>\n<p>Ce produit doit \u00e9viter le contact avec l&#8217;air, il ne faut donc pas \u00f4ter le film protecteur si le pansement n&#8217;est pas utilis\u00e9. Conserver dans un lieu frais et sec.<\/p>\n<h3>Avertissement :<\/h3>\n<p>Ce produit convient \u00e0 une utilisation externe uniquement. Ne pas appliquer autour des yeux, membranes muqueuses, inflammations ou peaux ab\u00eem\u00e9es. Si une irritation appara\u00eet pour cause de sensibilit\u00e9 ou allergie, stopper l&#8217;utilisation et demander un avis m\u00e9dical. Conserver hors de la port\u00e9e des enfants. Cet article n&#8217;est pas conseill\u00e9 pour les femmes enceintes ou allaitantes.<\/p>\n","protected":false},"excerpt":{"rendered":"<p><b>Type d&#8217;article :<\/b> Massage et Relaxation<br \/>\n<b>Application :<\/b> Corps<br \/>\n<b>Dimension :<\/b> 4 x 6cm<br \/>\n<b>Utilisation : <\/b>Pansement anti-douleur<br \/>\n<b>Origine :<\/b> Tha\u00eflande<br \/>\n<b>Conditionnement : <\/b>Chaque paquet contient 10 patches anti-douleur<\/p>\n","protected":false},"featured_media":351,"comment_status":"open","ping_status":"closed","template":"","meta":{"_exactmetrics_skip_tracking":false,"_exactmetrics_sitenote_active":false,"_exactmetrics_sitenote_note":"","_exactmetrics_sitenote_category":0,"jetpack_post_was_ever_published":false},"product_cat":[58,58],"product_tag":[],"yoast_head":"<!-- This site is optimized with the Yoast SEO plugin v22.3 - https:\/\/yoast.com\/wordpress\/plugins\/seo\/ -->\n<title>Neoplast Mentopas - Patch Menthol Tha\u00eflande - 10 Patches - Thai-Inhaler.com<\/title>\n<meta name=\"robots\" content=\"index, follow, max-snippet:-1, max-image-preview:large, max-video-preview:-1\" \/>\n<link rel=\"canonical\" href=\"https:\/\/thai-inhaler.com\/shop\/plasters\/neoplast-mentopas-thailand-menthol-plaster-10-pieces\/\" \/>\n<meta property=\"og:locale\" content=\"fr_FR\" \/>\n<meta property=\"og:type\" content=\"article\" \/>\n<meta property=\"og:title\" content=\"Neoplast Mentopas - Patch Menthol Tha\u00eflande - 10 Patches - Thai-Inhaler.com\" \/>\n<meta property=\"og:description\" content=\"Type d&#039;article : Massage et Relaxation Application : Corps Dimension : 4 x 6cm Utilisation : Pansement anti-douleur Origine : Tha\u00eflande Conditionnement : Chaque paquet contient 10 patches anti-douleur\" \/>\n<meta property=\"og:url\" content=\"https:\/\/thai-inhaler.com\/shop\/plasters\/neoplast-mentopas-thailand-menthol-plaster-10-pieces\/\" \/>\n<meta property=\"og:site_name\" content=\"Thai-Inhaler.com\" \/>\n<meta property=\"article:modified_time\" content=\"2024-03-02T21:24:10+00:00\" \/>\n<meta property=\"og:image\" content=\"https:\/\/thai-inhaler.com\/wp-content\/uploads\/2017\/08\/IMG_3422.jpg\" \/>\n\t<meta property=\"og:image:width\" content=\"2048\" \/>\n\t<meta property=\"og:image:height\" content=\"2048\" \/>\n\t<meta property=\"og:image:type\" content=\"image\/jpeg\" \/>\n<meta name=\"twitter:card\" content=\"summary_large_image\" \/>\n<meta name=\"twitter:label1\" content=\"Dur\u00e9e de lecture estim\u00e9e\" \/>\n\t<meta name=\"twitter:data1\" content=\"1 minute\" \/>\n<script type=\"application\/ld+json\" class=\"yoast-schema-graph\">{\"@context\":\"https:\/\/schema.org\",\"@graph\":[{\"@type\":\"WebPage\",\"@id\":\"https:\/\/thai-inhaler.com\/shop\/plasters\/neoplast-mentopas-thailand-menthol-plaster-10-pieces\/\",\"url\":\"https:\/\/thai-inhaler.com\/shop\/plasters\/neoplast-mentopas-thailand-menthol-plaster-10-pieces\/\",\"name\":\"Neoplast Mentopas - Patch Menthol Tha\u00eflande - 10 Patches - Thai-Inhaler.com\",\"isPartOf\":{\"@id\":\"https:\/\/thai-inhaler.com\/#website\"},\"primaryImageOfPage\":{\"@id\":\"https:\/\/thai-inhaler.com\/shop\/plasters\/neoplast-mentopas-thailand-menthol-plaster-10-pieces\/#primaryimage\"},\"image\":{\"@id\":\"https:\/\/thai-inhaler.com\/shop\/plasters\/neoplast-mentopas-thailand-menthol-plaster-10-pieces\/#primaryimage\"},\"thumbnailUrl\":\"https:\/\/i0.wp.com\/thai-inhaler.com\/wp-content\/uploads\/2017\/08\/IMG_3422.jpg?fit=2048%2C2048&ssl=1\",\"datePublished\":\"2017-08-21T15:22:11+00:00\",\"dateModified\":\"2024-03-02T21:24:10+00:00\",\"breadcrumb\":{\"@id\":\"https:\/\/thai-inhaler.com\/shop\/plasters\/neoplast-mentopas-thailand-menthol-plaster-10-pieces\/#breadcrumb\"},\"inLanguage\":\"fr-FR\",\"potentialAction\":[{\"@type\":\"ReadAction\",\"target\":[\"https:\/\/thai-inhaler.com\/shop\/plasters\/neoplast-mentopas-thailand-menthol-plaster-10-pieces\/\"]}]},{\"@type\":\"ImageObject\",\"inLanguage\":\"fr-FR\",\"@id\":\"https:\/\/thai-inhaler.com\/shop\/plasters\/neoplast-mentopas-thailand-menthol-plaster-10-pieces\/#primaryimage\",\"url\":\"https:\/\/i0.wp.com\/thai-inhaler.com\/wp-content\/uploads\/2017\/08\/IMG_3422.jpg?fit=2048%2C2048&ssl=1\",\"contentUrl\":\"https:\/\/i0.wp.com\/thai-inhaler.com\/wp-content\/uploads\/2017\/08\/IMG_3422.jpg?fit=2048%2C2048&ssl=1\",\"width\":2048,\"height\":2048,\"caption\":\"Neoplast Mentopas - Patch Menthol Tha\u00eflande - 10 Patches\"},{\"@type\":\"BreadcrumbList\",\"@id\":\"https:\/\/thai-inhaler.com\/shop\/plasters\/neoplast-mentopas-thailand-menthol-plaster-10-pieces\/#breadcrumb\",\"itemListElement\":[{\"@type\":\"ListItem\",\"position\":1,\"name\":\"Home\",\"item\":\"https:\/\/thai-inhaler.com\/fr\/\"},{\"@type\":\"ListItem\",\"position\":2,\"name\":\"Shop\",\"item\":\"https:\/\/thai-inhaler.com\/shop\/\"},{\"@type\":\"ListItem\",\"position\":3,\"name\":\"Neoplast Mentopas &#8211; Patch Menthol Tha\u00eflande &#8211; 10 Patches\"}]},{\"@type\":\"WebSite\",\"@id\":\"https:\/\/thai-inhaler.com\/#website\",\"url\":\"https:\/\/thai-inhaler.com\/\",\"name\":\"Thai-Inhaler.com\",\"description\":\"Thai Herbal Products, Inhalers, Balms, Plasters On Sale\",\"publisher\":{\"@id\":\"https:\/\/thai-inhaler.com\/#organization\"},\"potentialAction\":[{\"@type\":\"SearchAction\",\"target\":{\"@type\":\"EntryPoint\",\"urlTemplate\":\"https:\/\/thai-inhaler.com\/?s={search_term_string}\"},\"query-input\":\"required name=search_term_string\"}],\"inLanguage\":\"fr-FR\"},{\"@type\":\"Organization\",\"@id\":\"https:\/\/thai-inhaler.com\/#organization\",\"name\":\"Thai-Inhaler.com\",\"url\":\"https:\/\/thai-inhaler.com\/\",\"logo\":{\"@type\":\"ImageObject\",\"inLanguage\":\"fr-FR\",\"@id\":\"https:\/\/thai-inhaler.com\/#\/schema\/logo\/image\/\",\"url\":\"https:\/\/i0.wp.com\/thai-inhaler.com\/wp-content\/uploads\/2017\/08\/cropped-logoThaiinhaler-01.png?fit=460%2C160&ssl=1\",\"contentUrl\":\"https:\/\/i0.wp.com\/thai-inhaler.com\/wp-content\/uploads\/2017\/08\/cropped-logoThaiinhaler-01.png?fit=460%2C160&ssl=1\",\"width\":460,\"height\":160,\"caption\":\"Thai-Inhaler.com\"},\"image\":{\"@id\":\"https:\/\/thai-inhaler.com\/#\/schema\/logo\/image\/\"}}]}<\/script>\n<!-- \/ Yoast SEO plugin. -->","yoast_head_json":{"title":"Neoplast Mentopas - Patch Menthol Tha\u00eflande - 10 Patches - Thai-Inhaler.com","robots":{"index":"index","follow":"follow","max-snippet":"max-snippet:-1","max-image-preview":"max-image-preview:large","max-video-preview":"max-video-preview:-1"},"canonical":"https:\/\/thai-inhaler.com\/shop\/plasters\/neoplast-mentopas-thailand-menthol-plaster-10-pieces\/","og_locale":"fr_FR","og_type":"article","og_title":"Neoplast Mentopas - Patch Menthol Tha\u00eflande - 10 Patches - Thai-Inhaler.com","og_description":"Type d'article : Massage et Relaxation Application : Corps Dimension : 4 x 6cm Utilisation : Pansement anti-douleur Origine : Tha\u00eflande Conditionnement : Chaque paquet contient 10 patches anti-douleur","og_url":"https:\/\/thai-inhaler.com\/shop\/plasters\/neoplast-mentopas-thailand-menthol-plaster-10-pieces\/","og_site_name":"Thai-Inhaler.com","article_modified_time":"2024-03-02T21:24:10+00:00","og_image":[{"width":2048,"height":2048,"url":"https:\/\/thai-inhaler.com\/wp-content\/uploads\/2017\/08\/IMG_3422.jpg","type":"image\/jpeg"}],"twitter_card":"summary_large_image","twitter_misc":{"Dur\u00e9e de lecture estim\u00e9e":"1 minute"},"schema":{"@context":"https:\/\/schema.org","@graph":[{"@type":"WebPage","@id":"https:\/\/thai-inhaler.com\/shop\/plasters\/neoplast-mentopas-thailand-menthol-plaster-10-pieces\/","url":"https:\/\/thai-inhaler.com\/shop\/plasters\/neoplast-mentopas-thailand-menthol-plaster-10-pieces\/","name":"Neoplast Mentopas - Patch Menthol Tha\u00eflande - 10 Patches - Thai-Inhaler.com","isPartOf":{"@id":"https:\/\/thai-inhaler.com\/#website"},"primaryImageOfPage":{"@id":"https:\/\/thai-inhaler.com\/shop\/plasters\/neoplast-mentopas-thailand-menthol-plaster-10-pieces\/#primaryimage"},"image":{"@id":"https:\/\/thai-inhaler.com\/shop\/plasters\/neoplast-mentopas-thailand-menthol-plaster-10-pieces\/#primaryimage"},"thumbnailUrl":"https:\/\/i0.wp.com\/thai-inhaler.com\/wp-content\/uploads\/2017\/08\/IMG_3422.jpg?fit=2048%2C2048&ssl=1","datePublished":"2017-08-21T15:22:11+00:00","dateModified":"2024-03-02T21:24:10+00:00","breadcrumb":{"@id":"https:\/\/thai-inhaler.com\/shop\/plasters\/neoplast-mentopas-thailand-menthol-plaster-10-pieces\/#breadcrumb"},"inLanguage":"fr-FR","potentialAction":[{"@type":"ReadAction","target":["https:\/\/thai-inhaler.com\/shop\/plasters\/neoplast-mentopas-thailand-menthol-plaster-10-pieces\/"]}]},{"@type":"ImageObject","inLanguage":"fr-FR","@id":"https:\/\/thai-inhaler.com\/shop\/plasters\/neoplast-mentopas-thailand-menthol-plaster-10-pieces\/#primaryimage","url":"https:\/\/i0.wp.com\/thai-inhaler.com\/wp-content\/uploads\/2017\/08\/IMG_3422.jpg?fit=2048%2C2048&ssl=1","contentUrl":"https:\/\/i0.wp.com\/thai-inhaler.com\/wp-content\/uploads\/2017\/08\/IMG_3422.jpg?fit=2048%2C2048&ssl=1","width":2048,"height":2048,"caption":"Neoplast Mentopas - Patch Menthol Tha\u00eflande - 10 Patches"},{"@type":"BreadcrumbList","@id":"https:\/\/thai-inhaler.com\/shop\/plasters\/neoplast-mentopas-thailand-menthol-plaster-10-pieces\/#breadcrumb","itemListElement":[{"@type":"ListItem","position":1,"name":"Home","item":"https:\/\/thai-inhaler.com\/fr\/"},{"@type":"ListItem","position":2,"name":"Shop","item":"https:\/\/thai-inhaler.com\/shop\/"},{"@type":"ListItem","position":3,"name":"Neoplast Mentopas &#8211; Patch Menthol Tha\u00eflande &#8211; 10 Patches"}]},{"@type":"WebSite","@id":"https:\/\/thai-inhaler.com\/#website","url":"https:\/\/thai-inhaler.com\/","name":"Thai-Inhaler.com","description":"Thai Herbal Products, Inhalers, Balms, Plasters On Sale","publisher":{"@id":"https:\/\/thai-inhaler.com\/#organization"},"potentialAction":[{"@type":"SearchAction","target":{"@type":"EntryPoint","urlTemplate":"https:\/\/thai-inhaler.com\/?s={search_term_string}"},"query-input":"required name=search_term_string"}],"inLanguage":"fr-FR"},{"@type":"Organization","@id":"https:\/\/thai-inhaler.com\/#organization","name":"Thai-Inhaler.com","url":"https:\/\/thai-inhaler.com\/","logo":{"@type":"ImageObject","inLanguage":"fr-FR","@id":"https:\/\/thai-inhaler.com\/#\/schema\/logo\/image\/","url":"https:\/\/i0.wp.com\/thai-inhaler.com\/wp-content\/uploads\/2017\/08\/cropped-logoThaiinhaler-01.png?fit=460%2C160&ssl=1","contentUrl":"https:\/\/i0.wp.com\/thai-inhaler.com\/wp-content\/uploads\/2017\/08\/cropped-logoThaiinhaler-01.png?fit=460%2C160&ssl=1","width":460,"height":160,"caption":"Thai-Inhaler.com"},"image":{"@id":"https:\/\/thai-inhaler.com\/#\/schema\/logo\/image\/"}}]}},"jetpack_sharing_enabled":true,"_links":{"self":[{"href":"https:\/\/thai-inhaler.com\/fr\/wp-json\/wp\/v2\/product\/400"}],"collection":[{"href":"https:\/\/thai-inhaler.com\/fr\/wp-json\/wp\/v2\/product"}],"about":[{"href":"https:\/\/thai-inhaler.com\/fr\/wp-json\/wp\/v2\/types\/product"}],"replies":[{"embeddable":true,"href":"https:\/\/thai-inhaler.com\/fr\/wp-json\/wp\/v2\/comments?post=400"}],"wp:featuredmedia":[{"embeddable":true,"href":"https:\/\/thai-inhaler.com\/fr\/wp-json\/wp\/v2\/media\/351"}],"wp:attachment":[{"href":"https:\/\/thai-inhaler.com\/fr\/wp-json\/wp\/v2\/media?parent=400"}],"wp:term":[{"taxonomy":"product_cat","embeddable":true,"href":"https:\/\/thai-inhaler.com\/fr\/wp-json\/wp\/v2\/product_cat?post=400"},{"taxonomy":"product_tag","embeddable":true,"href":"https:\/\/thai-inhaler.com\/fr\/wp-json\/wp\/v2\/product_tag?post=400"}],"curies":[{"name":"wp","href":"https:\/\/api.w.org\/{rel}","templated":true}]}}