{"id":399,"date":"2017-08-20T15:39:54","date_gmt":"2017-08-20T13:39:54","guid":{"rendered":"https:\/\/thai-inhaler.com\/shop\/non%20class\u00e9\/namman-muay-creme-analgesique-thailande-30-grammes-2-pieces\/"},"modified":"2024-03-02T22:24:11","modified_gmt":"2024-03-02T21:24:11","slug":"namman-muay-creme-analgesique-thailande-30-grammes-2-pieces","status":"publish","type":"product","link":"https:\/\/thai-inhaler.com\/fr\/shop\/baumes\/namman-muay-creme-analgesique-thailande-30-grammes-2-pieces\/","title":{"rendered":"Namman Muay &#8211; Cr\u00e8me Analg\u00e9sique Tha\u00eflande &#8211; 30 Grammes &#8211; 2 Pi\u00e8ces"},"content":{"rendered":"<h2>Namman Muay &#8211; Cr\u00e8me Analg\u00e9sique Tha\u00eflande &#8211; 30 Grammes &#8211; 2 Pi\u00e8ces<\/h2>\n<h3>Description du produit :<\/h3>\n<p>La cr\u00e8me Namman Muay de Tha\u00eflande est une pommade de massage et relaxation pour une utilisation avant et apr\u00e8s l&#8217;exercice. Elle est utilis\u00e9e pour soulager les douleurs musculaires et courbatures.<\/p>\n<h3>Efficacit\u00e9 du produit :<\/h3>\n<p>La Cr\u00e8me Analg\u00e9sique Namman Muay de Tha\u00eflande est une mani\u00e8re efficace de soulager les douleurs musculaires et articulaires, gonflements, bleus, inflammations et autres douleurs caus\u00e9es par des mouvements rigoureux. Ce produit est parfaitement adapt\u00e9 aux athl\u00e8tes.<\/p>\n<h3>Histoire du produit :<\/h3>\n<p>La Cr\u00e8me Analg\u00e9sique Namman Muay est utilis\u00e9e en Tha\u00eflande depuis de nombreuses ann\u00e9es pour la boxe, les arts martiaux et de nombreux sports et activit\u00e9s. Elle est r\u00e9put\u00e9e pour ses caract\u00e9ristiques qui att\u00e9nuent les douleurs musculaires et articulaires, maux de dos, arthrite, bleus, foulures et entorses. Namman Muay a su gravir les \u00e9chelons pour devenir une cr\u00e8me particuli\u00e8rement populaire parmi les athl\u00e8tes, en raison de son action rapide et efficace.<\/p>\n<p>Rejoignez les autres boxeurs, footballeurs, coureurs et sportifs en Tha\u00eflande et \u00e0 travers le monde qui utilisent Namman Muay pour ses qualit\u00e9s curatives et anti-douleur.<\/p>\n<h3>Comment l&#8217;utiliser :<\/h3>\n<p>Appliquer la Cr\u00e8me Analg\u00e9sique Namman Muay sur la zone douloureuse en massant d\u00e9licatement jusqu&#8217;\u00e0 ce qu&#8217;elle soit absorb\u00e9e. R\u00e9p\u00e9ter 3 ou 4 fois par jour selon les besoins.<\/p>\n<h3>Attention :<\/h3>\n<p>Ce produit est destin\u00e9 \u00e0 un usage externe uniquement. Ne pas appliquer sur des peaux endommag\u00e9es ou des plaies. \u00c9viter de l&#8217;utiliser pr\u00e8s des yeux ou membranes muqueuses pour \u00e9viter tout risque d&#8217;irritation. En cas d&#8217;irritation ou gonflement excessifs, stopper l&#8217;utilisation et demander un avis m\u00e9dical.<\/p>\n<h3>Conservation :<\/h3>\n<p>Conserver hors de la port\u00e9e des enfants dans un endroit frais, sec et \u00e0 l&#8217;abri de la lumi\u00e8re directe du soleil.<\/p>\n","protected":false},"excerpt":{"rendered":"<p><b>Type d&#8217;article :<\/b> Massage et Relaxation<br \/>\n<b>Contenance :<\/b> 2 x 30g<br \/>\n<b>Condition :<\/b> Neuf, non-utilis\u00e9, non-ouvert<br \/>\n<b>Usage :<\/b> Baume pour soulager les douleurs, foulures, rhumatismes, blessures sportives, arthrite, douleurs dorsales<br \/>\n<b>Origine :<\/b> Tha\u00eflande<br \/>\n<b>Dur\u00e9e de conservation :<\/b> 3 ans<\/p>\n","protected":false},"featured_media":331,"comment_status":"open","ping_status":"closed","template":"","meta":{"_exactmetrics_skip_tracking":false,"_exactmetrics_sitenote_active":false,"_exactmetrics_sitenote_note":"","_exactmetrics_sitenote_category":0,"jetpack_post_was_ever_published":false},"product_cat":[56,56],"product_tag":[],"yoast_head":"<!-- This site is optimized with the Yoast SEO plugin v22.3 - https:\/\/yoast.com\/wordpress\/plugins\/seo\/ -->\n<title>Namman Muay - Cr\u00e8me Analg\u00e9sique Tha\u00eflande - 30 Grammes - 2 Pi\u00e8ces - Thai-Inhaler.com<\/title>\n<meta name=\"robots\" content=\"index, follow, max-snippet:-1, max-image-preview:large, max-video-preview:-1\" \/>\n<link rel=\"canonical\" href=\"https:\/\/thai-inhaler.com\/shop\/balms\/namman-muay-thailand-analgesic-cream-2x30-grams\/\" \/>\n<meta property=\"og:locale\" content=\"fr_FR\" \/>\n<meta property=\"og:type\" content=\"article\" \/>\n<meta property=\"og:title\" content=\"Namman Muay - Cr\u00e8me Analg\u00e9sique Tha\u00eflande - 30 Grammes - 2 Pi\u00e8ces - Thai-Inhaler.com\" \/>\n<meta property=\"og:description\" content=\"Type d&#039;article : Massage et Relaxation Contenance : 2 x 30g Condition : Neuf, non-utilis\u00e9, non-ouvert Usage : Baume pour soulager les douleurs, foulures, rhumatismes, blessures sportives, arthrite, douleurs dorsales Origine : Tha\u00eflande Dur\u00e9e de conservation : 3 ans\" \/>\n<meta property=\"og:url\" content=\"https:\/\/thai-inhaler.com\/shop\/balms\/namman-muay-thailand-analgesic-cream-2x30-grams\/\" \/>\n<meta property=\"og:site_name\" content=\"Thai-Inhaler.com\" \/>\n<meta property=\"article:modified_time\" content=\"2024-03-02T21:24:11+00:00\" \/>\n<meta property=\"og:image\" content=\"https:\/\/thai-inhaler.com\/wp-content\/uploads\/2017\/08\/IMG_3341.jpg\" \/>\n\t<meta property=\"og:image:width\" content=\"2048\" \/>\n\t<meta property=\"og:image:height\" content=\"2048\" \/>\n\t<meta property=\"og:image:type\" content=\"image\/jpeg\" \/>\n<meta name=\"twitter:card\" content=\"summary_large_image\" \/>\n<meta name=\"twitter:label1\" content=\"Dur\u00e9e de lecture estim\u00e9e\" \/>\n\t<meta name=\"twitter:data1\" content=\"2 minutes\" \/>\n<script type=\"application\/ld+json\" class=\"yoast-schema-graph\">{\"@context\":\"https:\/\/schema.org\",\"@graph\":[{\"@type\":\"WebPage\",\"@id\":\"https:\/\/thai-inhaler.com\/shop\/balms\/namman-muay-thailand-analgesic-cream-2x30-grams\/\",\"url\":\"https:\/\/thai-inhaler.com\/shop\/balms\/namman-muay-thailand-analgesic-cream-2x30-grams\/\",\"name\":\"Namman Muay - Cr\u00e8me Analg\u00e9sique Tha\u00eflande - 30 Grammes - 2 Pi\u00e8ces - Thai-Inhaler.com\",\"isPartOf\":{\"@id\":\"https:\/\/thai-inhaler.com\/#website\"},\"primaryImageOfPage\":{\"@id\":\"https:\/\/thai-inhaler.com\/shop\/balms\/namman-muay-thailand-analgesic-cream-2x30-grams\/#primaryimage\"},\"image\":{\"@id\":\"https:\/\/thai-inhaler.com\/shop\/balms\/namman-muay-thailand-analgesic-cream-2x30-grams\/#primaryimage\"},\"thumbnailUrl\":\"https:\/\/i0.wp.com\/thai-inhaler.com\/wp-content\/uploads\/2017\/08\/IMG_3341.jpg?fit=2048%2C2048&ssl=1\",\"datePublished\":\"2017-08-20T13:39:54+00:00\",\"dateModified\":\"2024-03-02T21:24:11+00:00\",\"breadcrumb\":{\"@id\":\"https:\/\/thai-inhaler.com\/shop\/balms\/namman-muay-thailand-analgesic-cream-2x30-grams\/#breadcrumb\"},\"inLanguage\":\"fr-FR\",\"potentialAction\":[{\"@type\":\"ReadAction\",\"target\":[\"https:\/\/thai-inhaler.com\/shop\/balms\/namman-muay-thailand-analgesic-cream-2x30-grams\/\"]}]},{\"@type\":\"ImageObject\",\"inLanguage\":\"fr-FR\",\"@id\":\"https:\/\/thai-inhaler.com\/shop\/balms\/namman-muay-thailand-analgesic-cream-2x30-grams\/#primaryimage\",\"url\":\"https:\/\/i0.wp.com\/thai-inhaler.com\/wp-content\/uploads\/2017\/08\/IMG_3341.jpg?fit=2048%2C2048&ssl=1\",\"contentUrl\":\"https:\/\/i0.wp.com\/thai-inhaler.com\/wp-content\/uploads\/2017\/08\/IMG_3341.jpg?fit=2048%2C2048&ssl=1\",\"width\":2048,\"height\":2048,\"caption\":\"Namman Muay - Cr\u00e8me Analg\u00e9sique Tha\u00eflande - 30 Grammes - 2 Pi\u00e8ces\"},{\"@type\":\"BreadcrumbList\",\"@id\":\"https:\/\/thai-inhaler.com\/shop\/balms\/namman-muay-thailand-analgesic-cream-2x30-grams\/#breadcrumb\",\"itemListElement\":[{\"@type\":\"ListItem\",\"position\":1,\"name\":\"Home\",\"item\":\"https:\/\/thai-inhaler.com\/fr\/\"},{\"@type\":\"ListItem\",\"position\":2,\"name\":\"Shop\",\"item\":\"https:\/\/thai-inhaler.com\/shop\/\"},{\"@type\":\"ListItem\",\"position\":3,\"name\":\"Namman Muay &#8211; Cr\u00e8me Analg\u00e9sique Tha\u00eflande &#8211; 30 Grammes &#8211; 2 Pi\u00e8ces\"}]},{\"@type\":\"WebSite\",\"@id\":\"https:\/\/thai-inhaler.com\/#website\",\"url\":\"https:\/\/thai-inhaler.com\/\",\"name\":\"Thai-Inhaler.com\",\"description\":\"Thai Herbal Products, Inhalers, Balms, Plasters On Sale\",\"publisher\":{\"@id\":\"https:\/\/thai-inhaler.com\/#organization\"},\"potentialAction\":[{\"@type\":\"SearchAction\",\"target\":{\"@type\":\"EntryPoint\",\"urlTemplate\":\"https:\/\/thai-inhaler.com\/?s={search_term_string}\"},\"query-input\":\"required name=search_term_string\"}],\"inLanguage\":\"fr-FR\"},{\"@type\":\"Organization\",\"@id\":\"https:\/\/thai-inhaler.com\/#organization\",\"name\":\"Thai-Inhaler.com\",\"url\":\"https:\/\/thai-inhaler.com\/\",\"logo\":{\"@type\":\"ImageObject\",\"inLanguage\":\"fr-FR\",\"@id\":\"https:\/\/thai-inhaler.com\/#\/schema\/logo\/image\/\",\"url\":\"https:\/\/i0.wp.com\/thai-inhaler.com\/wp-content\/uploads\/2017\/08\/cropped-logoThaiinhaler-01.png?fit=460%2C160&ssl=1\",\"contentUrl\":\"https:\/\/i0.wp.com\/thai-inhaler.com\/wp-content\/uploads\/2017\/08\/cropped-logoThaiinhaler-01.png?fit=460%2C160&ssl=1\",\"width\":460,\"height\":160,\"caption\":\"Thai-Inhaler.com\"},\"image\":{\"@id\":\"https:\/\/thai-inhaler.com\/#\/schema\/logo\/image\/\"}}]}<\/script>\n<!-- \/ Yoast SEO plugin. -->","yoast_head_json":{"title":"Namman Muay - Cr\u00e8me Analg\u00e9sique Tha\u00eflande - 30 Grammes - 2 Pi\u00e8ces - Thai-Inhaler.com","robots":{"index":"index","follow":"follow","max-snippet":"max-snippet:-1","max-image-preview":"max-image-preview:large","max-video-preview":"max-video-preview:-1"},"canonical":"https:\/\/thai-inhaler.com\/shop\/balms\/namman-muay-thailand-analgesic-cream-2x30-grams\/","og_locale":"fr_FR","og_type":"article","og_title":"Namman Muay - Cr\u00e8me Analg\u00e9sique Tha\u00eflande - 30 Grammes - 2 Pi\u00e8ces - Thai-Inhaler.com","og_description":"Type d'article : Massage et Relaxation Contenance : 2 x 30g Condition : Neuf, non-utilis\u00e9, non-ouvert Usage : Baume pour soulager les douleurs, foulures, rhumatismes, blessures sportives, arthrite, douleurs dorsales Origine : Tha\u00eflande Dur\u00e9e de conservation : 3 ans","og_url":"https:\/\/thai-inhaler.com\/shop\/balms\/namman-muay-thailand-analgesic-cream-2x30-grams\/","og_site_name":"Thai-Inhaler.com","article_modified_time":"2024-03-02T21:24:11+00:00","og_image":[{"width":2048,"height":2048,"url":"https:\/\/thai-inhaler.com\/wp-content\/uploads\/2017\/08\/IMG_3341.jpg","type":"image\/jpeg"}],"twitter_card":"summary_large_image","twitter_misc":{"Dur\u00e9e de lecture estim\u00e9e":"2 minutes"},"schema":{"@context":"https:\/\/schema.org","@graph":[{"@type":"WebPage","@id":"https:\/\/thai-inhaler.com\/shop\/balms\/namman-muay-thailand-analgesic-cream-2x30-grams\/","url":"https:\/\/thai-inhaler.com\/shop\/balms\/namman-muay-thailand-analgesic-cream-2x30-grams\/","name":"Namman Muay - Cr\u00e8me Analg\u00e9sique Tha\u00eflande - 30 Grammes - 2 Pi\u00e8ces - Thai-Inhaler.com","isPartOf":{"@id":"https:\/\/thai-inhaler.com\/#website"},"primaryImageOfPage":{"@id":"https:\/\/thai-inhaler.com\/shop\/balms\/namman-muay-thailand-analgesic-cream-2x30-grams\/#primaryimage"},"image":{"@id":"https:\/\/thai-inhaler.com\/shop\/balms\/namman-muay-thailand-analgesic-cream-2x30-grams\/#primaryimage"},"thumbnailUrl":"https:\/\/i0.wp.com\/thai-inhaler.com\/wp-content\/uploads\/2017\/08\/IMG_3341.jpg?fit=2048%2C2048&ssl=1","datePublished":"2017-08-20T13:39:54+00:00","dateModified":"2024-03-02T21:24:11+00:00","breadcrumb":{"@id":"https:\/\/thai-inhaler.com\/shop\/balms\/namman-muay-thailand-analgesic-cream-2x30-grams\/#breadcrumb"},"inLanguage":"fr-FR","potentialAction":[{"@type":"ReadAction","target":["https:\/\/thai-inhaler.com\/shop\/balms\/namman-muay-thailand-analgesic-cream-2x30-grams\/"]}]},{"@type":"ImageObject","inLanguage":"fr-FR","@id":"https:\/\/thai-inhaler.com\/shop\/balms\/namman-muay-thailand-analgesic-cream-2x30-grams\/#primaryimage","url":"https:\/\/i0.wp.com\/thai-inhaler.com\/wp-content\/uploads\/2017\/08\/IMG_3341.jpg?fit=2048%2C2048&ssl=1","contentUrl":"https:\/\/i0.wp.com\/thai-inhaler.com\/wp-content\/uploads\/2017\/08\/IMG_3341.jpg?fit=2048%2C2048&ssl=1","width":2048,"height":2048,"caption":"Namman Muay - Cr\u00e8me Analg\u00e9sique Tha\u00eflande - 30 Grammes - 2 Pi\u00e8ces"},{"@type":"BreadcrumbList","@id":"https:\/\/thai-inhaler.com\/shop\/balms\/namman-muay-thailand-analgesic-cream-2x30-grams\/#breadcrumb","itemListElement":[{"@type":"ListItem","position":1,"name":"Home","item":"https:\/\/thai-inhaler.com\/fr\/"},{"@type":"ListItem","position":2,"name":"Shop","item":"https:\/\/thai-inhaler.com\/shop\/"},{"@type":"ListItem","position":3,"name":"Namman Muay &#8211; Cr\u00e8me Analg\u00e9sique Tha\u00eflande &#8211; 30 Grammes &#8211; 2 Pi\u00e8ces"}]},{"@type":"WebSite","@id":"https:\/\/thai-inhaler.com\/#website","url":"https:\/\/thai-inhaler.com\/","name":"Thai-Inhaler.com","description":"Thai Herbal Products, Inhalers, Balms, Plasters On Sale","publisher":{"@id":"https:\/\/thai-inhaler.com\/#organization"},"potentialAction":[{"@type":"SearchAction","target":{"@type":"EntryPoint","urlTemplate":"https:\/\/thai-inhaler.com\/?s={search_term_string}"},"query-input":"required name=search_term_string"}],"inLanguage":"fr-FR"},{"@type":"Organization","@id":"https:\/\/thai-inhaler.com\/#organization","name":"Thai-Inhaler.com","url":"https:\/\/thai-inhaler.com\/","logo":{"@type":"ImageObject","inLanguage":"fr-FR","@id":"https:\/\/thai-inhaler.com\/#\/schema\/logo\/image\/","url":"https:\/\/i0.wp.com\/thai-inhaler.com\/wp-content\/uploads\/2017\/08\/cropped-logoThaiinhaler-01.png?fit=460%2C160&ssl=1","contentUrl":"https:\/\/i0.wp.com\/thai-inhaler.com\/wp-content\/uploads\/2017\/08\/cropped-logoThaiinhaler-01.png?fit=460%2C160&ssl=1","width":460,"height":160,"caption":"Thai-Inhaler.com"},"image":{"@id":"https:\/\/thai-inhaler.com\/#\/schema\/logo\/image\/"}}]}},"jetpack_sharing_enabled":true,"_links":{"self":[{"href":"https:\/\/thai-inhaler.com\/fr\/wp-json\/wp\/v2\/product\/399"}],"collection":[{"href":"https:\/\/thai-inhaler.com\/fr\/wp-json\/wp\/v2\/product"}],"about":[{"href":"https:\/\/thai-inhaler.com\/fr\/wp-json\/wp\/v2\/types\/product"}],"replies":[{"embeddable":true,"href":"https:\/\/thai-inhaler.com\/fr\/wp-json\/wp\/v2\/comments?post=399"}],"wp:featuredmedia":[{"embeddable":true,"href":"https:\/\/thai-inhaler.com\/fr\/wp-json\/wp\/v2\/media\/331"}],"wp:attachment":[{"href":"https:\/\/thai-inhaler.com\/fr\/wp-json\/wp\/v2\/media?parent=399"}],"wp:term":[{"taxonomy":"product_cat","embeddable":true,"href":"https:\/\/thai-inhaler.com\/fr\/wp-json\/wp\/v2\/product_cat?post=399"},{"taxonomy":"product_tag","embeddable":true,"href":"https:\/\/thai-inhaler.com\/fr\/wp-json\/wp\/v2\/product_tag?post=399"}],"curies":[{"name":"wp","href":"https:\/\/api.w.org\/{rel}","templated":true}]}}