{"id":397,"date":"2017-08-15T18:17:10","date_gmt":"2017-08-15T16:17:10","guid":{"rendered":"https:\/\/thai-inhaler.com\/shop\/non%20class\u00e9\/tiger-balm-baume-du-tigre-pommade-rouge-19-4g-1-piece\/"},"modified":"2024-02-11T11:39:34","modified_gmt":"2024-02-11T10:39:34","slug":"tiger-balm-baume-du-tigre-pommade-rouge-19-4g-1-piece","status":"publish","type":"product","link":"https:\/\/thai-inhaler.com\/fr\/shop\/baumes\/tiger-balm-baume-du-tigre-pommade-rouge-19-4g-1-piece\/","title":{"rendered":"Tiger Balm &#8211; Baume du Tigre Pommade Rouge &#8211; 19,4g &#8211; 1 Pi\u00e8ce"},"content":{"rendered":"<h2>Tiger Balm &#8211; Baume du Tigre Pommade Rouge &#8211; 19,4g &#8211; 1 Pi\u00e8ce<\/h2>\n<h3>Caract\u00e9ristiques du Tiger Balm\/Baume du Tigre :<\/h3>\n<p>Soulagement chaud des douleurs, g\u00eanes et d\u00e9mangeaisons dues aux piq\u00fbres d&#8217;insectes. Ingr\u00e9dients \u00e0 base d&#8217;herbes pour soulager rapidement les douleurs.<\/p>\n<p>Les huiles et baumes de massage sont utilis\u00e9es depuis des si\u00e8cles comme l&#8217;une des meilleures fa\u00e7ons de soulager rapidement les maux, douleurs et autres g\u00eanes du corps. En Tha\u00eflande, cette longue tradition est toujours bien vivante et aide de nombreuses personnes \u00e0 soulager les douleurs de la vie quotidienne.<\/p>\n<h3>Efficacit\u00e9 du produit :<\/h3>\n<p>Le Tiger Balm\/Baume du Tigre en Pommade Rouge est la version chaude du Tiger Balm. Cette formule fut d\u00e9velopp\u00e9e au 19\u00e8me si\u00e8cle \u00e0 partir d&#8217;extraits de diff\u00e9rentes huiles d&#8217;herbes sauvages. Les ingr\u00e9dients sont rapidement absorb\u00e9s par la peau et offrent une action rapide. Ses caract\u00e9ristiques lui permettent de soulager les rhumatismes, douleurs articulaires, douleurs musculaires et bien d&#8217;autres maux de diff\u00e9rentes natures, comme par exemple les gonflements ou d\u00e9mangeaisons caus\u00e9s par les piq\u00fbres et morsures d&#8217;insectes.<\/p>\n<p>Lorsqu&#8217;il est appliqu\u00e9, il offre une sensation chaude et douce qui apaisera votre corps.<\/p>\n<h3>Ingr\u00e9dients :<\/h3>\n<p>Camphre 25%, Menthol 10%, Huile de cajeput 7%, Huile de menthe 6%, Huile de clou de girofle 5%, Huile de cannelier 5%, paraffine et vaseline.<\/p>\n<h3>Comment l&#8217;utiliser :<\/h3>\n<p>La variation chaude du c\u00e9l\u00e8bre Tiger Balm\/Baume du Tigre est la pommade parfaite pour aider \u00e0 soulager les douleurs musculaires, mais aussi r\u00e9duire les d\u00e9mangeaisons li\u00e9es aux piq\u00fbres et morsures d&#8217;insectes. Massez d\u00e9licatement une petite quantit\u00e9 sur les zones affect\u00e9es pour r\u00e9duire les douleurs, gonflements et autres g\u00eanes rapidement.<\/p>\n<h3>Attention :<\/h3>\n<p>Le Tiger Balm\/Baume du Tigre en pommade rouge est destin\u00e9 \u00e0 une utilisation externe uniquement. Ne pas appliquer autour des yeux, membranes muqueuses ou peaux ab\u00eem\u00e9es. En cas d&#8217;irritation de la peau, stopper l&#8217;utilisation et demander un avis m\u00e9dical. Ne pas utiliser si vous \u00eates enceinte ou sujet \u00e0 des r\u00e9actions allergiques. Conserver dans son conditionnement d&#8217;origine pour ne pr\u00e9server les ingr\u00e9dients. L&#8217;utilisation pour les enfants doit \u00eatre faite sous la surveillance d&#8217;un adulte.<\/p>\n","protected":false},"excerpt":{"rendered":"<p><b>Nom du produit : <\/b>Tiger Balm &#8211; Baume du Tigre Pommade Rouge<br \/>\n<b>Conditionnement : <\/b>Neuf, Scell\u00e9, Jamais Ouvert<br \/>\n<b>Poids Net : <\/b>19,4g<br \/>\n<b>Origine : <\/b>Tha\u00eflande<br \/>\n<b>Dur\u00e9e de conservation : <\/b>Trois ans<b><br \/>\n<\/b><\/p>\n","protected":false},"featured_media":312,"comment_status":"open","ping_status":"closed","template":"","meta":{"_exactmetrics_skip_tracking":false,"_exactmetrics_sitenote_active":false,"_exactmetrics_sitenote_note":"","_exactmetrics_sitenote_category":0,"jetpack_post_was_ever_published":false},"product_cat":[56],"product_tag":[],"yoast_head":"<!-- This site is optimized with the Yoast SEO plugin v22.3 - https:\/\/yoast.com\/wordpress\/plugins\/seo\/ -->\n<title>Tiger Balm - Baume du Tigre Pommade Rouge - 19,4g - 1 Pi\u00e8ce - Thai-Inhaler.com<\/title>\n<meta name=\"robots\" content=\"index, follow, max-snippet:-1, max-image-preview:large, max-video-preview:-1\" \/>\n<link rel=\"canonical\" href=\"https:\/\/thai-inhaler.com\/fr\/shop\/baumes\/tiger-balm-baume-du-tigre-pommade-rouge-19-4g-1-piece\/\" \/>\n<meta property=\"og:locale\" content=\"fr_FR\" \/>\n<meta property=\"og:type\" content=\"article\" \/>\n<meta property=\"og:title\" content=\"Tiger Balm - Baume du Tigre Pommade Rouge - 19,4g - 1 Pi\u00e8ce - Thai-Inhaler.com\" \/>\n<meta property=\"og:description\" content=\"Nom du produit : Tiger Balm - Baume du Tigre Pommade Rouge Conditionnement : Neuf, Scell\u00e9, Jamais Ouvert Poids Net : 19,4g Origine : Tha\u00eflande Dur\u00e9e de conservation : Trois ans\" \/>\n<meta property=\"og:url\" content=\"https:\/\/thai-inhaler.com\/fr\/shop\/baumes\/tiger-balm-baume-du-tigre-pommade-rouge-19-4g-1-piece\/\" \/>\n<meta property=\"og:site_name\" content=\"Thai-Inhaler.com\" \/>\n<meta property=\"article:modified_time\" content=\"2024-02-11T10:39:34+00:00\" \/>\n<meta property=\"og:image\" content=\"https:\/\/thai-inhaler.com\/wp-content\/uploads\/2017\/08\/IMG_2965.jpg\" \/>\n\t<meta property=\"og:image:width\" content=\"2048\" \/>\n\t<meta property=\"og:image:height\" content=\"2048\" \/>\n\t<meta property=\"og:image:type\" content=\"image\/jpeg\" \/>\n<meta name=\"twitter:card\" content=\"summary_large_image\" \/>\n<meta name=\"twitter:label1\" content=\"Dur\u00e9e de lecture estim\u00e9e\" \/>\n\t<meta name=\"twitter:data1\" content=\"2 minutes\" \/>\n<script type=\"application\/ld+json\" class=\"yoast-schema-graph\">{\"@context\":\"https:\/\/schema.org\",\"@graph\":[{\"@type\":\"WebPage\",\"@id\":\"https:\/\/thai-inhaler.com\/fr\/shop\/baumes\/tiger-balm-baume-du-tigre-pommade-rouge-19-4g-1-piece\/\",\"url\":\"https:\/\/thai-inhaler.com\/fr\/shop\/baumes\/tiger-balm-baume-du-tigre-pommade-rouge-19-4g-1-piece\/\",\"name\":\"Tiger Balm - Baume du Tigre Pommade Rouge - 19,4g - 1 Pi\u00e8ce - Thai-Inhaler.com\",\"isPartOf\":{\"@id\":\"https:\/\/thai-inhaler.com\/#website\"},\"primaryImageOfPage\":{\"@id\":\"https:\/\/thai-inhaler.com\/fr\/shop\/baumes\/tiger-balm-baume-du-tigre-pommade-rouge-19-4g-1-piece\/#primaryimage\"},\"image\":{\"@id\":\"https:\/\/thai-inhaler.com\/fr\/shop\/baumes\/tiger-balm-baume-du-tigre-pommade-rouge-19-4g-1-piece\/#primaryimage\"},\"thumbnailUrl\":\"https:\/\/i0.wp.com\/thai-inhaler.com\/wp-content\/uploads\/2017\/08\/IMG_2965.jpg?fit=2048%2C2048&ssl=1\",\"datePublished\":\"2017-08-15T16:17:10+00:00\",\"dateModified\":\"2024-02-11T10:39:34+00:00\",\"breadcrumb\":{\"@id\":\"https:\/\/thai-inhaler.com\/fr\/shop\/baumes\/tiger-balm-baume-du-tigre-pommade-rouge-19-4g-1-piece\/#breadcrumb\"},\"inLanguage\":\"fr-FR\",\"potentialAction\":[{\"@type\":\"ReadAction\",\"target\":[\"https:\/\/thai-inhaler.com\/fr\/shop\/baumes\/tiger-balm-baume-du-tigre-pommade-rouge-19-4g-1-piece\/\"]}]},{\"@type\":\"ImageObject\",\"inLanguage\":\"fr-FR\",\"@id\":\"https:\/\/thai-inhaler.com\/fr\/shop\/baumes\/tiger-balm-baume-du-tigre-pommade-rouge-19-4g-1-piece\/#primaryimage\",\"url\":\"https:\/\/i0.wp.com\/thai-inhaler.com\/wp-content\/uploads\/2017\/08\/IMG_2965.jpg?fit=2048%2C2048&ssl=1\",\"contentUrl\":\"https:\/\/i0.wp.com\/thai-inhaler.com\/wp-content\/uploads\/2017\/08\/IMG_2965.jpg?fit=2048%2C2048&ssl=1\",\"width\":2048,\"height\":2048,\"caption\":\"Tiger Balm - Baume du Tigre Pommade Rouge - 19,4g - 1 Pi\u00e8ce\"},{\"@type\":\"BreadcrumbList\",\"@id\":\"https:\/\/thai-inhaler.com\/fr\/shop\/baumes\/tiger-balm-baume-du-tigre-pommade-rouge-19-4g-1-piece\/#breadcrumb\",\"itemListElement\":[{\"@type\":\"ListItem\",\"position\":1,\"name\":\"Home\",\"item\":\"https:\/\/thai-inhaler.com\/fr\/\"},{\"@type\":\"ListItem\",\"position\":2,\"name\":\"Shop\",\"item\":\"https:\/\/thai-inhaler.com\/shop\/\"},{\"@type\":\"ListItem\",\"position\":3,\"name\":\"Tiger Balm &#8211; Baume du Tigre Pommade Rouge &#8211; 19,4g &#8211; 1 Pi\u00e8ce\"}]},{\"@type\":\"WebSite\",\"@id\":\"https:\/\/thai-inhaler.com\/#website\",\"url\":\"https:\/\/thai-inhaler.com\/\",\"name\":\"Thai-Inhaler.com\",\"description\":\"Thai Herbal Products, Inhalers, Balms, Plasters On Sale\",\"publisher\":{\"@id\":\"https:\/\/thai-inhaler.com\/#organization\"},\"potentialAction\":[{\"@type\":\"SearchAction\",\"target\":{\"@type\":\"EntryPoint\",\"urlTemplate\":\"https:\/\/thai-inhaler.com\/?s={search_term_string}\"},\"query-input\":\"required name=search_term_string\"}],\"inLanguage\":\"fr-FR\"},{\"@type\":\"Organization\",\"@id\":\"https:\/\/thai-inhaler.com\/#organization\",\"name\":\"Thai-Inhaler.com\",\"url\":\"https:\/\/thai-inhaler.com\/\",\"logo\":{\"@type\":\"ImageObject\",\"inLanguage\":\"fr-FR\",\"@id\":\"https:\/\/thai-inhaler.com\/#\/schema\/logo\/image\/\",\"url\":\"https:\/\/i0.wp.com\/thai-inhaler.com\/wp-content\/uploads\/2017\/08\/cropped-logoThaiinhaler-01.png?fit=460%2C160&ssl=1\",\"contentUrl\":\"https:\/\/i0.wp.com\/thai-inhaler.com\/wp-content\/uploads\/2017\/08\/cropped-logoThaiinhaler-01.png?fit=460%2C160&ssl=1\",\"width\":460,\"height\":160,\"caption\":\"Thai-Inhaler.com\"},\"image\":{\"@id\":\"https:\/\/thai-inhaler.com\/#\/schema\/logo\/image\/\"}}]}<\/script>\n<!-- \/ Yoast SEO plugin. -->","yoast_head_json":{"title":"Tiger Balm - Baume du Tigre Pommade Rouge - 19,4g - 1 Pi\u00e8ce - Thai-Inhaler.com","robots":{"index":"index","follow":"follow","max-snippet":"max-snippet:-1","max-image-preview":"max-image-preview:large","max-video-preview":"max-video-preview:-1"},"canonical":"https:\/\/thai-inhaler.com\/fr\/shop\/baumes\/tiger-balm-baume-du-tigre-pommade-rouge-19-4g-1-piece\/","og_locale":"fr_FR","og_type":"article","og_title":"Tiger Balm - Baume du Tigre Pommade Rouge - 19,4g - 1 Pi\u00e8ce - Thai-Inhaler.com","og_description":"Nom du produit : Tiger Balm - Baume du Tigre Pommade Rouge Conditionnement : Neuf, Scell\u00e9, Jamais Ouvert Poids Net : 19,4g Origine : Tha\u00eflande Dur\u00e9e de conservation : Trois ans","og_url":"https:\/\/thai-inhaler.com\/fr\/shop\/baumes\/tiger-balm-baume-du-tigre-pommade-rouge-19-4g-1-piece\/","og_site_name":"Thai-Inhaler.com","article_modified_time":"2024-02-11T10:39:34+00:00","og_image":[{"width":2048,"height":2048,"url":"https:\/\/thai-inhaler.com\/wp-content\/uploads\/2017\/08\/IMG_2965.jpg","type":"image\/jpeg"}],"twitter_card":"summary_large_image","twitter_misc":{"Dur\u00e9e de lecture estim\u00e9e":"2 minutes"},"schema":{"@context":"https:\/\/schema.org","@graph":[{"@type":"WebPage","@id":"https:\/\/thai-inhaler.com\/fr\/shop\/baumes\/tiger-balm-baume-du-tigre-pommade-rouge-19-4g-1-piece\/","url":"https:\/\/thai-inhaler.com\/fr\/shop\/baumes\/tiger-balm-baume-du-tigre-pommade-rouge-19-4g-1-piece\/","name":"Tiger Balm - Baume du Tigre Pommade Rouge - 19,4g - 1 Pi\u00e8ce - Thai-Inhaler.com","isPartOf":{"@id":"https:\/\/thai-inhaler.com\/#website"},"primaryImageOfPage":{"@id":"https:\/\/thai-inhaler.com\/fr\/shop\/baumes\/tiger-balm-baume-du-tigre-pommade-rouge-19-4g-1-piece\/#primaryimage"},"image":{"@id":"https:\/\/thai-inhaler.com\/fr\/shop\/baumes\/tiger-balm-baume-du-tigre-pommade-rouge-19-4g-1-piece\/#primaryimage"},"thumbnailUrl":"https:\/\/i0.wp.com\/thai-inhaler.com\/wp-content\/uploads\/2017\/08\/IMG_2965.jpg?fit=2048%2C2048&ssl=1","datePublished":"2017-08-15T16:17:10+00:00","dateModified":"2024-02-11T10:39:34+00:00","breadcrumb":{"@id":"https:\/\/thai-inhaler.com\/fr\/shop\/baumes\/tiger-balm-baume-du-tigre-pommade-rouge-19-4g-1-piece\/#breadcrumb"},"inLanguage":"fr-FR","potentialAction":[{"@type":"ReadAction","target":["https:\/\/thai-inhaler.com\/fr\/shop\/baumes\/tiger-balm-baume-du-tigre-pommade-rouge-19-4g-1-piece\/"]}]},{"@type":"ImageObject","inLanguage":"fr-FR","@id":"https:\/\/thai-inhaler.com\/fr\/shop\/baumes\/tiger-balm-baume-du-tigre-pommade-rouge-19-4g-1-piece\/#primaryimage","url":"https:\/\/i0.wp.com\/thai-inhaler.com\/wp-content\/uploads\/2017\/08\/IMG_2965.jpg?fit=2048%2C2048&ssl=1","contentUrl":"https:\/\/i0.wp.com\/thai-inhaler.com\/wp-content\/uploads\/2017\/08\/IMG_2965.jpg?fit=2048%2C2048&ssl=1","width":2048,"height":2048,"caption":"Tiger Balm - Baume du Tigre Pommade Rouge - 19,4g - 1 Pi\u00e8ce"},{"@type":"BreadcrumbList","@id":"https:\/\/thai-inhaler.com\/fr\/shop\/baumes\/tiger-balm-baume-du-tigre-pommade-rouge-19-4g-1-piece\/#breadcrumb","itemListElement":[{"@type":"ListItem","position":1,"name":"Home","item":"https:\/\/thai-inhaler.com\/fr\/"},{"@type":"ListItem","position":2,"name":"Shop","item":"https:\/\/thai-inhaler.com\/shop\/"},{"@type":"ListItem","position":3,"name":"Tiger Balm &#8211; Baume du Tigre Pommade Rouge &#8211; 19,4g &#8211; 1 Pi\u00e8ce"}]},{"@type":"WebSite","@id":"https:\/\/thai-inhaler.com\/#website","url":"https:\/\/thai-inhaler.com\/","name":"Thai-Inhaler.com","description":"Thai Herbal Products, Inhalers, Balms, Plasters On Sale","publisher":{"@id":"https:\/\/thai-inhaler.com\/#organization"},"potentialAction":[{"@type":"SearchAction","target":{"@type":"EntryPoint","urlTemplate":"https:\/\/thai-inhaler.com\/?s={search_term_string}"},"query-input":"required name=search_term_string"}],"inLanguage":"fr-FR"},{"@type":"Organization","@id":"https:\/\/thai-inhaler.com\/#organization","name":"Thai-Inhaler.com","url":"https:\/\/thai-inhaler.com\/","logo":{"@type":"ImageObject","inLanguage":"fr-FR","@id":"https:\/\/thai-inhaler.com\/#\/schema\/logo\/image\/","url":"https:\/\/i0.wp.com\/thai-inhaler.com\/wp-content\/uploads\/2017\/08\/cropped-logoThaiinhaler-01.png?fit=460%2C160&ssl=1","contentUrl":"https:\/\/i0.wp.com\/thai-inhaler.com\/wp-content\/uploads\/2017\/08\/cropped-logoThaiinhaler-01.png?fit=460%2C160&ssl=1","width":460,"height":160,"caption":"Thai-Inhaler.com"},"image":{"@id":"https:\/\/thai-inhaler.com\/#\/schema\/logo\/image\/"}}]}},"jetpack_sharing_enabled":true,"_links":{"self":[{"href":"https:\/\/thai-inhaler.com\/fr\/wp-json\/wp\/v2\/product\/397"}],"collection":[{"href":"https:\/\/thai-inhaler.com\/fr\/wp-json\/wp\/v2\/product"}],"about":[{"href":"https:\/\/thai-inhaler.com\/fr\/wp-json\/wp\/v2\/types\/product"}],"replies":[{"embeddable":true,"href":"https:\/\/thai-inhaler.com\/fr\/wp-json\/wp\/v2\/comments?post=397"}],"wp:featuredmedia":[{"embeddable":true,"href":"https:\/\/thai-inhaler.com\/fr\/wp-json\/wp\/v2\/media\/312"}],"wp:attachment":[{"href":"https:\/\/thai-inhaler.com\/fr\/wp-json\/wp\/v2\/media?parent=397"}],"wp:term":[{"taxonomy":"product_cat","embeddable":true,"href":"https:\/\/thai-inhaler.com\/fr\/wp-json\/wp\/v2\/product_cat?post=397"},{"taxonomy":"product_tag","embeddable":true,"href":"https:\/\/thai-inhaler.com\/fr\/wp-json\/wp\/v2\/product_tag?post=397"}],"curies":[{"name":"wp","href":"https:\/\/api.w.org\/{rel}","templated":true}]}}