{"id":382,"date":"2017-08-16T14:43:10","date_gmt":"2017-08-16T12:43:10","guid":{"rendered":"https:\/\/thai-inhaler.com\/shop\/non%20class\u00e9\/jarungjit-inhalateur-nasal-aux-herbes-thailande-2-pieces\/"},"modified":"2023-10-29T19:51:47","modified_gmt":"2023-10-29T18:51:47","slug":"jarungjit-inhalateur-nasal-aux-herbes-thailande-2-pieces","status":"publish","type":"product","link":"https:\/\/thai-inhaler.com\/fr\/shop\/inhalateurs\/jarungjit-inhalateur-nasal-aux-herbes-thailande-2-pieces\/","title":{"rendered":"Jarungjit &#8211; Inhalateur Nasal aux Herbes Tha\u00eflande &#8211; 2 Pi\u00e8ces"},"content":{"rendered":"<h2>Jarungjit &#8211; Inhalateur Nasal aux Herbes Tha\u00eflande &#8211; 2 Pi\u00e8ces<\/h2>\n<h3><strong>Caract\u00e9ristiques du produit :<\/strong><\/h3>\n<p>Jarungjit contient des ingr\u00e9dients aromatiques naturels et des huiles d&#8217;herbes pures<\/p>\n<h3>Dimensions :<\/h3>\n<p>Diam\u00e8tre &#8211; 2,2cm; hauteur &#8211; 3,6cm<\/p>\n<h3>Conditionnement :<\/h3>\n<p>Livr\u00e9 dans un s\u00e9duisant conditionnement en \u00e9tain traditionnel tha\u00eflandais, facile \u00e0 refermer pour une conservation ais\u00e9e. Il est \u00e9galement tr\u00e8s facile \u00e0 emporter partout avec vous et peut \u00eatre un magnifique cadeau pour vos amis ou votre famille.<\/p>\n<h3>Efficacit\u00e9 du produit :<\/h3>\n<p>L&#8217;inhalateur nasal aux herbes Jarungjit a \u00e9t\u00e9 con\u00e7u par Cher-Aim, une soci\u00e9t\u00e9 r\u00e9put\u00e9e en Tha\u00eflande. Il est utilis\u00e9 pour offrir un effet rafra\u00eechissant qui soulage la fatigue, les vertiges, la somnolence et le nez bouch\u00e9. Il est \u00e9galement efficace pour lutter contre le mal des transports, les rhinites ou les rhumes.<\/p>\n<p>Ce produit peut \u00e9galement \u00eatre recommand\u00e9 en compl\u00e9ment des solutions contre les probl\u00e8mes respiratoires.<\/p>\n<h3>Ingr\u00e9dients :<\/h3>\n<p>Une vari\u00e9t\u00e9 d&#8217;herbes, calambac, clou de girofle et huiles essentielles.<\/p>\n<h3>Histoire :<\/h3>\n<p>Si vous allez en Tha\u00eflande, vous remarquerez \u00e0 coup s\u00fbr que tout le monde &#8220;sniffe&#8221; l&#8217;une de ces petites bo\u00eetes. Mais ne soyez pas inquiet. Les inhalateurs sont largement utilis\u00e9s en Tha\u00eflande pour combattre les effets d&#8217;un climat tropical chaud et humide comme la somnolence, la fatigue, les coups de soleil et autres g\u00eanes corporelles. De plus, ils aident \u00e0 rafra\u00eechir l&#8217;esprit et raviver les sens.<\/p>\n<h3>Comment l&#8217;utiliser :<\/h3>\n<p>D\u00e9visser le bouchon de l&#8217;inhalateur et respirer profond\u00e9ment. Vous ressentirez imm\u00e9diatement un effet rafra\u00eechissant et une att\u00e9nuation de vos sympt\u00f4mes. \u00c9vitez les contacts entre le tube et votre nez afin de ne pas causer d&#8217;irritations ou d\u00e9mangeaisons.<\/p>\n<h3>Conservation :<\/h3>\n<p>Garder hors de la port\u00e9e des enfants. Conserver dans un endroit frais, sec et \u00e0 l&#8217;abri de la lumi\u00e8re directe du soleil.<\/p>\n","protected":false},"excerpt":{"rendered":"<p><strong>Net weight:<\/strong> 38g<br \/>\n<strong>Item Type:<\/strong> Massage &amp; Relaxation<br \/>\n<strong>Material:<\/strong> Tin<br \/>\n<strong>Size:<\/strong> 3.6cm x 2.2cm<br \/>\n<strong>Shelf life:<\/strong> 3 years<br \/>\n<strong>Product origin:<\/strong> Thailand<\/p>\n","protected":false},"featured_media":321,"comment_status":"open","ping_status":"closed","template":"","meta":{"_exactmetrics_skip_tracking":false,"_exactmetrics_sitenote_active":false,"_exactmetrics_sitenote_note":"","_exactmetrics_sitenote_category":0,"jetpack_post_was_ever_published":false},"product_cat":[57,57],"product_tag":[],"yoast_head":"<!-- This site is optimized with the Yoast SEO plugin v22.3 - https:\/\/yoast.com\/wordpress\/plugins\/seo\/ -->\n<title>Jarungjit - Inhalateur Nasal aux Herbes Tha\u00eflande - 2 Pi\u00e8ces - Thai-Inhaler.com<\/title>\n<meta name=\"robots\" content=\"index, follow, max-snippet:-1, max-image-preview:large, max-video-preview:-1\" \/>\n<link rel=\"canonical\" href=\"https:\/\/thai-inhaler.com\/shop\/inhalers\/jarungjit-thailand-herbal-nasal-inhaler-1-piece\/\" \/>\n<meta property=\"og:locale\" content=\"fr_FR\" \/>\n<meta property=\"og:type\" content=\"article\" \/>\n<meta property=\"og:title\" content=\"Jarungjit - Inhalateur Nasal aux Herbes Tha\u00eflande - 2 Pi\u00e8ces - Thai-Inhaler.com\" \/>\n<meta property=\"og:description\" content=\"Net weight: 38g Item Type: Massage &amp; Relaxation Material: Tin Size: 3.6cm x 2.2cm Shelf life: 3 years Product origin: Thailand\" \/>\n<meta property=\"og:url\" content=\"https:\/\/thai-inhaler.com\/shop\/inhalers\/jarungjit-thailand-herbal-nasal-inhaler-1-piece\/\" \/>\n<meta property=\"og:site_name\" content=\"Thai-Inhaler.com\" \/>\n<meta property=\"article:modified_time\" content=\"2023-10-29T18:51:47+00:00\" \/>\n<meta property=\"og:image\" content=\"https:\/\/thai-inhaler.com\/wp-content\/uploads\/2017\/08\/IMG_3158.jpg\" \/>\n\t<meta property=\"og:image:width\" content=\"2048\" \/>\n\t<meta property=\"og:image:height\" content=\"2048\" \/>\n\t<meta property=\"og:image:type\" content=\"image\/jpeg\" \/>\n<meta name=\"twitter:card\" content=\"summary_large_image\" \/>\n<meta name=\"twitter:label1\" content=\"Dur\u00e9e de lecture estim\u00e9e\" \/>\n\t<meta name=\"twitter:data1\" content=\"2 minutes\" \/>\n<script type=\"application\/ld+json\" class=\"yoast-schema-graph\">{\"@context\":\"https:\/\/schema.org\",\"@graph\":[{\"@type\":\"WebPage\",\"@id\":\"https:\/\/thai-inhaler.com\/shop\/inhalers\/jarungjit-thailand-herbal-nasal-inhaler-1-piece\/\",\"url\":\"https:\/\/thai-inhaler.com\/shop\/inhalers\/jarungjit-thailand-herbal-nasal-inhaler-1-piece\/\",\"name\":\"Jarungjit - Inhalateur Nasal aux Herbes Tha\u00eflande - 2 Pi\u00e8ces - Thai-Inhaler.com\",\"isPartOf\":{\"@id\":\"https:\/\/thai-inhaler.com\/#website\"},\"primaryImageOfPage\":{\"@id\":\"https:\/\/thai-inhaler.com\/shop\/inhalers\/jarungjit-thailand-herbal-nasal-inhaler-1-piece\/#primaryimage\"},\"image\":{\"@id\":\"https:\/\/thai-inhaler.com\/shop\/inhalers\/jarungjit-thailand-herbal-nasal-inhaler-1-piece\/#primaryimage\"},\"thumbnailUrl\":\"https:\/\/i0.wp.com\/thai-inhaler.com\/wp-content\/uploads\/2017\/08\/IMG_3158.jpg?fit=2048%2C2048&ssl=1\",\"datePublished\":\"2017-08-16T12:43:10+00:00\",\"dateModified\":\"2023-10-29T18:51:47+00:00\",\"breadcrumb\":{\"@id\":\"https:\/\/thai-inhaler.com\/shop\/inhalers\/jarungjit-thailand-herbal-nasal-inhaler-1-piece\/#breadcrumb\"},\"inLanguage\":\"fr-FR\",\"potentialAction\":[{\"@type\":\"ReadAction\",\"target\":[\"https:\/\/thai-inhaler.com\/shop\/inhalers\/jarungjit-thailand-herbal-nasal-inhaler-1-piece\/\"]}]},{\"@type\":\"ImageObject\",\"inLanguage\":\"fr-FR\",\"@id\":\"https:\/\/thai-inhaler.com\/shop\/inhalers\/jarungjit-thailand-herbal-nasal-inhaler-1-piece\/#primaryimage\",\"url\":\"https:\/\/i0.wp.com\/thai-inhaler.com\/wp-content\/uploads\/2017\/08\/IMG_3158.jpg?fit=2048%2C2048&ssl=1\",\"contentUrl\":\"https:\/\/i0.wp.com\/thai-inhaler.com\/wp-content\/uploads\/2017\/08\/IMG_3158.jpg?fit=2048%2C2048&ssl=1\",\"width\":2048,\"height\":2048,\"caption\":\"Jarungjit - Inhalateur Nasal aux Herbes Tha\u00eflande - 2 Pi\u00e8ces\"},{\"@type\":\"BreadcrumbList\",\"@id\":\"https:\/\/thai-inhaler.com\/shop\/inhalers\/jarungjit-thailand-herbal-nasal-inhaler-1-piece\/#breadcrumb\",\"itemListElement\":[{\"@type\":\"ListItem\",\"position\":1,\"name\":\"Home\",\"item\":\"https:\/\/thai-inhaler.com\/fr\/\"},{\"@type\":\"ListItem\",\"position\":2,\"name\":\"Shop\",\"item\":\"https:\/\/thai-inhaler.com\/shop\/\"},{\"@type\":\"ListItem\",\"position\":3,\"name\":\"Jarungjit &#8211; Inhalateur Nasal aux Herbes Tha\u00eflande &#8211; 2 Pi\u00e8ces\"}]},{\"@type\":\"WebSite\",\"@id\":\"https:\/\/thai-inhaler.com\/#website\",\"url\":\"https:\/\/thai-inhaler.com\/\",\"name\":\"Thai-Inhaler.com\",\"description\":\"Thai Herbal Products, Inhalers, Balms, Plasters On Sale\",\"publisher\":{\"@id\":\"https:\/\/thai-inhaler.com\/#organization\"},\"potentialAction\":[{\"@type\":\"SearchAction\",\"target\":{\"@type\":\"EntryPoint\",\"urlTemplate\":\"https:\/\/thai-inhaler.com\/?s={search_term_string}\"},\"query-input\":\"required name=search_term_string\"}],\"inLanguage\":\"fr-FR\"},{\"@type\":\"Organization\",\"@id\":\"https:\/\/thai-inhaler.com\/#organization\",\"name\":\"Thai-Inhaler.com\",\"url\":\"https:\/\/thai-inhaler.com\/\",\"logo\":{\"@type\":\"ImageObject\",\"inLanguage\":\"fr-FR\",\"@id\":\"https:\/\/thai-inhaler.com\/#\/schema\/logo\/image\/\",\"url\":\"https:\/\/i0.wp.com\/thai-inhaler.com\/wp-content\/uploads\/2017\/08\/cropped-logoThaiinhaler-01.png?fit=460%2C160&ssl=1\",\"contentUrl\":\"https:\/\/i0.wp.com\/thai-inhaler.com\/wp-content\/uploads\/2017\/08\/cropped-logoThaiinhaler-01.png?fit=460%2C160&ssl=1\",\"width\":460,\"height\":160,\"caption\":\"Thai-Inhaler.com\"},\"image\":{\"@id\":\"https:\/\/thai-inhaler.com\/#\/schema\/logo\/image\/\"}}]}<\/script>\n<!-- \/ Yoast SEO plugin. -->","yoast_head_json":{"title":"Jarungjit - Inhalateur Nasal aux Herbes Tha\u00eflande - 2 Pi\u00e8ces - Thai-Inhaler.com","robots":{"index":"index","follow":"follow","max-snippet":"max-snippet:-1","max-image-preview":"max-image-preview:large","max-video-preview":"max-video-preview:-1"},"canonical":"https:\/\/thai-inhaler.com\/shop\/inhalers\/jarungjit-thailand-herbal-nasal-inhaler-1-piece\/","og_locale":"fr_FR","og_type":"article","og_title":"Jarungjit - Inhalateur Nasal aux Herbes Tha\u00eflande - 2 Pi\u00e8ces - Thai-Inhaler.com","og_description":"Net weight: 38g Item Type: Massage &amp; Relaxation Material: Tin Size: 3.6cm x 2.2cm Shelf life: 3 years Product origin: Thailand","og_url":"https:\/\/thai-inhaler.com\/shop\/inhalers\/jarungjit-thailand-herbal-nasal-inhaler-1-piece\/","og_site_name":"Thai-Inhaler.com","article_modified_time":"2023-10-29T18:51:47+00:00","og_image":[{"width":2048,"height":2048,"url":"https:\/\/thai-inhaler.com\/wp-content\/uploads\/2017\/08\/IMG_3158.jpg","type":"image\/jpeg"}],"twitter_card":"summary_large_image","twitter_misc":{"Dur\u00e9e de lecture estim\u00e9e":"2 minutes"},"schema":{"@context":"https:\/\/schema.org","@graph":[{"@type":"WebPage","@id":"https:\/\/thai-inhaler.com\/shop\/inhalers\/jarungjit-thailand-herbal-nasal-inhaler-1-piece\/","url":"https:\/\/thai-inhaler.com\/shop\/inhalers\/jarungjit-thailand-herbal-nasal-inhaler-1-piece\/","name":"Jarungjit - Inhalateur Nasal aux Herbes Tha\u00eflande - 2 Pi\u00e8ces - Thai-Inhaler.com","isPartOf":{"@id":"https:\/\/thai-inhaler.com\/#website"},"primaryImageOfPage":{"@id":"https:\/\/thai-inhaler.com\/shop\/inhalers\/jarungjit-thailand-herbal-nasal-inhaler-1-piece\/#primaryimage"},"image":{"@id":"https:\/\/thai-inhaler.com\/shop\/inhalers\/jarungjit-thailand-herbal-nasal-inhaler-1-piece\/#primaryimage"},"thumbnailUrl":"https:\/\/i0.wp.com\/thai-inhaler.com\/wp-content\/uploads\/2017\/08\/IMG_3158.jpg?fit=2048%2C2048&ssl=1","datePublished":"2017-08-16T12:43:10+00:00","dateModified":"2023-10-29T18:51:47+00:00","breadcrumb":{"@id":"https:\/\/thai-inhaler.com\/shop\/inhalers\/jarungjit-thailand-herbal-nasal-inhaler-1-piece\/#breadcrumb"},"inLanguage":"fr-FR","potentialAction":[{"@type":"ReadAction","target":["https:\/\/thai-inhaler.com\/shop\/inhalers\/jarungjit-thailand-herbal-nasal-inhaler-1-piece\/"]}]},{"@type":"ImageObject","inLanguage":"fr-FR","@id":"https:\/\/thai-inhaler.com\/shop\/inhalers\/jarungjit-thailand-herbal-nasal-inhaler-1-piece\/#primaryimage","url":"https:\/\/i0.wp.com\/thai-inhaler.com\/wp-content\/uploads\/2017\/08\/IMG_3158.jpg?fit=2048%2C2048&ssl=1","contentUrl":"https:\/\/i0.wp.com\/thai-inhaler.com\/wp-content\/uploads\/2017\/08\/IMG_3158.jpg?fit=2048%2C2048&ssl=1","width":2048,"height":2048,"caption":"Jarungjit - Inhalateur Nasal aux Herbes Tha\u00eflande - 2 Pi\u00e8ces"},{"@type":"BreadcrumbList","@id":"https:\/\/thai-inhaler.com\/shop\/inhalers\/jarungjit-thailand-herbal-nasal-inhaler-1-piece\/#breadcrumb","itemListElement":[{"@type":"ListItem","position":1,"name":"Home","item":"https:\/\/thai-inhaler.com\/fr\/"},{"@type":"ListItem","position":2,"name":"Shop","item":"https:\/\/thai-inhaler.com\/shop\/"},{"@type":"ListItem","position":3,"name":"Jarungjit &#8211; Inhalateur Nasal aux Herbes Tha\u00eflande &#8211; 2 Pi\u00e8ces"}]},{"@type":"WebSite","@id":"https:\/\/thai-inhaler.com\/#website","url":"https:\/\/thai-inhaler.com\/","name":"Thai-Inhaler.com","description":"Thai Herbal Products, Inhalers, Balms, Plasters On Sale","publisher":{"@id":"https:\/\/thai-inhaler.com\/#organization"},"potentialAction":[{"@type":"SearchAction","target":{"@type":"EntryPoint","urlTemplate":"https:\/\/thai-inhaler.com\/?s={search_term_string}"},"query-input":"required name=search_term_string"}],"inLanguage":"fr-FR"},{"@type":"Organization","@id":"https:\/\/thai-inhaler.com\/#organization","name":"Thai-Inhaler.com","url":"https:\/\/thai-inhaler.com\/","logo":{"@type":"ImageObject","inLanguage":"fr-FR","@id":"https:\/\/thai-inhaler.com\/#\/schema\/logo\/image\/","url":"https:\/\/i0.wp.com\/thai-inhaler.com\/wp-content\/uploads\/2017\/08\/cropped-logoThaiinhaler-01.png?fit=460%2C160&ssl=1","contentUrl":"https:\/\/i0.wp.com\/thai-inhaler.com\/wp-content\/uploads\/2017\/08\/cropped-logoThaiinhaler-01.png?fit=460%2C160&ssl=1","width":460,"height":160,"caption":"Thai-Inhaler.com"},"image":{"@id":"https:\/\/thai-inhaler.com\/#\/schema\/logo\/image\/"}}]}},"jetpack_sharing_enabled":true,"_links":{"self":[{"href":"https:\/\/thai-inhaler.com\/fr\/wp-json\/wp\/v2\/product\/382"}],"collection":[{"href":"https:\/\/thai-inhaler.com\/fr\/wp-json\/wp\/v2\/product"}],"about":[{"href":"https:\/\/thai-inhaler.com\/fr\/wp-json\/wp\/v2\/types\/product"}],"replies":[{"embeddable":true,"href":"https:\/\/thai-inhaler.com\/fr\/wp-json\/wp\/v2\/comments?post=382"}],"wp:featuredmedia":[{"embeddable":true,"href":"https:\/\/thai-inhaler.com\/fr\/wp-json\/wp\/v2\/media\/321"}],"wp:attachment":[{"href":"https:\/\/thai-inhaler.com\/fr\/wp-json\/wp\/v2\/media?parent=382"}],"wp:term":[{"taxonomy":"product_cat","embeddable":true,"href":"https:\/\/thai-inhaler.com\/fr\/wp-json\/wp\/v2\/product_cat?post=382"},{"taxonomy":"product_tag","embeddable":true,"href":"https:\/\/thai-inhaler.com\/fr\/wp-json\/wp\/v2\/product_tag?post=382"}],"curies":[{"name":"wp","href":"https:\/\/api.w.org\/{rel}","templated":true}]}}