{"id":380,"date":"2017-08-10T22:05:57","date_gmt":"2017-08-10T20:05:57","guid":{"rendered":"https:\/\/thai-inhaler.com\/shop\/non%20class\u00e9\/cher-aim-inhalateur-nasal-thailande-2-pieces\/"},"modified":"2023-03-24T09:25:18","modified_gmt":"2023-03-24T08:25:18","slug":"cher-aim-inhalateur-nasal-thailande-2-pieces","status":"publish","type":"product","link":"https:\/\/thai-inhaler.com\/fr\/shop\/inhalateurs\/cher-aim-inhalateur-nasal-thailande-2-pieces\/","title":{"rendered":"Cher-Aim &#8211; Inhalateur Nasal aux Herbes Tha\u00eflande &#8211; 1 Pi\u00e8ce"},"content":{"rendered":"<h2 style=\"text-align: left\" align=\"CENTER\">Cher-Aim &#8211; Inhalateur Nasal Tha\u00eflande &#8211; 1 Pi\u00e8ce<\/h2>\n<p>L&#8217;inhalateur nasal de Tha\u00eflande Cher-Aim est un produit con\u00e7u \u00e0 partir de 11 vari\u00e9t\u00e9s d&#8217;herbes diff\u00e9rentes, visant \u00e0 soulager diff\u00e9rentes g\u00eanes et offrir une sensation rafra\u00eechissante.<\/p>\n<p>En occident, les inhalateurs sont commun\u00e9ment utilis\u00e9s en tant que d\u00e9congestionnant nasal. N\u00e9anmoins, les huiles d&#8217;herbes essentielles peuvent aussi \u00eatre utilis\u00e9es dans de nombreuses autres situations, comme pour se rafra\u00eechir l&#8217;esprit et stimuler le corps. Donc, si vous voyez un jour un tha\u00eflandais en train de sniffer quelque chose, il ne plane pas, mais il rem\u00e9die simplement \u00e0 une g\u00eane avec style.<\/p>\n<h3>Ingr\u00e9dients :<\/h3>\n<p>L&#8217;inhalateur nasal aux herbes de Tha\u00eflande Cher-Aim est compos\u00e9 d&#8217;extraits d&#8217;herbes 100% naturels. Limitant ainsi les risques de r\u00e9action allergique sur la peau ou la fosse nasale. Les principaux ingr\u00e9dients incluent : calambac, galanga, clou de girofle, anis et r\u00e9glisse.<\/p>\n<h3>Efficacit\u00e9 du produit :<\/h3>\n<p>L&#8217;inhalateur nasal aux herbes de Tha\u00eflande Cher-Aim peut \u00eatre utilis\u00e9 pour procurer un certain nombre d&#8217;effets et soulager des g\u00eanes dont : rafra\u00eechir l&#8217;esprit et le corps, d\u00e9congestion nasale, nez qui coule, vertiges, mal des transports, rhinites et rhumes.<\/p>\n<h3>Comment l&#8217;utiliser :<\/h3>\n<p>Lors d&#8217;une inhalation profonde, l&#8217;inhalateur nasal aux herbes de Tha\u00eflande Cher-Aim procurera les effets mentionn\u00e9s ci-dessus et soulagera imm\u00e9diatement les sympt\u00f4mes g\u00eanants.<\/p>\n<h3>Conservation :<\/h3>\n<p>Conserver ce produit \u00e0 l&#8217;abri de la lumi\u00e8re directe du soleil et des hautes temp\u00e9ratures. \u00c9viter \u00e9galement les taux d&#8217;humidit\u00e9 trop importants.<\/p>\n<h3>Conditionnement :<\/h3>\n<p>Ce produit est fourni par deux pi\u00e8ces d&#8217;environ 5,5cm de hauteur et 1,5cm de diam\u00e8tre chacune.<\/p>\n","protected":false},"excerpt":{"rendered":"<p><b>Nom<\/b> : Cher-Aim \u2013 Inhalateur Nasal Tha\u00eflande &#8211; 1 Pi\u00e8ce<br \/>\n<b>Origine<\/b> : Tha\u00eflande<br \/>\n<b>Dur\u00e9e de conservation <\/b>: Trois ans<br \/>\n<b>Caract\u00e9ristique<\/b> : Senteur herbes pures<\/p>\n","protected":false},"featured_media":297,"comment_status":"open","ping_status":"closed","template":"","meta":{"_exactmetrics_skip_tracking":false,"_exactmetrics_sitenote_active":false,"_exactmetrics_sitenote_note":"","_exactmetrics_sitenote_category":0,"jetpack_post_was_ever_published":false},"product_cat":[57,57],"product_tag":[],"yoast_head":"<!-- This site is optimized with the Yoast SEO plugin v22.3 - https:\/\/yoast.com\/wordpress\/plugins\/seo\/ -->\n<title>Cher-Aim - Inhalateur Nasal aux Herbes Tha\u00eflande - 1 Pi\u00e8ce - Thai-Inhaler.com<\/title>\n<meta name=\"robots\" content=\"index, follow, max-snippet:-1, max-image-preview:large, max-video-preview:-1\" \/>\n<link rel=\"canonical\" href=\"https:\/\/thai-inhaler.com\/shop\/inhalers\/cher-aim-thailand-herbal-nasal-inhaler\/\" \/>\n<meta property=\"og:locale\" content=\"fr_FR\" \/>\n<meta property=\"og:type\" content=\"article\" \/>\n<meta property=\"og:title\" content=\"Cher-Aim - Inhalateur Nasal aux Herbes Tha\u00eflande - 1 Pi\u00e8ce - Thai-Inhaler.com\" \/>\n<meta property=\"og:description\" content=\"Nom : Cher-Aim \u2013 Inhalateur Nasal Tha\u00eflande - 1 Pi\u00e8ce Origine : Tha\u00eflande Dur\u00e9e de conservation : Trois ans Caract\u00e9ristique : Senteur herbes pures\" \/>\n<meta property=\"og:url\" content=\"https:\/\/thai-inhaler.com\/shop\/inhalers\/cher-aim-thailand-herbal-nasal-inhaler\/\" \/>\n<meta property=\"og:site_name\" content=\"Thai-Inhaler.com\" \/>\n<meta property=\"article:modified_time\" content=\"2023-03-24T08:25:18+00:00\" \/>\n<meta property=\"og:image\" content=\"https:\/\/thai-inhaler.com\/wp-content\/uploads\/2017\/08\/65B166EB-9AB8-4DEF-BD85-1A1D7C74759B.jpg\" \/>\n\t<meta property=\"og:image:width\" content=\"3024\" \/>\n\t<meta property=\"og:image:height\" content=\"3024\" \/>\n\t<meta property=\"og:image:type\" content=\"image\/jpeg\" \/>\n<meta name=\"twitter:card\" content=\"summary_large_image\" \/>\n<meta name=\"twitter:label1\" content=\"Dur\u00e9e de lecture estim\u00e9e\" \/>\n\t<meta name=\"twitter:data1\" content=\"1 minute\" \/>\n<script type=\"application\/ld+json\" class=\"yoast-schema-graph\">{\"@context\":\"https:\/\/schema.org\",\"@graph\":[{\"@type\":\"WebPage\",\"@id\":\"https:\/\/thai-inhaler.com\/shop\/inhalers\/cher-aim-thailand-herbal-nasal-inhaler\/\",\"url\":\"https:\/\/thai-inhaler.com\/shop\/inhalers\/cher-aim-thailand-herbal-nasal-inhaler\/\",\"name\":\"Cher-Aim - Inhalateur Nasal aux Herbes Tha\u00eflande - 1 Pi\u00e8ce - Thai-Inhaler.com\",\"isPartOf\":{\"@id\":\"https:\/\/thai-inhaler.com\/#website\"},\"primaryImageOfPage\":{\"@id\":\"https:\/\/thai-inhaler.com\/shop\/inhalers\/cher-aim-thailand-herbal-nasal-inhaler\/#primaryimage\"},\"image\":{\"@id\":\"https:\/\/thai-inhaler.com\/shop\/inhalers\/cher-aim-thailand-herbal-nasal-inhaler\/#primaryimage\"},\"thumbnailUrl\":\"https:\/\/i0.wp.com\/thai-inhaler.com\/wp-content\/uploads\/2017\/08\/65B166EB-9AB8-4DEF-BD85-1A1D7C74759B.jpg?fit=3024%2C3024&ssl=1\",\"datePublished\":\"2017-08-10T20:05:57+00:00\",\"dateModified\":\"2023-03-24T08:25:18+00:00\",\"breadcrumb\":{\"@id\":\"https:\/\/thai-inhaler.com\/shop\/inhalers\/cher-aim-thailand-herbal-nasal-inhaler\/#breadcrumb\"},\"inLanguage\":\"fr-FR\",\"potentialAction\":[{\"@type\":\"ReadAction\",\"target\":[\"https:\/\/thai-inhaler.com\/shop\/inhalers\/cher-aim-thailand-herbal-nasal-inhaler\/\"]}]},{\"@type\":\"ImageObject\",\"inLanguage\":\"fr-FR\",\"@id\":\"https:\/\/thai-inhaler.com\/shop\/inhalers\/cher-aim-thailand-herbal-nasal-inhaler\/#primaryimage\",\"url\":\"https:\/\/i0.wp.com\/thai-inhaler.com\/wp-content\/uploads\/2017\/08\/65B166EB-9AB8-4DEF-BD85-1A1D7C74759B.jpg?fit=3024%2C3024&ssl=1\",\"contentUrl\":\"https:\/\/i0.wp.com\/thai-inhaler.com\/wp-content\/uploads\/2017\/08\/65B166EB-9AB8-4DEF-BD85-1A1D7C74759B.jpg?fit=3024%2C3024&ssl=1\",\"width\":3024,\"height\":3024,\"caption\":\"Cher-Aim - Inhalateur Nasal Tha\u00eflande - 2 Pi\u00e8ces\"},{\"@type\":\"BreadcrumbList\",\"@id\":\"https:\/\/thai-inhaler.com\/shop\/inhalers\/cher-aim-thailand-herbal-nasal-inhaler\/#breadcrumb\",\"itemListElement\":[{\"@type\":\"ListItem\",\"position\":1,\"name\":\"Home\",\"item\":\"https:\/\/thai-inhaler.com\/fr\/\"},{\"@type\":\"ListItem\",\"position\":2,\"name\":\"Shop\",\"item\":\"https:\/\/thai-inhaler.com\/shop\/\"},{\"@type\":\"ListItem\",\"position\":3,\"name\":\"Cher-Aim &#8211; Inhalateur Nasal aux Herbes Tha\u00eflande &#8211; 1 Pi\u00e8ce\"}]},{\"@type\":\"WebSite\",\"@id\":\"https:\/\/thai-inhaler.com\/#website\",\"url\":\"https:\/\/thai-inhaler.com\/\",\"name\":\"Thai-Inhaler.com\",\"description\":\"Thai Herbal Products, Inhalers, Balms, Plasters On Sale\",\"publisher\":{\"@id\":\"https:\/\/thai-inhaler.com\/#organization\"},\"potentialAction\":[{\"@type\":\"SearchAction\",\"target\":{\"@type\":\"EntryPoint\",\"urlTemplate\":\"https:\/\/thai-inhaler.com\/?s={search_term_string}\"},\"query-input\":\"required name=search_term_string\"}],\"inLanguage\":\"fr-FR\"},{\"@type\":\"Organization\",\"@id\":\"https:\/\/thai-inhaler.com\/#organization\",\"name\":\"Thai-Inhaler.com\",\"url\":\"https:\/\/thai-inhaler.com\/\",\"logo\":{\"@type\":\"ImageObject\",\"inLanguage\":\"fr-FR\",\"@id\":\"https:\/\/thai-inhaler.com\/#\/schema\/logo\/image\/\",\"url\":\"https:\/\/i0.wp.com\/thai-inhaler.com\/wp-content\/uploads\/2017\/08\/cropped-logoThaiinhaler-01.png?fit=460%2C160&ssl=1\",\"contentUrl\":\"https:\/\/i0.wp.com\/thai-inhaler.com\/wp-content\/uploads\/2017\/08\/cropped-logoThaiinhaler-01.png?fit=460%2C160&ssl=1\",\"width\":460,\"height\":160,\"caption\":\"Thai-Inhaler.com\"},\"image\":{\"@id\":\"https:\/\/thai-inhaler.com\/#\/schema\/logo\/image\/\"}}]}<\/script>\n<!-- \/ Yoast SEO plugin. -->","yoast_head_json":{"title":"Cher-Aim - Inhalateur Nasal aux Herbes Tha\u00eflande - 1 Pi\u00e8ce - Thai-Inhaler.com","robots":{"index":"index","follow":"follow","max-snippet":"max-snippet:-1","max-image-preview":"max-image-preview:large","max-video-preview":"max-video-preview:-1"},"canonical":"https:\/\/thai-inhaler.com\/shop\/inhalers\/cher-aim-thailand-herbal-nasal-inhaler\/","og_locale":"fr_FR","og_type":"article","og_title":"Cher-Aim - Inhalateur Nasal aux Herbes Tha\u00eflande - 1 Pi\u00e8ce - Thai-Inhaler.com","og_description":"Nom : Cher-Aim \u2013 Inhalateur Nasal Tha\u00eflande - 1 Pi\u00e8ce Origine : Tha\u00eflande Dur\u00e9e de conservation : Trois ans Caract\u00e9ristique : Senteur herbes pures","og_url":"https:\/\/thai-inhaler.com\/shop\/inhalers\/cher-aim-thailand-herbal-nasal-inhaler\/","og_site_name":"Thai-Inhaler.com","article_modified_time":"2023-03-24T08:25:18+00:00","og_image":[{"width":3024,"height":3024,"url":"https:\/\/thai-inhaler.com\/wp-content\/uploads\/2017\/08\/65B166EB-9AB8-4DEF-BD85-1A1D7C74759B.jpg","type":"image\/jpeg"}],"twitter_card":"summary_large_image","twitter_misc":{"Dur\u00e9e de lecture estim\u00e9e":"1 minute"},"schema":{"@context":"https:\/\/schema.org","@graph":[{"@type":"WebPage","@id":"https:\/\/thai-inhaler.com\/shop\/inhalers\/cher-aim-thailand-herbal-nasal-inhaler\/","url":"https:\/\/thai-inhaler.com\/shop\/inhalers\/cher-aim-thailand-herbal-nasal-inhaler\/","name":"Cher-Aim - Inhalateur Nasal aux Herbes Tha\u00eflande - 1 Pi\u00e8ce - Thai-Inhaler.com","isPartOf":{"@id":"https:\/\/thai-inhaler.com\/#website"},"primaryImageOfPage":{"@id":"https:\/\/thai-inhaler.com\/shop\/inhalers\/cher-aim-thailand-herbal-nasal-inhaler\/#primaryimage"},"image":{"@id":"https:\/\/thai-inhaler.com\/shop\/inhalers\/cher-aim-thailand-herbal-nasal-inhaler\/#primaryimage"},"thumbnailUrl":"https:\/\/i0.wp.com\/thai-inhaler.com\/wp-content\/uploads\/2017\/08\/65B166EB-9AB8-4DEF-BD85-1A1D7C74759B.jpg?fit=3024%2C3024&ssl=1","datePublished":"2017-08-10T20:05:57+00:00","dateModified":"2023-03-24T08:25:18+00:00","breadcrumb":{"@id":"https:\/\/thai-inhaler.com\/shop\/inhalers\/cher-aim-thailand-herbal-nasal-inhaler\/#breadcrumb"},"inLanguage":"fr-FR","potentialAction":[{"@type":"ReadAction","target":["https:\/\/thai-inhaler.com\/shop\/inhalers\/cher-aim-thailand-herbal-nasal-inhaler\/"]}]},{"@type":"ImageObject","inLanguage":"fr-FR","@id":"https:\/\/thai-inhaler.com\/shop\/inhalers\/cher-aim-thailand-herbal-nasal-inhaler\/#primaryimage","url":"https:\/\/i0.wp.com\/thai-inhaler.com\/wp-content\/uploads\/2017\/08\/65B166EB-9AB8-4DEF-BD85-1A1D7C74759B.jpg?fit=3024%2C3024&ssl=1","contentUrl":"https:\/\/i0.wp.com\/thai-inhaler.com\/wp-content\/uploads\/2017\/08\/65B166EB-9AB8-4DEF-BD85-1A1D7C74759B.jpg?fit=3024%2C3024&ssl=1","width":3024,"height":3024,"caption":"Cher-Aim - Inhalateur Nasal Tha\u00eflande - 2 Pi\u00e8ces"},{"@type":"BreadcrumbList","@id":"https:\/\/thai-inhaler.com\/shop\/inhalers\/cher-aim-thailand-herbal-nasal-inhaler\/#breadcrumb","itemListElement":[{"@type":"ListItem","position":1,"name":"Home","item":"https:\/\/thai-inhaler.com\/fr\/"},{"@type":"ListItem","position":2,"name":"Shop","item":"https:\/\/thai-inhaler.com\/shop\/"},{"@type":"ListItem","position":3,"name":"Cher-Aim &#8211; Inhalateur Nasal aux Herbes Tha\u00eflande &#8211; 1 Pi\u00e8ce"}]},{"@type":"WebSite","@id":"https:\/\/thai-inhaler.com\/#website","url":"https:\/\/thai-inhaler.com\/","name":"Thai-Inhaler.com","description":"Thai Herbal Products, Inhalers, Balms, Plasters On Sale","publisher":{"@id":"https:\/\/thai-inhaler.com\/#organization"},"potentialAction":[{"@type":"SearchAction","target":{"@type":"EntryPoint","urlTemplate":"https:\/\/thai-inhaler.com\/?s={search_term_string}"},"query-input":"required name=search_term_string"}],"inLanguage":"fr-FR"},{"@type":"Organization","@id":"https:\/\/thai-inhaler.com\/#organization","name":"Thai-Inhaler.com","url":"https:\/\/thai-inhaler.com\/","logo":{"@type":"ImageObject","inLanguage":"fr-FR","@id":"https:\/\/thai-inhaler.com\/#\/schema\/logo\/image\/","url":"https:\/\/i0.wp.com\/thai-inhaler.com\/wp-content\/uploads\/2017\/08\/cropped-logoThaiinhaler-01.png?fit=460%2C160&ssl=1","contentUrl":"https:\/\/i0.wp.com\/thai-inhaler.com\/wp-content\/uploads\/2017\/08\/cropped-logoThaiinhaler-01.png?fit=460%2C160&ssl=1","width":460,"height":160,"caption":"Thai-Inhaler.com"},"image":{"@id":"https:\/\/thai-inhaler.com\/#\/schema\/logo\/image\/"}}]}},"jetpack_sharing_enabled":true,"_links":{"self":[{"href":"https:\/\/thai-inhaler.com\/fr\/wp-json\/wp\/v2\/product\/380"}],"collection":[{"href":"https:\/\/thai-inhaler.com\/fr\/wp-json\/wp\/v2\/product"}],"about":[{"href":"https:\/\/thai-inhaler.com\/fr\/wp-json\/wp\/v2\/types\/product"}],"replies":[{"embeddable":true,"href":"https:\/\/thai-inhaler.com\/fr\/wp-json\/wp\/v2\/comments?post=380"}],"wp:featuredmedia":[{"embeddable":true,"href":"https:\/\/thai-inhaler.com\/fr\/wp-json\/wp\/v2\/media\/297"}],"wp:attachment":[{"href":"https:\/\/thai-inhaler.com\/fr\/wp-json\/wp\/v2\/media?parent=380"}],"wp:term":[{"taxonomy":"product_cat","embeddable":true,"href":"https:\/\/thai-inhaler.com\/fr\/wp-json\/wp\/v2\/product_cat?post=380"},{"taxonomy":"product_tag","embeddable":true,"href":"https:\/\/thai-inhaler.com\/fr\/wp-json\/wp\/v2\/product_tag?post=380"}],"curies":[{"name":"wp","href":"https:\/\/api.w.org\/{rel}","templated":true}]}}