{"id":379,"date":"2017-09-20T10:42:54","date_gmt":"2017-09-20T08:42:54","guid":{"rendered":"https:\/\/thai-inhaler.com\/shop\/non%20class\u00e9\/gold-tower-balm-paumade-vietnam-20-grammes-1-piece\/"},"modified":"2022-12-20T04:45:08","modified_gmt":"2022-12-20T03:45:08","slug":"gold-tower-balm-paumade-vietnam-20-grammes-1-piece","status":"publish","type":"product","link":"https:\/\/thai-inhaler.com\/fr\/shop\/baumes\/gold-tower-balm-paumade-vietnam-20-grammes-1-piece\/","title":{"rendered":"Gold Tower Balm \u2013 Pommade Vietnam \u2013 20 Grammes \u2013 1 Pi\u00e8ce"},"content":{"rendered":"<h2>Gold Tower Balm \u2013 Pommade Vietnam \u2013 20 Grammes \u2013 1 Pi\u00e8ce<\/h2>\n<h3>Description du produit :<\/h3>\n<p>La pommade Gold Tower Balm du Vietnam est une cr\u00e8me active de haute qualit\u00e9, r\u00e9put\u00e9e pour son efficacit\u00e9 d&#8217;usage externe. Elle est populaire parmi la population locale depuis tr\u00e8s longtemps.<\/p>\n<p>Il y a bien longtemps, le Vietnam \u00e9tait consid\u00e9r\u00e9 comme le pays &#8220;barbare&#8221; de l&#8217;\u00e9poque. Selon des livres anciens et renomm\u00e9es, il \u00e9tait connu comme le pays de Nanban o\u00f9 \u00e9tait pratiqu\u00e9e une sorte de m\u00e9decine magique. Aujourd&#8217;hui, cette fameuse tradition vietnamienne se perp\u00e9tue gr\u00e2ce \u00e0 ses pratiques traditionnelles utilisant herbes et \u00e9pices, combin\u00e9es aux avanc\u00e9es scientifiques les plus modernes.<\/p>\n<p>Apr\u00e8s que le processus d&#8217;extraction ait \u00e9t\u00e9 en \u00e9volution permanente, la cr\u00e8me active Gold Tower la plus pure qui soit a \u00e9t\u00e9 cr\u00e9\u00e9e. Elle est parfaite pour soulager les rhumatismes ainsi que les autres douleurs et g\u00eanes du corps.<\/p>\n<p>Ainsi, elle fait souvent l&#8217;objet d&#8217;\u00e9loges tout en restant fid\u00e8les \u00e0 sa riche histoire. Elle est d\u00e9crite comme un produit de voyage essentiel et a remport\u00e9 de nombreux prix lors de divers salon dans le sud-est asiatique.<\/p>\n<h3>Efficacit\u00e9 du produit :<\/h3>\n<p>La pommade Gold Tower du Vietnam est efficace sur les petites foulures, douleurs dorsales, douleurs abdominales, maux de t\u00eate ou douleurs articulaires, caus\u00e9s par un travail intensif, une activit\u00e9 sportive ou une d\u00e9mangeaison caus\u00e9e par une piq\u00fbre d&#8217;insecte. Elle permet \u00e9galement de soulager les rhumatismes, engourdissements et gonflements.<\/p>\n<h3>Comment l&#8217;utiliser :<\/h3>\n<p>Ce produit peut \u00eatre utilis\u00e9 plusieurs fois par jour selon les sympt\u00f4mes. Appliquer une petite quantit\u00e9 de pommade Gold Tower du Vietnam sur les zones touch\u00e9es, puis masser d\u00e9licatement pour l&#8217;\u00e9taler pendant quelques minutes. Cette cr\u00e8me ne d\u00e9teint pas sur les v\u00eatements.<\/p>\n<h3>Attention :<\/h3>\n<p>Ce produit convient pour une utilisation externe uniquement. Il ne doit pas \u00eatre utilis\u00e9 sur des enfants de moins de cinq ans, ainsi que des femmes enceintes ou allaitantes. Conserver dans un lieu frais, sec et \u00e0 l&#8217;abri de la lumi\u00e8re directe du soleil.<\/p>\n","protected":false},"excerpt":{"rendered":"<p><b>Type d&#8217;article :<\/b> Baume Massage et Relaxation<br \/>\n<b>Application :<\/b> Corps<br \/>\n<b>Conditionnement :<\/b> Bouteille 1 x 20g<br \/>\n<b>Utilisation :<\/b> Soulage douleurs musculaires, arthrite et autres g\u00eanes<br \/>\n<b>Pays de fabrication :<\/b> Vietnam<br \/>\n<b>Dur\u00e9e de conservation :<\/b> 2 ans<\/p>\n","protected":false},"featured_media":363,"comment_status":"open","ping_status":"closed","template":"","meta":{"_exactmetrics_skip_tracking":false,"_exactmetrics_sitenote_active":false,"_exactmetrics_sitenote_note":"","_exactmetrics_sitenote_category":0,"jetpack_post_was_ever_published":false},"product_cat":[56,56],"product_tag":[],"yoast_head":"<!-- This site is optimized with the Yoast SEO plugin v22.3 - https:\/\/yoast.com\/wordpress\/plugins\/seo\/ -->\n<title>Gold Tower Balm \u2013 Pommade Vietnam \u2013 20 Grammes \u2013 1 Pi\u00e8ce - Thai-Inhaler.com<\/title>\n<meta name=\"robots\" content=\"index, follow, max-snippet:-1, max-image-preview:large, max-video-preview:-1\" \/>\n<link rel=\"canonical\" href=\"https:\/\/thai-inhaler.com\/shop\/balms\/gold-tower-balm-vietnam-ointment-20-grams-1-piece\/\" \/>\n<meta property=\"og:locale\" content=\"fr_FR\" \/>\n<meta property=\"og:type\" content=\"article\" \/>\n<meta property=\"og:title\" content=\"Gold Tower Balm \u2013 Pommade Vietnam \u2013 20 Grammes \u2013 1 Pi\u00e8ce - Thai-Inhaler.com\" \/>\n<meta property=\"og:description\" content=\"Type d&#039;article : Baume Massage et Relaxation Application : Corps Conditionnement : Bouteille 1 x 20g Utilisation : Soulage douleurs musculaires, arthrite et autres g\u00eanes Pays de fabrication : Vietnam Dur\u00e9e de conservation : 2 ans\" \/>\n<meta property=\"og:url\" content=\"https:\/\/thai-inhaler.com\/shop\/balms\/gold-tower-balm-vietnam-ointment-20-grams-1-piece\/\" \/>\n<meta property=\"og:site_name\" content=\"Thai-Inhaler.com\" \/>\n<meta property=\"article:modified_time\" content=\"2022-12-20T03:45:08+00:00\" \/>\n<meta property=\"og:image\" content=\"https:\/\/thai-inhaler.com\/wp-content\/uploads\/2017\/09\/IMG_3971.jpg\" \/>\n\t<meta property=\"og:image:width\" content=\"2048\" \/>\n\t<meta property=\"og:image:height\" content=\"2048\" \/>\n\t<meta property=\"og:image:type\" content=\"image\/jpeg\" \/>\n<meta name=\"twitter:card\" content=\"summary_large_image\" \/>\n<meta name=\"twitter:label1\" content=\"Dur\u00e9e de lecture estim\u00e9e\" \/>\n\t<meta name=\"twitter:data1\" content=\"2 minutes\" \/>\n<script type=\"application\/ld+json\" class=\"yoast-schema-graph\">{\"@context\":\"https:\/\/schema.org\",\"@graph\":[{\"@type\":\"WebPage\",\"@id\":\"https:\/\/thai-inhaler.com\/shop\/balms\/gold-tower-balm-vietnam-ointment-20-grams-1-piece\/\",\"url\":\"https:\/\/thai-inhaler.com\/shop\/balms\/gold-tower-balm-vietnam-ointment-20-grams-1-piece\/\",\"name\":\"Gold Tower Balm \u2013 Pommade Vietnam \u2013 20 Grammes \u2013 1 Pi\u00e8ce - Thai-Inhaler.com\",\"isPartOf\":{\"@id\":\"https:\/\/thai-inhaler.com\/#website\"},\"primaryImageOfPage\":{\"@id\":\"https:\/\/thai-inhaler.com\/shop\/balms\/gold-tower-balm-vietnam-ointment-20-grams-1-piece\/#primaryimage\"},\"image\":{\"@id\":\"https:\/\/thai-inhaler.com\/shop\/balms\/gold-tower-balm-vietnam-ointment-20-grams-1-piece\/#primaryimage\"},\"thumbnailUrl\":\"https:\/\/i0.wp.com\/thai-inhaler.com\/wp-content\/uploads\/2017\/09\/IMG_3971.jpg?fit=2048%2C2048&ssl=1\",\"datePublished\":\"2017-09-20T08:42:54+00:00\",\"dateModified\":\"2022-12-20T03:45:08+00:00\",\"breadcrumb\":{\"@id\":\"https:\/\/thai-inhaler.com\/shop\/balms\/gold-tower-balm-vietnam-ointment-20-grams-1-piece\/#breadcrumb\"},\"inLanguage\":\"fr-FR\",\"potentialAction\":[{\"@type\":\"ReadAction\",\"target\":[\"https:\/\/thai-inhaler.com\/shop\/balms\/gold-tower-balm-vietnam-ointment-20-grams-1-piece\/\"]}]},{\"@type\":\"ImageObject\",\"inLanguage\":\"fr-FR\",\"@id\":\"https:\/\/thai-inhaler.com\/shop\/balms\/gold-tower-balm-vietnam-ointment-20-grams-1-piece\/#primaryimage\",\"url\":\"https:\/\/i0.wp.com\/thai-inhaler.com\/wp-content\/uploads\/2017\/09\/IMG_3971.jpg?fit=2048%2C2048&ssl=1\",\"contentUrl\":\"https:\/\/i0.wp.com\/thai-inhaler.com\/wp-content\/uploads\/2017\/09\/IMG_3971.jpg?fit=2048%2C2048&ssl=1\",\"width\":2048,\"height\":2048,\"caption\":\"Gold Tower Balm \u2013 Pommade Vietnam \u2013 20 Grammes \u2013 1 Pi\u00e8ce\"},{\"@type\":\"BreadcrumbList\",\"@id\":\"https:\/\/thai-inhaler.com\/shop\/balms\/gold-tower-balm-vietnam-ointment-20-grams-1-piece\/#breadcrumb\",\"itemListElement\":[{\"@type\":\"ListItem\",\"position\":1,\"name\":\"Home\",\"item\":\"https:\/\/thai-inhaler.com\/fr\/\"},{\"@type\":\"ListItem\",\"position\":2,\"name\":\"Shop\",\"item\":\"https:\/\/thai-inhaler.com\/shop\/\"},{\"@type\":\"ListItem\",\"position\":3,\"name\":\"Gold Tower Balm \u2013 Pommade Vietnam \u2013 20 Grammes \u2013 1 Pi\u00e8ce\"}]},{\"@type\":\"WebSite\",\"@id\":\"https:\/\/thai-inhaler.com\/#website\",\"url\":\"https:\/\/thai-inhaler.com\/\",\"name\":\"Thai-Inhaler.com\",\"description\":\"Thai Herbal Products, Inhalers, Balms, Plasters On Sale\",\"publisher\":{\"@id\":\"https:\/\/thai-inhaler.com\/#organization\"},\"potentialAction\":[{\"@type\":\"SearchAction\",\"target\":{\"@type\":\"EntryPoint\",\"urlTemplate\":\"https:\/\/thai-inhaler.com\/?s={search_term_string}\"},\"query-input\":\"required name=search_term_string\"}],\"inLanguage\":\"fr-FR\"},{\"@type\":\"Organization\",\"@id\":\"https:\/\/thai-inhaler.com\/#organization\",\"name\":\"Thai-Inhaler.com\",\"url\":\"https:\/\/thai-inhaler.com\/\",\"logo\":{\"@type\":\"ImageObject\",\"inLanguage\":\"fr-FR\",\"@id\":\"https:\/\/thai-inhaler.com\/#\/schema\/logo\/image\/\",\"url\":\"https:\/\/i0.wp.com\/thai-inhaler.com\/wp-content\/uploads\/2017\/08\/cropped-logoThaiinhaler-01.png?fit=460%2C160&ssl=1\",\"contentUrl\":\"https:\/\/i0.wp.com\/thai-inhaler.com\/wp-content\/uploads\/2017\/08\/cropped-logoThaiinhaler-01.png?fit=460%2C160&ssl=1\",\"width\":460,\"height\":160,\"caption\":\"Thai-Inhaler.com\"},\"image\":{\"@id\":\"https:\/\/thai-inhaler.com\/#\/schema\/logo\/image\/\"}}]}<\/script>\n<!-- \/ Yoast SEO plugin. -->","yoast_head_json":{"title":"Gold Tower Balm \u2013 Pommade Vietnam \u2013 20 Grammes \u2013 1 Pi\u00e8ce - Thai-Inhaler.com","robots":{"index":"index","follow":"follow","max-snippet":"max-snippet:-1","max-image-preview":"max-image-preview:large","max-video-preview":"max-video-preview:-1"},"canonical":"https:\/\/thai-inhaler.com\/shop\/balms\/gold-tower-balm-vietnam-ointment-20-grams-1-piece\/","og_locale":"fr_FR","og_type":"article","og_title":"Gold Tower Balm \u2013 Pommade Vietnam \u2013 20 Grammes \u2013 1 Pi\u00e8ce - Thai-Inhaler.com","og_description":"Type d'article : Baume Massage et Relaxation Application : Corps Conditionnement : Bouteille 1 x 20g Utilisation : Soulage douleurs musculaires, arthrite et autres g\u00eanes Pays de fabrication : Vietnam Dur\u00e9e de conservation : 2 ans","og_url":"https:\/\/thai-inhaler.com\/shop\/balms\/gold-tower-balm-vietnam-ointment-20-grams-1-piece\/","og_site_name":"Thai-Inhaler.com","article_modified_time":"2022-12-20T03:45:08+00:00","og_image":[{"width":2048,"height":2048,"url":"https:\/\/thai-inhaler.com\/wp-content\/uploads\/2017\/09\/IMG_3971.jpg","type":"image\/jpeg"}],"twitter_card":"summary_large_image","twitter_misc":{"Dur\u00e9e de lecture estim\u00e9e":"2 minutes"},"schema":{"@context":"https:\/\/schema.org","@graph":[{"@type":"WebPage","@id":"https:\/\/thai-inhaler.com\/shop\/balms\/gold-tower-balm-vietnam-ointment-20-grams-1-piece\/","url":"https:\/\/thai-inhaler.com\/shop\/balms\/gold-tower-balm-vietnam-ointment-20-grams-1-piece\/","name":"Gold Tower Balm \u2013 Pommade Vietnam \u2013 20 Grammes \u2013 1 Pi\u00e8ce - Thai-Inhaler.com","isPartOf":{"@id":"https:\/\/thai-inhaler.com\/#website"},"primaryImageOfPage":{"@id":"https:\/\/thai-inhaler.com\/shop\/balms\/gold-tower-balm-vietnam-ointment-20-grams-1-piece\/#primaryimage"},"image":{"@id":"https:\/\/thai-inhaler.com\/shop\/balms\/gold-tower-balm-vietnam-ointment-20-grams-1-piece\/#primaryimage"},"thumbnailUrl":"https:\/\/i0.wp.com\/thai-inhaler.com\/wp-content\/uploads\/2017\/09\/IMG_3971.jpg?fit=2048%2C2048&ssl=1","datePublished":"2017-09-20T08:42:54+00:00","dateModified":"2022-12-20T03:45:08+00:00","breadcrumb":{"@id":"https:\/\/thai-inhaler.com\/shop\/balms\/gold-tower-balm-vietnam-ointment-20-grams-1-piece\/#breadcrumb"},"inLanguage":"fr-FR","potentialAction":[{"@type":"ReadAction","target":["https:\/\/thai-inhaler.com\/shop\/balms\/gold-tower-balm-vietnam-ointment-20-grams-1-piece\/"]}]},{"@type":"ImageObject","inLanguage":"fr-FR","@id":"https:\/\/thai-inhaler.com\/shop\/balms\/gold-tower-balm-vietnam-ointment-20-grams-1-piece\/#primaryimage","url":"https:\/\/i0.wp.com\/thai-inhaler.com\/wp-content\/uploads\/2017\/09\/IMG_3971.jpg?fit=2048%2C2048&ssl=1","contentUrl":"https:\/\/i0.wp.com\/thai-inhaler.com\/wp-content\/uploads\/2017\/09\/IMG_3971.jpg?fit=2048%2C2048&ssl=1","width":2048,"height":2048,"caption":"Gold Tower Balm \u2013 Pommade Vietnam \u2013 20 Grammes \u2013 1 Pi\u00e8ce"},{"@type":"BreadcrumbList","@id":"https:\/\/thai-inhaler.com\/shop\/balms\/gold-tower-balm-vietnam-ointment-20-grams-1-piece\/#breadcrumb","itemListElement":[{"@type":"ListItem","position":1,"name":"Home","item":"https:\/\/thai-inhaler.com\/fr\/"},{"@type":"ListItem","position":2,"name":"Shop","item":"https:\/\/thai-inhaler.com\/shop\/"},{"@type":"ListItem","position":3,"name":"Gold Tower Balm \u2013 Pommade Vietnam \u2013 20 Grammes \u2013 1 Pi\u00e8ce"}]},{"@type":"WebSite","@id":"https:\/\/thai-inhaler.com\/#website","url":"https:\/\/thai-inhaler.com\/","name":"Thai-Inhaler.com","description":"Thai Herbal Products, Inhalers, Balms, Plasters On Sale","publisher":{"@id":"https:\/\/thai-inhaler.com\/#organization"},"potentialAction":[{"@type":"SearchAction","target":{"@type":"EntryPoint","urlTemplate":"https:\/\/thai-inhaler.com\/?s={search_term_string}"},"query-input":"required name=search_term_string"}],"inLanguage":"fr-FR"},{"@type":"Organization","@id":"https:\/\/thai-inhaler.com\/#organization","name":"Thai-Inhaler.com","url":"https:\/\/thai-inhaler.com\/","logo":{"@type":"ImageObject","inLanguage":"fr-FR","@id":"https:\/\/thai-inhaler.com\/#\/schema\/logo\/image\/","url":"https:\/\/i0.wp.com\/thai-inhaler.com\/wp-content\/uploads\/2017\/08\/cropped-logoThaiinhaler-01.png?fit=460%2C160&ssl=1","contentUrl":"https:\/\/i0.wp.com\/thai-inhaler.com\/wp-content\/uploads\/2017\/08\/cropped-logoThaiinhaler-01.png?fit=460%2C160&ssl=1","width":460,"height":160,"caption":"Thai-Inhaler.com"},"image":{"@id":"https:\/\/thai-inhaler.com\/#\/schema\/logo\/image\/"}}]}},"jetpack_sharing_enabled":true,"_links":{"self":[{"href":"https:\/\/thai-inhaler.com\/fr\/wp-json\/wp\/v2\/product\/379"}],"collection":[{"href":"https:\/\/thai-inhaler.com\/fr\/wp-json\/wp\/v2\/product"}],"about":[{"href":"https:\/\/thai-inhaler.com\/fr\/wp-json\/wp\/v2\/types\/product"}],"replies":[{"embeddable":true,"href":"https:\/\/thai-inhaler.com\/fr\/wp-json\/wp\/v2\/comments?post=379"}],"wp:featuredmedia":[{"embeddable":true,"href":"https:\/\/thai-inhaler.com\/fr\/wp-json\/wp\/v2\/media\/363"}],"wp:attachment":[{"href":"https:\/\/thai-inhaler.com\/fr\/wp-json\/wp\/v2\/media?parent=379"}],"wp:term":[{"taxonomy":"product_cat","embeddable":true,"href":"https:\/\/thai-inhaler.com\/fr\/wp-json\/wp\/v2\/product_cat?post=379"},{"taxonomy":"product_tag","embeddable":true,"href":"https:\/\/thai-inhaler.com\/fr\/wp-json\/wp\/v2\/product_tag?post=379"}],"curies":[{"name":"wp","href":"https:\/\/api.w.org\/{rel}","templated":true}]}}