{"id":378,"date":"2017-08-10T22:13:56","date_gmt":"2017-08-10T20:13:56","guid":{"rendered":"https:\/\/thai-inhaler.com\/shop\/non%20class\u00e9\/siang-pure-inhalateur-et-huile-thailande-6-pieces\/"},"modified":"2024-04-10T03:55:44","modified_gmt":"2024-04-10T01:55:44","slug":"siang-pure-inhalateur-et-huile-thailande-6-pieces","status":"publish","type":"product","link":"https:\/\/thai-inhaler.com\/fr\/shop\/inhalateurs\/siang-pure-inhalateur-et-huile-thailande-6-pieces\/","title":{"rendered":"Siang Pure &#8211; Inhalateur et Huile Tha\u00eflande &#8211; 1 Pi\u00e8ce"},"content":{"rendered":"<h2>Siang Pure &#8211; Inhalateur et Huile Tha\u00eflande &#8211; 1 Pi\u00e8ce Incluse<\/h2>\n<p>&nbsp;<\/p>\n<h3>Efficacit\u00e9 du produit :<\/h3>\n<p>L&#8217;inhalateur Siang Pure est utilis\u00e9 comme une fa\u00e7on rapide et efficace de se d\u00e9barrasser de sympt\u00f4mes ind\u00e9sirables comme : rhumes, congestion nasale, mal des transports et de mer, piq\u00fbres d&#8217;insectes et moustiques. Il peut aussi \u00eatre utilis\u00e9 pour combattre les coups de soleil, rafra\u00eechir l&#8217;esprit lorsque l&#8217;on doit rester \u00e9veill\u00e9 tard ou encore \u00e9viter les sensations de vertige.<\/p>\n<h3>Comment l&#8217;utiliser :<\/h3>\n<p>L&#8217;une des t\u00eates peut \u00eatre d\u00e9viss\u00e9e et plac\u00e9e directement pr\u00e8s du nez afin de l&#8217;inhaler directement. L&#8217;autre c\u00f4t\u00e9 peut \u00e9galement \u00eatre d\u00e9viss\u00e9 afin de verser quelques gouttes d&#8217;huile sur un mouchoir avant de le sentir.<\/p>\n<p>L&#8217;inhalateur et huile Siang Pure de Tha\u00eflande est con\u00e7u pour une inhalation pratique et facile, tout en \u00e9vitant le contact direct avec le nez en cas de sensibilit\u00e9. Il poss\u00e8de des trous sur ses c\u00f4t\u00e9s afin de respirer facilement.<\/p>\n<p>Toutes les g\u00eanes telles que les maux de t\u00eate, la fatigue et les autres mentionn\u00e9es ci-dessus ne vous inqui\u00e9teront plus. Il vous suffit de respirer par les trous de l&#8217;inhalateur ou appliquer quelques gouttes d&#8217;huile d\u00e9licatement sur vos tempes, puis vous verrez ces sympt\u00f4mes dispara\u00eetre. Il est particuli\u00e8rement recommand\u00e9 pour les \u00e9tudiants, chauffeurs ou toute personne devant rest\u00e9e \u00e9veill\u00e9e longtemps, sans avoir beaucoup de sommeil.<\/p>\n<p>Pour les piq\u00fbres de moustiques et insectes d\u00e9posez une petite quantit\u00e9 d&#8217;huile sur la zone touch\u00e9e, et le gonflement ainsi que les d\u00e9mangeaisons dispara\u00eetront presque imm\u00e9diatement.<\/p>\n<p>Enfin, et surtout, vous pouvez l&#8217;utiliser pour combattre la congestion nasale, le nez qui coule ou encore la sensation d&#8217;\u00e9touffement.<\/p>\n<h3>Conservation :<\/h3>\n<p>Conserver ce produit \u00e0 l\u2019abri de la lumi\u00e8re directe du soleil, des temp\u00e9ratures importantes et d&#8217;une humidit\u00e9 trop forte.<\/p>\n","protected":false},"excerpt":{"rendered":"<p><b>\u00c9tat et conditionnement :<\/b> Neuf et jamais ouvert, dans son emballage d&#8217;origine<br \/>\n<strong>Nom du produit :<\/strong> Siang Pure \u2013 Inhalateur nasal et huile<br \/>\n<b>Origine :<\/b> Tha\u00eflande<br \/>\n<strong>Poids : <\/strong>12g<br \/>\n<b>Dur\u00e9e de conservation :<\/b> 3 ans<br \/>\n<b>Ingr\u00e9dients : <\/b>Siang Pure est un m\u00e9lange d&#8217;huiles essentielles aux herbes, le principal ingr\u00e9dient \u00e9tant l&#8217;huile de menthe poivr\u00e9e<\/p>\n","protected":false},"featured_media":291,"comment_status":"open","ping_status":"closed","template":"","meta":{"_exactmetrics_skip_tracking":false,"_exactmetrics_sitenote_active":false,"_exactmetrics_sitenote_note":"","_exactmetrics_sitenote_category":0,"jetpack_post_was_ever_published":false},"product_cat":[57],"product_tag":[],"yoast_head":"<!-- This site is optimized with the Yoast SEO plugin v22.3 - https:\/\/yoast.com\/wordpress\/plugins\/seo\/ -->\n<title>Siang Pure - Inhalateur et Huile Tha\u00eflande - 1 Pi\u00e8ce - Thai-Inhaler.com<\/title>\n<meta name=\"robots\" content=\"index, follow, max-snippet:-1, max-image-preview:large, max-video-preview:-1\" \/>\n<link rel=\"canonical\" href=\"https:\/\/thai-inhaler.com\/fr\/shop\/inhalateurs\/siang-pure-inhalateur-et-huile-thailande-6-pieces\/\" \/>\n<meta property=\"og:locale\" content=\"fr_FR\" \/>\n<meta property=\"og:type\" content=\"article\" \/>\n<meta property=\"og:title\" content=\"Siang Pure - Inhalateur et Huile Tha\u00eflande - 1 Pi\u00e8ce - Thai-Inhaler.com\" \/>\n<meta property=\"og:description\" content=\"\u00c9tat et conditionnement : Neuf et jamais ouvert, dans son emballage d&#039;origine Nom du produit : Siang Pure \u2013 Inhalateur nasal et huile Origine : Tha\u00eflande Poids : 12g Dur\u00e9e de conservation : 3 ans Ingr\u00e9dients : Siang Pure est un m\u00e9lange d&#039;huiles essentielles aux herbes, le principal ingr\u00e9dient \u00e9tant l&#039;huile de menthe poivr\u00e9e\" \/>\n<meta property=\"og:url\" content=\"https:\/\/thai-inhaler.com\/fr\/shop\/inhalateurs\/siang-pure-inhalateur-et-huile-thailande-6-pieces\/\" \/>\n<meta property=\"og:site_name\" content=\"Thai-Inhaler.com\" \/>\n<meta property=\"article:modified_time\" content=\"2024-04-10T01:55:44+00:00\" \/>\n<meta property=\"og:image\" content=\"https:\/\/thai-inhaler.com\/wp-content\/uploads\/2017\/08\/1A14ABA0-F7E8-40CD-A397-F382AB6E6C21.jpg\" \/>\n\t<meta property=\"og:image:width\" content=\"3024\" \/>\n\t<meta property=\"og:image:height\" content=\"3024\" \/>\n\t<meta property=\"og:image:type\" content=\"image\/jpeg\" \/>\n<meta name=\"twitter:card\" content=\"summary_large_image\" \/>\n<meta name=\"twitter:label1\" content=\"Dur\u00e9e de lecture estim\u00e9e\" \/>\n\t<meta name=\"twitter:data1\" content=\"2 minutes\" \/>\n<script type=\"application\/ld+json\" class=\"yoast-schema-graph\">{\"@context\":\"https:\/\/schema.org\",\"@graph\":[{\"@type\":\"WebPage\",\"@id\":\"https:\/\/thai-inhaler.com\/fr\/shop\/inhalateurs\/siang-pure-inhalateur-et-huile-thailande-6-pieces\/\",\"url\":\"https:\/\/thai-inhaler.com\/fr\/shop\/inhalateurs\/siang-pure-inhalateur-et-huile-thailande-6-pieces\/\",\"name\":\"Siang Pure - Inhalateur et Huile Tha\u00eflande - 1 Pi\u00e8ce - Thai-Inhaler.com\",\"isPartOf\":{\"@id\":\"https:\/\/thai-inhaler.com\/#website\"},\"primaryImageOfPage\":{\"@id\":\"https:\/\/thai-inhaler.com\/fr\/shop\/inhalateurs\/siang-pure-inhalateur-et-huile-thailande-6-pieces\/#primaryimage\"},\"image\":{\"@id\":\"https:\/\/thai-inhaler.com\/fr\/shop\/inhalateurs\/siang-pure-inhalateur-et-huile-thailande-6-pieces\/#primaryimage\"},\"thumbnailUrl\":\"https:\/\/i0.wp.com\/thai-inhaler.com\/wp-content\/uploads\/2017\/08\/1A14ABA0-F7E8-40CD-A397-F382AB6E6C21.jpg?fit=3024%2C3024&ssl=1\",\"datePublished\":\"2017-08-10T20:13:56+00:00\",\"dateModified\":\"2024-04-10T01:55:44+00:00\",\"breadcrumb\":{\"@id\":\"https:\/\/thai-inhaler.com\/fr\/shop\/inhalateurs\/siang-pure-inhalateur-et-huile-thailande-6-pieces\/#breadcrumb\"},\"inLanguage\":\"fr-FR\",\"potentialAction\":[{\"@type\":\"ReadAction\",\"target\":[\"https:\/\/thai-inhaler.com\/fr\/shop\/inhalateurs\/siang-pure-inhalateur-et-huile-thailande-6-pieces\/\"]}]},{\"@type\":\"ImageObject\",\"inLanguage\":\"fr-FR\",\"@id\":\"https:\/\/thai-inhaler.com\/fr\/shop\/inhalateurs\/siang-pure-inhalateur-et-huile-thailande-6-pieces\/#primaryimage\",\"url\":\"https:\/\/i0.wp.com\/thai-inhaler.com\/wp-content\/uploads\/2017\/08\/1A14ABA0-F7E8-40CD-A397-F382AB6E6C21.jpg?fit=3024%2C3024&ssl=1\",\"contentUrl\":\"https:\/\/i0.wp.com\/thai-inhaler.com\/wp-content\/uploads\/2017\/08\/1A14ABA0-F7E8-40CD-A397-F382AB6E6C21.jpg?fit=3024%2C3024&ssl=1\",\"width\":3024,\"height\":3024,\"caption\":\"Siang Pure - Inhalateur et Huile Tha\u00eflande - 6 Pi\u00e8ces\"},{\"@type\":\"BreadcrumbList\",\"@id\":\"https:\/\/thai-inhaler.com\/fr\/shop\/inhalateurs\/siang-pure-inhalateur-et-huile-thailande-6-pieces\/#breadcrumb\",\"itemListElement\":[{\"@type\":\"ListItem\",\"position\":1,\"name\":\"Home\",\"item\":\"https:\/\/thai-inhaler.com\/fr\/\"},{\"@type\":\"ListItem\",\"position\":2,\"name\":\"Shop\",\"item\":\"https:\/\/thai-inhaler.com\/shop\/\"},{\"@type\":\"ListItem\",\"position\":3,\"name\":\"Siang Pure &#8211; Inhalateur et Huile Tha\u00eflande &#8211; 1 Pi\u00e8ce\"}]},{\"@type\":\"WebSite\",\"@id\":\"https:\/\/thai-inhaler.com\/#website\",\"url\":\"https:\/\/thai-inhaler.com\/\",\"name\":\"Thai-Inhaler.com\",\"description\":\"Thai Herbal Products, Inhalers, Balms, Plasters On Sale\",\"publisher\":{\"@id\":\"https:\/\/thai-inhaler.com\/#organization\"},\"potentialAction\":[{\"@type\":\"SearchAction\",\"target\":{\"@type\":\"EntryPoint\",\"urlTemplate\":\"https:\/\/thai-inhaler.com\/?s={search_term_string}\"},\"query-input\":\"required name=search_term_string\"}],\"inLanguage\":\"fr-FR\"},{\"@type\":\"Organization\",\"@id\":\"https:\/\/thai-inhaler.com\/#organization\",\"name\":\"Thai-Inhaler.com\",\"url\":\"https:\/\/thai-inhaler.com\/\",\"logo\":{\"@type\":\"ImageObject\",\"inLanguage\":\"fr-FR\",\"@id\":\"https:\/\/thai-inhaler.com\/#\/schema\/logo\/image\/\",\"url\":\"https:\/\/i0.wp.com\/thai-inhaler.com\/wp-content\/uploads\/2017\/08\/cropped-logoThaiinhaler-01.png?fit=460%2C160&ssl=1\",\"contentUrl\":\"https:\/\/i0.wp.com\/thai-inhaler.com\/wp-content\/uploads\/2017\/08\/cropped-logoThaiinhaler-01.png?fit=460%2C160&ssl=1\",\"width\":460,\"height\":160,\"caption\":\"Thai-Inhaler.com\"},\"image\":{\"@id\":\"https:\/\/thai-inhaler.com\/#\/schema\/logo\/image\/\"}}]}<\/script>\n<!-- \/ Yoast SEO plugin. -->","yoast_head_json":{"title":"Siang Pure - Inhalateur et Huile Tha\u00eflande - 1 Pi\u00e8ce - Thai-Inhaler.com","robots":{"index":"index","follow":"follow","max-snippet":"max-snippet:-1","max-image-preview":"max-image-preview:large","max-video-preview":"max-video-preview:-1"},"canonical":"https:\/\/thai-inhaler.com\/fr\/shop\/inhalateurs\/siang-pure-inhalateur-et-huile-thailande-6-pieces\/","og_locale":"fr_FR","og_type":"article","og_title":"Siang Pure - Inhalateur et Huile Tha\u00eflande - 1 Pi\u00e8ce - Thai-Inhaler.com","og_description":"\u00c9tat et conditionnement : Neuf et jamais ouvert, dans son emballage d'origine Nom du produit : Siang Pure \u2013 Inhalateur nasal et huile Origine : Tha\u00eflande Poids : 12g Dur\u00e9e de conservation : 3 ans Ingr\u00e9dients : Siang Pure est un m\u00e9lange d'huiles essentielles aux herbes, le principal ingr\u00e9dient \u00e9tant l'huile de menthe poivr\u00e9e","og_url":"https:\/\/thai-inhaler.com\/fr\/shop\/inhalateurs\/siang-pure-inhalateur-et-huile-thailande-6-pieces\/","og_site_name":"Thai-Inhaler.com","article_modified_time":"2024-04-10T01:55:44+00:00","og_image":[{"width":3024,"height":3024,"url":"https:\/\/thai-inhaler.com\/wp-content\/uploads\/2017\/08\/1A14ABA0-F7E8-40CD-A397-F382AB6E6C21.jpg","type":"image\/jpeg"}],"twitter_card":"summary_large_image","twitter_misc":{"Dur\u00e9e de lecture estim\u00e9e":"2 minutes"},"schema":{"@context":"https:\/\/schema.org","@graph":[{"@type":"WebPage","@id":"https:\/\/thai-inhaler.com\/fr\/shop\/inhalateurs\/siang-pure-inhalateur-et-huile-thailande-6-pieces\/","url":"https:\/\/thai-inhaler.com\/fr\/shop\/inhalateurs\/siang-pure-inhalateur-et-huile-thailande-6-pieces\/","name":"Siang Pure - Inhalateur et Huile Tha\u00eflande - 1 Pi\u00e8ce - Thai-Inhaler.com","isPartOf":{"@id":"https:\/\/thai-inhaler.com\/#website"},"primaryImageOfPage":{"@id":"https:\/\/thai-inhaler.com\/fr\/shop\/inhalateurs\/siang-pure-inhalateur-et-huile-thailande-6-pieces\/#primaryimage"},"image":{"@id":"https:\/\/thai-inhaler.com\/fr\/shop\/inhalateurs\/siang-pure-inhalateur-et-huile-thailande-6-pieces\/#primaryimage"},"thumbnailUrl":"https:\/\/i0.wp.com\/thai-inhaler.com\/wp-content\/uploads\/2017\/08\/1A14ABA0-F7E8-40CD-A397-F382AB6E6C21.jpg?fit=3024%2C3024&ssl=1","datePublished":"2017-08-10T20:13:56+00:00","dateModified":"2024-04-10T01:55:44+00:00","breadcrumb":{"@id":"https:\/\/thai-inhaler.com\/fr\/shop\/inhalateurs\/siang-pure-inhalateur-et-huile-thailande-6-pieces\/#breadcrumb"},"inLanguage":"fr-FR","potentialAction":[{"@type":"ReadAction","target":["https:\/\/thai-inhaler.com\/fr\/shop\/inhalateurs\/siang-pure-inhalateur-et-huile-thailande-6-pieces\/"]}]},{"@type":"ImageObject","inLanguage":"fr-FR","@id":"https:\/\/thai-inhaler.com\/fr\/shop\/inhalateurs\/siang-pure-inhalateur-et-huile-thailande-6-pieces\/#primaryimage","url":"https:\/\/i0.wp.com\/thai-inhaler.com\/wp-content\/uploads\/2017\/08\/1A14ABA0-F7E8-40CD-A397-F382AB6E6C21.jpg?fit=3024%2C3024&ssl=1","contentUrl":"https:\/\/i0.wp.com\/thai-inhaler.com\/wp-content\/uploads\/2017\/08\/1A14ABA0-F7E8-40CD-A397-F382AB6E6C21.jpg?fit=3024%2C3024&ssl=1","width":3024,"height":3024,"caption":"Siang Pure - Inhalateur et Huile Tha\u00eflande - 6 Pi\u00e8ces"},{"@type":"BreadcrumbList","@id":"https:\/\/thai-inhaler.com\/fr\/shop\/inhalateurs\/siang-pure-inhalateur-et-huile-thailande-6-pieces\/#breadcrumb","itemListElement":[{"@type":"ListItem","position":1,"name":"Home","item":"https:\/\/thai-inhaler.com\/fr\/"},{"@type":"ListItem","position":2,"name":"Shop","item":"https:\/\/thai-inhaler.com\/shop\/"},{"@type":"ListItem","position":3,"name":"Siang Pure &#8211; Inhalateur et Huile Tha\u00eflande &#8211; 1 Pi\u00e8ce"}]},{"@type":"WebSite","@id":"https:\/\/thai-inhaler.com\/#website","url":"https:\/\/thai-inhaler.com\/","name":"Thai-Inhaler.com","description":"Thai Herbal Products, Inhalers, Balms, Plasters On Sale","publisher":{"@id":"https:\/\/thai-inhaler.com\/#organization"},"potentialAction":[{"@type":"SearchAction","target":{"@type":"EntryPoint","urlTemplate":"https:\/\/thai-inhaler.com\/?s={search_term_string}"},"query-input":"required name=search_term_string"}],"inLanguage":"fr-FR"},{"@type":"Organization","@id":"https:\/\/thai-inhaler.com\/#organization","name":"Thai-Inhaler.com","url":"https:\/\/thai-inhaler.com\/","logo":{"@type":"ImageObject","inLanguage":"fr-FR","@id":"https:\/\/thai-inhaler.com\/#\/schema\/logo\/image\/","url":"https:\/\/i0.wp.com\/thai-inhaler.com\/wp-content\/uploads\/2017\/08\/cropped-logoThaiinhaler-01.png?fit=460%2C160&ssl=1","contentUrl":"https:\/\/i0.wp.com\/thai-inhaler.com\/wp-content\/uploads\/2017\/08\/cropped-logoThaiinhaler-01.png?fit=460%2C160&ssl=1","width":460,"height":160,"caption":"Thai-Inhaler.com"},"image":{"@id":"https:\/\/thai-inhaler.com\/#\/schema\/logo\/image\/"}}]}},"jetpack_sharing_enabled":true,"_links":{"self":[{"href":"https:\/\/thai-inhaler.com\/fr\/wp-json\/wp\/v2\/product\/378"}],"collection":[{"href":"https:\/\/thai-inhaler.com\/fr\/wp-json\/wp\/v2\/product"}],"about":[{"href":"https:\/\/thai-inhaler.com\/fr\/wp-json\/wp\/v2\/types\/product"}],"replies":[{"embeddable":true,"href":"https:\/\/thai-inhaler.com\/fr\/wp-json\/wp\/v2\/comments?post=378"}],"wp:featuredmedia":[{"embeddable":true,"href":"https:\/\/thai-inhaler.com\/fr\/wp-json\/wp\/v2\/media\/291"}],"wp:attachment":[{"href":"https:\/\/thai-inhaler.com\/fr\/wp-json\/wp\/v2\/media?parent=378"}],"wp:term":[{"taxonomy":"product_cat","embeddable":true,"href":"https:\/\/thai-inhaler.com\/fr\/wp-json\/wp\/v2\/product_cat?post=378"},{"taxonomy":"product_tag","embeddable":true,"href":"https:\/\/thai-inhaler.com\/fr\/wp-json\/wp\/v2\/product_tag?post=378"}],"curies":[{"name":"wp","href":"https:\/\/api.w.org\/{rel}","templated":true}]}}