{"id":377,"date":"2017-08-13T19:47:55","date_gmt":"2017-08-13T17:47:55","guid":{"rendered":"https:\/\/thai-inhaler.com\/shop\/non%20class\u00e9\/peppermint-field-inhalateur-nasal-et-huile-thailande-1-piece\/"},"modified":"2024-05-07T13:40:11","modified_gmt":"2024-05-07T11:40:11","slug":"peppermint-field-inhalateur-nasal-et-huile-thailande-1-piece","status":"publish","type":"product","link":"https:\/\/thai-inhaler.com\/fr\/shop\/inhalateurs\/peppermint-field-inhalateur-nasal-et-huile-thailande-1-piece\/","title":{"rendered":"Peppermint Field &#8211; Inhalateur Nasal et Huile Tha\u00eflande &#8211; 1 Pi\u00e8ce"},"content":{"rendered":"<h2 style=\"text-align: left\" align=\"center\">Peppermint Field &#8211; Inhalateur Nasal et Huile Tha\u00eflande &#8211; 1 Pi\u00e8ce<\/h2>\n<p>Les inhalateurs tha\u00eflandais Peppermint Field sont une fa\u00e7on pratique et efficace d&#8217;att\u00e9nuer des sensations g\u00eanantes comme un nez bouch\u00e9, une piq\u00fbre d&#8217;insecte ou des vertiges. \u00c0 vrai dire, si vous visitez la Tha\u00eflande, vous constaterez que de nombreuses personnes en accrochent m\u00eame un \u00e0 leur nez, lib\u00e9rant ainsi des fragrances agr\u00e9ables dans les taxis ou les restaurants. Les inhalateurs sont aussi efficaces pour raviver les sens et rester vigilant, au cas o\u00f9 vous vous sentiriez fatigu\u00e9.<\/p>\n<h3>Efficacit\u00e9 du produit :<\/h3>\n<p>L&#8217;inhalateur nasal de Tha\u00eflande Peppermint Field est couramment utilis\u00e9 pour traiter les rhumes, d\u00e9congestionner le nez, le mal des transports, les vertiges et les coups de chaleur. Il est \u00e9galement efficace pour traiter les piq\u00fbres d&#8217;insectes, il suffit d&#8217;appliquer une petite quantit\u00e9 d&#8217;huile sur la zone touch\u00e9e, afin de r\u00e9duire les gonflements ou d\u00e9mangeaisons.<\/p>\n<h3>Comment l&#8217;utiliser :<\/h3>\n<p>L&#8217;inhalateur nasal et l&#8217;huile Peppermint Field de Tha\u00eflande dispose d&#8217;un tube deux fonctions, o\u00f9 une partie est pr\u00e9vue pour l&#8217;inhalation nasale, et l&#8217;autre contient l&#8217;huile pour une application sur les tempes ou les zones touch\u00e9es par des piq\u00fbres d&#8217;insectes.<\/p>\n<p>Ce super produit peut-\u00eatre utilis\u00e9 tout au long de l&#8217;ann\u00e9e, par exemple pour \u00e9viter le rhume en hiver.<\/p>\n<h3>Attention :<\/h3>\n<p>L&#8217;inhalateur nasal et l&#8217;huile Peppermint Field de Tha\u00eflande ne doit en aucun cas \u00eatre ing\u00e9r\u00e9 et est pr\u00e9vu pour un usage externe uniquement. Afin d&#8217;\u00e9viter toute irritation, \u00e9vitez tout contact avec les yeux, membranes muqueuses et peaux ab\u00eem\u00e9es, bless\u00e9es ou griff\u00e9es. Si vous \u00eates sujet aux allergies ou \u00e0 la peau sensible, vous devriez \u00e9viter son utilisation. Conserver hors de la port\u00e9e des enfants.<\/p>\n","protected":false},"excerpt":{"rendered":"<p><b>Nom du produit : <\/b>Peppermint Field &#8211; Inhalateur et Huile<br \/>\n<b>Dimension : <\/b>hauteur \u2013 6,5cm, diam\u00e8tre \u2013 1,6cm<br \/>\n<b>Poids net :<\/b> 12g<br \/>\n<b>Dur\u00e9e de conservation :<\/b> 3 ans<br \/>\n<b>Utilisation : <\/b>corps,<b> <\/b>externe uniquement<br \/>\n<b>Lieu d&#8217;origine : <\/b>Tha\u00eflande<br \/>\n<b>Type d&#8217;article : <\/b>massage et relaxation<\/p>\n","protected":false},"featured_media":306,"comment_status":"open","ping_status":"closed","template":"","meta":{"_exactmetrics_skip_tracking":false,"_exactmetrics_sitenote_active":false,"_exactmetrics_sitenote_note":"","_exactmetrics_sitenote_category":0,"jetpack_post_was_ever_published":false},"product_cat":[57,57],"product_tag":[],"yoast_head":"<!-- This site is optimized with the Yoast SEO plugin v22.3 - https:\/\/yoast.com\/wordpress\/plugins\/seo\/ -->\n<title>Peppermint Field - Inhalateur Nasal et Huile Tha\u00eflande - 1 Pi\u00e8ce - Thai-Inhaler.com<\/title>\n<meta name=\"robots\" content=\"index, follow, max-snippet:-1, max-image-preview:large, max-video-preview:-1\" \/>\n<link rel=\"canonical\" href=\"https:\/\/thai-inhaler.com\/shop\/inhalers\/peppermint-field-thailand-nasal-inhaler-and-oil-1-piece\/\" \/>\n<meta property=\"og:locale\" content=\"fr_FR\" \/>\n<meta property=\"og:type\" content=\"article\" \/>\n<meta property=\"og:title\" content=\"Peppermint Field - Inhalateur Nasal et Huile Tha\u00eflande - 1 Pi\u00e8ce - Thai-Inhaler.com\" \/>\n<meta property=\"og:description\" content=\"Nom du produit : Peppermint Field - Inhalateur et Huile Dimension : hauteur \u2013 6,5cm, diam\u00e8tre \u2013 1,6cm Poids net : 12g Dur\u00e9e de conservation : 3 ans Utilisation : corps, externe uniquement Lieu d&#039;origine : Tha\u00eflande Type d&#039;article : massage et relaxation\" \/>\n<meta property=\"og:url\" content=\"https:\/\/thai-inhaler.com\/shop\/inhalers\/peppermint-field-thailand-nasal-inhaler-and-oil-1-piece\/\" \/>\n<meta property=\"og:site_name\" content=\"Thai-Inhaler.com\" \/>\n<meta property=\"article:modified_time\" content=\"2024-05-07T11:40:11+00:00\" \/>\n<meta property=\"og:image\" content=\"https:\/\/thai-inhaler.com\/wp-content\/uploads\/2017\/08\/IMG_2937.jpg\" \/>\n\t<meta property=\"og:image:width\" content=\"800\" \/>\n\t<meta property=\"og:image:height\" content=\"800\" \/>\n\t<meta property=\"og:image:type\" content=\"image\/jpeg\" \/>\n<meta name=\"twitter:card\" content=\"summary_large_image\" \/>\n<meta name=\"twitter:label1\" content=\"Dur\u00e9e de lecture estim\u00e9e\" \/>\n\t<meta name=\"twitter:data1\" content=\"1 minute\" \/>\n<script type=\"application\/ld+json\" class=\"yoast-schema-graph\">{\"@context\":\"https:\/\/schema.org\",\"@graph\":[{\"@type\":\"WebPage\",\"@id\":\"https:\/\/thai-inhaler.com\/shop\/inhalers\/peppermint-field-thailand-nasal-inhaler-and-oil-1-piece\/\",\"url\":\"https:\/\/thai-inhaler.com\/shop\/inhalers\/peppermint-field-thailand-nasal-inhaler-and-oil-1-piece\/\",\"name\":\"Peppermint Field - Inhalateur Nasal et Huile Tha\u00eflande - 1 Pi\u00e8ce - Thai-Inhaler.com\",\"isPartOf\":{\"@id\":\"https:\/\/thai-inhaler.com\/#website\"},\"primaryImageOfPage\":{\"@id\":\"https:\/\/thai-inhaler.com\/shop\/inhalers\/peppermint-field-thailand-nasal-inhaler-and-oil-1-piece\/#primaryimage\"},\"image\":{\"@id\":\"https:\/\/thai-inhaler.com\/shop\/inhalers\/peppermint-field-thailand-nasal-inhaler-and-oil-1-piece\/#primaryimage\"},\"thumbnailUrl\":\"https:\/\/i0.wp.com\/thai-inhaler.com\/wp-content\/uploads\/2017\/08\/IMG_2937.jpg?fit=800%2C800&ssl=1\",\"datePublished\":\"2017-08-13T17:47:55+00:00\",\"dateModified\":\"2024-05-07T11:40:11+00:00\",\"breadcrumb\":{\"@id\":\"https:\/\/thai-inhaler.com\/shop\/inhalers\/peppermint-field-thailand-nasal-inhaler-and-oil-1-piece\/#breadcrumb\"},\"inLanguage\":\"fr-FR\",\"potentialAction\":[{\"@type\":\"ReadAction\",\"target\":[\"https:\/\/thai-inhaler.com\/shop\/inhalers\/peppermint-field-thailand-nasal-inhaler-and-oil-1-piece\/\"]}]},{\"@type\":\"ImageObject\",\"inLanguage\":\"fr-FR\",\"@id\":\"https:\/\/thai-inhaler.com\/shop\/inhalers\/peppermint-field-thailand-nasal-inhaler-and-oil-1-piece\/#primaryimage\",\"url\":\"https:\/\/i0.wp.com\/thai-inhaler.com\/wp-content\/uploads\/2017\/08\/IMG_2937.jpg?fit=800%2C800&ssl=1\",\"contentUrl\":\"https:\/\/i0.wp.com\/thai-inhaler.com\/wp-content\/uploads\/2017\/08\/IMG_2937.jpg?fit=800%2C800&ssl=1\",\"width\":800,\"height\":800,\"caption\":\"Peppermint Field - Inhalateur Nasal et Huile Tha\u00eflande - 1 Pi\u00e8ce\"},{\"@type\":\"BreadcrumbList\",\"@id\":\"https:\/\/thai-inhaler.com\/shop\/inhalers\/peppermint-field-thailand-nasal-inhaler-and-oil-1-piece\/#breadcrumb\",\"itemListElement\":[{\"@type\":\"ListItem\",\"position\":1,\"name\":\"Home\",\"item\":\"https:\/\/thai-inhaler.com\/fr\/\"},{\"@type\":\"ListItem\",\"position\":2,\"name\":\"Shop\",\"item\":\"https:\/\/thai-inhaler.com\/shop\/\"},{\"@type\":\"ListItem\",\"position\":3,\"name\":\"Peppermint Field &#8211; Inhalateur Nasal et Huile Tha\u00eflande &#8211; 1 Pi\u00e8ce\"}]},{\"@type\":\"WebSite\",\"@id\":\"https:\/\/thai-inhaler.com\/#website\",\"url\":\"https:\/\/thai-inhaler.com\/\",\"name\":\"Thai-Inhaler.com\",\"description\":\"Thai Herbal Products, Inhalers, Balms, Plasters On Sale\",\"publisher\":{\"@id\":\"https:\/\/thai-inhaler.com\/#organization\"},\"potentialAction\":[{\"@type\":\"SearchAction\",\"target\":{\"@type\":\"EntryPoint\",\"urlTemplate\":\"https:\/\/thai-inhaler.com\/?s={search_term_string}\"},\"query-input\":\"required name=search_term_string\"}],\"inLanguage\":\"fr-FR\"},{\"@type\":\"Organization\",\"@id\":\"https:\/\/thai-inhaler.com\/#organization\",\"name\":\"Thai-Inhaler.com\",\"url\":\"https:\/\/thai-inhaler.com\/\",\"logo\":{\"@type\":\"ImageObject\",\"inLanguage\":\"fr-FR\",\"@id\":\"https:\/\/thai-inhaler.com\/#\/schema\/logo\/image\/\",\"url\":\"https:\/\/i0.wp.com\/thai-inhaler.com\/wp-content\/uploads\/2017\/08\/cropped-logoThaiinhaler-01.png?fit=460%2C160&ssl=1\",\"contentUrl\":\"https:\/\/i0.wp.com\/thai-inhaler.com\/wp-content\/uploads\/2017\/08\/cropped-logoThaiinhaler-01.png?fit=460%2C160&ssl=1\",\"width\":460,\"height\":160,\"caption\":\"Thai-Inhaler.com\"},\"image\":{\"@id\":\"https:\/\/thai-inhaler.com\/#\/schema\/logo\/image\/\"}}]}<\/script>\n<!-- \/ Yoast SEO plugin. -->","yoast_head_json":{"title":"Peppermint Field - Inhalateur Nasal et Huile Tha\u00eflande - 1 Pi\u00e8ce - Thai-Inhaler.com","robots":{"index":"index","follow":"follow","max-snippet":"max-snippet:-1","max-image-preview":"max-image-preview:large","max-video-preview":"max-video-preview:-1"},"canonical":"https:\/\/thai-inhaler.com\/shop\/inhalers\/peppermint-field-thailand-nasal-inhaler-and-oil-1-piece\/","og_locale":"fr_FR","og_type":"article","og_title":"Peppermint Field - Inhalateur Nasal et Huile Tha\u00eflande - 1 Pi\u00e8ce - Thai-Inhaler.com","og_description":"Nom du produit : Peppermint Field - Inhalateur et Huile Dimension : hauteur \u2013 6,5cm, diam\u00e8tre \u2013 1,6cm Poids net : 12g Dur\u00e9e de conservation : 3 ans Utilisation : corps, externe uniquement Lieu d'origine : Tha\u00eflande Type d'article : massage et relaxation","og_url":"https:\/\/thai-inhaler.com\/shop\/inhalers\/peppermint-field-thailand-nasal-inhaler-and-oil-1-piece\/","og_site_name":"Thai-Inhaler.com","article_modified_time":"2024-05-07T11:40:11+00:00","og_image":[{"width":800,"height":800,"url":"https:\/\/thai-inhaler.com\/wp-content\/uploads\/2017\/08\/IMG_2937.jpg","type":"image\/jpeg"}],"twitter_card":"summary_large_image","twitter_misc":{"Dur\u00e9e de lecture estim\u00e9e":"1 minute"},"schema":{"@context":"https:\/\/schema.org","@graph":[{"@type":"WebPage","@id":"https:\/\/thai-inhaler.com\/shop\/inhalers\/peppermint-field-thailand-nasal-inhaler-and-oil-1-piece\/","url":"https:\/\/thai-inhaler.com\/shop\/inhalers\/peppermint-field-thailand-nasal-inhaler-and-oil-1-piece\/","name":"Peppermint Field - Inhalateur Nasal et Huile Tha\u00eflande - 1 Pi\u00e8ce - Thai-Inhaler.com","isPartOf":{"@id":"https:\/\/thai-inhaler.com\/#website"},"primaryImageOfPage":{"@id":"https:\/\/thai-inhaler.com\/shop\/inhalers\/peppermint-field-thailand-nasal-inhaler-and-oil-1-piece\/#primaryimage"},"image":{"@id":"https:\/\/thai-inhaler.com\/shop\/inhalers\/peppermint-field-thailand-nasal-inhaler-and-oil-1-piece\/#primaryimage"},"thumbnailUrl":"https:\/\/i0.wp.com\/thai-inhaler.com\/wp-content\/uploads\/2017\/08\/IMG_2937.jpg?fit=800%2C800&ssl=1","datePublished":"2017-08-13T17:47:55+00:00","dateModified":"2024-05-07T11:40:11+00:00","breadcrumb":{"@id":"https:\/\/thai-inhaler.com\/shop\/inhalers\/peppermint-field-thailand-nasal-inhaler-and-oil-1-piece\/#breadcrumb"},"inLanguage":"fr-FR","potentialAction":[{"@type":"ReadAction","target":["https:\/\/thai-inhaler.com\/shop\/inhalers\/peppermint-field-thailand-nasal-inhaler-and-oil-1-piece\/"]}]},{"@type":"ImageObject","inLanguage":"fr-FR","@id":"https:\/\/thai-inhaler.com\/shop\/inhalers\/peppermint-field-thailand-nasal-inhaler-and-oil-1-piece\/#primaryimage","url":"https:\/\/i0.wp.com\/thai-inhaler.com\/wp-content\/uploads\/2017\/08\/IMG_2937.jpg?fit=800%2C800&ssl=1","contentUrl":"https:\/\/i0.wp.com\/thai-inhaler.com\/wp-content\/uploads\/2017\/08\/IMG_2937.jpg?fit=800%2C800&ssl=1","width":800,"height":800,"caption":"Peppermint Field - Inhalateur Nasal et Huile Tha\u00eflande - 1 Pi\u00e8ce"},{"@type":"BreadcrumbList","@id":"https:\/\/thai-inhaler.com\/shop\/inhalers\/peppermint-field-thailand-nasal-inhaler-and-oil-1-piece\/#breadcrumb","itemListElement":[{"@type":"ListItem","position":1,"name":"Home","item":"https:\/\/thai-inhaler.com\/fr\/"},{"@type":"ListItem","position":2,"name":"Shop","item":"https:\/\/thai-inhaler.com\/shop\/"},{"@type":"ListItem","position":3,"name":"Peppermint Field &#8211; Inhalateur Nasal et Huile Tha\u00eflande &#8211; 1 Pi\u00e8ce"}]},{"@type":"WebSite","@id":"https:\/\/thai-inhaler.com\/#website","url":"https:\/\/thai-inhaler.com\/","name":"Thai-Inhaler.com","description":"Thai Herbal Products, Inhalers, Balms, Plasters On Sale","publisher":{"@id":"https:\/\/thai-inhaler.com\/#organization"},"potentialAction":[{"@type":"SearchAction","target":{"@type":"EntryPoint","urlTemplate":"https:\/\/thai-inhaler.com\/?s={search_term_string}"},"query-input":"required name=search_term_string"}],"inLanguage":"fr-FR"},{"@type":"Organization","@id":"https:\/\/thai-inhaler.com\/#organization","name":"Thai-Inhaler.com","url":"https:\/\/thai-inhaler.com\/","logo":{"@type":"ImageObject","inLanguage":"fr-FR","@id":"https:\/\/thai-inhaler.com\/#\/schema\/logo\/image\/","url":"https:\/\/i0.wp.com\/thai-inhaler.com\/wp-content\/uploads\/2017\/08\/cropped-logoThaiinhaler-01.png?fit=460%2C160&ssl=1","contentUrl":"https:\/\/i0.wp.com\/thai-inhaler.com\/wp-content\/uploads\/2017\/08\/cropped-logoThaiinhaler-01.png?fit=460%2C160&ssl=1","width":460,"height":160,"caption":"Thai-Inhaler.com"},"image":{"@id":"https:\/\/thai-inhaler.com\/#\/schema\/logo\/image\/"}}]}},"jetpack_sharing_enabled":true,"_links":{"self":[{"href":"https:\/\/thai-inhaler.com\/fr\/wp-json\/wp\/v2\/product\/377"}],"collection":[{"href":"https:\/\/thai-inhaler.com\/fr\/wp-json\/wp\/v2\/product"}],"about":[{"href":"https:\/\/thai-inhaler.com\/fr\/wp-json\/wp\/v2\/types\/product"}],"replies":[{"embeddable":true,"href":"https:\/\/thai-inhaler.com\/fr\/wp-json\/wp\/v2\/comments?post=377"}],"wp:featuredmedia":[{"embeddable":true,"href":"https:\/\/thai-inhaler.com\/fr\/wp-json\/wp\/v2\/media\/306"}],"wp:attachment":[{"href":"https:\/\/thai-inhaler.com\/fr\/wp-json\/wp\/v2\/media?parent=377"}],"wp:term":[{"taxonomy":"product_cat","embeddable":true,"href":"https:\/\/thai-inhaler.com\/fr\/wp-json\/wp\/v2\/product_cat?post=377"},{"taxonomy":"product_tag","embeddable":true,"href":"https:\/\/thai-inhaler.com\/fr\/wp-json\/wp\/v2\/product_tag?post=377"}],"curies":[{"name":"wp","href":"https:\/\/api.w.org\/{rel}","templated":true}]}}