{"id":376,"date":"2017-08-04T15:53:55","date_gmt":"2017-08-04T13:53:55","guid":{"rendered":"https:\/\/thai-inhaler.com\/shop\/non%20class\u00e9\/poy-sian-mark-ii-inhalateur-nasal-et-huile-thailande-1-piece\/"},"modified":"2024-05-07T13:40:11","modified_gmt":"2024-05-07T11:40:11","slug":"poy-sian-mark-ii-inhalateur-nasal-et-huile-thailande-1-piece","status":"publish","type":"product","link":"https:\/\/thai-inhaler.com\/fr\/shop\/inhalateurs\/poy-sian-mark-ii-inhalateur-nasal-et-huile-thailande-1-piece\/","title":{"rendered":"Poy-Sian Mark II &#8211; Inhalateur Nasal et Huile Tha\u00eflande &#8211; 1 Pi\u00e8ce"},"content":{"rendered":"<h2>Poy-Sian Mark II &#8211; Inhalateur Nasal et Huile Tha\u00eflande &#8211; 1 Pi\u00e8ce<\/h2>\n<p>L&#8217;inhalateur nasal Poy-Sian Mark II de Tha\u00eflande est un m\u00e9lange d&#8217;huiles essentielles, herbes et sels pouvant \u00eatre utilis\u00e9 comme une solution simple au d\u00e9congestionnement nasal, pour rafra\u00eechir le corps et l&#8217;esprit, mais aussi pour se d\u00e9barrasser des vertiges pouvant entra\u00eener des malaises. Les inhalateurs sont extr\u00eamement populaires en Tha\u00eflande et tout le monde en poss\u00e8de un. Cela est d\u00fb \u00e0 leur c\u00f4t\u00e9 pratique et \u00e0 l&#8217;action de rafra\u00eechissement rapide du corps et de l&#8217;esprit, en plus du soulagement d&#8217;une grande vari\u00e9t\u00e9 de sympt\u00f4mes.<\/p>\n<h3>Ingr\u00e9dients :<\/h3>\n<p>Poy-Sian Mark II est un m\u00e9lange de sels et huiles essentielles telles que les huiles de menthe poivr\u00e9e et de clou de girofle. Les principaux ingr\u00e9dients incluent :<\/p>\n<ul>\n<li>Huile d&#8217;eucalyptus \u2013 8,5%<\/li>\n<li>Menthol \u2013 42%<\/li>\n<li>Camphre \u2013 16,4%<\/li>\n<li>Born\u00e9ol \u2013 6,1%<\/li>\n<\/ul>\n<p>L&#8217;huile d&#8217;eucalyptus aide \u00e0 dissoudre les huiles dures comme le s\u00e9same ou les huiles min\u00e9rales. Elle aide aussi \u00e0 dissoudre les extraits appel\u00e9s \u00e9cailles et pr\u00e9sents dans certaines herbes comme la menthe poivr\u00e9e ou le menthol.<\/p>\n<h3>Efficacit\u00e9 du produit :<\/h3>\n<p>Les sels de Camphre et Born\u00e9ol sont faits de trois compos\u00e9s principaux incluant les huiles essentielles qui, une fois inhal\u00e9es, offre une sensation froide et rafra\u00eechissante dans la cavit\u00e9 nasale. Cela aide \u00e0 d\u00e9gager la gorge et les sinus, mais aussi \u00e0 rester frais et concentr\u00e9. Cet inhalateur est \u00e9galement utile pour r\u00e9duire les sympt\u00f4mes des vertiges et de l&#8217;\u00e9vanouissement.<\/p>\n<h3>Comment l&#8217;utiliser :<\/h3>\n<p>Rappelez-vous d&#8217;utiliser l&#8217;inhalateur correctement, en le rapprochant de votre nez et en prenant une grande inspiration. Ne laissez pas le tube toucher directement votre nez. Ceci afin d&#8217;\u00e9viter les irritations de la peau dans une zone sensible telle que la r\u00e9gion nasale. De plus, ne touchez pas les sels pr\u00e9sents dans le tube afin d&#8217;\u00e9viter toute infection.<\/p>\n<p>Une autre fa\u00e7on d&#8217;utiliser le Poy-Sian Mark II consiste \u00e0 d\u00e9poser quelques gouttes sur du coton ou un mouchoir, que l&#8217;on approchera du nez afin de l&#8217;inhaler. Pensez \u00e0 utiliser une petite quantit\u00e9 afin d&#8217;\u00e9viter tout risque d&#8217;irritation.<\/p>\n<p>Pour une meilleure efficacit\u00e9 et une plus grande vivacit\u00e9 d&#8217;esprit, vous pouvez masser vos tempes avec quelques gouttes.<\/p>\n<p>Si vous pr\u00e9sentez des risques d&#8217;allergie, d&#8217;inflammation ou de maladie des cavit\u00e9s nasales, vous ne devriez pas utiliser ce produit.<\/p>\n<p>Les sels sont utilis\u00e9s pour r\u00e9duire temporairement les sympt\u00f4mes, si ceux-ci persistent vous devrez consulter un m\u00e9decin. Garder hors de la port\u00e9e des enfants.<\/p>\n<p>&nbsp;<\/p>\n","protected":false},"excerpt":{"rendered":"<p><strong>Nom du produit : <\/strong>Poy-Sian Mark II &#8211; Inhalateur Nasal et Huile<br \/>\n<b>\u00c9tat : <\/b>Neuf, scell\u00e9, jamais ouvert<br \/>\n<b>Quantit\u00e9 : <\/b>1 tube de 2ml<br \/>\n<b>Lieu d&#8217;origine : <\/b>Tha\u00eflande<br \/>\n<b>Dur\u00e9e de conservation : <\/b>Trois ans<b><br \/>\n<\/b><\/p>\n","protected":false},"featured_media":302,"comment_status":"open","ping_status":"closed","template":"","meta":{"_exactmetrics_skip_tracking":false,"_exactmetrics_sitenote_active":false,"_exactmetrics_sitenote_note":"","_exactmetrics_sitenote_category":0,"jetpack_post_was_ever_published":false},"product_cat":[57],"product_tag":[],"yoast_head":"<!-- This site is optimized with the Yoast SEO plugin v22.3 - https:\/\/yoast.com\/wordpress\/plugins\/seo\/ -->\n<title>Poy-Sian Mark II - Inhalateur Nasal et Huile Tha\u00eflande - 1 Pi\u00e8ce - Thai-Inhaler.com<\/title>\n<meta name=\"robots\" content=\"index, follow, max-snippet:-1, max-image-preview:large, max-video-preview:-1\" \/>\n<link rel=\"canonical\" href=\"https:\/\/thai-inhaler.com\/fr\/shop\/inhalers\/poy-sian-mark-ii-inhalateur-nasal-et-huile-thailande-1-piece\/\" \/>\n<meta property=\"og:locale\" content=\"fr_FR\" \/>\n<meta property=\"og:type\" content=\"article\" \/>\n<meta property=\"og:title\" content=\"Poy-Sian Mark II - Inhalateur Nasal et Huile Tha\u00eflande - 1 Pi\u00e8ce - Thai-Inhaler.com\" \/>\n<meta property=\"og:description\" content=\"Nom du produit : Poy-Sian Mark II - Inhalateur Nasal et Huile \u00c9tat : Neuf, scell\u00e9, jamais ouvert Quantit\u00e9 : 1 tube de 2ml Lieu d&#039;origine : Tha\u00eflande Dur\u00e9e de conservation : Trois ans\" \/>\n<meta property=\"og:url\" content=\"https:\/\/thai-inhaler.com\/fr\/shop\/inhalers\/poy-sian-mark-ii-inhalateur-nasal-et-huile-thailande-1-piece\/\" \/>\n<meta property=\"og:site_name\" content=\"Thai-Inhaler.com\" \/>\n<meta property=\"article:modified_time\" content=\"2024-05-07T11:40:11+00:00\" \/>\n<meta property=\"og:image\" content=\"https:\/\/thai-inhaler.com\/wp-content\/uploads\/2017\/08\/IMG_2930.jpg\" \/>\n\t<meta property=\"og:image:width\" content=\"800\" \/>\n\t<meta property=\"og:image:height\" content=\"800\" \/>\n\t<meta property=\"og:image:type\" content=\"image\/jpeg\" \/>\n<meta name=\"twitter:card\" content=\"summary_large_image\" \/>\n<meta name=\"twitter:label1\" content=\"Dur\u00e9e de lecture estim\u00e9e\" \/>\n\t<meta name=\"twitter:data1\" content=\"2 minutes\" \/>\n<script type=\"application\/ld+json\" class=\"yoast-schema-graph\">{\"@context\":\"https:\/\/schema.org\",\"@graph\":[{\"@type\":\"WebPage\",\"@id\":\"https:\/\/thai-inhaler.com\/fr\/shop\/inhalers\/poy-sian-mark-ii-inhalateur-nasal-et-huile-thailande-1-piece\/\",\"url\":\"https:\/\/thai-inhaler.com\/fr\/shop\/inhalers\/poy-sian-mark-ii-inhalateur-nasal-et-huile-thailande-1-piece\/\",\"name\":\"Poy-Sian Mark II - Inhalateur Nasal et Huile Tha\u00eflande - 1 Pi\u00e8ce - Thai-Inhaler.com\",\"isPartOf\":{\"@id\":\"https:\/\/thai-inhaler.com\/#website\"},\"primaryImageOfPage\":{\"@id\":\"https:\/\/thai-inhaler.com\/fr\/shop\/inhalers\/poy-sian-mark-ii-inhalateur-nasal-et-huile-thailande-1-piece\/#primaryimage\"},\"image\":{\"@id\":\"https:\/\/thai-inhaler.com\/fr\/shop\/inhalers\/poy-sian-mark-ii-inhalateur-nasal-et-huile-thailande-1-piece\/#primaryimage\"},\"thumbnailUrl\":\"https:\/\/i0.wp.com\/thai-inhaler.com\/wp-content\/uploads\/2017\/08\/IMG_2930.jpg?fit=800%2C800&ssl=1\",\"datePublished\":\"2017-08-04T13:53:55+00:00\",\"dateModified\":\"2024-05-07T11:40:11+00:00\",\"breadcrumb\":{\"@id\":\"https:\/\/thai-inhaler.com\/fr\/shop\/inhalers\/poy-sian-mark-ii-inhalateur-nasal-et-huile-thailande-1-piece\/#breadcrumb\"},\"inLanguage\":\"fr-FR\",\"potentialAction\":[{\"@type\":\"ReadAction\",\"target\":[\"https:\/\/thai-inhaler.com\/fr\/shop\/inhalers\/poy-sian-mark-ii-inhalateur-nasal-et-huile-thailande-1-piece\/\"]}]},{\"@type\":\"ImageObject\",\"inLanguage\":\"fr-FR\",\"@id\":\"https:\/\/thai-inhaler.com\/fr\/shop\/inhalers\/poy-sian-mark-ii-inhalateur-nasal-et-huile-thailande-1-piece\/#primaryimage\",\"url\":\"https:\/\/i0.wp.com\/thai-inhaler.com\/wp-content\/uploads\/2017\/08\/IMG_2930.jpg?fit=800%2C800&ssl=1\",\"contentUrl\":\"https:\/\/i0.wp.com\/thai-inhaler.com\/wp-content\/uploads\/2017\/08\/IMG_2930.jpg?fit=800%2C800&ssl=1\",\"width\":800,\"height\":800,\"caption\":\"Poy-Sian Mark II - Inhalateur Nasal et Huile Tha\u00eflande - 1 Pi\u00e8ce\"},{\"@type\":\"BreadcrumbList\",\"@id\":\"https:\/\/thai-inhaler.com\/fr\/shop\/inhalers\/poy-sian-mark-ii-inhalateur-nasal-et-huile-thailande-1-piece\/#breadcrumb\",\"itemListElement\":[{\"@type\":\"ListItem\",\"position\":1,\"name\":\"Home\",\"item\":\"https:\/\/thai-inhaler.com\/fr\/\"},{\"@type\":\"ListItem\",\"position\":2,\"name\":\"Shop\",\"item\":\"https:\/\/thai-inhaler.com\/shop\/\"},{\"@type\":\"ListItem\",\"position\":3,\"name\":\"Poy-Sian Mark II &#8211; Inhalateur Nasal et Huile Tha\u00eflande &#8211; 1 Pi\u00e8ce\"}]},{\"@type\":\"WebSite\",\"@id\":\"https:\/\/thai-inhaler.com\/#website\",\"url\":\"https:\/\/thai-inhaler.com\/\",\"name\":\"Thai-Inhaler.com\",\"description\":\"Thai Herbal Products, Inhalers, Balms, Plasters On Sale\",\"publisher\":{\"@id\":\"https:\/\/thai-inhaler.com\/#organization\"},\"potentialAction\":[{\"@type\":\"SearchAction\",\"target\":{\"@type\":\"EntryPoint\",\"urlTemplate\":\"https:\/\/thai-inhaler.com\/?s={search_term_string}\"},\"query-input\":\"required name=search_term_string\"}],\"inLanguage\":\"fr-FR\"},{\"@type\":\"Organization\",\"@id\":\"https:\/\/thai-inhaler.com\/#organization\",\"name\":\"Thai-Inhaler.com\",\"url\":\"https:\/\/thai-inhaler.com\/\",\"logo\":{\"@type\":\"ImageObject\",\"inLanguage\":\"fr-FR\",\"@id\":\"https:\/\/thai-inhaler.com\/#\/schema\/logo\/image\/\",\"url\":\"https:\/\/i0.wp.com\/thai-inhaler.com\/wp-content\/uploads\/2017\/08\/cropped-logoThaiinhaler-01.png?fit=460%2C160&ssl=1\",\"contentUrl\":\"https:\/\/i0.wp.com\/thai-inhaler.com\/wp-content\/uploads\/2017\/08\/cropped-logoThaiinhaler-01.png?fit=460%2C160&ssl=1\",\"width\":460,\"height\":160,\"caption\":\"Thai-Inhaler.com\"},\"image\":{\"@id\":\"https:\/\/thai-inhaler.com\/#\/schema\/logo\/image\/\"}}]}<\/script>\n<!-- \/ Yoast SEO plugin. -->","yoast_head_json":{"title":"Poy-Sian Mark II - Inhalateur Nasal et Huile Tha\u00eflande - 1 Pi\u00e8ce - Thai-Inhaler.com","robots":{"index":"index","follow":"follow","max-snippet":"max-snippet:-1","max-image-preview":"max-image-preview:large","max-video-preview":"max-video-preview:-1"},"canonical":"https:\/\/thai-inhaler.com\/fr\/shop\/inhalers\/poy-sian-mark-ii-inhalateur-nasal-et-huile-thailande-1-piece\/","og_locale":"fr_FR","og_type":"article","og_title":"Poy-Sian Mark II - Inhalateur Nasal et Huile Tha\u00eflande - 1 Pi\u00e8ce - Thai-Inhaler.com","og_description":"Nom du produit : Poy-Sian Mark II - Inhalateur Nasal et Huile \u00c9tat : Neuf, scell\u00e9, jamais ouvert Quantit\u00e9 : 1 tube de 2ml Lieu d'origine : Tha\u00eflande Dur\u00e9e de conservation : Trois ans","og_url":"https:\/\/thai-inhaler.com\/fr\/shop\/inhalers\/poy-sian-mark-ii-inhalateur-nasal-et-huile-thailande-1-piece\/","og_site_name":"Thai-Inhaler.com","article_modified_time":"2024-05-07T11:40:11+00:00","og_image":[{"width":800,"height":800,"url":"https:\/\/thai-inhaler.com\/wp-content\/uploads\/2017\/08\/IMG_2930.jpg","type":"image\/jpeg"}],"twitter_card":"summary_large_image","twitter_misc":{"Dur\u00e9e de lecture estim\u00e9e":"2 minutes"},"schema":{"@context":"https:\/\/schema.org","@graph":[{"@type":"WebPage","@id":"https:\/\/thai-inhaler.com\/fr\/shop\/inhalers\/poy-sian-mark-ii-inhalateur-nasal-et-huile-thailande-1-piece\/","url":"https:\/\/thai-inhaler.com\/fr\/shop\/inhalers\/poy-sian-mark-ii-inhalateur-nasal-et-huile-thailande-1-piece\/","name":"Poy-Sian Mark II - Inhalateur Nasal et Huile Tha\u00eflande - 1 Pi\u00e8ce - Thai-Inhaler.com","isPartOf":{"@id":"https:\/\/thai-inhaler.com\/#website"},"primaryImageOfPage":{"@id":"https:\/\/thai-inhaler.com\/fr\/shop\/inhalers\/poy-sian-mark-ii-inhalateur-nasal-et-huile-thailande-1-piece\/#primaryimage"},"image":{"@id":"https:\/\/thai-inhaler.com\/fr\/shop\/inhalers\/poy-sian-mark-ii-inhalateur-nasal-et-huile-thailande-1-piece\/#primaryimage"},"thumbnailUrl":"https:\/\/i0.wp.com\/thai-inhaler.com\/wp-content\/uploads\/2017\/08\/IMG_2930.jpg?fit=800%2C800&ssl=1","datePublished":"2017-08-04T13:53:55+00:00","dateModified":"2024-05-07T11:40:11+00:00","breadcrumb":{"@id":"https:\/\/thai-inhaler.com\/fr\/shop\/inhalers\/poy-sian-mark-ii-inhalateur-nasal-et-huile-thailande-1-piece\/#breadcrumb"},"inLanguage":"fr-FR","potentialAction":[{"@type":"ReadAction","target":["https:\/\/thai-inhaler.com\/fr\/shop\/inhalers\/poy-sian-mark-ii-inhalateur-nasal-et-huile-thailande-1-piece\/"]}]},{"@type":"ImageObject","inLanguage":"fr-FR","@id":"https:\/\/thai-inhaler.com\/fr\/shop\/inhalers\/poy-sian-mark-ii-inhalateur-nasal-et-huile-thailande-1-piece\/#primaryimage","url":"https:\/\/i0.wp.com\/thai-inhaler.com\/wp-content\/uploads\/2017\/08\/IMG_2930.jpg?fit=800%2C800&ssl=1","contentUrl":"https:\/\/i0.wp.com\/thai-inhaler.com\/wp-content\/uploads\/2017\/08\/IMG_2930.jpg?fit=800%2C800&ssl=1","width":800,"height":800,"caption":"Poy-Sian Mark II - Inhalateur Nasal et Huile Tha\u00eflande - 1 Pi\u00e8ce"},{"@type":"BreadcrumbList","@id":"https:\/\/thai-inhaler.com\/fr\/shop\/inhalers\/poy-sian-mark-ii-inhalateur-nasal-et-huile-thailande-1-piece\/#breadcrumb","itemListElement":[{"@type":"ListItem","position":1,"name":"Home","item":"https:\/\/thai-inhaler.com\/fr\/"},{"@type":"ListItem","position":2,"name":"Shop","item":"https:\/\/thai-inhaler.com\/shop\/"},{"@type":"ListItem","position":3,"name":"Poy-Sian Mark II &#8211; Inhalateur Nasal et Huile Tha\u00eflande &#8211; 1 Pi\u00e8ce"}]},{"@type":"WebSite","@id":"https:\/\/thai-inhaler.com\/#website","url":"https:\/\/thai-inhaler.com\/","name":"Thai-Inhaler.com","description":"Thai Herbal Products, Inhalers, Balms, Plasters On Sale","publisher":{"@id":"https:\/\/thai-inhaler.com\/#organization"},"potentialAction":[{"@type":"SearchAction","target":{"@type":"EntryPoint","urlTemplate":"https:\/\/thai-inhaler.com\/?s={search_term_string}"},"query-input":"required name=search_term_string"}],"inLanguage":"fr-FR"},{"@type":"Organization","@id":"https:\/\/thai-inhaler.com\/#organization","name":"Thai-Inhaler.com","url":"https:\/\/thai-inhaler.com\/","logo":{"@type":"ImageObject","inLanguage":"fr-FR","@id":"https:\/\/thai-inhaler.com\/#\/schema\/logo\/image\/","url":"https:\/\/i0.wp.com\/thai-inhaler.com\/wp-content\/uploads\/2017\/08\/cropped-logoThaiinhaler-01.png?fit=460%2C160&ssl=1","contentUrl":"https:\/\/i0.wp.com\/thai-inhaler.com\/wp-content\/uploads\/2017\/08\/cropped-logoThaiinhaler-01.png?fit=460%2C160&ssl=1","width":460,"height":160,"caption":"Thai-Inhaler.com"},"image":{"@id":"https:\/\/thai-inhaler.com\/#\/schema\/logo\/image\/"}}]}},"jetpack_sharing_enabled":true,"_links":{"self":[{"href":"https:\/\/thai-inhaler.com\/fr\/wp-json\/wp\/v2\/product\/376"}],"collection":[{"href":"https:\/\/thai-inhaler.com\/fr\/wp-json\/wp\/v2\/product"}],"about":[{"href":"https:\/\/thai-inhaler.com\/fr\/wp-json\/wp\/v2\/types\/product"}],"replies":[{"embeddable":true,"href":"https:\/\/thai-inhaler.com\/fr\/wp-json\/wp\/v2\/comments?post=376"}],"wp:featuredmedia":[{"embeddable":true,"href":"https:\/\/thai-inhaler.com\/fr\/wp-json\/wp\/v2\/media\/302"}],"wp:attachment":[{"href":"https:\/\/thai-inhaler.com\/fr\/wp-json\/wp\/v2\/media?parent=376"}],"wp:term":[{"taxonomy":"product_cat","embeddable":true,"href":"https:\/\/thai-inhaler.com\/fr\/wp-json\/wp\/v2\/product_cat?post=376"},{"taxonomy":"product_tag","embeddable":true,"href":"https:\/\/thai-inhaler.com\/fr\/wp-json\/wp\/v2\/product_tag?post=376"}],"curies":[{"name":"wp","href":"https:\/\/api.w.org\/{rel}","templated":true}]}}