{"id":375,"date":"2017-09-28T10:55:15","date_gmt":"2017-09-28T08:55:15","guid":{"rendered":"https:\/\/thai-inhaler.com\/shop\/non%20class\u00e9\/lanna-foot-patch-patches-pour-pieds-10-patches\/"},"modified":"2023-03-24T09:30:35","modified_gmt":"2023-03-24T08:30:35","slug":"lanna-foot-patch-patches-pour-pieds-10-patches","status":"publish","type":"product","link":"https:\/\/thai-inhaler.com\/fr\/shop\/patches\/lanna-foot-patch-patches-pour-pieds-10-patches\/","title":{"rendered":"Lanna Foot Patch \u2013 Patches D\u00e9tox Pieds \u2013 10 Patches"},"content":{"rendered":"<h2>Lanna Foot Patch \u2013 Patches D\u00e9tox pour Pieds \u2013 10 Patches Inclus<\/h2>\n<h3>Description du produit :<\/h3>\n<p>Nous sommes partout et tout le temps confront\u00e9s aux toxines lors de nos activit\u00e9s quotidiennes. Lorsque le corps subit une surcharge de toxines, il en r\u00e9sulte des sympt\u00f4mes tels que fatigue, mauvaise circulation, mots de t\u00eate, douleurs chroniques, affaiblissement des d\u00e9fenses immunitaires, arthrite, constipation, d\u00e9pression et m\u00eame parfois des maladies de la peau. Les patches d\u00e9tox pour pieds Lanna sont la nouvelle forme de th\u00e9rapie d\u00e9toxifiante. Ils aident \u00e0 r\u00e9duire l&#8217;accumulation des toxines dans le corps et ainsi r\u00e9duire grandement les risques de maladies.<\/p>\n<h3>Ingr\u00e9dients :<\/h3>\n<p>Vinaigre de bambou, chitosane, dextrine, houttuynia cordata, feuille de n\u00e9flier du Japon, tourmaline, fibre v\u00e9g\u00e9tale, vitamine C et vinaigre de bois.<\/p>\n<p>Pour pr\u00e9server leur fra\u00eecheur, les compresses sont emball\u00e9es individuellement.<\/p>\n<h3>Comment cela fonctionne :<\/h3>\n<p>Depuis maintenant des centaines d&#8217;ann\u00e9es, la m\u00e9decine orientale a compris que les toxines voyagent vers le bas dans notre corps, s&#8217;accumulant dans nos chevilles et orteils, et peuvent entra\u00eener de nombreuses maladies d\u00e9g\u00e9n\u00e9ratives. Par exemple, l&#8217;arthrite et les rhumatismes douloureux sont caus\u00e9s par des fluides toxiques s&#8217;accumulant autour des articulations. Dans la r\u00e9flexologie plantaire, les pieds sont consid\u00e9r\u00e9s comme les canaux vers de nombreux organes vitaux du corps humain, avec plus de 60 points d\u2019acupuncture rien que sur la plante des pieds.<\/p>\n<p>Les patches pour les pieds Lanna contiennent des ingr\u00e9dients naturels qui stimulent ces points d&#8217;acupuncture. Leur activation est le r\u00e9sultat combin\u00e9 de l&#8217;action des vinaigres de bois et bambou, de l&#8217;\u00e9nergie infrarouge lointaine et de l&#8217;\u00e9mission d&#8217;ions n\u00e9gatifs. Cette stimulation lib\u00e8re les blocages des mol\u00e9cules li\u00e9es aux syst\u00e8mes circulatoire et lymphatique. Le premier effet des patches pour pieds Lanna Foot Patch est la d\u00e9toxification. Ces patches absorberont les toxines en les utilisant toute une nuit ; cela est facilement observable avec le changement de couleur. Au plus les patches sont sales, au plus la quantit\u00e9 de toxines absorb\u00e9es est importante. En l&#8217;utilisant r\u00e9guli\u00e8rement, vous r\u00e9aliserez qu&#8217;ils deviennent moins sales et moins fonc\u00e9s. Cela signifie que les plupart des substances toxiques de votre corps ont \u00e9t\u00e9 lib\u00e9r\u00e9es. En dehors des pieds, ces compresses peuvent aussi \u00eatre utilis\u00e9es sur les genoux, coudes, dos, etc&#8230;<\/p>\n<h3>Comment l&#8217;utiliser :<\/h3>\n<p>Appliquer un patch Lanna d\u00e9tox une heure avant le coucher, apr\u00e8s avoir lav\u00e9 et s\u00e9ch\u00e9 vos pieds ou autre zone d&#8217;application. Prenez une feuille adh\u00e9sive et enlevez d\u00e9licatement la protection. V\u00e9rifiez la face avec l&#8217;inscription &#8220;Put adhesive on this side&#8221; et placez la sur votre pied ou autre partie du corps (vous pouvez porter des chaussettes apr\u00e8s l&#8217;application si vous le d\u00e9sirez). Apr\u00e8s 8 \u00e0 10 heures, vous pouvez enlever le patch et nettoyer la zone \u00e0 l&#8217;aide d&#8217;une serviette, jusqu&#8217;\u00e0 ce qu&#8217;elle ne soit plus collante.<\/p>\n<p>Les patchs d\u00e9j\u00e0 utilis\u00e9s seront de couleur fonc\u00e9e (vert ou gris) car ils ont absorb\u00e9 les d\u00e9chets et toxines de votre corps. Continuez \u00e0 les utiliser chaque nuit tant que la d\u00e9coloration d\u00e9crite ci-dessus subsiste. Quand le compresses deviennent parfaitement claires, vous pouvez continuer \u00e0 les utiliser une ou deux fois par semaine.<\/p>\n<h3>Attention :<\/h3>\n<p>Ne pas appliquer sur des plaies ouvertes. Si vous \u00eates allergique, n&#8217;utilisez pas ces patches. De plus, ce produit n&#8217;est pas destin\u00e9 \u00e0 diagnostiquer ou soigner des maladies. Si vous rencontrez des sympt\u00f4mes proches d&#8217;une maladie, vous devez consulter un m\u00e9decin.<\/p>\n","protected":false},"excerpt":{"rendered":"<p><b>Type d&#8217;article :<\/b> Massage, Relaxation et D\u00e9tox<br \/>\n<b>Dimensions :<\/b> 20cm x 18cm x 3cm<br \/>\n<b>Poids : <\/b>0,103kg<br \/>\n<b>Utilisation :<\/b> Corps\/Pieds<br \/>\n<b>Mat\u00e9riaux :<\/b> Solution composite<br \/>\n<b>Fonction :<\/b> Am\u00e9liore la qualit\u00e9 du sommeil et anti-fatigue<br \/>\n<b>Dur\u00e9e de conservation :<\/b> 2 ans<br \/>\n<b>Origine :<\/b> Tha\u00eflande<\/p>\n","protected":false},"featured_media":367,"comment_status":"open","ping_status":"closed","template":"","meta":{"_exactmetrics_skip_tracking":false,"_exactmetrics_sitenote_active":false,"_exactmetrics_sitenote_note":"","_exactmetrics_sitenote_category":0,"jetpack_post_was_ever_published":false},"product_cat":[58],"product_tag":[],"yoast_head":"<!-- This site is optimized with the Yoast SEO plugin v22.3 - https:\/\/yoast.com\/wordpress\/plugins\/seo\/ -->\n<title>Lanna Foot Patch \u2013 Patches D\u00e9tox Pieds \u2013 10 Patches - Thai-Inhaler.com<\/title>\n<meta name=\"robots\" content=\"index, follow, max-snippet:-1, max-image-preview:large, max-video-preview:-1\" \/>\n<link rel=\"canonical\" href=\"https:\/\/thai-inhaler.com\/shop\/plasters\/lanna-foot-patch-thailand-foot-plasters-10-plasters\/\" \/>\n<meta property=\"og:locale\" content=\"fr_FR\" \/>\n<meta property=\"og:type\" content=\"article\" \/>\n<meta property=\"og:title\" content=\"Lanna Foot Patch \u2013 Patches D\u00e9tox Pieds \u2013 10 Patches - Thai-Inhaler.com\" \/>\n<meta property=\"og:description\" content=\"Type d&#039;article : Massage, Relaxation et D\u00e9tox Dimensions : 20cm x 18cm x 3cm Poids : 0,103kg Utilisation : Corps\/Pieds Mat\u00e9riaux : Solution composite Fonction : Am\u00e9liore la qualit\u00e9 du sommeil et anti-fatigue Dur\u00e9e de conservation : 2 ans Origine : Tha\u00eflande\" \/>\n<meta property=\"og:url\" content=\"https:\/\/thai-inhaler.com\/shop\/plasters\/lanna-foot-patch-thailand-foot-plasters-10-plasters\/\" \/>\n<meta property=\"og:site_name\" content=\"Thai-Inhaler.com\" \/>\n<meta property=\"article:modified_time\" content=\"2023-03-24T08:30:35+00:00\" \/>\n<meta property=\"og:image\" content=\"https:\/\/thai-inhaler.com\/wp-content\/uploads\/2017\/09\/Snapseed.jpg\" \/>\n\t<meta property=\"og:image:width\" content=\"1500\" \/>\n\t<meta property=\"og:image:height\" content=\"1500\" \/>\n\t<meta property=\"og:image:type\" content=\"image\/jpeg\" \/>\n<meta name=\"twitter:card\" content=\"summary_large_image\" \/>\n<meta name=\"twitter:label1\" content=\"Dur\u00e9e de lecture estim\u00e9e\" \/>\n\t<meta name=\"twitter:data1\" content=\"3 minutes\" \/>\n<script type=\"application\/ld+json\" class=\"yoast-schema-graph\">{\"@context\":\"https:\/\/schema.org\",\"@graph\":[{\"@type\":\"WebPage\",\"@id\":\"https:\/\/thai-inhaler.com\/shop\/plasters\/lanna-foot-patch-thailand-foot-plasters-10-plasters\/\",\"url\":\"https:\/\/thai-inhaler.com\/shop\/plasters\/lanna-foot-patch-thailand-foot-plasters-10-plasters\/\",\"name\":\"Lanna Foot Patch \u2013 Patches D\u00e9tox Pieds \u2013 10 Patches - Thai-Inhaler.com\",\"isPartOf\":{\"@id\":\"https:\/\/thai-inhaler.com\/#website\"},\"primaryImageOfPage\":{\"@id\":\"https:\/\/thai-inhaler.com\/shop\/plasters\/lanna-foot-patch-thailand-foot-plasters-10-plasters\/#primaryimage\"},\"image\":{\"@id\":\"https:\/\/thai-inhaler.com\/shop\/plasters\/lanna-foot-patch-thailand-foot-plasters-10-plasters\/#primaryimage\"},\"thumbnailUrl\":\"https:\/\/i0.wp.com\/thai-inhaler.com\/wp-content\/uploads\/2017\/09\/Snapseed.jpg?fit=1500%2C1500&ssl=1\",\"datePublished\":\"2017-09-28T08:55:15+00:00\",\"dateModified\":\"2023-03-24T08:30:35+00:00\",\"breadcrumb\":{\"@id\":\"https:\/\/thai-inhaler.com\/shop\/plasters\/lanna-foot-patch-thailand-foot-plasters-10-plasters\/#breadcrumb\"},\"inLanguage\":\"fr-FR\",\"potentialAction\":[{\"@type\":\"ReadAction\",\"target\":[\"https:\/\/thai-inhaler.com\/shop\/plasters\/lanna-foot-patch-thailand-foot-plasters-10-plasters\/\"]}]},{\"@type\":\"ImageObject\",\"inLanguage\":\"fr-FR\",\"@id\":\"https:\/\/thai-inhaler.com\/shop\/plasters\/lanna-foot-patch-thailand-foot-plasters-10-plasters\/#primaryimage\",\"url\":\"https:\/\/i0.wp.com\/thai-inhaler.com\/wp-content\/uploads\/2017\/09\/Snapseed.jpg?fit=1500%2C1500&ssl=1\",\"contentUrl\":\"https:\/\/i0.wp.com\/thai-inhaler.com\/wp-content\/uploads\/2017\/09\/Snapseed.jpg?fit=1500%2C1500&ssl=1\",\"width\":1500,\"height\":1500,\"caption\":\"Lanna Foot Patch \u2013 Patches pour Pieds \u2013 10 Patches\"},{\"@type\":\"BreadcrumbList\",\"@id\":\"https:\/\/thai-inhaler.com\/shop\/plasters\/lanna-foot-patch-thailand-foot-plasters-10-plasters\/#breadcrumb\",\"itemListElement\":[{\"@type\":\"ListItem\",\"position\":1,\"name\":\"Home\",\"item\":\"https:\/\/thai-inhaler.com\/fr\/\"},{\"@type\":\"ListItem\",\"position\":2,\"name\":\"Shop\",\"item\":\"https:\/\/thai-inhaler.com\/shop\/\"},{\"@type\":\"ListItem\",\"position\":3,\"name\":\"Lanna Foot Patch \u2013 Patches D\u00e9tox Pieds \u2013 10 Patches\"}]},{\"@type\":\"WebSite\",\"@id\":\"https:\/\/thai-inhaler.com\/#website\",\"url\":\"https:\/\/thai-inhaler.com\/\",\"name\":\"Thai-Inhaler.com\",\"description\":\"Thai Herbal Products, Inhalers, Balms, Plasters On Sale\",\"publisher\":{\"@id\":\"https:\/\/thai-inhaler.com\/#organization\"},\"potentialAction\":[{\"@type\":\"SearchAction\",\"target\":{\"@type\":\"EntryPoint\",\"urlTemplate\":\"https:\/\/thai-inhaler.com\/?s={search_term_string}\"},\"query-input\":\"required name=search_term_string\"}],\"inLanguage\":\"fr-FR\"},{\"@type\":\"Organization\",\"@id\":\"https:\/\/thai-inhaler.com\/#organization\",\"name\":\"Thai-Inhaler.com\",\"url\":\"https:\/\/thai-inhaler.com\/\",\"logo\":{\"@type\":\"ImageObject\",\"inLanguage\":\"fr-FR\",\"@id\":\"https:\/\/thai-inhaler.com\/#\/schema\/logo\/image\/\",\"url\":\"https:\/\/i0.wp.com\/thai-inhaler.com\/wp-content\/uploads\/2017\/08\/cropped-logoThaiinhaler-01.png?fit=460%2C160&ssl=1\",\"contentUrl\":\"https:\/\/i0.wp.com\/thai-inhaler.com\/wp-content\/uploads\/2017\/08\/cropped-logoThaiinhaler-01.png?fit=460%2C160&ssl=1\",\"width\":460,\"height\":160,\"caption\":\"Thai-Inhaler.com\"},\"image\":{\"@id\":\"https:\/\/thai-inhaler.com\/#\/schema\/logo\/image\/\"}}]}<\/script>\n<!-- \/ Yoast SEO plugin. -->","yoast_head_json":{"title":"Lanna Foot Patch \u2013 Patches D\u00e9tox Pieds \u2013 10 Patches - Thai-Inhaler.com","robots":{"index":"index","follow":"follow","max-snippet":"max-snippet:-1","max-image-preview":"max-image-preview:large","max-video-preview":"max-video-preview:-1"},"canonical":"https:\/\/thai-inhaler.com\/shop\/plasters\/lanna-foot-patch-thailand-foot-plasters-10-plasters\/","og_locale":"fr_FR","og_type":"article","og_title":"Lanna Foot Patch \u2013 Patches D\u00e9tox Pieds \u2013 10 Patches - Thai-Inhaler.com","og_description":"Type d'article : Massage, Relaxation et D\u00e9tox Dimensions : 20cm x 18cm x 3cm Poids : 0,103kg Utilisation : Corps\/Pieds Mat\u00e9riaux : Solution composite Fonction : Am\u00e9liore la qualit\u00e9 du sommeil et anti-fatigue Dur\u00e9e de conservation : 2 ans Origine : Tha\u00eflande","og_url":"https:\/\/thai-inhaler.com\/shop\/plasters\/lanna-foot-patch-thailand-foot-plasters-10-plasters\/","og_site_name":"Thai-Inhaler.com","article_modified_time":"2023-03-24T08:30:35+00:00","og_image":[{"width":1500,"height":1500,"url":"https:\/\/thai-inhaler.com\/wp-content\/uploads\/2017\/09\/Snapseed.jpg","type":"image\/jpeg"}],"twitter_card":"summary_large_image","twitter_misc":{"Dur\u00e9e de lecture estim\u00e9e":"3 minutes"},"schema":{"@context":"https:\/\/schema.org","@graph":[{"@type":"WebPage","@id":"https:\/\/thai-inhaler.com\/shop\/plasters\/lanna-foot-patch-thailand-foot-plasters-10-plasters\/","url":"https:\/\/thai-inhaler.com\/shop\/plasters\/lanna-foot-patch-thailand-foot-plasters-10-plasters\/","name":"Lanna Foot Patch \u2013 Patches D\u00e9tox Pieds \u2013 10 Patches - Thai-Inhaler.com","isPartOf":{"@id":"https:\/\/thai-inhaler.com\/#website"},"primaryImageOfPage":{"@id":"https:\/\/thai-inhaler.com\/shop\/plasters\/lanna-foot-patch-thailand-foot-plasters-10-plasters\/#primaryimage"},"image":{"@id":"https:\/\/thai-inhaler.com\/shop\/plasters\/lanna-foot-patch-thailand-foot-plasters-10-plasters\/#primaryimage"},"thumbnailUrl":"https:\/\/i0.wp.com\/thai-inhaler.com\/wp-content\/uploads\/2017\/09\/Snapseed.jpg?fit=1500%2C1500&ssl=1","datePublished":"2017-09-28T08:55:15+00:00","dateModified":"2023-03-24T08:30:35+00:00","breadcrumb":{"@id":"https:\/\/thai-inhaler.com\/shop\/plasters\/lanna-foot-patch-thailand-foot-plasters-10-plasters\/#breadcrumb"},"inLanguage":"fr-FR","potentialAction":[{"@type":"ReadAction","target":["https:\/\/thai-inhaler.com\/shop\/plasters\/lanna-foot-patch-thailand-foot-plasters-10-plasters\/"]}]},{"@type":"ImageObject","inLanguage":"fr-FR","@id":"https:\/\/thai-inhaler.com\/shop\/plasters\/lanna-foot-patch-thailand-foot-plasters-10-plasters\/#primaryimage","url":"https:\/\/i0.wp.com\/thai-inhaler.com\/wp-content\/uploads\/2017\/09\/Snapseed.jpg?fit=1500%2C1500&ssl=1","contentUrl":"https:\/\/i0.wp.com\/thai-inhaler.com\/wp-content\/uploads\/2017\/09\/Snapseed.jpg?fit=1500%2C1500&ssl=1","width":1500,"height":1500,"caption":"Lanna Foot Patch \u2013 Patches pour Pieds \u2013 10 Patches"},{"@type":"BreadcrumbList","@id":"https:\/\/thai-inhaler.com\/shop\/plasters\/lanna-foot-patch-thailand-foot-plasters-10-plasters\/#breadcrumb","itemListElement":[{"@type":"ListItem","position":1,"name":"Home","item":"https:\/\/thai-inhaler.com\/fr\/"},{"@type":"ListItem","position":2,"name":"Shop","item":"https:\/\/thai-inhaler.com\/shop\/"},{"@type":"ListItem","position":3,"name":"Lanna Foot Patch \u2013 Patches D\u00e9tox Pieds \u2013 10 Patches"}]},{"@type":"WebSite","@id":"https:\/\/thai-inhaler.com\/#website","url":"https:\/\/thai-inhaler.com\/","name":"Thai-Inhaler.com","description":"Thai Herbal Products, Inhalers, Balms, Plasters On Sale","publisher":{"@id":"https:\/\/thai-inhaler.com\/#organization"},"potentialAction":[{"@type":"SearchAction","target":{"@type":"EntryPoint","urlTemplate":"https:\/\/thai-inhaler.com\/?s={search_term_string}"},"query-input":"required name=search_term_string"}],"inLanguage":"fr-FR"},{"@type":"Organization","@id":"https:\/\/thai-inhaler.com\/#organization","name":"Thai-Inhaler.com","url":"https:\/\/thai-inhaler.com\/","logo":{"@type":"ImageObject","inLanguage":"fr-FR","@id":"https:\/\/thai-inhaler.com\/#\/schema\/logo\/image\/","url":"https:\/\/i0.wp.com\/thai-inhaler.com\/wp-content\/uploads\/2017\/08\/cropped-logoThaiinhaler-01.png?fit=460%2C160&ssl=1","contentUrl":"https:\/\/i0.wp.com\/thai-inhaler.com\/wp-content\/uploads\/2017\/08\/cropped-logoThaiinhaler-01.png?fit=460%2C160&ssl=1","width":460,"height":160,"caption":"Thai-Inhaler.com"},"image":{"@id":"https:\/\/thai-inhaler.com\/#\/schema\/logo\/image\/"}}]}},"jetpack_sharing_enabled":true,"_links":{"self":[{"href":"https:\/\/thai-inhaler.com\/fr\/wp-json\/wp\/v2\/product\/375"}],"collection":[{"href":"https:\/\/thai-inhaler.com\/fr\/wp-json\/wp\/v2\/product"}],"about":[{"href":"https:\/\/thai-inhaler.com\/fr\/wp-json\/wp\/v2\/types\/product"}],"replies":[{"embeddable":true,"href":"https:\/\/thai-inhaler.com\/fr\/wp-json\/wp\/v2\/comments?post=375"}],"wp:featuredmedia":[{"embeddable":true,"href":"https:\/\/thai-inhaler.com\/fr\/wp-json\/wp\/v2\/media\/367"}],"wp:attachment":[{"href":"https:\/\/thai-inhaler.com\/fr\/wp-json\/wp\/v2\/media?parent=375"}],"wp:term":[{"taxonomy":"product_cat","embeddable":true,"href":"https:\/\/thai-inhaler.com\/fr\/wp-json\/wp\/v2\/product_cat?post=375"},{"taxonomy":"product_tag","embeddable":true,"href":"https:\/\/thai-inhaler.com\/fr\/wp-json\/wp\/v2\/product_tag?post=375"}],"curies":[{"name":"wp","href":"https:\/\/api.w.org\/{rel}","templated":true}]}}