{"id":374,"date":"2017-11-24T15:56:04","date_gmt":"2017-11-24T14:56:04","guid":{"rendered":"https:\/\/thai-inhaler.com\/shop\/non%20class\u00e9\/vapex-inhalateur-et-huile-thailande-1-piece\/"},"modified":"2024-04-01T09:58:23","modified_gmt":"2024-04-01T07:58:23","slug":"vapex-inhalateur-et-huile-thailande-1-piece","status":"publish","type":"product","link":"https:\/\/thai-inhaler.com\/fr\/shop\/inhalateurs\/vapex-inhalateur-et-huile-thailande-1-piece\/","title":{"rendered":"Vapex &#8211; Inhalateur et Huile Tha\u00eflande &#8211; 1 Pi\u00e8ce"},"content":{"rendered":"<h2>Vapex &#8211; Inhalateur et Huile Tha\u00eflande &#8211; 1 Pi\u00e8ce<\/h2>\n<p>Vapex Inhalateur et Huile est un produit originaire de Tha\u00eflande de grande qualit\u00e9, utilis\u00e9 pour comme d\u00e9congestionnant nasal. Il est disponible dans un format de poche afin de le transporter partout tr\u00e8s facilement. Gr\u00e2ce \u00e0 sa fonction 2 en 1 celui-ci est extr\u00eamement pratique : il suffit de d\u00e9visser le r\u00e9servoir d&#8217;huile de menthol et eucalyptus afin d&#8217;en appliquer directement quelques gouttes sur les parties n\u00e9cessaires, en plus de sa fonction inhalateur.<\/p>\n<h3>Efficacit\u00e9 du produit :<\/h3>\n<p>Vapex Inhalateur et Huile aide \u00e0 \u00e9liminer la congestion nasale qui accompagne souvent les rhumes saisonniers, grippes, sinusites ou allergies. Il vous permet de respirer librement en estompant les sympt\u00f4mes rapidement et de fa\u00e7on naturelle. Il peut aussi \u00eatre utilis\u00e9 pour soulager les sympt\u00f4mes li\u00e9s \u00e0 un malaise par exemple. En outre, il est extr\u00eamement efficace contre les inflammations et d\u00e9mangeaisons caus\u00e9es par les piq\u00fbres d&#8217;insectes comme les moustiques ou fourmis.<\/p>\n<h3>Ingr\u00e9dients actifs :<\/h3>\n<ul>\n<li>Menthol \u2013 15.25%<\/li>\n<li>Huile d&#8217;eucalyptus \u2013 4.45%<\/li>\n<\/ul>\n<h3>Comment l&#8217;utiliser :<\/h3>\n<p>D\u00e8s les premiers sympt\u00f4mes du rhume, \u00e9talez quelques gouttes de l&#8217;huile Vapex sur un mouchoir et inspirez profond\u00e9ment. Faites cela aussi souvent que n\u00e9cessaire tout au long de la journ\u00e9e, et pensez \u00e0 changer de mouchoir si n\u00e9cessaire. Pour les enfants, vous pouvez d\u00e9poser une goutte de Vapex sur leur oreiller avant le coucher.<\/p>\n<p>Vous pouvez aussi utiliser Vapex en inhalant directement les vapeurs plut\u00f4t que d&#8217;utiliser un mouchoir. Pour une efficacit\u00e9 maximum, bouchez l&#8217;une de vos narines avec un doigt et inspirez profond\u00e9ment de l&#8217;autre, puis r\u00e9p\u00e9tez ensuite l&#8217;op\u00e9ration avec l&#8217;autre narine.<\/p>\n<h3>Attention :<\/h3>\n<p>Un inhalateur ne doit \u00eatre utilis\u00e9 que par une seule personne. L&#8217;utilisation du m\u00eame inhalateur par plus d&#8217;une personne pourrait causer ou propager des infections.<\/p>\n<h3>Conservation :<\/h3>\n<p>Conserver dans un endroit frais, sec et \u00e0 l&#8217;abri de la lumi\u00e8re.<\/p>\n","protected":false},"excerpt":{"rendered":"<p><b>Type d&#8217;article :<\/b> Inhalateur<br \/>\n<b>Quantit\u00e9 : <\/b>2ml<br \/>\n<b>Application :<\/b> Corps<br \/>\n<b>Fonction :<\/b> D\u00e9congestion nasale<br \/>\n<b>\u00c9tat : <\/b>Neuf et scell\u00e9 d&#8217;usine<br \/>\n<b>Conservation :<\/b> 3 ans<br \/>\n<b>Origine :<\/b> Tha\u00eflande<\/p>\n","protected":false},"featured_media":370,"comment_status":"open","ping_status":"closed","template":"","meta":{"_exactmetrics_skip_tracking":false,"_exactmetrics_sitenote_active":false,"_exactmetrics_sitenote_note":"","_exactmetrics_sitenote_category":0,"jetpack_post_was_ever_published":false},"product_cat":[57],"product_tag":[],"yoast_head":"<!-- This site is optimized with the Yoast SEO plugin v22.3 - https:\/\/yoast.com\/wordpress\/plugins\/seo\/ -->\n<title>Vapex - Inhalateur et Huile Tha\u00eflande - 1 Pi\u00e8ce - Thai-Inhaler.com<\/title>\n<meta name=\"robots\" content=\"index, follow, max-snippet:-1, max-image-preview:large, max-video-preview:-1\" \/>\n<link rel=\"canonical\" href=\"https:\/\/thai-inhaler.com\/fr\/shop\/inhalateurs\/vapex-inhalateur-et-huile-thailande-1-piece\/\" \/>\n<meta property=\"og:locale\" content=\"fr_FR\" \/>\n<meta property=\"og:type\" content=\"article\" \/>\n<meta property=\"og:title\" content=\"Vapex - Inhalateur et Huile Tha\u00eflande - 1 Pi\u00e8ce - Thai-Inhaler.com\" \/>\n<meta property=\"og:description\" content=\"Type d&#039;article : Inhalateur Quantit\u00e9 : 2ml Application : Corps Fonction : D\u00e9congestion nasale \u00c9tat : Neuf et scell\u00e9 d&#039;usine Conservation : 3 ans Origine : Tha\u00eflande\" \/>\n<meta property=\"og:url\" content=\"https:\/\/thai-inhaler.com\/fr\/shop\/inhalateurs\/vapex-inhalateur-et-huile-thailande-1-piece\/\" \/>\n<meta property=\"og:site_name\" content=\"Thai-Inhaler.com\" \/>\n<meta property=\"article:modified_time\" content=\"2024-04-01T07:58:23+00:00\" \/>\n<meta property=\"og:image\" content=\"https:\/\/thai-inhaler.com\/wp-content\/uploads\/2017\/11\/IMG_4061.jpg\" \/>\n\t<meta property=\"og:image:width\" content=\"1818\" \/>\n\t<meta property=\"og:image:height\" content=\"1818\" \/>\n\t<meta property=\"og:image:type\" content=\"image\/jpeg\" \/>\n<meta name=\"twitter:card\" content=\"summary_large_image\" \/>\n<meta name=\"twitter:label1\" content=\"Dur\u00e9e de lecture estim\u00e9e\" \/>\n\t<meta name=\"twitter:data1\" content=\"2 minutes\" \/>\n<script type=\"application\/ld+json\" class=\"yoast-schema-graph\">{\"@context\":\"https:\/\/schema.org\",\"@graph\":[{\"@type\":\"WebPage\",\"@id\":\"https:\/\/thai-inhaler.com\/fr\/shop\/inhalateurs\/vapex-inhalateur-et-huile-thailande-1-piece\/\",\"url\":\"https:\/\/thai-inhaler.com\/fr\/shop\/inhalateurs\/vapex-inhalateur-et-huile-thailande-1-piece\/\",\"name\":\"Vapex - Inhalateur et Huile Tha\u00eflande - 1 Pi\u00e8ce - Thai-Inhaler.com\",\"isPartOf\":{\"@id\":\"https:\/\/thai-inhaler.com\/#website\"},\"primaryImageOfPage\":{\"@id\":\"https:\/\/thai-inhaler.com\/fr\/shop\/inhalateurs\/vapex-inhalateur-et-huile-thailande-1-piece\/#primaryimage\"},\"image\":{\"@id\":\"https:\/\/thai-inhaler.com\/fr\/shop\/inhalateurs\/vapex-inhalateur-et-huile-thailande-1-piece\/#primaryimage\"},\"thumbnailUrl\":\"https:\/\/i0.wp.com\/thai-inhaler.com\/wp-content\/uploads\/2017\/11\/IMG_4061.jpg?fit=1818%2C1818&ssl=1\",\"datePublished\":\"2017-11-24T14:56:04+00:00\",\"dateModified\":\"2024-04-01T07:58:23+00:00\",\"breadcrumb\":{\"@id\":\"https:\/\/thai-inhaler.com\/fr\/shop\/inhalateurs\/vapex-inhalateur-et-huile-thailande-1-piece\/#breadcrumb\"},\"inLanguage\":\"fr-FR\",\"potentialAction\":[{\"@type\":\"ReadAction\",\"target\":[\"https:\/\/thai-inhaler.com\/fr\/shop\/inhalateurs\/vapex-inhalateur-et-huile-thailande-1-piece\/\"]}]},{\"@type\":\"ImageObject\",\"inLanguage\":\"fr-FR\",\"@id\":\"https:\/\/thai-inhaler.com\/fr\/shop\/inhalateurs\/vapex-inhalateur-et-huile-thailande-1-piece\/#primaryimage\",\"url\":\"https:\/\/i0.wp.com\/thai-inhaler.com\/wp-content\/uploads\/2017\/11\/IMG_4061.jpg?fit=1818%2C1818&ssl=1\",\"contentUrl\":\"https:\/\/i0.wp.com\/thai-inhaler.com\/wp-content\/uploads\/2017\/11\/IMG_4061.jpg?fit=1818%2C1818&ssl=1\",\"width\":1818,\"height\":1818,\"caption\":\"Vapex - Inhalateur et Huile Tha\u00eflande - 1 Pi\u00e8ce\"},{\"@type\":\"BreadcrumbList\",\"@id\":\"https:\/\/thai-inhaler.com\/fr\/shop\/inhalateurs\/vapex-inhalateur-et-huile-thailande-1-piece\/#breadcrumb\",\"itemListElement\":[{\"@type\":\"ListItem\",\"position\":1,\"name\":\"Home\",\"item\":\"https:\/\/thai-inhaler.com\/fr\/\"},{\"@type\":\"ListItem\",\"position\":2,\"name\":\"Shop\",\"item\":\"https:\/\/thai-inhaler.com\/shop\/\"},{\"@type\":\"ListItem\",\"position\":3,\"name\":\"Vapex &#8211; Inhalateur et Huile Tha\u00eflande &#8211; 1 Pi\u00e8ce\"}]},{\"@type\":\"WebSite\",\"@id\":\"https:\/\/thai-inhaler.com\/#website\",\"url\":\"https:\/\/thai-inhaler.com\/\",\"name\":\"Thai-Inhaler.com\",\"description\":\"Thai Herbal Products, Inhalers, Balms, Plasters On Sale\",\"publisher\":{\"@id\":\"https:\/\/thai-inhaler.com\/#organization\"},\"potentialAction\":[{\"@type\":\"SearchAction\",\"target\":{\"@type\":\"EntryPoint\",\"urlTemplate\":\"https:\/\/thai-inhaler.com\/?s={search_term_string}\"},\"query-input\":\"required name=search_term_string\"}],\"inLanguage\":\"fr-FR\"},{\"@type\":\"Organization\",\"@id\":\"https:\/\/thai-inhaler.com\/#organization\",\"name\":\"Thai-Inhaler.com\",\"url\":\"https:\/\/thai-inhaler.com\/\",\"logo\":{\"@type\":\"ImageObject\",\"inLanguage\":\"fr-FR\",\"@id\":\"https:\/\/thai-inhaler.com\/#\/schema\/logo\/image\/\",\"url\":\"https:\/\/i0.wp.com\/thai-inhaler.com\/wp-content\/uploads\/2017\/08\/cropped-logoThaiinhaler-01.png?fit=460%2C160&ssl=1\",\"contentUrl\":\"https:\/\/i0.wp.com\/thai-inhaler.com\/wp-content\/uploads\/2017\/08\/cropped-logoThaiinhaler-01.png?fit=460%2C160&ssl=1\",\"width\":460,\"height\":160,\"caption\":\"Thai-Inhaler.com\"},\"image\":{\"@id\":\"https:\/\/thai-inhaler.com\/#\/schema\/logo\/image\/\"}}]}<\/script>\n<!-- \/ Yoast SEO plugin. -->","yoast_head_json":{"title":"Vapex - Inhalateur et Huile Tha\u00eflande - 1 Pi\u00e8ce - Thai-Inhaler.com","robots":{"index":"index","follow":"follow","max-snippet":"max-snippet:-1","max-image-preview":"max-image-preview:large","max-video-preview":"max-video-preview:-1"},"canonical":"https:\/\/thai-inhaler.com\/fr\/shop\/inhalateurs\/vapex-inhalateur-et-huile-thailande-1-piece\/","og_locale":"fr_FR","og_type":"article","og_title":"Vapex - Inhalateur et Huile Tha\u00eflande - 1 Pi\u00e8ce - Thai-Inhaler.com","og_description":"Type d'article : Inhalateur Quantit\u00e9 : 2ml Application : Corps Fonction : D\u00e9congestion nasale \u00c9tat : Neuf et scell\u00e9 d'usine Conservation : 3 ans Origine : Tha\u00eflande","og_url":"https:\/\/thai-inhaler.com\/fr\/shop\/inhalateurs\/vapex-inhalateur-et-huile-thailande-1-piece\/","og_site_name":"Thai-Inhaler.com","article_modified_time":"2024-04-01T07:58:23+00:00","og_image":[{"width":1818,"height":1818,"url":"https:\/\/thai-inhaler.com\/wp-content\/uploads\/2017\/11\/IMG_4061.jpg","type":"image\/jpeg"}],"twitter_card":"summary_large_image","twitter_misc":{"Dur\u00e9e de lecture estim\u00e9e":"2 minutes"},"schema":{"@context":"https:\/\/schema.org","@graph":[{"@type":"WebPage","@id":"https:\/\/thai-inhaler.com\/fr\/shop\/inhalateurs\/vapex-inhalateur-et-huile-thailande-1-piece\/","url":"https:\/\/thai-inhaler.com\/fr\/shop\/inhalateurs\/vapex-inhalateur-et-huile-thailande-1-piece\/","name":"Vapex - Inhalateur et Huile Tha\u00eflande - 1 Pi\u00e8ce - Thai-Inhaler.com","isPartOf":{"@id":"https:\/\/thai-inhaler.com\/#website"},"primaryImageOfPage":{"@id":"https:\/\/thai-inhaler.com\/fr\/shop\/inhalateurs\/vapex-inhalateur-et-huile-thailande-1-piece\/#primaryimage"},"image":{"@id":"https:\/\/thai-inhaler.com\/fr\/shop\/inhalateurs\/vapex-inhalateur-et-huile-thailande-1-piece\/#primaryimage"},"thumbnailUrl":"https:\/\/i0.wp.com\/thai-inhaler.com\/wp-content\/uploads\/2017\/11\/IMG_4061.jpg?fit=1818%2C1818&ssl=1","datePublished":"2017-11-24T14:56:04+00:00","dateModified":"2024-04-01T07:58:23+00:00","breadcrumb":{"@id":"https:\/\/thai-inhaler.com\/fr\/shop\/inhalateurs\/vapex-inhalateur-et-huile-thailande-1-piece\/#breadcrumb"},"inLanguage":"fr-FR","potentialAction":[{"@type":"ReadAction","target":["https:\/\/thai-inhaler.com\/fr\/shop\/inhalateurs\/vapex-inhalateur-et-huile-thailande-1-piece\/"]}]},{"@type":"ImageObject","inLanguage":"fr-FR","@id":"https:\/\/thai-inhaler.com\/fr\/shop\/inhalateurs\/vapex-inhalateur-et-huile-thailande-1-piece\/#primaryimage","url":"https:\/\/i0.wp.com\/thai-inhaler.com\/wp-content\/uploads\/2017\/11\/IMG_4061.jpg?fit=1818%2C1818&ssl=1","contentUrl":"https:\/\/i0.wp.com\/thai-inhaler.com\/wp-content\/uploads\/2017\/11\/IMG_4061.jpg?fit=1818%2C1818&ssl=1","width":1818,"height":1818,"caption":"Vapex - Inhalateur et Huile Tha\u00eflande - 1 Pi\u00e8ce"},{"@type":"BreadcrumbList","@id":"https:\/\/thai-inhaler.com\/fr\/shop\/inhalateurs\/vapex-inhalateur-et-huile-thailande-1-piece\/#breadcrumb","itemListElement":[{"@type":"ListItem","position":1,"name":"Home","item":"https:\/\/thai-inhaler.com\/fr\/"},{"@type":"ListItem","position":2,"name":"Shop","item":"https:\/\/thai-inhaler.com\/shop\/"},{"@type":"ListItem","position":3,"name":"Vapex &#8211; Inhalateur et Huile Tha\u00eflande &#8211; 1 Pi\u00e8ce"}]},{"@type":"WebSite","@id":"https:\/\/thai-inhaler.com\/#website","url":"https:\/\/thai-inhaler.com\/","name":"Thai-Inhaler.com","description":"Thai Herbal Products, Inhalers, Balms, Plasters On Sale","publisher":{"@id":"https:\/\/thai-inhaler.com\/#organization"},"potentialAction":[{"@type":"SearchAction","target":{"@type":"EntryPoint","urlTemplate":"https:\/\/thai-inhaler.com\/?s={search_term_string}"},"query-input":"required name=search_term_string"}],"inLanguage":"fr-FR"},{"@type":"Organization","@id":"https:\/\/thai-inhaler.com\/#organization","name":"Thai-Inhaler.com","url":"https:\/\/thai-inhaler.com\/","logo":{"@type":"ImageObject","inLanguage":"fr-FR","@id":"https:\/\/thai-inhaler.com\/#\/schema\/logo\/image\/","url":"https:\/\/i0.wp.com\/thai-inhaler.com\/wp-content\/uploads\/2017\/08\/cropped-logoThaiinhaler-01.png?fit=460%2C160&ssl=1","contentUrl":"https:\/\/i0.wp.com\/thai-inhaler.com\/wp-content\/uploads\/2017\/08\/cropped-logoThaiinhaler-01.png?fit=460%2C160&ssl=1","width":460,"height":160,"caption":"Thai-Inhaler.com"},"image":{"@id":"https:\/\/thai-inhaler.com\/#\/schema\/logo\/image\/"}}]}},"jetpack_sharing_enabled":true,"_links":{"self":[{"href":"https:\/\/thai-inhaler.com\/fr\/wp-json\/wp\/v2\/product\/374"}],"collection":[{"href":"https:\/\/thai-inhaler.com\/fr\/wp-json\/wp\/v2\/product"}],"about":[{"href":"https:\/\/thai-inhaler.com\/fr\/wp-json\/wp\/v2\/types\/product"}],"replies":[{"embeddable":true,"href":"https:\/\/thai-inhaler.com\/fr\/wp-json\/wp\/v2\/comments?post=374"}],"wp:featuredmedia":[{"embeddable":true,"href":"https:\/\/thai-inhaler.com\/fr\/wp-json\/wp\/v2\/media\/370"}],"wp:attachment":[{"href":"https:\/\/thai-inhaler.com\/fr\/wp-json\/wp\/v2\/media?parent=374"}],"wp:term":[{"taxonomy":"product_cat","embeddable":true,"href":"https:\/\/thai-inhaler.com\/fr\/wp-json\/wp\/v2\/product_cat?post=374"},{"taxonomy":"product_tag","embeddable":true,"href":"https:\/\/thai-inhaler.com\/fr\/wp-json\/wp\/v2\/product_tag?post=374"}],"curies":[{"name":"wp","href":"https:\/\/api.w.org\/{rel}","templated":true}]}}