{"id":2055,"date":"2023-01-22T09:23:00","date_gmt":"2023-01-22T08:23:00","guid":{"rendered":"https:\/\/thai-inhaler.com\/?post_type=product&#038;p=2055"},"modified":"2023-05-02T15:46:37","modified_gmt":"2023-05-02T13:46:37","slug":"peppermint-field-orange-oil-essence-inhalateur-nasal-et-huile-de-thailande-1-piece","status":"publish","type":"product","link":"https:\/\/thai-inhaler.com\/fr\/shop\/inhalateurs\/peppermint-field-orange-oil-essence-inhalateur-nasal-et-huile-de-thailande-1-piece\/","title":{"rendered":"Peppermint Field Orange Oil Essence &#8211; Inhalateur nasal et huile de Tha\u00eflande &#8211; 1 pi\u00e8ce"},"content":{"rendered":"<h2>Peppermint Field Orange Oil Essence &#8211; Inhalateur nasal et huile de Tha\u00eflande &#8211; 1 pi\u00e8ce<\/h2>\n<p>L&#8217;inhalateur et l&#8217;huile de Tha\u00eflande Peppermint Field Orange Oil Essence aide \u00e0 lutter contre la congestion nasale, l&#8217;essoufflement et les \u00e9tourdissements. Parfum aromatique aux huiles essentielles d&#8217;orange (huile d&#8217;orange), de menthe poivr\u00e9e et de menthol.<\/p>\n<p>Fabriqu\u00e9 \u00e0 partir d&#8217;ingr\u00e9dients 100 % naturels, d&#8217;huiles essentielles d&#8217;orange et de menthe poivr\u00e9e.<\/p>\n<p>Vous vous sentirez rafra\u00eechi, d\u00e9tendu et frais apr\u00e8s avoir utilis\u00e9 l&#8217;inhalateur.<\/p>\n<p>L&#8217;inhalateur et l&#8217;huile de Tha\u00eflande Peppermint Field Orange Oil Essence est un inhalateur nasal 2 en 1 parfum\u00e9 et rafra\u00eechissant qui vous laissera une sensation de fra\u00eecheur et de d\u00e9tente. Parfum\u00e9 aux huiles essentielles d&#8217;orange (huile d&#8217;orange), de menthe poivr\u00e9e et de menthol, qui ont un effet rafra\u00eechissant et peuvent aider \u00e0 lutter contre la congestion nasale et les \u00e9tourdissements.<\/p>\n<p>Inhalez-le aussi souvent que vous le souhaitez (jusqu&#8217;\u00e0 11 % de camphre selon les normes de la FDA am\u00e9ricaine).<\/p>\n<h3>Comment l&#8217;utiliser :<\/h3>\n<p>L&#8217;inhalateur et l&#8217;huile de Tha\u00eflande Peppermint Field Orange Oil Essence est livr\u00e9 avec un flacon qui peut \u00eatre utilis\u00e9 \u00e0 deux fins : un c\u00f4t\u00e9 pour l&#8217;inhalation nasale et l&#8217;autre pour appliquer l&#8217;huile sur les tempes ou les piq\u00fbres d&#8217;insectes.<\/p>\n<h3>Pr\u00e9cautions :<\/h3>\n<p>Pour usage externe et inhalation uniquement.<br \/>\nNe pas manger, ne pas ing\u00e9rer. \u00c9viter tout contact avec les yeux. Tenir hors de port\u00e9e des enfants.<\/p>\n<h3>Principaux ingr\u00e9dients actifs :<\/h3>\n<p>Orange (Huile d&#8217;orange)<br \/>\nMenthol 55.9 %,<br \/>\nHuile de menthe poivr\u00e9e 3.727 %,<br \/>\nCamphre 4.969 %,<br \/>\nBorn\u00e9ol 9 %,<br \/>\nHuile d&#8217;eucalyptus 6,2 %,<br \/>\nHuile min\u00e9rale q.s. \u00e0 100 %.<\/p>\n<h3>Stockage :<\/h3>\n<p>Conserver \u00e0 l&#8217;abri de la chaleur et de la lumi\u00e8re directe du soleil.<\/p>\n<h3>Origine :<\/h3>\n<p>Produit en Tha\u00eflande.<\/p>\n","protected":false},"excerpt":{"rendered":"<p><strong>Nom du produit :<\/strong> Peppermint Field Orange Oil Essence &#8211; Inhalateur nasal et huile de Tha\u00eflande<br \/>\n<strong>Dimensions :<\/strong> hauteur &#8211; 6,5cm, diam\u00e8tre &#8211; 1,6cm<br \/>\n<strong>Poids net :<\/strong> 12g<br \/>\n<strong>Dur\u00e9e de conservation :<\/strong> 3 ans<br \/>\n<strong>Utilisation :<\/strong> usage externe uniquement<br \/>\n<strong>Origine du produit :<\/strong> Tha\u00eflande<br \/>\n<strong>Type d&#8217;article :<\/strong> massage et relaxation<br \/>\n<strong>Application :<\/strong> corps<\/p>\n","protected":false},"featured_media":2041,"comment_status":"open","ping_status":"closed","template":"","meta":{"_exactmetrics_skip_tracking":false,"_exactmetrics_sitenote_active":false,"_exactmetrics_sitenote_note":"","_exactmetrics_sitenote_category":0,"jetpack_post_was_ever_published":false},"product_cat":[57],"product_tag":[],"yoast_head":"<!-- This site is optimized with the Yoast SEO plugin v22.3 - https:\/\/yoast.com\/wordpress\/plugins\/seo\/ -->\n<title>Peppermint Field Orange Oil Essence - Inhalateur nasal Tha\u00eflande<\/title>\n<meta name=\"robots\" content=\"index, follow, max-snippet:-1, max-image-preview:large, max-video-preview:-1\" \/>\n<link rel=\"canonical\" href=\"https:\/\/thai-inhaler.com\/fr\/shop\/inhalers\/peppermint-field-orange-oil-essence-inhalateur-nasal-et-huile-de-thailande-1-piece\/\" \/>\n<meta property=\"og:locale\" content=\"fr_FR\" \/>\n<meta property=\"og:type\" content=\"article\" \/>\n<meta property=\"og:title\" content=\"Peppermint Field Orange Oil Essence - Inhalateur nasal Tha\u00eflande\" \/>\n<meta property=\"og:description\" content=\"Nom du produit : Peppermint Field Orange Oil Essence - Inhalateur nasal et huile de Tha\u00eflande Dimensions : hauteur - 6,5cm, diam\u00e8tre - 1,6cm Poids net : 12g Dur\u00e9e de conservation : 3 ans Utilisation : usage externe uniquement Origine du produit : Tha\u00eflande Type d&#039;article : massage et relaxation Application : corps\" \/>\n<meta property=\"og:url\" content=\"https:\/\/thai-inhaler.com\/fr\/shop\/inhalers\/peppermint-field-orange-oil-essence-inhalateur-nasal-et-huile-de-thailande-1-piece\/\" \/>\n<meta property=\"og:site_name\" content=\"Thai-Inhaler.com\" \/>\n<meta property=\"article:modified_time\" content=\"2023-05-02T13:46:37+00:00\" \/>\n<meta property=\"og:image\" content=\"https:\/\/thai-inhaler.com\/wp-content\/uploads\/2023\/01\/Peppermint-Field-Orange-Oil-Essence-\u2013-Thailand-Nasal-Inhaler-and-Oil-\u2013-1-Piece-3.jpg\" \/>\n\t<meta property=\"og:image:width\" content=\"400\" \/>\n\t<meta property=\"og:image:height\" content=\"400\" \/>\n\t<meta property=\"og:image:type\" content=\"image\/jpeg\" \/>\n<meta name=\"twitter:card\" content=\"summary_large_image\" \/>\n<meta name=\"twitter:label1\" content=\"Dur\u00e9e de lecture estim\u00e9e\" \/>\n\t<meta name=\"twitter:data1\" content=\"2 minutes\" \/>\n<script type=\"application\/ld+json\" class=\"yoast-schema-graph\">{\"@context\":\"https:\/\/schema.org\",\"@graph\":[{\"@type\":\"WebPage\",\"@id\":\"https:\/\/thai-inhaler.com\/fr\/shop\/inhalers\/peppermint-field-orange-oil-essence-inhalateur-nasal-et-huile-de-thailande-1-piece\/\",\"url\":\"https:\/\/thai-inhaler.com\/fr\/shop\/inhalers\/peppermint-field-orange-oil-essence-inhalateur-nasal-et-huile-de-thailande-1-piece\/\",\"name\":\"Peppermint Field Orange Oil Essence - Inhalateur nasal Tha\u00eflande\",\"isPartOf\":{\"@id\":\"https:\/\/thai-inhaler.com\/#website\"},\"primaryImageOfPage\":{\"@id\":\"https:\/\/thai-inhaler.com\/fr\/shop\/inhalers\/peppermint-field-orange-oil-essence-inhalateur-nasal-et-huile-de-thailande-1-piece\/#primaryimage\"},\"image\":{\"@id\":\"https:\/\/thai-inhaler.com\/fr\/shop\/inhalers\/peppermint-field-orange-oil-essence-inhalateur-nasal-et-huile-de-thailande-1-piece\/#primaryimage\"},\"thumbnailUrl\":\"https:\/\/i0.wp.com\/thai-inhaler.com\/wp-content\/uploads\/2023\/01\/Peppermint-Field-Orange-Oil-Essence-\u2013-Thailand-Nasal-Inhaler-and-Oil-\u2013-1-Piece-3.jpg?fit=400%2C400&ssl=1\",\"datePublished\":\"2023-01-22T08:23:00+00:00\",\"dateModified\":\"2023-05-02T13:46:37+00:00\",\"breadcrumb\":{\"@id\":\"https:\/\/thai-inhaler.com\/fr\/shop\/inhalers\/peppermint-field-orange-oil-essence-inhalateur-nasal-et-huile-de-thailande-1-piece\/#breadcrumb\"},\"inLanguage\":\"fr-FR\",\"potentialAction\":[{\"@type\":\"ReadAction\",\"target\":[\"https:\/\/thai-inhaler.com\/fr\/shop\/inhalers\/peppermint-field-orange-oil-essence-inhalateur-nasal-et-huile-de-thailande-1-piece\/\"]}]},{\"@type\":\"ImageObject\",\"inLanguage\":\"fr-FR\",\"@id\":\"https:\/\/thai-inhaler.com\/fr\/shop\/inhalers\/peppermint-field-orange-oil-essence-inhalateur-nasal-et-huile-de-thailande-1-piece\/#primaryimage\",\"url\":\"https:\/\/i0.wp.com\/thai-inhaler.com\/wp-content\/uploads\/2023\/01\/Peppermint-Field-Orange-Oil-Essence-\u2013-Thailand-Nasal-Inhaler-and-Oil-\u2013-1-Piece-3.jpg?fit=400%2C400&ssl=1\",\"contentUrl\":\"https:\/\/i0.wp.com\/thai-inhaler.com\/wp-content\/uploads\/2023\/01\/Peppermint-Field-Orange-Oil-Essence-\u2013-Thailand-Nasal-Inhaler-and-Oil-\u2013-1-Piece-3.jpg?fit=400%2C400&ssl=1\",\"width\":400,\"height\":400},{\"@type\":\"BreadcrumbList\",\"@id\":\"https:\/\/thai-inhaler.com\/fr\/shop\/inhalers\/peppermint-field-orange-oil-essence-inhalateur-nasal-et-huile-de-thailande-1-piece\/#breadcrumb\",\"itemListElement\":[{\"@type\":\"ListItem\",\"position\":1,\"name\":\"Home\",\"item\":\"https:\/\/thai-inhaler.com\/fr\/\"},{\"@type\":\"ListItem\",\"position\":2,\"name\":\"Shop\",\"item\":\"https:\/\/thai-inhaler.com\/shop\/\"},{\"@type\":\"ListItem\",\"position\":3,\"name\":\"Peppermint Field Orange Oil Essence &#8211; Inhalateur nasal et huile de Tha\u00eflande &#8211; 1 pi\u00e8ce\"}]},{\"@type\":\"WebSite\",\"@id\":\"https:\/\/thai-inhaler.com\/#website\",\"url\":\"https:\/\/thai-inhaler.com\/\",\"name\":\"Thai-Inhaler.com\",\"description\":\"Thai Herbal Products, Inhalers, Balms, Plasters On Sale\",\"publisher\":{\"@id\":\"https:\/\/thai-inhaler.com\/#organization\"},\"potentialAction\":[{\"@type\":\"SearchAction\",\"target\":{\"@type\":\"EntryPoint\",\"urlTemplate\":\"https:\/\/thai-inhaler.com\/?s={search_term_string}\"},\"query-input\":\"required name=search_term_string\"}],\"inLanguage\":\"fr-FR\"},{\"@type\":\"Organization\",\"@id\":\"https:\/\/thai-inhaler.com\/#organization\",\"name\":\"Thai-Inhaler.com\",\"url\":\"https:\/\/thai-inhaler.com\/\",\"logo\":{\"@type\":\"ImageObject\",\"inLanguage\":\"fr-FR\",\"@id\":\"https:\/\/thai-inhaler.com\/#\/schema\/logo\/image\/\",\"url\":\"https:\/\/i0.wp.com\/thai-inhaler.com\/wp-content\/uploads\/2017\/08\/cropped-logoThaiinhaler-01.png?fit=460%2C160&ssl=1\",\"contentUrl\":\"https:\/\/i0.wp.com\/thai-inhaler.com\/wp-content\/uploads\/2017\/08\/cropped-logoThaiinhaler-01.png?fit=460%2C160&ssl=1\",\"width\":460,\"height\":160,\"caption\":\"Thai-Inhaler.com\"},\"image\":{\"@id\":\"https:\/\/thai-inhaler.com\/#\/schema\/logo\/image\/\"}}]}<\/script>\n<!-- \/ Yoast SEO plugin. -->","yoast_head_json":{"title":"Peppermint Field Orange Oil Essence - Inhalateur nasal Tha\u00eflande","robots":{"index":"index","follow":"follow","max-snippet":"max-snippet:-1","max-image-preview":"max-image-preview:large","max-video-preview":"max-video-preview:-1"},"canonical":"https:\/\/thai-inhaler.com\/fr\/shop\/inhalers\/peppermint-field-orange-oil-essence-inhalateur-nasal-et-huile-de-thailande-1-piece\/","og_locale":"fr_FR","og_type":"article","og_title":"Peppermint Field Orange Oil Essence - Inhalateur nasal Tha\u00eflande","og_description":"Nom du produit : Peppermint Field Orange Oil Essence - Inhalateur nasal et huile de Tha\u00eflande Dimensions : hauteur - 6,5cm, diam\u00e8tre - 1,6cm Poids net : 12g Dur\u00e9e de conservation : 3 ans Utilisation : usage externe uniquement Origine du produit : Tha\u00eflande Type d'article : massage et relaxation Application : corps","og_url":"https:\/\/thai-inhaler.com\/fr\/shop\/inhalers\/peppermint-field-orange-oil-essence-inhalateur-nasal-et-huile-de-thailande-1-piece\/","og_site_name":"Thai-Inhaler.com","article_modified_time":"2023-05-02T13:46:37+00:00","og_image":[{"width":400,"height":400,"url":"https:\/\/thai-inhaler.com\/wp-content\/uploads\/2023\/01\/Peppermint-Field-Orange-Oil-Essence-\u2013-Thailand-Nasal-Inhaler-and-Oil-\u2013-1-Piece-3.jpg","type":"image\/jpeg"}],"twitter_card":"summary_large_image","twitter_misc":{"Dur\u00e9e de lecture estim\u00e9e":"2 minutes"},"schema":{"@context":"https:\/\/schema.org","@graph":[{"@type":"WebPage","@id":"https:\/\/thai-inhaler.com\/fr\/shop\/inhalers\/peppermint-field-orange-oil-essence-inhalateur-nasal-et-huile-de-thailande-1-piece\/","url":"https:\/\/thai-inhaler.com\/fr\/shop\/inhalers\/peppermint-field-orange-oil-essence-inhalateur-nasal-et-huile-de-thailande-1-piece\/","name":"Peppermint Field Orange Oil Essence - Inhalateur nasal Tha\u00eflande","isPartOf":{"@id":"https:\/\/thai-inhaler.com\/#website"},"primaryImageOfPage":{"@id":"https:\/\/thai-inhaler.com\/fr\/shop\/inhalers\/peppermint-field-orange-oil-essence-inhalateur-nasal-et-huile-de-thailande-1-piece\/#primaryimage"},"image":{"@id":"https:\/\/thai-inhaler.com\/fr\/shop\/inhalers\/peppermint-field-orange-oil-essence-inhalateur-nasal-et-huile-de-thailande-1-piece\/#primaryimage"},"thumbnailUrl":"https:\/\/i0.wp.com\/thai-inhaler.com\/wp-content\/uploads\/2023\/01\/Peppermint-Field-Orange-Oil-Essence-\u2013-Thailand-Nasal-Inhaler-and-Oil-\u2013-1-Piece-3.jpg?fit=400%2C400&ssl=1","datePublished":"2023-01-22T08:23:00+00:00","dateModified":"2023-05-02T13:46:37+00:00","breadcrumb":{"@id":"https:\/\/thai-inhaler.com\/fr\/shop\/inhalers\/peppermint-field-orange-oil-essence-inhalateur-nasal-et-huile-de-thailande-1-piece\/#breadcrumb"},"inLanguage":"fr-FR","potentialAction":[{"@type":"ReadAction","target":["https:\/\/thai-inhaler.com\/fr\/shop\/inhalers\/peppermint-field-orange-oil-essence-inhalateur-nasal-et-huile-de-thailande-1-piece\/"]}]},{"@type":"ImageObject","inLanguage":"fr-FR","@id":"https:\/\/thai-inhaler.com\/fr\/shop\/inhalers\/peppermint-field-orange-oil-essence-inhalateur-nasal-et-huile-de-thailande-1-piece\/#primaryimage","url":"https:\/\/i0.wp.com\/thai-inhaler.com\/wp-content\/uploads\/2023\/01\/Peppermint-Field-Orange-Oil-Essence-\u2013-Thailand-Nasal-Inhaler-and-Oil-\u2013-1-Piece-3.jpg?fit=400%2C400&ssl=1","contentUrl":"https:\/\/i0.wp.com\/thai-inhaler.com\/wp-content\/uploads\/2023\/01\/Peppermint-Field-Orange-Oil-Essence-\u2013-Thailand-Nasal-Inhaler-and-Oil-\u2013-1-Piece-3.jpg?fit=400%2C400&ssl=1","width":400,"height":400},{"@type":"BreadcrumbList","@id":"https:\/\/thai-inhaler.com\/fr\/shop\/inhalers\/peppermint-field-orange-oil-essence-inhalateur-nasal-et-huile-de-thailande-1-piece\/#breadcrumb","itemListElement":[{"@type":"ListItem","position":1,"name":"Home","item":"https:\/\/thai-inhaler.com\/fr\/"},{"@type":"ListItem","position":2,"name":"Shop","item":"https:\/\/thai-inhaler.com\/shop\/"},{"@type":"ListItem","position":3,"name":"Peppermint Field Orange Oil Essence &#8211; Inhalateur nasal et huile de Tha\u00eflande &#8211; 1 pi\u00e8ce"}]},{"@type":"WebSite","@id":"https:\/\/thai-inhaler.com\/#website","url":"https:\/\/thai-inhaler.com\/","name":"Thai-Inhaler.com","description":"Thai Herbal Products, Inhalers, Balms, Plasters On Sale","publisher":{"@id":"https:\/\/thai-inhaler.com\/#organization"},"potentialAction":[{"@type":"SearchAction","target":{"@type":"EntryPoint","urlTemplate":"https:\/\/thai-inhaler.com\/?s={search_term_string}"},"query-input":"required name=search_term_string"}],"inLanguage":"fr-FR"},{"@type":"Organization","@id":"https:\/\/thai-inhaler.com\/#organization","name":"Thai-Inhaler.com","url":"https:\/\/thai-inhaler.com\/","logo":{"@type":"ImageObject","inLanguage":"fr-FR","@id":"https:\/\/thai-inhaler.com\/#\/schema\/logo\/image\/","url":"https:\/\/i0.wp.com\/thai-inhaler.com\/wp-content\/uploads\/2017\/08\/cropped-logoThaiinhaler-01.png?fit=460%2C160&ssl=1","contentUrl":"https:\/\/i0.wp.com\/thai-inhaler.com\/wp-content\/uploads\/2017\/08\/cropped-logoThaiinhaler-01.png?fit=460%2C160&ssl=1","width":460,"height":160,"caption":"Thai-Inhaler.com"},"image":{"@id":"https:\/\/thai-inhaler.com\/#\/schema\/logo\/image\/"}}]}},"jetpack_sharing_enabled":true,"_links":{"self":[{"href":"https:\/\/thai-inhaler.com\/fr\/wp-json\/wp\/v2\/product\/2055"}],"collection":[{"href":"https:\/\/thai-inhaler.com\/fr\/wp-json\/wp\/v2\/product"}],"about":[{"href":"https:\/\/thai-inhaler.com\/fr\/wp-json\/wp\/v2\/types\/product"}],"replies":[{"embeddable":true,"href":"https:\/\/thai-inhaler.com\/fr\/wp-json\/wp\/v2\/comments?post=2055"}],"wp:featuredmedia":[{"embeddable":true,"href":"https:\/\/thai-inhaler.com\/fr\/wp-json\/wp\/v2\/media\/2041"}],"wp:attachment":[{"href":"https:\/\/thai-inhaler.com\/fr\/wp-json\/wp\/v2\/media?parent=2055"}],"wp:term":[{"taxonomy":"product_cat","embeddable":true,"href":"https:\/\/thai-inhaler.com\/fr\/wp-json\/wp\/v2\/product_cat?post=2055"},{"taxonomy":"product_tag","embeddable":true,"href":"https:\/\/thai-inhaler.com\/fr\/wp-json\/wp\/v2\/product_tag?post=2055"}],"curies":[{"name":"wp","href":"https:\/\/api.w.org\/{rel}","templated":true}]}}