{"id":1932,"date":"2022-10-15T06:39:18","date_gmt":"2022-10-15T04:39:18","guid":{"rendered":"https:\/\/thai-inhaler.com\/?post_type=product&#038;p=1932"},"modified":"2023-03-24T09:26:11","modified_gmt":"2023-03-24T08:26:11","slug":"cornae-snack-de-mais-americain-de-thailande-56-grammes-1-paquet","status":"publish","type":"product","link":"https:\/\/thai-inhaler.com\/fr\/shop\/epicerie\/cornae-snack-de-mais-americain-de-thailande-56-grammes-1-paquet\/","title":{"rendered":"Cornae snack de ma\u00efs style am\u00e9ricain de Tha\u00eflande &#8211; 56 Grammes &#8211; 1 Paquet"},"content":{"rendered":"<h2>Cornae snack de ma\u00efs am\u00e9ricain de Tha\u00eflande &#8211; 56 Grammes &#8211; 1 Paquet<\/h2>\n<p>Cornae en-cas tha\u00eflandais de style am\u00e9ricain. Sal\u00e9 et sucr\u00e9, cet en-cas sain \u00e0 base d&#8217;amidon de ma\u00efs est un r\u00e9gal pour les papilles. Ce snack croustillant \u00e0 base de ma\u00efs est certifi\u00e9 halal. Il s&#8217;agit d&#8217;un snack appr\u00e9ci\u00e9 de tous et tr\u00e8s populaire en Tha\u00eflande.<\/p>\n<div class=\"groupItem\">\n<h3>Ingr\u00e9dients :<\/h3>\n<div class=\"longTextItems\">\n<p>Farine de ma\u00efs 61 %, huile de palme 35 %, assaisonnement 2 %, sucre 1 %, sel iod\u00e9 1 % (agent levant (INS 500(ii)), \u00e9mulsifiant (INS 471), colorant naturel (INS 150d), exhausteur de go\u00fbt (glutamate monosodique), ar\u00f4me artificiel ajout\u00e9, sans conservateur.<\/p>\n<h3>Informations relatives aux allergies :<\/h3>\n<\/div>\n<div class=\"longTextItems\">\n<p>Peut contenir des traces de bl\u00e9, de gluten, de soja et de lait.<\/p>\n<\/div>\n<\/div>\n","protected":false},"excerpt":{"rendered":"<p><strong>Type d&#8217;article :<\/strong> Snack de ma\u00efs<br \/>\n<strong>1 paquet =<\/strong> 56 grammes<br \/>\n<strong>Pays d&#8217;origine :<\/strong> Produit original de Tha\u00eflande<br \/>\n<strong>\u00c9tat :<\/strong> Neuf et scell\u00e9 d&#8217;usine<\/p>\n","protected":false},"featured_media":1795,"comment_status":"open","ping_status":"closed","template":"","meta":{"_exactmetrics_skip_tracking":false,"_exactmetrics_sitenote_active":false,"_exactmetrics_sitenote_note":"","_exactmetrics_sitenote_category":0,"jetpack_post_was_ever_published":false},"product_cat":[129,129],"product_tag":[],"yoast_head":"<!-- This site is optimized with the Yoast SEO plugin v22.3 - https:\/\/yoast.com\/wordpress\/plugins\/seo\/ -->\n<title>Cornae snack de ma\u00efs am\u00e9ricain de Tha\u00eflande - 56 Gr. - 1 Paquet<\/title>\n<meta name=\"robots\" content=\"index, follow, max-snippet:-1, max-image-preview:large, max-video-preview:-1\" \/>\n<link rel=\"canonical\" href=\"https:\/\/thai-inhaler.com\/shop\/groceries\/cornae-american-corn-snack-from-thailand-56-grams-1-pack\/\" \/>\n<meta property=\"og:locale\" content=\"fr_FR\" \/>\n<meta property=\"og:type\" content=\"article\" \/>\n<meta property=\"og:title\" content=\"Cornae snack de ma\u00efs am\u00e9ricain de Tha\u00eflande - 56 Gr. - 1 Paquet\" \/>\n<meta property=\"og:description\" content=\"Type d&#039;article : Snack de ma\u00efs 1 paquet = 56 grammes Pays d&#039;origine : Produit original de Tha\u00eflande \u00c9tat : Neuf et scell\u00e9 d&#039;usine\" \/>\n<meta property=\"og:url\" content=\"https:\/\/thai-inhaler.com\/shop\/groceries\/cornae-american-corn-snack-from-thailand-56-grams-1-pack\/\" \/>\n<meta property=\"og:site_name\" content=\"Thai-Inhaler.com\" \/>\n<meta property=\"article:modified_time\" content=\"2023-03-24T08:26:11+00:00\" \/>\n<meta property=\"og:image\" content=\"https:\/\/thai-inhaler.com\/wp-content\/uploads\/2021\/05\/1-2.jpg\" \/>\n\t<meta property=\"og:image:width\" content=\"540\" \/>\n\t<meta property=\"og:image:height\" content=\"540\" \/>\n\t<meta property=\"og:image:type\" content=\"image\/jpeg\" \/>\n<meta name=\"twitter:card\" content=\"summary_large_image\" \/>\n<meta name=\"twitter:label1\" content=\"Dur\u00e9e de lecture estim\u00e9e\" \/>\n\t<meta name=\"twitter:data1\" content=\"1 minute\" \/>\n<script type=\"application\/ld+json\" class=\"yoast-schema-graph\">{\"@context\":\"https:\/\/schema.org\",\"@graph\":[{\"@type\":\"WebPage\",\"@id\":\"https:\/\/thai-inhaler.com\/shop\/groceries\/cornae-american-corn-snack-from-thailand-56-grams-1-pack\/\",\"url\":\"https:\/\/thai-inhaler.com\/shop\/groceries\/cornae-american-corn-snack-from-thailand-56-grams-1-pack\/\",\"name\":\"Cornae snack de ma\u00efs am\u00e9ricain de Tha\u00eflande - 56 Gr. - 1 Paquet\",\"isPartOf\":{\"@id\":\"https:\/\/thai-inhaler.com\/#website\"},\"primaryImageOfPage\":{\"@id\":\"https:\/\/thai-inhaler.com\/shop\/groceries\/cornae-american-corn-snack-from-thailand-56-grams-1-pack\/#primaryimage\"},\"image\":{\"@id\":\"https:\/\/thai-inhaler.com\/shop\/groceries\/cornae-american-corn-snack-from-thailand-56-grams-1-pack\/#primaryimage\"},\"thumbnailUrl\":\"https:\/\/i0.wp.com\/thai-inhaler.com\/wp-content\/uploads\/2021\/05\/1-2.jpg?fit=540%2C540&ssl=1\",\"datePublished\":\"2022-10-15T04:39:18+00:00\",\"dateModified\":\"2023-03-24T08:26:11+00:00\",\"breadcrumb\":{\"@id\":\"https:\/\/thai-inhaler.com\/shop\/groceries\/cornae-american-corn-snack-from-thailand-56-grams-1-pack\/#breadcrumb\"},\"inLanguage\":\"fr-FR\",\"potentialAction\":[{\"@type\":\"ReadAction\",\"target\":[\"https:\/\/thai-inhaler.com\/shop\/groceries\/cornae-american-corn-snack-from-thailand-56-grams-1-pack\/\"]}]},{\"@type\":\"ImageObject\",\"inLanguage\":\"fr-FR\",\"@id\":\"https:\/\/thai-inhaler.com\/shop\/groceries\/cornae-american-corn-snack-from-thailand-56-grams-1-pack\/#primaryimage\",\"url\":\"https:\/\/i0.wp.com\/thai-inhaler.com\/wp-content\/uploads\/2021\/05\/1-2.jpg?fit=540%2C540&ssl=1\",\"contentUrl\":\"https:\/\/i0.wp.com\/thai-inhaler.com\/wp-content\/uploads\/2021\/05\/1-2.jpg?fit=540%2C540&ssl=1\",\"width\":540,\"height\":540},{\"@type\":\"BreadcrumbList\",\"@id\":\"https:\/\/thai-inhaler.com\/shop\/groceries\/cornae-american-corn-snack-from-thailand-56-grams-1-pack\/#breadcrumb\",\"itemListElement\":[{\"@type\":\"ListItem\",\"position\":1,\"name\":\"Home\",\"item\":\"https:\/\/thai-inhaler.com\/fr\/\"},{\"@type\":\"ListItem\",\"position\":2,\"name\":\"Shop\",\"item\":\"https:\/\/thai-inhaler.com\/shop\/\"},{\"@type\":\"ListItem\",\"position\":3,\"name\":\"Cornae snack de ma\u00efs style am\u00e9ricain de Tha\u00eflande &#8211; 56 Grammes &#8211; 1 Paquet\"}]},{\"@type\":\"WebSite\",\"@id\":\"https:\/\/thai-inhaler.com\/#website\",\"url\":\"https:\/\/thai-inhaler.com\/\",\"name\":\"Thai-Inhaler.com\",\"description\":\"Thai Herbal Products, Inhalers, Balms, Plasters On Sale\",\"publisher\":{\"@id\":\"https:\/\/thai-inhaler.com\/#organization\"},\"potentialAction\":[{\"@type\":\"SearchAction\",\"target\":{\"@type\":\"EntryPoint\",\"urlTemplate\":\"https:\/\/thai-inhaler.com\/?s={search_term_string}\"},\"query-input\":\"required name=search_term_string\"}],\"inLanguage\":\"fr-FR\"},{\"@type\":\"Organization\",\"@id\":\"https:\/\/thai-inhaler.com\/#organization\",\"name\":\"Thai-Inhaler.com\",\"url\":\"https:\/\/thai-inhaler.com\/\",\"logo\":{\"@type\":\"ImageObject\",\"inLanguage\":\"fr-FR\",\"@id\":\"https:\/\/thai-inhaler.com\/#\/schema\/logo\/image\/\",\"url\":\"https:\/\/i0.wp.com\/thai-inhaler.com\/wp-content\/uploads\/2017\/08\/cropped-logoThaiinhaler-01.png?fit=460%2C160&ssl=1\",\"contentUrl\":\"https:\/\/i0.wp.com\/thai-inhaler.com\/wp-content\/uploads\/2017\/08\/cropped-logoThaiinhaler-01.png?fit=460%2C160&ssl=1\",\"width\":460,\"height\":160,\"caption\":\"Thai-Inhaler.com\"},\"image\":{\"@id\":\"https:\/\/thai-inhaler.com\/#\/schema\/logo\/image\/\"}}]}<\/script>\n<!-- \/ Yoast SEO plugin. -->","yoast_head_json":{"title":"Cornae snack de ma\u00efs am\u00e9ricain de Tha\u00eflande - 56 Gr. - 1 Paquet","robots":{"index":"index","follow":"follow","max-snippet":"max-snippet:-1","max-image-preview":"max-image-preview:large","max-video-preview":"max-video-preview:-1"},"canonical":"https:\/\/thai-inhaler.com\/shop\/groceries\/cornae-american-corn-snack-from-thailand-56-grams-1-pack\/","og_locale":"fr_FR","og_type":"article","og_title":"Cornae snack de ma\u00efs am\u00e9ricain de Tha\u00eflande - 56 Gr. - 1 Paquet","og_description":"Type d'article : Snack de ma\u00efs 1 paquet = 56 grammes Pays d'origine : Produit original de Tha\u00eflande \u00c9tat : Neuf et scell\u00e9 d'usine","og_url":"https:\/\/thai-inhaler.com\/shop\/groceries\/cornae-american-corn-snack-from-thailand-56-grams-1-pack\/","og_site_name":"Thai-Inhaler.com","article_modified_time":"2023-03-24T08:26:11+00:00","og_image":[{"width":540,"height":540,"url":"https:\/\/thai-inhaler.com\/wp-content\/uploads\/2021\/05\/1-2.jpg","type":"image\/jpeg"}],"twitter_card":"summary_large_image","twitter_misc":{"Dur\u00e9e de lecture estim\u00e9e":"1 minute"},"schema":{"@context":"https:\/\/schema.org","@graph":[{"@type":"WebPage","@id":"https:\/\/thai-inhaler.com\/shop\/groceries\/cornae-american-corn-snack-from-thailand-56-grams-1-pack\/","url":"https:\/\/thai-inhaler.com\/shop\/groceries\/cornae-american-corn-snack-from-thailand-56-grams-1-pack\/","name":"Cornae snack de ma\u00efs am\u00e9ricain de Tha\u00eflande - 56 Gr. - 1 Paquet","isPartOf":{"@id":"https:\/\/thai-inhaler.com\/#website"},"primaryImageOfPage":{"@id":"https:\/\/thai-inhaler.com\/shop\/groceries\/cornae-american-corn-snack-from-thailand-56-grams-1-pack\/#primaryimage"},"image":{"@id":"https:\/\/thai-inhaler.com\/shop\/groceries\/cornae-american-corn-snack-from-thailand-56-grams-1-pack\/#primaryimage"},"thumbnailUrl":"https:\/\/i0.wp.com\/thai-inhaler.com\/wp-content\/uploads\/2021\/05\/1-2.jpg?fit=540%2C540&ssl=1","datePublished":"2022-10-15T04:39:18+00:00","dateModified":"2023-03-24T08:26:11+00:00","breadcrumb":{"@id":"https:\/\/thai-inhaler.com\/shop\/groceries\/cornae-american-corn-snack-from-thailand-56-grams-1-pack\/#breadcrumb"},"inLanguage":"fr-FR","potentialAction":[{"@type":"ReadAction","target":["https:\/\/thai-inhaler.com\/shop\/groceries\/cornae-american-corn-snack-from-thailand-56-grams-1-pack\/"]}]},{"@type":"ImageObject","inLanguage":"fr-FR","@id":"https:\/\/thai-inhaler.com\/shop\/groceries\/cornae-american-corn-snack-from-thailand-56-grams-1-pack\/#primaryimage","url":"https:\/\/i0.wp.com\/thai-inhaler.com\/wp-content\/uploads\/2021\/05\/1-2.jpg?fit=540%2C540&ssl=1","contentUrl":"https:\/\/i0.wp.com\/thai-inhaler.com\/wp-content\/uploads\/2021\/05\/1-2.jpg?fit=540%2C540&ssl=1","width":540,"height":540},{"@type":"BreadcrumbList","@id":"https:\/\/thai-inhaler.com\/shop\/groceries\/cornae-american-corn-snack-from-thailand-56-grams-1-pack\/#breadcrumb","itemListElement":[{"@type":"ListItem","position":1,"name":"Home","item":"https:\/\/thai-inhaler.com\/fr\/"},{"@type":"ListItem","position":2,"name":"Shop","item":"https:\/\/thai-inhaler.com\/shop\/"},{"@type":"ListItem","position":3,"name":"Cornae snack de ma\u00efs style am\u00e9ricain de Tha\u00eflande &#8211; 56 Grammes &#8211; 1 Paquet"}]},{"@type":"WebSite","@id":"https:\/\/thai-inhaler.com\/#website","url":"https:\/\/thai-inhaler.com\/","name":"Thai-Inhaler.com","description":"Thai Herbal Products, Inhalers, Balms, Plasters On Sale","publisher":{"@id":"https:\/\/thai-inhaler.com\/#organization"},"potentialAction":[{"@type":"SearchAction","target":{"@type":"EntryPoint","urlTemplate":"https:\/\/thai-inhaler.com\/?s={search_term_string}"},"query-input":"required name=search_term_string"}],"inLanguage":"fr-FR"},{"@type":"Organization","@id":"https:\/\/thai-inhaler.com\/#organization","name":"Thai-Inhaler.com","url":"https:\/\/thai-inhaler.com\/","logo":{"@type":"ImageObject","inLanguage":"fr-FR","@id":"https:\/\/thai-inhaler.com\/#\/schema\/logo\/image\/","url":"https:\/\/i0.wp.com\/thai-inhaler.com\/wp-content\/uploads\/2017\/08\/cropped-logoThaiinhaler-01.png?fit=460%2C160&ssl=1","contentUrl":"https:\/\/i0.wp.com\/thai-inhaler.com\/wp-content\/uploads\/2017\/08\/cropped-logoThaiinhaler-01.png?fit=460%2C160&ssl=1","width":460,"height":160,"caption":"Thai-Inhaler.com"},"image":{"@id":"https:\/\/thai-inhaler.com\/#\/schema\/logo\/image\/"}}]}},"jetpack_sharing_enabled":true,"_links":{"self":[{"href":"https:\/\/thai-inhaler.com\/fr\/wp-json\/wp\/v2\/product\/1932"}],"collection":[{"href":"https:\/\/thai-inhaler.com\/fr\/wp-json\/wp\/v2\/product"}],"about":[{"href":"https:\/\/thai-inhaler.com\/fr\/wp-json\/wp\/v2\/types\/product"}],"replies":[{"embeddable":true,"href":"https:\/\/thai-inhaler.com\/fr\/wp-json\/wp\/v2\/comments?post=1932"}],"wp:featuredmedia":[{"embeddable":true,"href":"https:\/\/thai-inhaler.com\/fr\/wp-json\/wp\/v2\/media\/1795"}],"wp:attachment":[{"href":"https:\/\/thai-inhaler.com\/fr\/wp-json\/wp\/v2\/media?parent=1932"}],"wp:term":[{"taxonomy":"product_cat","embeddable":true,"href":"https:\/\/thai-inhaler.com\/fr\/wp-json\/wp\/v2\/product_cat?post=1932"},{"taxonomy":"product_tag","embeddable":true,"href":"https:\/\/thai-inhaler.com\/fr\/wp-json\/wp\/v2\/product_tag?post=1932"}],"curies":[{"name":"wp","href":"https:\/\/api.w.org\/{rel}","templated":true}]}}