{"id":1925,"date":"2021-05-06T09:39:40","date_gmt":"2021-05-06T07:39:40","guid":{"rendered":"https:\/\/thai-inhaler.com\/shop\/non%20class\u00e9\/moccona-espresso-instant-coffee-from-thailand-120-grams-1-pack\/"},"modified":"2023-03-24T09:31:07","modified_gmt":"2023-03-24T08:31:07","slug":"moccona-espresso-cafe-instantane-de-thailande-120-grammes-1-paquet","status":"publish","type":"product","link":"https:\/\/thai-inhaler.com\/fr\/shop\/epicerie\/moccona-espresso-cafe-instantane-de-thailande-120-grammes-1-paquet\/","title":{"rendered":"Moccona Espresso caf\u00e9 instantan\u00e9 de Tha\u00eflande &#8211; 120 Grammes &#8211; 1 Paquet"},"content":{"rendered":"<h2>Moccona Espresso caf\u00e9 instantan\u00e9 de Tha\u00eflande &#8211; 120 Grammes &#8211; 1 Paquet<\/h2>\n<p>Un caf\u00e9 torr\u00e9fi\u00e9 profond avec un accent italien. Le Moccona Espresso poss\u00e8de un style fort et distinctif, ce qui le rend parfait pour les amateurs de caf\u00e9 au go\u00fbt intense.<\/p>\n<div class=\"groupItem\">\n<h3>Ingr\u00e9dients :<\/h3>\n<div class=\"longTextItems\">\n<p>100 % caf\u00e9 instantan\u00e9<\/p>\n<h3>Pr\u00e9paration et utilisation :<\/h3>\n<p>Pour pr\u00e9parer la tasse parfaite : Ajoutez une cuill\u00e8re \u00e0 caf\u00e9 (2 grammes) par tasse de Moccona Espresso et 150 ml d&#8217;eau chaude. Remuez bien et d\u00e9gustez.<\/p>\n<\/div>\n<\/div>\n<div class=\"groupItem\">\n<section class=\"brand-bank--brand-info padding\">\n<div>\n<div class=\"groupItem\">\n<div class=\"memo\">\n<h3 class=\"itemHeader\">Conservation :<\/h3>\n<p class=\"itemHeader\">Conserver dans un endroit frais et sec.<\/p>\n<\/div>\n<\/div>\n<\/div>\n<\/section>\n<\/div>\n","protected":false},"excerpt":{"rendered":"<p><strong>Type d&#8217;article :<\/strong> Caf\u00e9 instantan\u00e9<br \/>\n<strong>1 paquet =<\/strong> 120 grammes<br \/>\n<strong>Pays d&#8217;origine :<\/strong> Produit original de Tha\u00eflande<br \/>\n<strong>Condition :<\/strong> Neuf et scell\u00e9 d&#8217;usine<\/p>\n","protected":false},"featured_media":1835,"comment_status":"open","ping_status":"closed","template":"","meta":{"_exactmetrics_skip_tracking":false,"_exactmetrics_sitenote_active":false,"_exactmetrics_sitenote_note":"","_exactmetrics_sitenote_category":0,"jetpack_post_was_ever_published":false},"product_cat":[129,129],"product_tag":[],"yoast_head":"<!-- This site is optimized with the Yoast SEO plugin v22.3 - https:\/\/yoast.com\/wordpress\/plugins\/seo\/ -->\n<title>Moccona Espresso caf\u00e9 instantan\u00e9 Tha\u00eflande - 120 Gr. - 1 Paquet<\/title>\n<meta name=\"robots\" content=\"index, follow, max-snippet:-1, max-image-preview:large, max-video-preview:-1\" \/>\n<link rel=\"canonical\" href=\"https:\/\/thai-inhaler.com\/shop\/groceries\/moccona-espresso-instant-coffee-from-thailand-120-grams-1-pack\/\" \/>\n<meta property=\"og:locale\" content=\"fr_FR\" \/>\n<meta property=\"og:type\" content=\"article\" \/>\n<meta property=\"og:title\" content=\"Moccona Espresso caf\u00e9 instantan\u00e9 Tha\u00eflande - 120 Gr. - 1 Paquet\" \/>\n<meta property=\"og:description\" content=\"Type d&#039;article : Caf\u00e9 instantan\u00e9 1 paquet = 120 grammes Pays d&#039;origine : Produit original de Tha\u00eflande Condition : Neuf et scell\u00e9 d&#039;usine\" \/>\n<meta property=\"og:url\" content=\"https:\/\/thai-inhaler.com\/shop\/groceries\/moccona-espresso-instant-coffee-from-thailand-120-grams-1-pack\/\" \/>\n<meta property=\"og:site_name\" content=\"Thai-Inhaler.com\" \/>\n<meta property=\"article:modified_time\" content=\"2023-03-24T08:31:07+00:00\" \/>\n<meta property=\"og:image\" content=\"https:\/\/thai-inhaler.com\/wp-content\/uploads\/2021\/05\/1-7.jpg\" \/>\n\t<meta property=\"og:image:width\" content=\"800\" \/>\n\t<meta property=\"og:image:height\" content=\"800\" \/>\n\t<meta property=\"og:image:type\" content=\"image\/jpeg\" \/>\n<meta name=\"twitter:card\" content=\"summary_large_image\" \/>\n<meta name=\"twitter:label1\" content=\"Dur\u00e9e de lecture estim\u00e9e\" \/>\n\t<meta name=\"twitter:data1\" content=\"1 minute\" \/>\n<script type=\"application\/ld+json\" class=\"yoast-schema-graph\">{\"@context\":\"https:\/\/schema.org\",\"@graph\":[{\"@type\":\"WebPage\",\"@id\":\"https:\/\/thai-inhaler.com\/shop\/groceries\/moccona-espresso-instant-coffee-from-thailand-120-grams-1-pack\/\",\"url\":\"https:\/\/thai-inhaler.com\/shop\/groceries\/moccona-espresso-instant-coffee-from-thailand-120-grams-1-pack\/\",\"name\":\"Moccona Espresso caf\u00e9 instantan\u00e9 Tha\u00eflande - 120 Gr. - 1 Paquet\",\"isPartOf\":{\"@id\":\"https:\/\/thai-inhaler.com\/#website\"},\"primaryImageOfPage\":{\"@id\":\"https:\/\/thai-inhaler.com\/shop\/groceries\/moccona-espresso-instant-coffee-from-thailand-120-grams-1-pack\/#primaryimage\"},\"image\":{\"@id\":\"https:\/\/thai-inhaler.com\/shop\/groceries\/moccona-espresso-instant-coffee-from-thailand-120-grams-1-pack\/#primaryimage\"},\"thumbnailUrl\":\"https:\/\/i0.wp.com\/thai-inhaler.com\/wp-content\/uploads\/2021\/05\/1-7.jpg?fit=800%2C800&ssl=1\",\"datePublished\":\"2021-05-06T07:39:40+00:00\",\"dateModified\":\"2023-03-24T08:31:07+00:00\",\"breadcrumb\":{\"@id\":\"https:\/\/thai-inhaler.com\/shop\/groceries\/moccona-espresso-instant-coffee-from-thailand-120-grams-1-pack\/#breadcrumb\"},\"inLanguage\":\"fr-FR\",\"potentialAction\":[{\"@type\":\"ReadAction\",\"target\":[\"https:\/\/thai-inhaler.com\/shop\/groceries\/moccona-espresso-instant-coffee-from-thailand-120-grams-1-pack\/\"]}]},{\"@type\":\"ImageObject\",\"inLanguage\":\"fr-FR\",\"@id\":\"https:\/\/thai-inhaler.com\/shop\/groceries\/moccona-espresso-instant-coffee-from-thailand-120-grams-1-pack\/#primaryimage\",\"url\":\"https:\/\/i0.wp.com\/thai-inhaler.com\/wp-content\/uploads\/2021\/05\/1-7.jpg?fit=800%2C800&ssl=1\",\"contentUrl\":\"https:\/\/i0.wp.com\/thai-inhaler.com\/wp-content\/uploads\/2021\/05\/1-7.jpg?fit=800%2C800&ssl=1\",\"width\":800,\"height\":800},{\"@type\":\"BreadcrumbList\",\"@id\":\"https:\/\/thai-inhaler.com\/shop\/groceries\/moccona-espresso-instant-coffee-from-thailand-120-grams-1-pack\/#breadcrumb\",\"itemListElement\":[{\"@type\":\"ListItem\",\"position\":1,\"name\":\"Home\",\"item\":\"https:\/\/thai-inhaler.com\/fr\/\"},{\"@type\":\"ListItem\",\"position\":2,\"name\":\"Shop\",\"item\":\"https:\/\/thai-inhaler.com\/shop\/\"},{\"@type\":\"ListItem\",\"position\":3,\"name\":\"Moccona Espresso caf\u00e9 instantan\u00e9 de Tha\u00eflande &#8211; 120 Grammes &#8211; 1 Paquet\"}]},{\"@type\":\"WebSite\",\"@id\":\"https:\/\/thai-inhaler.com\/#website\",\"url\":\"https:\/\/thai-inhaler.com\/\",\"name\":\"Thai-Inhaler.com\",\"description\":\"Thai Herbal Products, Inhalers, Balms, Plasters On Sale\",\"publisher\":{\"@id\":\"https:\/\/thai-inhaler.com\/#organization\"},\"potentialAction\":[{\"@type\":\"SearchAction\",\"target\":{\"@type\":\"EntryPoint\",\"urlTemplate\":\"https:\/\/thai-inhaler.com\/?s={search_term_string}\"},\"query-input\":\"required name=search_term_string\"}],\"inLanguage\":\"fr-FR\"},{\"@type\":\"Organization\",\"@id\":\"https:\/\/thai-inhaler.com\/#organization\",\"name\":\"Thai-Inhaler.com\",\"url\":\"https:\/\/thai-inhaler.com\/\",\"logo\":{\"@type\":\"ImageObject\",\"inLanguage\":\"fr-FR\",\"@id\":\"https:\/\/thai-inhaler.com\/#\/schema\/logo\/image\/\",\"url\":\"https:\/\/i0.wp.com\/thai-inhaler.com\/wp-content\/uploads\/2017\/08\/cropped-logoThaiinhaler-01.png?fit=460%2C160&ssl=1\",\"contentUrl\":\"https:\/\/i0.wp.com\/thai-inhaler.com\/wp-content\/uploads\/2017\/08\/cropped-logoThaiinhaler-01.png?fit=460%2C160&ssl=1\",\"width\":460,\"height\":160,\"caption\":\"Thai-Inhaler.com\"},\"image\":{\"@id\":\"https:\/\/thai-inhaler.com\/#\/schema\/logo\/image\/\"}}]}<\/script>\n<!-- \/ Yoast SEO plugin. -->","yoast_head_json":{"title":"Moccona Espresso caf\u00e9 instantan\u00e9 Tha\u00eflande - 120 Gr. - 1 Paquet","robots":{"index":"index","follow":"follow","max-snippet":"max-snippet:-1","max-image-preview":"max-image-preview:large","max-video-preview":"max-video-preview:-1"},"canonical":"https:\/\/thai-inhaler.com\/shop\/groceries\/moccona-espresso-instant-coffee-from-thailand-120-grams-1-pack\/","og_locale":"fr_FR","og_type":"article","og_title":"Moccona Espresso caf\u00e9 instantan\u00e9 Tha\u00eflande - 120 Gr. - 1 Paquet","og_description":"Type d'article : Caf\u00e9 instantan\u00e9 1 paquet = 120 grammes Pays d'origine : Produit original de Tha\u00eflande Condition : Neuf et scell\u00e9 d'usine","og_url":"https:\/\/thai-inhaler.com\/shop\/groceries\/moccona-espresso-instant-coffee-from-thailand-120-grams-1-pack\/","og_site_name":"Thai-Inhaler.com","article_modified_time":"2023-03-24T08:31:07+00:00","og_image":[{"width":800,"height":800,"url":"https:\/\/thai-inhaler.com\/wp-content\/uploads\/2021\/05\/1-7.jpg","type":"image\/jpeg"}],"twitter_card":"summary_large_image","twitter_misc":{"Dur\u00e9e de lecture estim\u00e9e":"1 minute"},"schema":{"@context":"https:\/\/schema.org","@graph":[{"@type":"WebPage","@id":"https:\/\/thai-inhaler.com\/shop\/groceries\/moccona-espresso-instant-coffee-from-thailand-120-grams-1-pack\/","url":"https:\/\/thai-inhaler.com\/shop\/groceries\/moccona-espresso-instant-coffee-from-thailand-120-grams-1-pack\/","name":"Moccona Espresso caf\u00e9 instantan\u00e9 Tha\u00eflande - 120 Gr. - 1 Paquet","isPartOf":{"@id":"https:\/\/thai-inhaler.com\/#website"},"primaryImageOfPage":{"@id":"https:\/\/thai-inhaler.com\/shop\/groceries\/moccona-espresso-instant-coffee-from-thailand-120-grams-1-pack\/#primaryimage"},"image":{"@id":"https:\/\/thai-inhaler.com\/shop\/groceries\/moccona-espresso-instant-coffee-from-thailand-120-grams-1-pack\/#primaryimage"},"thumbnailUrl":"https:\/\/i0.wp.com\/thai-inhaler.com\/wp-content\/uploads\/2021\/05\/1-7.jpg?fit=800%2C800&ssl=1","datePublished":"2021-05-06T07:39:40+00:00","dateModified":"2023-03-24T08:31:07+00:00","breadcrumb":{"@id":"https:\/\/thai-inhaler.com\/shop\/groceries\/moccona-espresso-instant-coffee-from-thailand-120-grams-1-pack\/#breadcrumb"},"inLanguage":"fr-FR","potentialAction":[{"@type":"ReadAction","target":["https:\/\/thai-inhaler.com\/shop\/groceries\/moccona-espresso-instant-coffee-from-thailand-120-grams-1-pack\/"]}]},{"@type":"ImageObject","inLanguage":"fr-FR","@id":"https:\/\/thai-inhaler.com\/shop\/groceries\/moccona-espresso-instant-coffee-from-thailand-120-grams-1-pack\/#primaryimage","url":"https:\/\/i0.wp.com\/thai-inhaler.com\/wp-content\/uploads\/2021\/05\/1-7.jpg?fit=800%2C800&ssl=1","contentUrl":"https:\/\/i0.wp.com\/thai-inhaler.com\/wp-content\/uploads\/2021\/05\/1-7.jpg?fit=800%2C800&ssl=1","width":800,"height":800},{"@type":"BreadcrumbList","@id":"https:\/\/thai-inhaler.com\/shop\/groceries\/moccona-espresso-instant-coffee-from-thailand-120-grams-1-pack\/#breadcrumb","itemListElement":[{"@type":"ListItem","position":1,"name":"Home","item":"https:\/\/thai-inhaler.com\/fr\/"},{"@type":"ListItem","position":2,"name":"Shop","item":"https:\/\/thai-inhaler.com\/shop\/"},{"@type":"ListItem","position":3,"name":"Moccona Espresso caf\u00e9 instantan\u00e9 de Tha\u00eflande &#8211; 120 Grammes &#8211; 1 Paquet"}]},{"@type":"WebSite","@id":"https:\/\/thai-inhaler.com\/#website","url":"https:\/\/thai-inhaler.com\/","name":"Thai-Inhaler.com","description":"Thai Herbal Products, Inhalers, Balms, Plasters On Sale","publisher":{"@id":"https:\/\/thai-inhaler.com\/#organization"},"potentialAction":[{"@type":"SearchAction","target":{"@type":"EntryPoint","urlTemplate":"https:\/\/thai-inhaler.com\/?s={search_term_string}"},"query-input":"required name=search_term_string"}],"inLanguage":"fr-FR"},{"@type":"Organization","@id":"https:\/\/thai-inhaler.com\/#organization","name":"Thai-Inhaler.com","url":"https:\/\/thai-inhaler.com\/","logo":{"@type":"ImageObject","inLanguage":"fr-FR","@id":"https:\/\/thai-inhaler.com\/#\/schema\/logo\/image\/","url":"https:\/\/i0.wp.com\/thai-inhaler.com\/wp-content\/uploads\/2017\/08\/cropped-logoThaiinhaler-01.png?fit=460%2C160&ssl=1","contentUrl":"https:\/\/i0.wp.com\/thai-inhaler.com\/wp-content\/uploads\/2017\/08\/cropped-logoThaiinhaler-01.png?fit=460%2C160&ssl=1","width":460,"height":160,"caption":"Thai-Inhaler.com"},"image":{"@id":"https:\/\/thai-inhaler.com\/#\/schema\/logo\/image\/"}}]}},"jetpack_sharing_enabled":true,"_links":{"self":[{"href":"https:\/\/thai-inhaler.com\/fr\/wp-json\/wp\/v2\/product\/1925"}],"collection":[{"href":"https:\/\/thai-inhaler.com\/fr\/wp-json\/wp\/v2\/product"}],"about":[{"href":"https:\/\/thai-inhaler.com\/fr\/wp-json\/wp\/v2\/types\/product"}],"replies":[{"embeddable":true,"href":"https:\/\/thai-inhaler.com\/fr\/wp-json\/wp\/v2\/comments?post=1925"}],"wp:featuredmedia":[{"embeddable":true,"href":"https:\/\/thai-inhaler.com\/fr\/wp-json\/wp\/v2\/media\/1835"}],"wp:attachment":[{"href":"https:\/\/thai-inhaler.com\/fr\/wp-json\/wp\/v2\/media?parent=1925"}],"wp:term":[{"taxonomy":"product_cat","embeddable":true,"href":"https:\/\/thai-inhaler.com\/fr\/wp-json\/wp\/v2\/product_cat?post=1925"},{"taxonomy":"product_tag","embeddable":true,"href":"https:\/\/thai-inhaler.com\/fr\/wp-json\/wp\/v2\/product_tag?post=1925"}],"curies":[{"name":"wp","href":"https:\/\/api.w.org\/{rel}","templated":true}]}}