{"id":1924,"date":"2022-10-14T07:15:17","date_gmt":"2022-10-14T05:15:17","guid":{"rendered":"https:\/\/thai-inhaler.com\/?post_type=product&#038;p=1924"},"modified":"2023-03-24T09:24:14","modified_gmt":"2023-03-24T08:24:14","slug":"buddy-dean-extra-blend-cafe-instantane-de-thailande-200-grammes-1-paquet","status":"publish","type":"product","link":"https:\/\/thai-inhaler.com\/fr\/shop\/epicerie\/buddy-dean-extra-blend-cafe-instantane-de-thailande-200-grammes-1-paquet\/","title":{"rendered":"Buddy Dean Extra Blend caf\u00e9 instantan\u00e9 de Tha\u00eflande &#8211; 200 grammes &#8211; 1 paquet"},"content":{"rendered":"<h2>Buddy Dean Extra Blend caf\u00e9 instantan\u00e9 de Tha\u00eflande &#8211; 200 grammes &#8211; 1 paquet<\/h2>\n<p>&#8211; Caf\u00e9 instantan\u00e9 import\u00e9 fabriqu\u00e9 \u00e0 partir de grains de caf\u00e9 de la plus haute qualit\u00e9.<br \/>\n&#8211; Un subtile m\u00e9lange de caf\u00e9s Arabica et Robusta.<br \/>\n&#8211; Saveur et ar\u00f4me riches du meilleur caf\u00e9.<br \/>\n&#8211; Moins acide au go\u00fbt.<br \/>\n&#8211; Convient pour toutes les boissons chaudes et froides.<\/p>\n<h3>Ingr\u00e9dients<\/h3>\n<p>100 % caf\u00e9 instantan\u00e9<\/p>\n<h3>Pr\u00e9paration et utilisation<\/h3>\n<p>Mettre une cuill\u00e8re \u00e0 caf\u00e9 de caf\u00e9 instantan\u00e9 Buddy Dean dans une tasse \u00e0 caf\u00e9. Ajouter 120 ml d&#8217;eau chaude. Ajouter de la cr\u00e8me ou votre sucre pr\u00e9f\u00e9r\u00e9. M\u00e9langer d\u00e9licatement. Vous pouvez d\u00e9guster !<\/p>\n<h3>Conservation<\/h3>\n<p>\u00c0 conserver dans un endroit sec.<\/p>\n","protected":false},"excerpt":{"rendered":"<p><strong>Type d&#8217;article :<\/strong> Caf\u00e9 instantan\u00e9<br \/>\n<strong>1 paquet =<\/strong> 200 grammes<br \/>\n<strong>Pays d&#8217;origine :<\/strong> Produit original de Tha\u00eflande<br \/>\n<strong>\u00c9tat :<\/strong> Neuf et scell\u00e9 d&#8217;usine<\/p>\n","protected":false},"featured_media":1848,"comment_status":"open","ping_status":"closed","template":"","meta":{"_exactmetrics_skip_tracking":false,"_exactmetrics_sitenote_active":false,"_exactmetrics_sitenote_note":"","_exactmetrics_sitenote_category":0,"jetpack_post_was_ever_published":false},"product_cat":[129,129],"product_tag":[],"yoast_head":"<!-- This site is optimized with the Yoast SEO plugin v22.3 - https:\/\/yoast.com\/wordpress\/plugins\/seo\/ -->\n<title>Buddy Dean caf\u00e9 instantan\u00e9 Tha\u00eflande - 200 Grammes - 1 paquet<\/title>\n<meta name=\"robots\" content=\"index, follow, max-snippet:-1, max-image-preview:large, max-video-preview:-1\" \/>\n<link rel=\"canonical\" href=\"https:\/\/thai-inhaler.com\/shop\/groceries\/buddy-dean-extra-blend-instant-coffee-from-thailand-200-grams-1-pack\/\" \/>\n<meta property=\"og:locale\" content=\"fr_FR\" \/>\n<meta property=\"og:type\" content=\"article\" \/>\n<meta property=\"og:title\" content=\"Buddy Dean caf\u00e9 instantan\u00e9 Tha\u00eflande - 200 Grammes - 1 paquet\" \/>\n<meta property=\"og:description\" content=\"Type d&#039;article : Caf\u00e9 instantan\u00e9 1 paquet = 200 grammes Pays d&#039;origine : Produit original de Tha\u00eflande \u00c9tat : Neuf et scell\u00e9 d&#039;usine\" \/>\n<meta property=\"og:url\" content=\"https:\/\/thai-inhaler.com\/shop\/groceries\/buddy-dean-extra-blend-instant-coffee-from-thailand-200-grams-1-pack\/\" \/>\n<meta property=\"og:site_name\" content=\"Thai-Inhaler.com\" \/>\n<meta property=\"article:modified_time\" content=\"2023-03-24T08:24:14+00:00\" \/>\n<meta property=\"og:image\" content=\"https:\/\/thai-inhaler.com\/wp-content\/uploads\/2021\/05\/1-9.jpg\" \/>\n\t<meta property=\"og:image:width\" content=\"540\" \/>\n\t<meta property=\"og:image:height\" content=\"540\" \/>\n\t<meta property=\"og:image:type\" content=\"image\/jpeg\" \/>\n<meta name=\"twitter:card\" content=\"summary_large_image\" \/>\n<meta name=\"twitter:label1\" content=\"Dur\u00e9e de lecture estim\u00e9e\" \/>\n\t<meta name=\"twitter:data1\" content=\"1 minute\" \/>\n<script type=\"application\/ld+json\" class=\"yoast-schema-graph\">{\"@context\":\"https:\/\/schema.org\",\"@graph\":[{\"@type\":\"WebPage\",\"@id\":\"https:\/\/thai-inhaler.com\/shop\/groceries\/buddy-dean-extra-blend-instant-coffee-from-thailand-200-grams-1-pack\/\",\"url\":\"https:\/\/thai-inhaler.com\/shop\/groceries\/buddy-dean-extra-blend-instant-coffee-from-thailand-200-grams-1-pack\/\",\"name\":\"Buddy Dean caf\u00e9 instantan\u00e9 Tha\u00eflande - 200 Grammes - 1 paquet\",\"isPartOf\":{\"@id\":\"https:\/\/thai-inhaler.com\/#website\"},\"primaryImageOfPage\":{\"@id\":\"https:\/\/thai-inhaler.com\/shop\/groceries\/buddy-dean-extra-blend-instant-coffee-from-thailand-200-grams-1-pack\/#primaryimage\"},\"image\":{\"@id\":\"https:\/\/thai-inhaler.com\/shop\/groceries\/buddy-dean-extra-blend-instant-coffee-from-thailand-200-grams-1-pack\/#primaryimage\"},\"thumbnailUrl\":\"https:\/\/i0.wp.com\/thai-inhaler.com\/wp-content\/uploads\/2021\/05\/1-9.jpg?fit=540%2C540&ssl=1\",\"datePublished\":\"2022-10-14T05:15:17+00:00\",\"dateModified\":\"2023-03-24T08:24:14+00:00\",\"breadcrumb\":{\"@id\":\"https:\/\/thai-inhaler.com\/shop\/groceries\/buddy-dean-extra-blend-instant-coffee-from-thailand-200-grams-1-pack\/#breadcrumb\"},\"inLanguage\":\"fr-FR\",\"potentialAction\":[{\"@type\":\"ReadAction\",\"target\":[\"https:\/\/thai-inhaler.com\/shop\/groceries\/buddy-dean-extra-blend-instant-coffee-from-thailand-200-grams-1-pack\/\"]}]},{\"@type\":\"ImageObject\",\"inLanguage\":\"fr-FR\",\"@id\":\"https:\/\/thai-inhaler.com\/shop\/groceries\/buddy-dean-extra-blend-instant-coffee-from-thailand-200-grams-1-pack\/#primaryimage\",\"url\":\"https:\/\/i0.wp.com\/thai-inhaler.com\/wp-content\/uploads\/2021\/05\/1-9.jpg?fit=540%2C540&ssl=1\",\"contentUrl\":\"https:\/\/i0.wp.com\/thai-inhaler.com\/wp-content\/uploads\/2021\/05\/1-9.jpg?fit=540%2C540&ssl=1\",\"width\":540,\"height\":540},{\"@type\":\"BreadcrumbList\",\"@id\":\"https:\/\/thai-inhaler.com\/shop\/groceries\/buddy-dean-extra-blend-instant-coffee-from-thailand-200-grams-1-pack\/#breadcrumb\",\"itemListElement\":[{\"@type\":\"ListItem\",\"position\":1,\"name\":\"Home\",\"item\":\"https:\/\/thai-inhaler.com\/fr\/\"},{\"@type\":\"ListItem\",\"position\":2,\"name\":\"Shop\",\"item\":\"https:\/\/thai-inhaler.com\/shop\/\"},{\"@type\":\"ListItem\",\"position\":3,\"name\":\"Buddy Dean Extra Blend caf\u00e9 instantan\u00e9 de Tha\u00eflande &#8211; 200 grammes &#8211; 1 paquet\"}]},{\"@type\":\"WebSite\",\"@id\":\"https:\/\/thai-inhaler.com\/#website\",\"url\":\"https:\/\/thai-inhaler.com\/\",\"name\":\"Thai-Inhaler.com\",\"description\":\"Thai Herbal Products, Inhalers, Balms, Plasters On Sale\",\"publisher\":{\"@id\":\"https:\/\/thai-inhaler.com\/#organization\"},\"potentialAction\":[{\"@type\":\"SearchAction\",\"target\":{\"@type\":\"EntryPoint\",\"urlTemplate\":\"https:\/\/thai-inhaler.com\/?s={search_term_string}\"},\"query-input\":\"required name=search_term_string\"}],\"inLanguage\":\"fr-FR\"},{\"@type\":\"Organization\",\"@id\":\"https:\/\/thai-inhaler.com\/#organization\",\"name\":\"Thai-Inhaler.com\",\"url\":\"https:\/\/thai-inhaler.com\/\",\"logo\":{\"@type\":\"ImageObject\",\"inLanguage\":\"fr-FR\",\"@id\":\"https:\/\/thai-inhaler.com\/#\/schema\/logo\/image\/\",\"url\":\"https:\/\/i0.wp.com\/thai-inhaler.com\/wp-content\/uploads\/2017\/08\/cropped-logoThaiinhaler-01.png?fit=460%2C160&ssl=1\",\"contentUrl\":\"https:\/\/i0.wp.com\/thai-inhaler.com\/wp-content\/uploads\/2017\/08\/cropped-logoThaiinhaler-01.png?fit=460%2C160&ssl=1\",\"width\":460,\"height\":160,\"caption\":\"Thai-Inhaler.com\"},\"image\":{\"@id\":\"https:\/\/thai-inhaler.com\/#\/schema\/logo\/image\/\"}}]}<\/script>\n<!-- \/ Yoast SEO plugin. -->","yoast_head_json":{"title":"Buddy Dean caf\u00e9 instantan\u00e9 Tha\u00eflande - 200 Grammes - 1 paquet","robots":{"index":"index","follow":"follow","max-snippet":"max-snippet:-1","max-image-preview":"max-image-preview:large","max-video-preview":"max-video-preview:-1"},"canonical":"https:\/\/thai-inhaler.com\/shop\/groceries\/buddy-dean-extra-blend-instant-coffee-from-thailand-200-grams-1-pack\/","og_locale":"fr_FR","og_type":"article","og_title":"Buddy Dean caf\u00e9 instantan\u00e9 Tha\u00eflande - 200 Grammes - 1 paquet","og_description":"Type d'article : Caf\u00e9 instantan\u00e9 1 paquet = 200 grammes Pays d'origine : Produit original de Tha\u00eflande \u00c9tat : Neuf et scell\u00e9 d'usine","og_url":"https:\/\/thai-inhaler.com\/shop\/groceries\/buddy-dean-extra-blend-instant-coffee-from-thailand-200-grams-1-pack\/","og_site_name":"Thai-Inhaler.com","article_modified_time":"2023-03-24T08:24:14+00:00","og_image":[{"width":540,"height":540,"url":"https:\/\/thai-inhaler.com\/wp-content\/uploads\/2021\/05\/1-9.jpg","type":"image\/jpeg"}],"twitter_card":"summary_large_image","twitter_misc":{"Dur\u00e9e de lecture estim\u00e9e":"1 minute"},"schema":{"@context":"https:\/\/schema.org","@graph":[{"@type":"WebPage","@id":"https:\/\/thai-inhaler.com\/shop\/groceries\/buddy-dean-extra-blend-instant-coffee-from-thailand-200-grams-1-pack\/","url":"https:\/\/thai-inhaler.com\/shop\/groceries\/buddy-dean-extra-blend-instant-coffee-from-thailand-200-grams-1-pack\/","name":"Buddy Dean caf\u00e9 instantan\u00e9 Tha\u00eflande - 200 Grammes - 1 paquet","isPartOf":{"@id":"https:\/\/thai-inhaler.com\/#website"},"primaryImageOfPage":{"@id":"https:\/\/thai-inhaler.com\/shop\/groceries\/buddy-dean-extra-blend-instant-coffee-from-thailand-200-grams-1-pack\/#primaryimage"},"image":{"@id":"https:\/\/thai-inhaler.com\/shop\/groceries\/buddy-dean-extra-blend-instant-coffee-from-thailand-200-grams-1-pack\/#primaryimage"},"thumbnailUrl":"https:\/\/i0.wp.com\/thai-inhaler.com\/wp-content\/uploads\/2021\/05\/1-9.jpg?fit=540%2C540&ssl=1","datePublished":"2022-10-14T05:15:17+00:00","dateModified":"2023-03-24T08:24:14+00:00","breadcrumb":{"@id":"https:\/\/thai-inhaler.com\/shop\/groceries\/buddy-dean-extra-blend-instant-coffee-from-thailand-200-grams-1-pack\/#breadcrumb"},"inLanguage":"fr-FR","potentialAction":[{"@type":"ReadAction","target":["https:\/\/thai-inhaler.com\/shop\/groceries\/buddy-dean-extra-blend-instant-coffee-from-thailand-200-grams-1-pack\/"]}]},{"@type":"ImageObject","inLanguage":"fr-FR","@id":"https:\/\/thai-inhaler.com\/shop\/groceries\/buddy-dean-extra-blend-instant-coffee-from-thailand-200-grams-1-pack\/#primaryimage","url":"https:\/\/i0.wp.com\/thai-inhaler.com\/wp-content\/uploads\/2021\/05\/1-9.jpg?fit=540%2C540&ssl=1","contentUrl":"https:\/\/i0.wp.com\/thai-inhaler.com\/wp-content\/uploads\/2021\/05\/1-9.jpg?fit=540%2C540&ssl=1","width":540,"height":540},{"@type":"BreadcrumbList","@id":"https:\/\/thai-inhaler.com\/shop\/groceries\/buddy-dean-extra-blend-instant-coffee-from-thailand-200-grams-1-pack\/#breadcrumb","itemListElement":[{"@type":"ListItem","position":1,"name":"Home","item":"https:\/\/thai-inhaler.com\/fr\/"},{"@type":"ListItem","position":2,"name":"Shop","item":"https:\/\/thai-inhaler.com\/shop\/"},{"@type":"ListItem","position":3,"name":"Buddy Dean Extra Blend caf\u00e9 instantan\u00e9 de Tha\u00eflande &#8211; 200 grammes &#8211; 1 paquet"}]},{"@type":"WebSite","@id":"https:\/\/thai-inhaler.com\/#website","url":"https:\/\/thai-inhaler.com\/","name":"Thai-Inhaler.com","description":"Thai Herbal Products, Inhalers, Balms, Plasters On Sale","publisher":{"@id":"https:\/\/thai-inhaler.com\/#organization"},"potentialAction":[{"@type":"SearchAction","target":{"@type":"EntryPoint","urlTemplate":"https:\/\/thai-inhaler.com\/?s={search_term_string}"},"query-input":"required name=search_term_string"}],"inLanguage":"fr-FR"},{"@type":"Organization","@id":"https:\/\/thai-inhaler.com\/#organization","name":"Thai-Inhaler.com","url":"https:\/\/thai-inhaler.com\/","logo":{"@type":"ImageObject","inLanguage":"fr-FR","@id":"https:\/\/thai-inhaler.com\/#\/schema\/logo\/image\/","url":"https:\/\/i0.wp.com\/thai-inhaler.com\/wp-content\/uploads\/2017\/08\/cropped-logoThaiinhaler-01.png?fit=460%2C160&ssl=1","contentUrl":"https:\/\/i0.wp.com\/thai-inhaler.com\/wp-content\/uploads\/2017\/08\/cropped-logoThaiinhaler-01.png?fit=460%2C160&ssl=1","width":460,"height":160,"caption":"Thai-Inhaler.com"},"image":{"@id":"https:\/\/thai-inhaler.com\/#\/schema\/logo\/image\/"}}]}},"jetpack_sharing_enabled":true,"_links":{"self":[{"href":"https:\/\/thai-inhaler.com\/fr\/wp-json\/wp\/v2\/product\/1924"}],"collection":[{"href":"https:\/\/thai-inhaler.com\/fr\/wp-json\/wp\/v2\/product"}],"about":[{"href":"https:\/\/thai-inhaler.com\/fr\/wp-json\/wp\/v2\/types\/product"}],"replies":[{"embeddable":true,"href":"https:\/\/thai-inhaler.com\/fr\/wp-json\/wp\/v2\/comments?post=1924"}],"wp:featuredmedia":[{"embeddable":true,"href":"https:\/\/thai-inhaler.com\/fr\/wp-json\/wp\/v2\/media\/1848"}],"wp:attachment":[{"href":"https:\/\/thai-inhaler.com\/fr\/wp-json\/wp\/v2\/media?parent=1924"}],"wp:term":[{"taxonomy":"product_cat","embeddable":true,"href":"https:\/\/thai-inhaler.com\/fr\/wp-json\/wp\/v2\/product_cat?post=1924"},{"taxonomy":"product_tag","embeddable":true,"href":"https:\/\/thai-inhaler.com\/fr\/wp-json\/wp\/v2\/product_tag?post=1924"}],"curies":[{"name":"wp","href":"https:\/\/api.w.org\/{rel}","templated":true}]}}