{"id":1919,"date":"2021-05-06T10:16:14","date_gmt":"2021-05-06T08:16:14","guid":{"rendered":"https:\/\/thai-inhaler.com\/shop\/non%20class\u00e9\/koh-kae-salted-peanuts-from-thailand-160-grams-1-pack\/"},"modified":"2023-03-24T09:24:45","modified_gmt":"2023-03-24T08:24:45","slug":"cacahuetes-salees-koh-kae-de-thailande-160-grammes-1-paquet","status":"publish","type":"product","link":"https:\/\/thai-inhaler.com\/fr\/shop\/epicerie\/cacahuetes-salees-koh-kae-de-thailande-160-grammes-1-paquet\/","title":{"rendered":"Cacahu\u00e8tes sal\u00e9es Koh-Kae de Tha\u00eflande &#8211; 160 Grammes &#8211; 1 Paquet"},"content":{"rendered":"<h2>Cacahu\u00e8tes sal\u00e9es Koh-Kae de Tha\u00eflande &#8211; 160 Grammes &#8211; 1 Paquet<\/h2>\n<p>Les cacahu\u00e8tes sal\u00e9es Koh-Kae sont de haute qualit\u00e9 et pleines de nutriments b\u00e9n\u00e9fiques. Le produit est fabriqu\u00e9 \u00e0 partir d&#8217;arachides de haute qualit\u00e9 et soigneusement s\u00e9lectionn\u00e9es avant de subir un processus de torr\u00e9faction naturelle. Aucun additif n&#8217;est utilis\u00e9 pour rendre le produit plus croustillant, mais la saveur reste croquante et douce, tandis que ces cacahu\u00e8tes sal\u00e9es pr\u00e9sentent un d\u00e9licieux ar\u00f4me.<\/p>\n<h3>Ingr\u00e9dients :<\/h3>\n<p>Cacahu\u00e8tes 96 % Huile de palme 3 % Sel iod\u00e9 1 % Ar\u00f4me naturel ajout\u00e9<\/p>\n<p>Convient aux v\u00e9g\u00e9tariens<\/p>\n","protected":false},"excerpt":{"rendered":"<p><strong>Type d&#8217;article :<\/strong> Cacahu\u00e8tes sal\u00e9es<strong><br \/>\n1 paquet =<\/strong> 160 grammes<br \/>\n<strong>Pays d&#8217;origine : <\/strong>Produit original de Tha\u00eflande<br \/>\n<b>\u00c9tat\u00a0 : <\/b>Neuf et scell\u00e9 d&#8217;usine<\/p>\n","protected":false},"featured_media":1879,"comment_status":"open","ping_status":"closed","template":"","meta":{"_exactmetrics_skip_tracking":false,"_exactmetrics_sitenote_active":false,"_exactmetrics_sitenote_note":"","_exactmetrics_sitenote_category":0,"jetpack_post_was_ever_published":false},"product_cat":[129,129],"product_tag":[],"yoast_head":"<!-- This site is optimized with the Yoast SEO plugin v22.3 - https:\/\/yoast.com\/wordpress\/plugins\/seo\/ -->\n<title>Cacahu\u00e8tes sal\u00e9es Koh-Kae de Tha\u00eflande - 160 Gr. - 1 Paquet<\/title>\n<meta name=\"robots\" content=\"index, follow, max-snippet:-1, max-image-preview:large, max-video-preview:-1\" \/>\n<link rel=\"canonical\" href=\"https:\/\/thai-inhaler.com\/shop\/groceries\/koh-kae-salted-peanuts-from-thailand-160-grams-1-pack\/\" \/>\n<meta property=\"og:locale\" content=\"fr_FR\" \/>\n<meta property=\"og:type\" content=\"article\" \/>\n<meta property=\"og:title\" content=\"Cacahu\u00e8tes sal\u00e9es Koh-Kae de Tha\u00eflande - 160 Gr. - 1 Paquet\" \/>\n<meta property=\"og:description\" content=\"Type d&#039;article : Cacahu\u00e8tes sal\u00e9es 1 paquet = 160 grammes Pays d&#039;origine : Produit original de Tha\u00eflande \u00c9tat\u00a0 : Neuf et scell\u00e9 d&#039;usine\" \/>\n<meta property=\"og:url\" content=\"https:\/\/thai-inhaler.com\/shop\/groceries\/koh-kae-salted-peanuts-from-thailand-160-grams-1-pack\/\" \/>\n<meta property=\"og:site_name\" content=\"Thai-Inhaler.com\" \/>\n<meta property=\"article:modified_time\" content=\"2023-03-24T08:24:45+00:00\" \/>\n<meta property=\"og:image\" content=\"https:\/\/thai-inhaler.com\/wp-content\/uploads\/2021\/05\/1-11.jpg\" \/>\n\t<meta property=\"og:image:width\" content=\"800\" \/>\n\t<meta property=\"og:image:height\" content=\"800\" \/>\n\t<meta property=\"og:image:type\" content=\"image\/jpeg\" \/>\n<meta name=\"twitter:card\" content=\"summary_large_image\" \/>\n<meta name=\"twitter:label1\" content=\"Dur\u00e9e de lecture estim\u00e9e\" \/>\n\t<meta name=\"twitter:data1\" content=\"1 minute\" \/>\n<script type=\"application\/ld+json\" class=\"yoast-schema-graph\">{\"@context\":\"https:\/\/schema.org\",\"@graph\":[{\"@type\":\"WebPage\",\"@id\":\"https:\/\/thai-inhaler.com\/shop\/groceries\/koh-kae-salted-peanuts-from-thailand-160-grams-1-pack\/\",\"url\":\"https:\/\/thai-inhaler.com\/shop\/groceries\/koh-kae-salted-peanuts-from-thailand-160-grams-1-pack\/\",\"name\":\"Cacahu\u00e8tes sal\u00e9es Koh-Kae de Tha\u00eflande - 160 Gr. - 1 Paquet\",\"isPartOf\":{\"@id\":\"https:\/\/thai-inhaler.com\/#website\"},\"primaryImageOfPage\":{\"@id\":\"https:\/\/thai-inhaler.com\/shop\/groceries\/koh-kae-salted-peanuts-from-thailand-160-grams-1-pack\/#primaryimage\"},\"image\":{\"@id\":\"https:\/\/thai-inhaler.com\/shop\/groceries\/koh-kae-salted-peanuts-from-thailand-160-grams-1-pack\/#primaryimage\"},\"thumbnailUrl\":\"https:\/\/i0.wp.com\/thai-inhaler.com\/wp-content\/uploads\/2021\/05\/1-11.jpg?fit=800%2C800&ssl=1\",\"datePublished\":\"2021-05-06T08:16:14+00:00\",\"dateModified\":\"2023-03-24T08:24:45+00:00\",\"breadcrumb\":{\"@id\":\"https:\/\/thai-inhaler.com\/shop\/groceries\/koh-kae-salted-peanuts-from-thailand-160-grams-1-pack\/#breadcrumb\"},\"inLanguage\":\"fr-FR\",\"potentialAction\":[{\"@type\":\"ReadAction\",\"target\":[\"https:\/\/thai-inhaler.com\/shop\/groceries\/koh-kae-salted-peanuts-from-thailand-160-grams-1-pack\/\"]}]},{\"@type\":\"ImageObject\",\"inLanguage\":\"fr-FR\",\"@id\":\"https:\/\/thai-inhaler.com\/shop\/groceries\/koh-kae-salted-peanuts-from-thailand-160-grams-1-pack\/#primaryimage\",\"url\":\"https:\/\/i0.wp.com\/thai-inhaler.com\/wp-content\/uploads\/2021\/05\/1-11.jpg?fit=800%2C800&ssl=1\",\"contentUrl\":\"https:\/\/i0.wp.com\/thai-inhaler.com\/wp-content\/uploads\/2021\/05\/1-11.jpg?fit=800%2C800&ssl=1\",\"width\":800,\"height\":800},{\"@type\":\"BreadcrumbList\",\"@id\":\"https:\/\/thai-inhaler.com\/shop\/groceries\/koh-kae-salted-peanuts-from-thailand-160-grams-1-pack\/#breadcrumb\",\"itemListElement\":[{\"@type\":\"ListItem\",\"position\":1,\"name\":\"Home\",\"item\":\"https:\/\/thai-inhaler.com\/fr\/\"},{\"@type\":\"ListItem\",\"position\":2,\"name\":\"Shop\",\"item\":\"https:\/\/thai-inhaler.com\/shop\/\"},{\"@type\":\"ListItem\",\"position\":3,\"name\":\"Cacahu\u00e8tes sal\u00e9es Koh-Kae de Tha\u00eflande &#8211; 160 Grammes &#8211; 1 Paquet\"}]},{\"@type\":\"WebSite\",\"@id\":\"https:\/\/thai-inhaler.com\/#website\",\"url\":\"https:\/\/thai-inhaler.com\/\",\"name\":\"Thai-Inhaler.com\",\"description\":\"Thai Herbal Products, Inhalers, Balms, Plasters On Sale\",\"publisher\":{\"@id\":\"https:\/\/thai-inhaler.com\/#organization\"},\"potentialAction\":[{\"@type\":\"SearchAction\",\"target\":{\"@type\":\"EntryPoint\",\"urlTemplate\":\"https:\/\/thai-inhaler.com\/?s={search_term_string}\"},\"query-input\":\"required name=search_term_string\"}],\"inLanguage\":\"fr-FR\"},{\"@type\":\"Organization\",\"@id\":\"https:\/\/thai-inhaler.com\/#organization\",\"name\":\"Thai-Inhaler.com\",\"url\":\"https:\/\/thai-inhaler.com\/\",\"logo\":{\"@type\":\"ImageObject\",\"inLanguage\":\"fr-FR\",\"@id\":\"https:\/\/thai-inhaler.com\/#\/schema\/logo\/image\/\",\"url\":\"https:\/\/i0.wp.com\/thai-inhaler.com\/wp-content\/uploads\/2017\/08\/cropped-logoThaiinhaler-01.png?fit=460%2C160&ssl=1\",\"contentUrl\":\"https:\/\/i0.wp.com\/thai-inhaler.com\/wp-content\/uploads\/2017\/08\/cropped-logoThaiinhaler-01.png?fit=460%2C160&ssl=1\",\"width\":460,\"height\":160,\"caption\":\"Thai-Inhaler.com\"},\"image\":{\"@id\":\"https:\/\/thai-inhaler.com\/#\/schema\/logo\/image\/\"}}]}<\/script>\n<!-- \/ Yoast SEO plugin. -->","yoast_head_json":{"title":"Cacahu\u00e8tes sal\u00e9es Koh-Kae de Tha\u00eflande - 160 Gr. - 1 Paquet","robots":{"index":"index","follow":"follow","max-snippet":"max-snippet:-1","max-image-preview":"max-image-preview:large","max-video-preview":"max-video-preview:-1"},"canonical":"https:\/\/thai-inhaler.com\/shop\/groceries\/koh-kae-salted-peanuts-from-thailand-160-grams-1-pack\/","og_locale":"fr_FR","og_type":"article","og_title":"Cacahu\u00e8tes sal\u00e9es Koh-Kae de Tha\u00eflande - 160 Gr. - 1 Paquet","og_description":"Type d'article : Cacahu\u00e8tes sal\u00e9es 1 paquet = 160 grammes Pays d'origine : Produit original de Tha\u00eflande \u00c9tat\u00a0 : Neuf et scell\u00e9 d'usine","og_url":"https:\/\/thai-inhaler.com\/shop\/groceries\/koh-kae-salted-peanuts-from-thailand-160-grams-1-pack\/","og_site_name":"Thai-Inhaler.com","article_modified_time":"2023-03-24T08:24:45+00:00","og_image":[{"width":800,"height":800,"url":"https:\/\/thai-inhaler.com\/wp-content\/uploads\/2021\/05\/1-11.jpg","type":"image\/jpeg"}],"twitter_card":"summary_large_image","twitter_misc":{"Dur\u00e9e de lecture estim\u00e9e":"1 minute"},"schema":{"@context":"https:\/\/schema.org","@graph":[{"@type":"WebPage","@id":"https:\/\/thai-inhaler.com\/shop\/groceries\/koh-kae-salted-peanuts-from-thailand-160-grams-1-pack\/","url":"https:\/\/thai-inhaler.com\/shop\/groceries\/koh-kae-salted-peanuts-from-thailand-160-grams-1-pack\/","name":"Cacahu\u00e8tes sal\u00e9es Koh-Kae de Tha\u00eflande - 160 Gr. - 1 Paquet","isPartOf":{"@id":"https:\/\/thai-inhaler.com\/#website"},"primaryImageOfPage":{"@id":"https:\/\/thai-inhaler.com\/shop\/groceries\/koh-kae-salted-peanuts-from-thailand-160-grams-1-pack\/#primaryimage"},"image":{"@id":"https:\/\/thai-inhaler.com\/shop\/groceries\/koh-kae-salted-peanuts-from-thailand-160-grams-1-pack\/#primaryimage"},"thumbnailUrl":"https:\/\/i0.wp.com\/thai-inhaler.com\/wp-content\/uploads\/2021\/05\/1-11.jpg?fit=800%2C800&ssl=1","datePublished":"2021-05-06T08:16:14+00:00","dateModified":"2023-03-24T08:24:45+00:00","breadcrumb":{"@id":"https:\/\/thai-inhaler.com\/shop\/groceries\/koh-kae-salted-peanuts-from-thailand-160-grams-1-pack\/#breadcrumb"},"inLanguage":"fr-FR","potentialAction":[{"@type":"ReadAction","target":["https:\/\/thai-inhaler.com\/shop\/groceries\/koh-kae-salted-peanuts-from-thailand-160-grams-1-pack\/"]}]},{"@type":"ImageObject","inLanguage":"fr-FR","@id":"https:\/\/thai-inhaler.com\/shop\/groceries\/koh-kae-salted-peanuts-from-thailand-160-grams-1-pack\/#primaryimage","url":"https:\/\/i0.wp.com\/thai-inhaler.com\/wp-content\/uploads\/2021\/05\/1-11.jpg?fit=800%2C800&ssl=1","contentUrl":"https:\/\/i0.wp.com\/thai-inhaler.com\/wp-content\/uploads\/2021\/05\/1-11.jpg?fit=800%2C800&ssl=1","width":800,"height":800},{"@type":"BreadcrumbList","@id":"https:\/\/thai-inhaler.com\/shop\/groceries\/koh-kae-salted-peanuts-from-thailand-160-grams-1-pack\/#breadcrumb","itemListElement":[{"@type":"ListItem","position":1,"name":"Home","item":"https:\/\/thai-inhaler.com\/fr\/"},{"@type":"ListItem","position":2,"name":"Shop","item":"https:\/\/thai-inhaler.com\/shop\/"},{"@type":"ListItem","position":3,"name":"Cacahu\u00e8tes sal\u00e9es Koh-Kae de Tha\u00eflande &#8211; 160 Grammes &#8211; 1 Paquet"}]},{"@type":"WebSite","@id":"https:\/\/thai-inhaler.com\/#website","url":"https:\/\/thai-inhaler.com\/","name":"Thai-Inhaler.com","description":"Thai Herbal Products, Inhalers, Balms, Plasters On Sale","publisher":{"@id":"https:\/\/thai-inhaler.com\/#organization"},"potentialAction":[{"@type":"SearchAction","target":{"@type":"EntryPoint","urlTemplate":"https:\/\/thai-inhaler.com\/?s={search_term_string}"},"query-input":"required name=search_term_string"}],"inLanguage":"fr-FR"},{"@type":"Organization","@id":"https:\/\/thai-inhaler.com\/#organization","name":"Thai-Inhaler.com","url":"https:\/\/thai-inhaler.com\/","logo":{"@type":"ImageObject","inLanguage":"fr-FR","@id":"https:\/\/thai-inhaler.com\/#\/schema\/logo\/image\/","url":"https:\/\/i0.wp.com\/thai-inhaler.com\/wp-content\/uploads\/2017\/08\/cropped-logoThaiinhaler-01.png?fit=460%2C160&ssl=1","contentUrl":"https:\/\/i0.wp.com\/thai-inhaler.com\/wp-content\/uploads\/2017\/08\/cropped-logoThaiinhaler-01.png?fit=460%2C160&ssl=1","width":460,"height":160,"caption":"Thai-Inhaler.com"},"image":{"@id":"https:\/\/thai-inhaler.com\/#\/schema\/logo\/image\/"}}]}},"jetpack_sharing_enabled":true,"_links":{"self":[{"href":"https:\/\/thai-inhaler.com\/fr\/wp-json\/wp\/v2\/product\/1919"}],"collection":[{"href":"https:\/\/thai-inhaler.com\/fr\/wp-json\/wp\/v2\/product"}],"about":[{"href":"https:\/\/thai-inhaler.com\/fr\/wp-json\/wp\/v2\/types\/product"}],"replies":[{"embeddable":true,"href":"https:\/\/thai-inhaler.com\/fr\/wp-json\/wp\/v2\/comments?post=1919"}],"wp:featuredmedia":[{"embeddable":true,"href":"https:\/\/thai-inhaler.com\/fr\/wp-json\/wp\/v2\/media\/1879"}],"wp:attachment":[{"href":"https:\/\/thai-inhaler.com\/fr\/wp-json\/wp\/v2\/media?parent=1919"}],"wp:term":[{"taxonomy":"product_cat","embeddable":true,"href":"https:\/\/thai-inhaler.com\/fr\/wp-json\/wp\/v2\/product_cat?post=1919"},{"taxonomy":"product_tag","embeddable":true,"href":"https:\/\/thai-inhaler.com\/fr\/wp-json\/wp\/v2\/product_tag?post=1919"}],"curies":[{"name":"wp","href":"https:\/\/api.w.org\/{rel}","templated":true}]}}