{"id":1540,"date":"2020-07-17T05:16:39","date_gmt":"2020-07-17T03:16:39","guid":{"rendered":"https:\/\/thai-inhaler.com\/?post_type=product&#038;p=1540"},"modified":"2021-01-11T00:01:35","modified_gmt":"2021-01-10T23:01:35","slug":"masque-en-tissu-marque-naraya-de-thailande-couleur-noire-3-pieces","status":"publish","type":"product","link":"https:\/\/thai-inhaler.com\/fr\/shop\/autres-produits\/masque-en-tissu-marque-naraya-de-thailande-couleur-noire-3-pieces\/","title":{"rendered":"Masque en tissu &#8211; Marque NaRaYa de Tha\u00eflande &#8211; Couleur noire &#8211; 3 pi\u00e8ces"},"content":{"rendered":"<h2>Masque en tissu &#8211; Marque NaRaYa de Tha\u00eflande &#8211; Couleur noire &#8211; 3 pi\u00e8ces<\/h2>\n<h3>Description :<\/h3>\n<p>Le masque en tissu &#8211; marque NaRaYa de Tha\u00eflande est fabriqu\u00e9 en tissu noir 100 % polyester \u00e0 l&#8217;int\u00e9rieur et \u00e0 l&#8217;ext\u00e9rieur, avec un design en 3D qui offre un ajustement parfait pour votre visage. Il est enti\u00e8rement imperm\u00e9able et a pass\u00e9 l&#8217;inspection de SGS Tha\u00eflande et de l&#8217;Institut textile de Tha\u00eflande (THTI). Le masque en tissu &#8211; marque NaRaYa de Tha\u00eflande &#8211; couleur noire est \u00e9galement exempt de formald\u00e9hyde, de plomb et d&#8217;autres m\u00e9taux lourds.<\/p>\n<p>Il a la capacit\u00e9 d&#8217;emp\u00eacher la propagation de s\u00e9cr\u00e9tions, telles que la salive et le mucus. Le masque en tissu de polyester de la marque NaRaYa peut \u00eatre lav\u00e9 afin de r\u00e9duire l&#8217;accumulation de germes avant d&#8217;\u00eatre r\u00e9utilis\u00e9.<\/p>\n<p>Le masque en tissu de polyester de la marque NaRaYa n&#8217;est PAS un masque chirurgical ou m\u00e9dical et ne doit pas \u00eatre utilis\u00e9 comme tel, mais il constitue un masque de protection pour le grand public.<\/p>\n<h3>Conseils pour l&#8217;entretien du masque en tissu &#8211; Marque NaRaYa de Tha\u00eflande &#8211; Couleur noire :<\/h3>\n<ul>\n<li>Le masque en tissu doit \u00eatre lav\u00e9 avant d&#8217;\u00eatre utilis\u00e9.<\/li>\n<li>Il doit \u00eatre lav\u00e9 \u00e0 la main uniquement et ne doit pas \u00eatre impr\u00e9gn\u00e9 de d\u00e9tergent.<\/li>\n<li>Lavez le masque en tissu avec de l&#8217;eau et du savon doux, n&#8217;utilisez pas de poudre \u00e0 lessiver.<\/li>\n<li>S\u00e9chez dans un endroit sec et ventil\u00e9 et \u00e9vitez la lumi\u00e8re directe du soleil.<\/li>\n<li>Le masque en tissu est un objet personnel et ne doit pas \u00eatre partag\u00e9 avec d&#8217;autres personnes.<\/li>\n<li>Le masque en tissu &#8211; marque NaRaYa de Tha\u00eflande &#8211; couleur noire est une alternative, ne l&#8217;utilisez pas comme masque m\u00e9dical et veuillez suivre les directives d&#8217;hygi\u00e8ne personnelle afin de r\u00e9duire le risque d&#8217;infection.<\/li>\n<\/ul>\n<h3>Note :<\/h3>\n<p>Pour des raisons d&#8217;hygi\u00e8ne, lorsque ces produits ont d\u00e9j\u00e0 \u00e9t\u00e9 exp\u00e9di\u00e9s, ils ne seront ni \u00e9chang\u00e9s ni rembours\u00e9s. Veuillez donc lire attentivement les d\u00e9tails avant de passer une commande.<\/p>\n","protected":false},"excerpt":{"rendered":"<p><strong>Type d&#8217;article :<\/strong> Masque en tissu<br \/>\n<strong>Couleur :<\/strong> Noir<br \/>\n<strong>Taille :<\/strong> Taille unique<br \/>\n<strong>Pays d&#8217;origine :<\/strong> Tha\u00eflande<br \/>\n<strong>Fonction :<\/strong> Masque de protection<br \/>\n<strong>Condition :<\/strong> Neuf et scell\u00e9 en usine<\/p>\n","protected":false},"featured_media":1527,"comment_status":"open","ping_status":"closed","template":"","meta":{"_exactmetrics_skip_tracking":false,"_exactmetrics_sitenote_active":false,"_exactmetrics_sitenote_note":"","_exactmetrics_sitenote_category":0,"jetpack_post_was_ever_published":false},"product_cat":[130],"product_tag":[],"yoast_head":"<!-- This site is optimized with the Yoast SEO plugin v22.3 - https:\/\/yoast.com\/wordpress\/plugins\/seo\/ -->\n<title>Masque en tissu - Marque NaRaYa de Tha\u00eflande - Couleur noire - 3 pi\u00e8ces<\/title>\n<meta name=\"robots\" content=\"index, follow, max-snippet:-1, max-image-preview:large, max-video-preview:-1\" \/>\n<link rel=\"canonical\" href=\"https:\/\/thai-inhaler.com\/fr\/shop\/autres-produits\/masque-en-tissu-marque-naraya-de-thailande-couleur-noire-3-pieces\/\" \/>\n<meta property=\"og:locale\" content=\"fr_FR\" \/>\n<meta property=\"og:type\" content=\"article\" \/>\n<meta property=\"og:title\" content=\"Masque en tissu - Marque NaRaYa de Tha\u00eflande - Couleur noire - 3 pi\u00e8ces\" \/>\n<meta property=\"og:description\" content=\"Type d&#039;article : Masque en tissu Couleur : Noir Taille : Taille unique Pays d&#039;origine : Tha\u00eflande Fonction : Masque de protection Condition : Neuf et scell\u00e9 en usine\" \/>\n<meta property=\"og:url\" content=\"https:\/\/thai-inhaler.com\/fr\/shop\/autres-produits\/masque-en-tissu-marque-naraya-de-thailande-couleur-noire-3-pieces\/\" \/>\n<meta property=\"og:site_name\" content=\"Thai-Inhaler.com\" \/>\n<meta property=\"article:modified_time\" content=\"2021-01-10T23:01:35+00:00\" \/>\n<meta property=\"og:image\" content=\"https:\/\/thai-inhaler.com\/wp-content\/uploads\/2020\/06\/Screen-Shot-2020-06-17-at-18.40.55.png\" \/>\n\t<meta property=\"og:image:width\" content=\"487\" \/>\n\t<meta property=\"og:image:height\" content=\"470\" \/>\n\t<meta property=\"og:image:type\" content=\"image\/png\" \/>\n<meta name=\"twitter:card\" content=\"summary_large_image\" \/>\n<meta name=\"twitter:label1\" content=\"Dur\u00e9e de lecture estim\u00e9e\" \/>\n\t<meta name=\"twitter:data1\" content=\"2 minutes\" \/>\n<script type=\"application\/ld+json\" class=\"yoast-schema-graph\">{\"@context\":\"https:\/\/schema.org\",\"@graph\":[{\"@type\":\"WebPage\",\"@id\":\"https:\/\/thai-inhaler.com\/fr\/shop\/autres-produits\/masque-en-tissu-marque-naraya-de-thailande-couleur-noire-3-pieces\/\",\"url\":\"https:\/\/thai-inhaler.com\/fr\/shop\/autres-produits\/masque-en-tissu-marque-naraya-de-thailande-couleur-noire-3-pieces\/\",\"name\":\"Masque en tissu - Marque NaRaYa de Tha\u00eflande - Couleur noire - 3 pi\u00e8ces\",\"isPartOf\":{\"@id\":\"https:\/\/thai-inhaler.com\/#website\"},\"primaryImageOfPage\":{\"@id\":\"https:\/\/thai-inhaler.com\/fr\/shop\/autres-produits\/masque-en-tissu-marque-naraya-de-thailande-couleur-noire-3-pieces\/#primaryimage\"},\"image\":{\"@id\":\"https:\/\/thai-inhaler.com\/fr\/shop\/autres-produits\/masque-en-tissu-marque-naraya-de-thailande-couleur-noire-3-pieces\/#primaryimage\"},\"thumbnailUrl\":\"https:\/\/i0.wp.com\/thai-inhaler.com\/wp-content\/uploads\/2020\/06\/Screen-Shot-2020-06-17-at-18.40.55.png?fit=487%2C470&ssl=1\",\"datePublished\":\"2020-07-17T03:16:39+00:00\",\"dateModified\":\"2021-01-10T23:01:35+00:00\",\"breadcrumb\":{\"@id\":\"https:\/\/thai-inhaler.com\/fr\/shop\/autres-produits\/masque-en-tissu-marque-naraya-de-thailande-couleur-noire-3-pieces\/#breadcrumb\"},\"inLanguage\":\"fr-FR\",\"potentialAction\":[{\"@type\":\"ReadAction\",\"target\":[\"https:\/\/thai-inhaler.com\/fr\/shop\/autres-produits\/masque-en-tissu-marque-naraya-de-thailande-couleur-noire-3-pieces\/\"]}]},{\"@type\":\"ImageObject\",\"inLanguage\":\"fr-FR\",\"@id\":\"https:\/\/thai-inhaler.com\/fr\/shop\/autres-produits\/masque-en-tissu-marque-naraya-de-thailande-couleur-noire-3-pieces\/#primaryimage\",\"url\":\"https:\/\/i0.wp.com\/thai-inhaler.com\/wp-content\/uploads\/2020\/06\/Screen-Shot-2020-06-17-at-18.40.55.png?fit=487%2C470&ssl=1\",\"contentUrl\":\"https:\/\/i0.wp.com\/thai-inhaler.com\/wp-content\/uploads\/2020\/06\/Screen-Shot-2020-06-17-at-18.40.55.png?fit=487%2C470&ssl=1\",\"width\":487,\"height\":470},{\"@type\":\"BreadcrumbList\",\"@id\":\"https:\/\/thai-inhaler.com\/fr\/shop\/autres-produits\/masque-en-tissu-marque-naraya-de-thailande-couleur-noire-3-pieces\/#breadcrumb\",\"itemListElement\":[{\"@type\":\"ListItem\",\"position\":1,\"name\":\"Home\",\"item\":\"https:\/\/thai-inhaler.com\/fr\/\"},{\"@type\":\"ListItem\",\"position\":2,\"name\":\"Shop\",\"item\":\"https:\/\/thai-inhaler.com\/shop\/\"},{\"@type\":\"ListItem\",\"position\":3,\"name\":\"Masque en tissu &#8211; Marque NaRaYa de Tha\u00eflande &#8211; Couleur noire &#8211; 3 pi\u00e8ces\"}]},{\"@type\":\"WebSite\",\"@id\":\"https:\/\/thai-inhaler.com\/#website\",\"url\":\"https:\/\/thai-inhaler.com\/\",\"name\":\"Thai-Inhaler.com\",\"description\":\"Thai Herbal Products, Inhalers, Balms, Plasters On Sale\",\"publisher\":{\"@id\":\"https:\/\/thai-inhaler.com\/#organization\"},\"potentialAction\":[{\"@type\":\"SearchAction\",\"target\":{\"@type\":\"EntryPoint\",\"urlTemplate\":\"https:\/\/thai-inhaler.com\/?s={search_term_string}\"},\"query-input\":\"required name=search_term_string\"}],\"inLanguage\":\"fr-FR\"},{\"@type\":\"Organization\",\"@id\":\"https:\/\/thai-inhaler.com\/#organization\",\"name\":\"Thai-Inhaler.com\",\"url\":\"https:\/\/thai-inhaler.com\/\",\"logo\":{\"@type\":\"ImageObject\",\"inLanguage\":\"fr-FR\",\"@id\":\"https:\/\/thai-inhaler.com\/#\/schema\/logo\/image\/\",\"url\":\"https:\/\/i0.wp.com\/thai-inhaler.com\/wp-content\/uploads\/2017\/08\/cropped-logoThaiinhaler-01.png?fit=460%2C160&ssl=1\",\"contentUrl\":\"https:\/\/i0.wp.com\/thai-inhaler.com\/wp-content\/uploads\/2017\/08\/cropped-logoThaiinhaler-01.png?fit=460%2C160&ssl=1\",\"width\":460,\"height\":160,\"caption\":\"Thai-Inhaler.com\"},\"image\":{\"@id\":\"https:\/\/thai-inhaler.com\/#\/schema\/logo\/image\/\"}}]}<\/script>\n<!-- \/ Yoast SEO plugin. -->","yoast_head_json":{"title":"Masque en tissu - Marque NaRaYa de Tha\u00eflande - Couleur noire - 3 pi\u00e8ces","robots":{"index":"index","follow":"follow","max-snippet":"max-snippet:-1","max-image-preview":"max-image-preview:large","max-video-preview":"max-video-preview:-1"},"canonical":"https:\/\/thai-inhaler.com\/fr\/shop\/autres-produits\/masque-en-tissu-marque-naraya-de-thailande-couleur-noire-3-pieces\/","og_locale":"fr_FR","og_type":"article","og_title":"Masque en tissu - Marque NaRaYa de Tha\u00eflande - Couleur noire - 3 pi\u00e8ces","og_description":"Type d'article : Masque en tissu Couleur : Noir Taille : Taille unique Pays d'origine : Tha\u00eflande Fonction : Masque de protection Condition : Neuf et scell\u00e9 en usine","og_url":"https:\/\/thai-inhaler.com\/fr\/shop\/autres-produits\/masque-en-tissu-marque-naraya-de-thailande-couleur-noire-3-pieces\/","og_site_name":"Thai-Inhaler.com","article_modified_time":"2021-01-10T23:01:35+00:00","og_image":[{"width":487,"height":470,"url":"https:\/\/thai-inhaler.com\/wp-content\/uploads\/2020\/06\/Screen-Shot-2020-06-17-at-18.40.55.png","type":"image\/png"}],"twitter_card":"summary_large_image","twitter_misc":{"Dur\u00e9e de lecture estim\u00e9e":"2 minutes"},"schema":{"@context":"https:\/\/schema.org","@graph":[{"@type":"WebPage","@id":"https:\/\/thai-inhaler.com\/fr\/shop\/autres-produits\/masque-en-tissu-marque-naraya-de-thailande-couleur-noire-3-pieces\/","url":"https:\/\/thai-inhaler.com\/fr\/shop\/autres-produits\/masque-en-tissu-marque-naraya-de-thailande-couleur-noire-3-pieces\/","name":"Masque en tissu - Marque NaRaYa de Tha\u00eflande - Couleur noire - 3 pi\u00e8ces","isPartOf":{"@id":"https:\/\/thai-inhaler.com\/#website"},"primaryImageOfPage":{"@id":"https:\/\/thai-inhaler.com\/fr\/shop\/autres-produits\/masque-en-tissu-marque-naraya-de-thailande-couleur-noire-3-pieces\/#primaryimage"},"image":{"@id":"https:\/\/thai-inhaler.com\/fr\/shop\/autres-produits\/masque-en-tissu-marque-naraya-de-thailande-couleur-noire-3-pieces\/#primaryimage"},"thumbnailUrl":"https:\/\/i0.wp.com\/thai-inhaler.com\/wp-content\/uploads\/2020\/06\/Screen-Shot-2020-06-17-at-18.40.55.png?fit=487%2C470&ssl=1","datePublished":"2020-07-17T03:16:39+00:00","dateModified":"2021-01-10T23:01:35+00:00","breadcrumb":{"@id":"https:\/\/thai-inhaler.com\/fr\/shop\/autres-produits\/masque-en-tissu-marque-naraya-de-thailande-couleur-noire-3-pieces\/#breadcrumb"},"inLanguage":"fr-FR","potentialAction":[{"@type":"ReadAction","target":["https:\/\/thai-inhaler.com\/fr\/shop\/autres-produits\/masque-en-tissu-marque-naraya-de-thailande-couleur-noire-3-pieces\/"]}]},{"@type":"ImageObject","inLanguage":"fr-FR","@id":"https:\/\/thai-inhaler.com\/fr\/shop\/autres-produits\/masque-en-tissu-marque-naraya-de-thailande-couleur-noire-3-pieces\/#primaryimage","url":"https:\/\/i0.wp.com\/thai-inhaler.com\/wp-content\/uploads\/2020\/06\/Screen-Shot-2020-06-17-at-18.40.55.png?fit=487%2C470&ssl=1","contentUrl":"https:\/\/i0.wp.com\/thai-inhaler.com\/wp-content\/uploads\/2020\/06\/Screen-Shot-2020-06-17-at-18.40.55.png?fit=487%2C470&ssl=1","width":487,"height":470},{"@type":"BreadcrumbList","@id":"https:\/\/thai-inhaler.com\/fr\/shop\/autres-produits\/masque-en-tissu-marque-naraya-de-thailande-couleur-noire-3-pieces\/#breadcrumb","itemListElement":[{"@type":"ListItem","position":1,"name":"Home","item":"https:\/\/thai-inhaler.com\/fr\/"},{"@type":"ListItem","position":2,"name":"Shop","item":"https:\/\/thai-inhaler.com\/shop\/"},{"@type":"ListItem","position":3,"name":"Masque en tissu &#8211; Marque NaRaYa de Tha\u00eflande &#8211; Couleur noire &#8211; 3 pi\u00e8ces"}]},{"@type":"WebSite","@id":"https:\/\/thai-inhaler.com\/#website","url":"https:\/\/thai-inhaler.com\/","name":"Thai-Inhaler.com","description":"Thai Herbal Products, Inhalers, Balms, Plasters On Sale","publisher":{"@id":"https:\/\/thai-inhaler.com\/#organization"},"potentialAction":[{"@type":"SearchAction","target":{"@type":"EntryPoint","urlTemplate":"https:\/\/thai-inhaler.com\/?s={search_term_string}"},"query-input":"required name=search_term_string"}],"inLanguage":"fr-FR"},{"@type":"Organization","@id":"https:\/\/thai-inhaler.com\/#organization","name":"Thai-Inhaler.com","url":"https:\/\/thai-inhaler.com\/","logo":{"@type":"ImageObject","inLanguage":"fr-FR","@id":"https:\/\/thai-inhaler.com\/#\/schema\/logo\/image\/","url":"https:\/\/i0.wp.com\/thai-inhaler.com\/wp-content\/uploads\/2017\/08\/cropped-logoThaiinhaler-01.png?fit=460%2C160&ssl=1","contentUrl":"https:\/\/i0.wp.com\/thai-inhaler.com\/wp-content\/uploads\/2017\/08\/cropped-logoThaiinhaler-01.png?fit=460%2C160&ssl=1","width":460,"height":160,"caption":"Thai-Inhaler.com"},"image":{"@id":"https:\/\/thai-inhaler.com\/#\/schema\/logo\/image\/"}}]}},"jetpack_sharing_enabled":true,"_links":{"self":[{"href":"https:\/\/thai-inhaler.com\/fr\/wp-json\/wp\/v2\/product\/1540"}],"collection":[{"href":"https:\/\/thai-inhaler.com\/fr\/wp-json\/wp\/v2\/product"}],"about":[{"href":"https:\/\/thai-inhaler.com\/fr\/wp-json\/wp\/v2\/types\/product"}],"replies":[{"embeddable":true,"href":"https:\/\/thai-inhaler.com\/fr\/wp-json\/wp\/v2\/comments?post=1540"}],"wp:featuredmedia":[{"embeddable":true,"href":"https:\/\/thai-inhaler.com\/fr\/wp-json\/wp\/v2\/media\/1527"}],"wp:attachment":[{"href":"https:\/\/thai-inhaler.com\/fr\/wp-json\/wp\/v2\/media?parent=1540"}],"wp:term":[{"taxonomy":"product_cat","embeddable":true,"href":"https:\/\/thai-inhaler.com\/fr\/wp-json\/wp\/v2\/product_cat?post=1540"},{"taxonomy":"product_tag","embeddable":true,"href":"https:\/\/thai-inhaler.com\/fr\/wp-json\/wp\/v2\/product_tag?post=1540"}],"curies":[{"name":"wp","href":"https:\/\/api.w.org\/{rel}","templated":true}]}}