{"id":1532,"date":"2020-06-28T12:44:43","date_gmt":"2020-06-28T10:44:43","guid":{"rendered":"https:\/\/thai-inhaler.com\/?post_type=product&#038;p=1532"},"modified":"2021-01-11T00:01:36","modified_gmt":"2021-01-10T23:01:36","slug":"nouilles-instantanees-saveur-tom-yum-crevettes-de-thailande-marque-mama-1-paquet","status":"publish","type":"product","link":"https:\/\/thai-inhaler.com\/fr\/shop\/epicerie\/nouilles-instantanees-saveur-tom-yum-crevettes-de-thailande-marque-mama-1-paquet\/","title":{"rendered":"Nouilles instantan\u00e9es saveur Tom Yum crevettes de Tha\u00eflande &#8211; Marque Mama &#8211; 1 paquet"},"content":{"rendered":"<h2>Nouilles instantan\u00e9es saveur Tom Yum crevettes de Tha\u00eflande &#8211; Marque Mama &#8211; 1 paquet<\/h2>\n<h3>Ingr\u00e9dients :<\/h3>\n<p>Farine de bl\u00e9 (78 %), huile de palme, sel, sucre, piment en poudre, exhausteurs de go\u00fbt (E621, E635), \u00e9pices, acide citrique, r\u00e9gulateurs d&#8217;acidit\u00e9 (E500, E501, E451), c\u00e9bette s\u00e9ch\u00e9e, colorant (ol\u00e9or\u00e9sine de paprika), \u00e9paississant (E466), sauce soja (soja, eau, sel), ar\u00f4me (0,02 %), poudre de crevette (crustac\u00e9) (0,02%).<\/p>\n<p>Sans conservateur ajout\u00e9. Colorant naturel et ar\u00f4me artificiel ajout\u00e9s. Utilisation de sel iod\u00e9.<\/p>\n<h3>Description :<\/h3>\n<p>Les nouilles instantan\u00e9es saveur Tom Yum crevettes de Tha\u00eflande &#8211; Marque Mama sont une c\u00e9l\u00e8bre gamme tha\u00eflandaise et un best-seller au go\u00fbt tha\u00ef authentique.<\/p>\n<p>Elles satisferont votre faim en quelques minutes et constituent un moyen pratique et facile de pr\u00e9parer un d\u00e9jeuner ou un d\u00eener rapide. Elles pr\u00e9sentent \u00e9galement de nombreux avantages pour la sant\u00e9 gr\u00e2ce \u00e0 leur puissante combinaison d&#8217;herbes et d&#8217;\u00e9pices.<\/p>\n<p>Les nouilles instantan\u00e9es saveur Tom Yum crevettes de Tha\u00eflande &#8211; Marque Mama vous offre un go\u00fbt savoureux de la nourriture du sud-est asiatique, \u00e0 la fois aigre, sal\u00e9, \u00e9pic\u00e9 et sucr\u00e9 pour une bouche pleine d&#8217;ar\u00f4mes all\u00e9chants.<\/p>\n<h3>Pr\u00e9paration : comment les cuisiner ?<\/h3>\n<ol>\n<li>Mettre les nouilles et les condiments dans un bol, puis verser 350 ml d&#8217;eau bouillante.<\/li>\n<li>Couvrir le bol pendant 3 minutes.<\/li>\n<li>Vos nouilles sont maintenant pr\u00eates \u00e0 \u00eatre servies.<\/li>\n<\/ol>\n<h3>Informations relatives aux allergies :<\/h3>\n<p>Ce produit peut contenir des traces d&#8217;\u0153ufs, de poisson, de crevettes, de soja, de c\u00e9leri et de s\u00e9same.<\/p>\n<p>Conserver dans un endroit frais et sec, \u00e0 l&#8217;abri de la lumi\u00e8re directe du soleil.<\/p>\n","protected":false},"excerpt":{"rendered":"<p><strong>Type d&#8217;article :<\/strong> Nouilles instantan\u00e9es<br \/>\n<strong>1 paquet =<\/strong> 55 grammes<br \/>\n<strong>Pays d&#8217;origine :<\/strong> Produit original de Tha\u00eflande<br \/>\n<strong>\u00c9tat :<\/strong> Neuf et scell\u00e9 en usine<\/p>\n","protected":false},"featured_media":1461,"comment_status":"open","ping_status":"closed","template":"","meta":{"_exactmetrics_skip_tracking":false,"_exactmetrics_sitenote_active":false,"_exactmetrics_sitenote_note":"","_exactmetrics_sitenote_category":0,"jetpack_post_was_ever_published":false},"product_cat":[129],"product_tag":[],"yoast_head":"<!-- This site is optimized with the Yoast SEO plugin v22.3 - https:\/\/yoast.com\/wordpress\/plugins\/seo\/ -->\n<title>Nouilles instantan\u00e9es go\u00fbt Tom Yum crevettes - Marque Mama - Tha\u00eflande<\/title>\n<meta name=\"robots\" content=\"index, follow, max-snippet:-1, max-image-preview:large, max-video-preview:-1\" \/>\n<link rel=\"canonical\" href=\"https:\/\/thai-inhaler.com\/fr\/shop\/epicerie\/nouilles-instantanees-saveur-tom-yum-crevettes-de-thailande-marque-mama-1-paquet\/\" \/>\n<meta property=\"og:locale\" content=\"fr_FR\" \/>\n<meta property=\"og:type\" content=\"article\" \/>\n<meta property=\"og:title\" content=\"Nouilles instantan\u00e9es go\u00fbt Tom Yum crevettes - Marque Mama - Tha\u00eflande\" \/>\n<meta property=\"og:description\" content=\"Type d&#039;article : Nouilles instantan\u00e9es 1 paquet = 55 grammes Pays d&#039;origine : Produit original de Tha\u00eflande \u00c9tat : Neuf et scell\u00e9 en usine\" \/>\n<meta property=\"og:url\" content=\"https:\/\/thai-inhaler.com\/fr\/shop\/epicerie\/nouilles-instantanees-saveur-tom-yum-crevettes-de-thailande-marque-mama-1-paquet\/\" \/>\n<meta property=\"og:site_name\" content=\"Thai-Inhaler.com\" \/>\n<meta property=\"article:modified_time\" content=\"2021-01-10T23:01:36+00:00\" \/>\n<meta property=\"og:image\" content=\"https:\/\/thai-inhaler.com\/wp-content\/uploads\/2020\/05\/Tom-Tum-Shrimp-01.jpg\" \/>\n\t<meta property=\"og:image:width\" content=\"810\" \/>\n\t<meta property=\"og:image:height\" content=\"810\" \/>\n\t<meta property=\"og:image:type\" content=\"image\/jpeg\" \/>\n<meta name=\"twitter:card\" content=\"summary_large_image\" \/>\n<meta name=\"twitter:label1\" content=\"Dur\u00e9e de lecture estim\u00e9e\" \/>\n\t<meta name=\"twitter:data1\" content=\"1 minute\" \/>\n<script type=\"application\/ld+json\" class=\"yoast-schema-graph\">{\"@context\":\"https:\/\/schema.org\",\"@graph\":[{\"@type\":\"WebPage\",\"@id\":\"https:\/\/thai-inhaler.com\/fr\/shop\/epicerie\/nouilles-instantanees-saveur-tom-yum-crevettes-de-thailande-marque-mama-1-paquet\/\",\"url\":\"https:\/\/thai-inhaler.com\/fr\/shop\/epicerie\/nouilles-instantanees-saveur-tom-yum-crevettes-de-thailande-marque-mama-1-paquet\/\",\"name\":\"Nouilles instantan\u00e9es go\u00fbt Tom Yum crevettes - Marque Mama - Tha\u00eflande\",\"isPartOf\":{\"@id\":\"https:\/\/thai-inhaler.com\/#website\"},\"primaryImageOfPage\":{\"@id\":\"https:\/\/thai-inhaler.com\/fr\/shop\/epicerie\/nouilles-instantanees-saveur-tom-yum-crevettes-de-thailande-marque-mama-1-paquet\/#primaryimage\"},\"image\":{\"@id\":\"https:\/\/thai-inhaler.com\/fr\/shop\/epicerie\/nouilles-instantanees-saveur-tom-yum-crevettes-de-thailande-marque-mama-1-paquet\/#primaryimage\"},\"thumbnailUrl\":\"https:\/\/i0.wp.com\/thai-inhaler.com\/wp-content\/uploads\/2020\/05\/Tom-Tum-Shrimp-01.jpg?fit=810%2C810&ssl=1\",\"datePublished\":\"2020-06-28T10:44:43+00:00\",\"dateModified\":\"2021-01-10T23:01:36+00:00\",\"breadcrumb\":{\"@id\":\"https:\/\/thai-inhaler.com\/fr\/shop\/epicerie\/nouilles-instantanees-saveur-tom-yum-crevettes-de-thailande-marque-mama-1-paquet\/#breadcrumb\"},\"inLanguage\":\"fr-FR\",\"potentialAction\":[{\"@type\":\"ReadAction\",\"target\":[\"https:\/\/thai-inhaler.com\/fr\/shop\/epicerie\/nouilles-instantanees-saveur-tom-yum-crevettes-de-thailande-marque-mama-1-paquet\/\"]}]},{\"@type\":\"ImageObject\",\"inLanguage\":\"fr-FR\",\"@id\":\"https:\/\/thai-inhaler.com\/fr\/shop\/epicerie\/nouilles-instantanees-saveur-tom-yum-crevettes-de-thailande-marque-mama-1-paquet\/#primaryimage\",\"url\":\"https:\/\/i0.wp.com\/thai-inhaler.com\/wp-content\/uploads\/2020\/05\/Tom-Tum-Shrimp-01.jpg?fit=810%2C810&ssl=1\",\"contentUrl\":\"https:\/\/i0.wp.com\/thai-inhaler.com\/wp-content\/uploads\/2020\/05\/Tom-Tum-Shrimp-01.jpg?fit=810%2C810&ssl=1\",\"width\":810,\"height\":810},{\"@type\":\"BreadcrumbList\",\"@id\":\"https:\/\/thai-inhaler.com\/fr\/shop\/epicerie\/nouilles-instantanees-saveur-tom-yum-crevettes-de-thailande-marque-mama-1-paquet\/#breadcrumb\",\"itemListElement\":[{\"@type\":\"ListItem\",\"position\":1,\"name\":\"Home\",\"item\":\"https:\/\/thai-inhaler.com\/fr\/\"},{\"@type\":\"ListItem\",\"position\":2,\"name\":\"Shop\",\"item\":\"https:\/\/thai-inhaler.com\/shop\/\"},{\"@type\":\"ListItem\",\"position\":3,\"name\":\"Nouilles instantan\u00e9es saveur Tom Yum crevettes de Tha\u00eflande &#8211; Marque Mama &#8211; 1 paquet\"}]},{\"@type\":\"WebSite\",\"@id\":\"https:\/\/thai-inhaler.com\/#website\",\"url\":\"https:\/\/thai-inhaler.com\/\",\"name\":\"Thai-Inhaler.com\",\"description\":\"Thai Herbal Products, Inhalers, Balms, Plasters On Sale\",\"publisher\":{\"@id\":\"https:\/\/thai-inhaler.com\/#organization\"},\"potentialAction\":[{\"@type\":\"SearchAction\",\"target\":{\"@type\":\"EntryPoint\",\"urlTemplate\":\"https:\/\/thai-inhaler.com\/?s={search_term_string}\"},\"query-input\":\"required name=search_term_string\"}],\"inLanguage\":\"fr-FR\"},{\"@type\":\"Organization\",\"@id\":\"https:\/\/thai-inhaler.com\/#organization\",\"name\":\"Thai-Inhaler.com\",\"url\":\"https:\/\/thai-inhaler.com\/\",\"logo\":{\"@type\":\"ImageObject\",\"inLanguage\":\"fr-FR\",\"@id\":\"https:\/\/thai-inhaler.com\/#\/schema\/logo\/image\/\",\"url\":\"https:\/\/i0.wp.com\/thai-inhaler.com\/wp-content\/uploads\/2017\/08\/cropped-logoThaiinhaler-01.png?fit=460%2C160&ssl=1\",\"contentUrl\":\"https:\/\/i0.wp.com\/thai-inhaler.com\/wp-content\/uploads\/2017\/08\/cropped-logoThaiinhaler-01.png?fit=460%2C160&ssl=1\",\"width\":460,\"height\":160,\"caption\":\"Thai-Inhaler.com\"},\"image\":{\"@id\":\"https:\/\/thai-inhaler.com\/#\/schema\/logo\/image\/\"}}]}<\/script>\n<!-- \/ Yoast SEO plugin. -->","yoast_head_json":{"title":"Nouilles instantan\u00e9es go\u00fbt Tom Yum crevettes - Marque Mama - Tha\u00eflande","robots":{"index":"index","follow":"follow","max-snippet":"max-snippet:-1","max-image-preview":"max-image-preview:large","max-video-preview":"max-video-preview:-1"},"canonical":"https:\/\/thai-inhaler.com\/fr\/shop\/epicerie\/nouilles-instantanees-saveur-tom-yum-crevettes-de-thailande-marque-mama-1-paquet\/","og_locale":"fr_FR","og_type":"article","og_title":"Nouilles instantan\u00e9es go\u00fbt Tom Yum crevettes - Marque Mama - Tha\u00eflande","og_description":"Type d'article : Nouilles instantan\u00e9es 1 paquet = 55 grammes Pays d'origine : Produit original de Tha\u00eflande \u00c9tat : Neuf et scell\u00e9 en usine","og_url":"https:\/\/thai-inhaler.com\/fr\/shop\/epicerie\/nouilles-instantanees-saveur-tom-yum-crevettes-de-thailande-marque-mama-1-paquet\/","og_site_name":"Thai-Inhaler.com","article_modified_time":"2021-01-10T23:01:36+00:00","og_image":[{"width":810,"height":810,"url":"https:\/\/thai-inhaler.com\/wp-content\/uploads\/2020\/05\/Tom-Tum-Shrimp-01.jpg","type":"image\/jpeg"}],"twitter_card":"summary_large_image","twitter_misc":{"Dur\u00e9e de lecture estim\u00e9e":"1 minute"},"schema":{"@context":"https:\/\/schema.org","@graph":[{"@type":"WebPage","@id":"https:\/\/thai-inhaler.com\/fr\/shop\/epicerie\/nouilles-instantanees-saveur-tom-yum-crevettes-de-thailande-marque-mama-1-paquet\/","url":"https:\/\/thai-inhaler.com\/fr\/shop\/epicerie\/nouilles-instantanees-saveur-tom-yum-crevettes-de-thailande-marque-mama-1-paquet\/","name":"Nouilles instantan\u00e9es go\u00fbt Tom Yum crevettes - Marque Mama - Tha\u00eflande","isPartOf":{"@id":"https:\/\/thai-inhaler.com\/#website"},"primaryImageOfPage":{"@id":"https:\/\/thai-inhaler.com\/fr\/shop\/epicerie\/nouilles-instantanees-saveur-tom-yum-crevettes-de-thailande-marque-mama-1-paquet\/#primaryimage"},"image":{"@id":"https:\/\/thai-inhaler.com\/fr\/shop\/epicerie\/nouilles-instantanees-saveur-tom-yum-crevettes-de-thailande-marque-mama-1-paquet\/#primaryimage"},"thumbnailUrl":"https:\/\/i0.wp.com\/thai-inhaler.com\/wp-content\/uploads\/2020\/05\/Tom-Tum-Shrimp-01.jpg?fit=810%2C810&ssl=1","datePublished":"2020-06-28T10:44:43+00:00","dateModified":"2021-01-10T23:01:36+00:00","breadcrumb":{"@id":"https:\/\/thai-inhaler.com\/fr\/shop\/epicerie\/nouilles-instantanees-saveur-tom-yum-crevettes-de-thailande-marque-mama-1-paquet\/#breadcrumb"},"inLanguage":"fr-FR","potentialAction":[{"@type":"ReadAction","target":["https:\/\/thai-inhaler.com\/fr\/shop\/epicerie\/nouilles-instantanees-saveur-tom-yum-crevettes-de-thailande-marque-mama-1-paquet\/"]}]},{"@type":"ImageObject","inLanguage":"fr-FR","@id":"https:\/\/thai-inhaler.com\/fr\/shop\/epicerie\/nouilles-instantanees-saveur-tom-yum-crevettes-de-thailande-marque-mama-1-paquet\/#primaryimage","url":"https:\/\/i0.wp.com\/thai-inhaler.com\/wp-content\/uploads\/2020\/05\/Tom-Tum-Shrimp-01.jpg?fit=810%2C810&ssl=1","contentUrl":"https:\/\/i0.wp.com\/thai-inhaler.com\/wp-content\/uploads\/2020\/05\/Tom-Tum-Shrimp-01.jpg?fit=810%2C810&ssl=1","width":810,"height":810},{"@type":"BreadcrumbList","@id":"https:\/\/thai-inhaler.com\/fr\/shop\/epicerie\/nouilles-instantanees-saveur-tom-yum-crevettes-de-thailande-marque-mama-1-paquet\/#breadcrumb","itemListElement":[{"@type":"ListItem","position":1,"name":"Home","item":"https:\/\/thai-inhaler.com\/fr\/"},{"@type":"ListItem","position":2,"name":"Shop","item":"https:\/\/thai-inhaler.com\/shop\/"},{"@type":"ListItem","position":3,"name":"Nouilles instantan\u00e9es saveur Tom Yum crevettes de Tha\u00eflande &#8211; Marque Mama &#8211; 1 paquet"}]},{"@type":"WebSite","@id":"https:\/\/thai-inhaler.com\/#website","url":"https:\/\/thai-inhaler.com\/","name":"Thai-Inhaler.com","description":"Thai Herbal Products, Inhalers, Balms, Plasters On Sale","publisher":{"@id":"https:\/\/thai-inhaler.com\/#organization"},"potentialAction":[{"@type":"SearchAction","target":{"@type":"EntryPoint","urlTemplate":"https:\/\/thai-inhaler.com\/?s={search_term_string}"},"query-input":"required name=search_term_string"}],"inLanguage":"fr-FR"},{"@type":"Organization","@id":"https:\/\/thai-inhaler.com\/#organization","name":"Thai-Inhaler.com","url":"https:\/\/thai-inhaler.com\/","logo":{"@type":"ImageObject","inLanguage":"fr-FR","@id":"https:\/\/thai-inhaler.com\/#\/schema\/logo\/image\/","url":"https:\/\/i0.wp.com\/thai-inhaler.com\/wp-content\/uploads\/2017\/08\/cropped-logoThaiinhaler-01.png?fit=460%2C160&ssl=1","contentUrl":"https:\/\/i0.wp.com\/thai-inhaler.com\/wp-content\/uploads\/2017\/08\/cropped-logoThaiinhaler-01.png?fit=460%2C160&ssl=1","width":460,"height":160,"caption":"Thai-Inhaler.com"},"image":{"@id":"https:\/\/thai-inhaler.com\/#\/schema\/logo\/image\/"}}]}},"jetpack_sharing_enabled":true,"_links":{"self":[{"href":"https:\/\/thai-inhaler.com\/fr\/wp-json\/wp\/v2\/product\/1532"}],"collection":[{"href":"https:\/\/thai-inhaler.com\/fr\/wp-json\/wp\/v2\/product"}],"about":[{"href":"https:\/\/thai-inhaler.com\/fr\/wp-json\/wp\/v2\/types\/product"}],"replies":[{"embeddable":true,"href":"https:\/\/thai-inhaler.com\/fr\/wp-json\/wp\/v2\/comments?post=1532"}],"wp:featuredmedia":[{"embeddable":true,"href":"https:\/\/thai-inhaler.com\/fr\/wp-json\/wp\/v2\/media\/1461"}],"wp:attachment":[{"href":"https:\/\/thai-inhaler.com\/fr\/wp-json\/wp\/v2\/media?parent=1532"}],"wp:term":[{"taxonomy":"product_cat","embeddable":true,"href":"https:\/\/thai-inhaler.com\/fr\/wp-json\/wp\/v2\/product_cat?post=1532"},{"taxonomy":"product_tag","embeddable":true,"href":"https:\/\/thai-inhaler.com\/fr\/wp-json\/wp\/v2\/product_tag?post=1532"}],"curies":[{"name":"wp","href":"https:\/\/api.w.org\/{rel}","templated":true}]}}