{"id":1137,"date":"2019-08-17T12:55:46","date_gmt":"2019-08-17T10:55:46","guid":{"rendered":"https:\/\/thai-inhaler.com\/?post_type=product&#038;p=1137"},"modified":"2024-04-10T03:55:45","modified_gmt":"2024-04-10T01:55:45","slug":"inhalateur-baume-du-tigre-tiger-balm-de-thailande-inhalateur-nasal-et-huile-2-en-1-1-piece","status":"publish","type":"product","link":"https:\/\/thai-inhaler.com\/fr\/shop\/inhalateurs\/inhalateur-baume-du-tigre-tiger-balm-de-thailande-inhalateur-nasal-et-huile-2-en-1-1-piece\/","title":{"rendered":"Inhalateur Baume du Tigre (Tiger Balm) de Tha\u00eflande &#8211; Inhalateur nasal et huile 2 en 1 &#8211; 1 pi\u00e8ce"},"content":{"rendered":"<h2 class=\"Heading\">Inhalateur Baume du Tigre (Tiger Balm) de Tha\u00eflande &#8211; Inhalateur nasal et huile 2 en 1 &#8211; 1 pi\u00e8ce<\/h2>\n<p>L&#8217;inhalateur Baume du Tigre de Tha\u00eflande est un nouveau produit d\u00e9velopp\u00e9 par la marque Tiger Balm. Il est \u00e9labor\u00e9 \u00e0 partir d&#8217;une recette secr\u00e8te et unique de plantes reconnue dans le monde entier depuis plus de 100 ans.<\/p>\n<p>Ce produit peut \u00eatre utilis\u00e9 pour traiter les rhumes, soulager la congestion nasale, att\u00e9nuer le mal des transports, lutter contre les vertiges et apaiser les piq\u00fbres d&#8217;insectes. Il contient de nombreuses herbes telles que le menthol, le camphre, l&#8217;eucalyptus et plus encore. L&#8217;inhalateur Tiger Balm peut \u00eatre utilis\u00e9 par tout le monde.<\/p>\n<p>Il est dot\u00e9 d&#8217;une caract\u00e9ristique 2 en 1 pratique qui vous permet de retirer le r\u00e9servoir d&#8217;huile pour appliquer directement des gouttes d&#8217;huile au lieu de l&#8217;inhaler.<\/p>\n<h3 class=\"Heading\">Ingr\u00e9dients actifs :<\/h3>\n<ul>\n<li>Menthol \u2013 42 %<\/li>\n<li>Camphre \u2013 17,7 %<\/li>\n<li>Huile d&#8217;eucalyptus \u2013 9,7 %<\/li>\n<\/ul>\n<h3 class=\"Heading\">Efficacit\u00e9 du produit :<\/h3>\n<p>L&#8217;inhalateur baume du tigre contient de nombreux ingr\u00e9dients \u00e0 base de plantes b\u00e9n\u00e9fiques dans le domaine de la m\u00e9decine traditionnelle. Depuis plus de 100 ans, la recette originale et secr\u00e8te du Tiger Balm aide le syst\u00e8me respiratoire et soulage les douleurs li\u00e9es.<\/p>\n<p>L&#8217;inhalateur est un produit naturel \u00e0 conserver chez soi qui permet de soulager la congestion nasale provoqu\u00e9e par le froid et peut \u00e9galement \u00eatre utilis\u00e9 en cas de piq\u00fbres d&#8217;insectes. De plus, les herbes contenues dans l&#8217;inhalateur Tiger Balm sont aussi parfum\u00e9es que la pommade originale. Apr\u00e8s l&#8217;inhalation, vous ressentirez une sensation de fra\u00eecheur et de d\u00e9tente, mais vous pouvez aussi l&#8217;utiliser pour soulager le mal des transports, les naus\u00e9es, etc.<\/p>\n<h3>Comment l&#8217;utiliser :<\/h3>\n<p>Lorsqu&#8217;elles sont inhal\u00e9es avec une grande inspiration, les huiles \u00e0 base de plantes contenues dans l&#8217;inhalateur baume du tigre vous procureront les effets mentionn\u00e9s ci-dessus et soulageront ainsi imm\u00e9diatement vos sympt\u00f4mes.<\/p>\n<p>Pour une efficacit\u00e9 maximale, bouchez une narine avec votre doigt et inspirez profond\u00e9ment avec l&#8217;autre, r\u00e9p\u00e9tez l&#8217;op\u00e9ration avec l&#8217;autre narine.<\/p>\n<h3>Remarque :<\/h3>\n<p>Cet inhalateur ne doit \u00eatre utilis\u00e9 que par une seule personne. L&#8217;utilisation d&#8217;un m\u00eame produit par plus d&#8217;une personne peut causer ou propager des infections.<\/p>\n<h3>Conservation :<\/h3>\n<p>Entreposer dans un endroit frais et sec, \u00e0 l&#8217;abri de la lumi\u00e8re directe du soleil.<\/p>\n","protected":false},"excerpt":{"rendered":"<p><strong>Type de produit :<\/strong> Inhalateur<br \/>\n<strong>Format :<\/strong> 2 ml X 1 tube<br \/>\n<strong>Pays d&#8217;origine :<\/strong> Tha\u00eflande<br \/>\n<strong>Dur\u00e9e de conservation :<\/strong> Deux ans<br \/>\n<strong>Fonction :<\/strong> Soulagement de la congestion nasale<br \/>\n<strong>\u00c9tat :<\/strong> Neuf et scell\u00e9<\/p>\n","protected":false},"featured_media":1105,"comment_status":"open","ping_status":"closed","template":"","meta":{"_exactmetrics_skip_tracking":false,"_exactmetrics_sitenote_active":false,"_exactmetrics_sitenote_note":"","_exactmetrics_sitenote_category":0,"jetpack_post_was_ever_published":false},"product_cat":[57,57],"product_tag":[],"yoast_head":"<!-- This site is optimized with the Yoast SEO plugin v22.3 - https:\/\/yoast.com\/wordpress\/plugins\/seo\/ -->\n<title>Inhalateur Baume du Tigre (Tiger Balm) de Tha\u00eflande - Inhalateur nasal et huile 2 en 1 - 1 pi\u00e8ce - Thai-Inhaler.com<\/title>\n<meta name=\"robots\" content=\"index, follow, max-snippet:-1, max-image-preview:large, max-video-preview:-1\" \/>\n<link rel=\"canonical\" href=\"https:\/\/thai-inhaler.com\/fr\/shop\/inhalers\/inhalateur-baume-du-tigre-tiger-balm-de-thailande-inhalateur-nasal-et-huile-2-en-1-1-piece\/\" \/>\n<meta property=\"og:locale\" content=\"fr_FR\" \/>\n<meta property=\"og:type\" content=\"article\" \/>\n<meta property=\"og:title\" content=\"Inhalateur Baume du Tigre (Tiger Balm) de Tha\u00eflande - Inhalateur nasal et huile 2 en 1 - 1 pi\u00e8ce - Thai-Inhaler.com\" \/>\n<meta property=\"og:description\" content=\"Type de produit : Inhalateur Format : 2 ml X 1 tube Pays d&#039;origine : Tha\u00eflande Dur\u00e9e de conservation : Deux ans Fonction : Soulagement de la congestion nasale \u00c9tat : Neuf et scell\u00e9\" \/>\n<meta property=\"og:url\" content=\"https:\/\/thai-inhaler.com\/fr\/shop\/inhalers\/inhalateur-baume-du-tigre-tiger-balm-de-thailande-inhalateur-nasal-et-huile-2-en-1-1-piece\/\" \/>\n<meta property=\"og:site_name\" content=\"Thai-Inhaler.com\" \/>\n<meta property=\"article:modified_time\" content=\"2024-04-10T01:55:45+00:00\" \/>\n<meta property=\"og:image\" content=\"https:\/\/thai-inhaler.com\/wp-content\/uploads\/2019\/07\/tiger-balm-inhaler02.jpg\" \/>\n\t<meta property=\"og:image:width\" content=\"1414\" \/>\n\t<meta property=\"og:image:height\" content=\"1280\" \/>\n\t<meta property=\"og:image:type\" content=\"image\/jpeg\" \/>\n<meta name=\"twitter:card\" content=\"summary_large_image\" \/>\n<meta name=\"twitter:label1\" content=\"Dur\u00e9e de lecture estim\u00e9e\" \/>\n\t<meta name=\"twitter:data1\" content=\"2 minutes\" \/>\n<script type=\"application\/ld+json\" class=\"yoast-schema-graph\">{\"@context\":\"https:\/\/schema.org\",\"@graph\":[{\"@type\":\"WebPage\",\"@id\":\"https:\/\/thai-inhaler.com\/fr\/shop\/inhalers\/inhalateur-baume-du-tigre-tiger-balm-de-thailande-inhalateur-nasal-et-huile-2-en-1-1-piece\/\",\"url\":\"https:\/\/thai-inhaler.com\/fr\/shop\/inhalers\/inhalateur-baume-du-tigre-tiger-balm-de-thailande-inhalateur-nasal-et-huile-2-en-1-1-piece\/\",\"name\":\"Inhalateur Baume du Tigre (Tiger Balm) de Tha\u00eflande - Inhalateur nasal et huile 2 en 1 - 1 pi\u00e8ce - Thai-Inhaler.com\",\"isPartOf\":{\"@id\":\"https:\/\/thai-inhaler.com\/#website\"},\"primaryImageOfPage\":{\"@id\":\"https:\/\/thai-inhaler.com\/fr\/shop\/inhalers\/inhalateur-baume-du-tigre-tiger-balm-de-thailande-inhalateur-nasal-et-huile-2-en-1-1-piece\/#primaryimage\"},\"image\":{\"@id\":\"https:\/\/thai-inhaler.com\/fr\/shop\/inhalers\/inhalateur-baume-du-tigre-tiger-balm-de-thailande-inhalateur-nasal-et-huile-2-en-1-1-piece\/#primaryimage\"},\"thumbnailUrl\":\"https:\/\/i0.wp.com\/thai-inhaler.com\/wp-content\/uploads\/2019\/07\/tiger-balm-inhaler02.jpg?fit=1414%2C1280&ssl=1\",\"datePublished\":\"2019-08-17T10:55:46+00:00\",\"dateModified\":\"2024-04-10T01:55:45+00:00\",\"breadcrumb\":{\"@id\":\"https:\/\/thai-inhaler.com\/fr\/shop\/inhalers\/inhalateur-baume-du-tigre-tiger-balm-de-thailande-inhalateur-nasal-et-huile-2-en-1-1-piece\/#breadcrumb\"},\"inLanguage\":\"fr-FR\",\"potentialAction\":[{\"@type\":\"ReadAction\",\"target\":[\"https:\/\/thai-inhaler.com\/fr\/shop\/inhalers\/inhalateur-baume-du-tigre-tiger-balm-de-thailande-inhalateur-nasal-et-huile-2-en-1-1-piece\/\"]}]},{\"@type\":\"ImageObject\",\"inLanguage\":\"fr-FR\",\"@id\":\"https:\/\/thai-inhaler.com\/fr\/shop\/inhalers\/inhalateur-baume-du-tigre-tiger-balm-de-thailande-inhalateur-nasal-et-huile-2-en-1-1-piece\/#primaryimage\",\"url\":\"https:\/\/i0.wp.com\/thai-inhaler.com\/wp-content\/uploads\/2019\/07\/tiger-balm-inhaler02.jpg?fit=1414%2C1280&ssl=1\",\"contentUrl\":\"https:\/\/i0.wp.com\/thai-inhaler.com\/wp-content\/uploads\/2019\/07\/tiger-balm-inhaler02.jpg?fit=1414%2C1280&ssl=1\",\"width\":1414,\"height\":1280},{\"@type\":\"BreadcrumbList\",\"@id\":\"https:\/\/thai-inhaler.com\/fr\/shop\/inhalers\/inhalateur-baume-du-tigre-tiger-balm-de-thailande-inhalateur-nasal-et-huile-2-en-1-1-piece\/#breadcrumb\",\"itemListElement\":[{\"@type\":\"ListItem\",\"position\":1,\"name\":\"Home\",\"item\":\"https:\/\/thai-inhaler.com\/fr\/\"},{\"@type\":\"ListItem\",\"position\":2,\"name\":\"Shop\",\"item\":\"https:\/\/thai-inhaler.com\/shop\/\"},{\"@type\":\"ListItem\",\"position\":3,\"name\":\"Inhalateur Baume du Tigre (Tiger Balm) de Tha\u00eflande &#8211; Inhalateur nasal et huile 2 en 1 &#8211; 1 pi\u00e8ce\"}]},{\"@type\":\"WebSite\",\"@id\":\"https:\/\/thai-inhaler.com\/#website\",\"url\":\"https:\/\/thai-inhaler.com\/\",\"name\":\"Thai-Inhaler.com\",\"description\":\"Thai Herbal Products, Inhalers, Balms, Plasters On Sale\",\"publisher\":{\"@id\":\"https:\/\/thai-inhaler.com\/#organization\"},\"potentialAction\":[{\"@type\":\"SearchAction\",\"target\":{\"@type\":\"EntryPoint\",\"urlTemplate\":\"https:\/\/thai-inhaler.com\/?s={search_term_string}\"},\"query-input\":\"required name=search_term_string\"}],\"inLanguage\":\"fr-FR\"},{\"@type\":\"Organization\",\"@id\":\"https:\/\/thai-inhaler.com\/#organization\",\"name\":\"Thai-Inhaler.com\",\"url\":\"https:\/\/thai-inhaler.com\/\",\"logo\":{\"@type\":\"ImageObject\",\"inLanguage\":\"fr-FR\",\"@id\":\"https:\/\/thai-inhaler.com\/#\/schema\/logo\/image\/\",\"url\":\"https:\/\/i0.wp.com\/thai-inhaler.com\/wp-content\/uploads\/2017\/08\/cropped-logoThaiinhaler-01.png?fit=460%2C160&ssl=1\",\"contentUrl\":\"https:\/\/i0.wp.com\/thai-inhaler.com\/wp-content\/uploads\/2017\/08\/cropped-logoThaiinhaler-01.png?fit=460%2C160&ssl=1\",\"width\":460,\"height\":160,\"caption\":\"Thai-Inhaler.com\"},\"image\":{\"@id\":\"https:\/\/thai-inhaler.com\/#\/schema\/logo\/image\/\"}}]}<\/script>\n<!-- \/ Yoast SEO plugin. -->","yoast_head_json":{"title":"Inhalateur Baume du Tigre (Tiger Balm) de Tha\u00eflande - Inhalateur nasal et huile 2 en 1 - 1 pi\u00e8ce - Thai-Inhaler.com","robots":{"index":"index","follow":"follow","max-snippet":"max-snippet:-1","max-image-preview":"max-image-preview:large","max-video-preview":"max-video-preview:-1"},"canonical":"https:\/\/thai-inhaler.com\/fr\/shop\/inhalers\/inhalateur-baume-du-tigre-tiger-balm-de-thailande-inhalateur-nasal-et-huile-2-en-1-1-piece\/","og_locale":"fr_FR","og_type":"article","og_title":"Inhalateur Baume du Tigre (Tiger Balm) de Tha\u00eflande - Inhalateur nasal et huile 2 en 1 - 1 pi\u00e8ce - Thai-Inhaler.com","og_description":"Type de produit : Inhalateur Format : 2 ml X 1 tube Pays d'origine : Tha\u00eflande Dur\u00e9e de conservation : Deux ans Fonction : Soulagement de la congestion nasale \u00c9tat : Neuf et scell\u00e9","og_url":"https:\/\/thai-inhaler.com\/fr\/shop\/inhalers\/inhalateur-baume-du-tigre-tiger-balm-de-thailande-inhalateur-nasal-et-huile-2-en-1-1-piece\/","og_site_name":"Thai-Inhaler.com","article_modified_time":"2024-04-10T01:55:45+00:00","og_image":[{"width":1414,"height":1280,"url":"https:\/\/thai-inhaler.com\/wp-content\/uploads\/2019\/07\/tiger-balm-inhaler02.jpg","type":"image\/jpeg"}],"twitter_card":"summary_large_image","twitter_misc":{"Dur\u00e9e de lecture estim\u00e9e":"2 minutes"},"schema":{"@context":"https:\/\/schema.org","@graph":[{"@type":"WebPage","@id":"https:\/\/thai-inhaler.com\/fr\/shop\/inhalers\/inhalateur-baume-du-tigre-tiger-balm-de-thailande-inhalateur-nasal-et-huile-2-en-1-1-piece\/","url":"https:\/\/thai-inhaler.com\/fr\/shop\/inhalers\/inhalateur-baume-du-tigre-tiger-balm-de-thailande-inhalateur-nasal-et-huile-2-en-1-1-piece\/","name":"Inhalateur Baume du Tigre (Tiger Balm) de Tha\u00eflande - Inhalateur nasal et huile 2 en 1 - 1 pi\u00e8ce - Thai-Inhaler.com","isPartOf":{"@id":"https:\/\/thai-inhaler.com\/#website"},"primaryImageOfPage":{"@id":"https:\/\/thai-inhaler.com\/fr\/shop\/inhalers\/inhalateur-baume-du-tigre-tiger-balm-de-thailande-inhalateur-nasal-et-huile-2-en-1-1-piece\/#primaryimage"},"image":{"@id":"https:\/\/thai-inhaler.com\/fr\/shop\/inhalers\/inhalateur-baume-du-tigre-tiger-balm-de-thailande-inhalateur-nasal-et-huile-2-en-1-1-piece\/#primaryimage"},"thumbnailUrl":"https:\/\/i0.wp.com\/thai-inhaler.com\/wp-content\/uploads\/2019\/07\/tiger-balm-inhaler02.jpg?fit=1414%2C1280&ssl=1","datePublished":"2019-08-17T10:55:46+00:00","dateModified":"2024-04-10T01:55:45+00:00","breadcrumb":{"@id":"https:\/\/thai-inhaler.com\/fr\/shop\/inhalers\/inhalateur-baume-du-tigre-tiger-balm-de-thailande-inhalateur-nasal-et-huile-2-en-1-1-piece\/#breadcrumb"},"inLanguage":"fr-FR","potentialAction":[{"@type":"ReadAction","target":["https:\/\/thai-inhaler.com\/fr\/shop\/inhalers\/inhalateur-baume-du-tigre-tiger-balm-de-thailande-inhalateur-nasal-et-huile-2-en-1-1-piece\/"]}]},{"@type":"ImageObject","inLanguage":"fr-FR","@id":"https:\/\/thai-inhaler.com\/fr\/shop\/inhalers\/inhalateur-baume-du-tigre-tiger-balm-de-thailande-inhalateur-nasal-et-huile-2-en-1-1-piece\/#primaryimage","url":"https:\/\/i0.wp.com\/thai-inhaler.com\/wp-content\/uploads\/2019\/07\/tiger-balm-inhaler02.jpg?fit=1414%2C1280&ssl=1","contentUrl":"https:\/\/i0.wp.com\/thai-inhaler.com\/wp-content\/uploads\/2019\/07\/tiger-balm-inhaler02.jpg?fit=1414%2C1280&ssl=1","width":1414,"height":1280},{"@type":"BreadcrumbList","@id":"https:\/\/thai-inhaler.com\/fr\/shop\/inhalers\/inhalateur-baume-du-tigre-tiger-balm-de-thailande-inhalateur-nasal-et-huile-2-en-1-1-piece\/#breadcrumb","itemListElement":[{"@type":"ListItem","position":1,"name":"Home","item":"https:\/\/thai-inhaler.com\/fr\/"},{"@type":"ListItem","position":2,"name":"Shop","item":"https:\/\/thai-inhaler.com\/shop\/"},{"@type":"ListItem","position":3,"name":"Inhalateur Baume du Tigre (Tiger Balm) de Tha\u00eflande &#8211; Inhalateur nasal et huile 2 en 1 &#8211; 1 pi\u00e8ce"}]},{"@type":"WebSite","@id":"https:\/\/thai-inhaler.com\/#website","url":"https:\/\/thai-inhaler.com\/","name":"Thai-Inhaler.com","description":"Thai Herbal Products, Inhalers, Balms, Plasters On Sale","publisher":{"@id":"https:\/\/thai-inhaler.com\/#organization"},"potentialAction":[{"@type":"SearchAction","target":{"@type":"EntryPoint","urlTemplate":"https:\/\/thai-inhaler.com\/?s={search_term_string}"},"query-input":"required name=search_term_string"}],"inLanguage":"fr-FR"},{"@type":"Organization","@id":"https:\/\/thai-inhaler.com\/#organization","name":"Thai-Inhaler.com","url":"https:\/\/thai-inhaler.com\/","logo":{"@type":"ImageObject","inLanguage":"fr-FR","@id":"https:\/\/thai-inhaler.com\/#\/schema\/logo\/image\/","url":"https:\/\/i0.wp.com\/thai-inhaler.com\/wp-content\/uploads\/2017\/08\/cropped-logoThaiinhaler-01.png?fit=460%2C160&ssl=1","contentUrl":"https:\/\/i0.wp.com\/thai-inhaler.com\/wp-content\/uploads\/2017\/08\/cropped-logoThaiinhaler-01.png?fit=460%2C160&ssl=1","width":460,"height":160,"caption":"Thai-Inhaler.com"},"image":{"@id":"https:\/\/thai-inhaler.com\/#\/schema\/logo\/image\/"}}]}},"jetpack_sharing_enabled":true,"_links":{"self":[{"href":"https:\/\/thai-inhaler.com\/fr\/wp-json\/wp\/v2\/product\/1137"}],"collection":[{"href":"https:\/\/thai-inhaler.com\/fr\/wp-json\/wp\/v2\/product"}],"about":[{"href":"https:\/\/thai-inhaler.com\/fr\/wp-json\/wp\/v2\/types\/product"}],"replies":[{"embeddable":true,"href":"https:\/\/thai-inhaler.com\/fr\/wp-json\/wp\/v2\/comments?post=1137"}],"wp:featuredmedia":[{"embeddable":true,"href":"https:\/\/thai-inhaler.com\/fr\/wp-json\/wp\/v2\/media\/1105"}],"wp:attachment":[{"href":"https:\/\/thai-inhaler.com\/fr\/wp-json\/wp\/v2\/media?parent=1137"}],"wp:term":[{"taxonomy":"product_cat","embeddable":true,"href":"https:\/\/thai-inhaler.com\/fr\/wp-json\/wp\/v2\/product_cat?post=1137"},{"taxonomy":"product_tag","embeddable":true,"href":"https:\/\/thai-inhaler.com\/fr\/wp-json\/wp\/v2\/product_tag?post=1137"}],"curies":[{"name":"wp","href":"https:\/\/api.w.org\/{rel}","templated":true}]}}