{"id":625,"date":"2018-01-24T18:38:17","date_gmt":"2018-01-24T17:38:17","guid":{"rendered":"https:\/\/thai-inhaler.com\/?page_id=625"},"modified":"2020-11-21T08:57:13","modified_gmt":"2020-11-21T07:57:13","slug":"accueil","status":"publish","type":"page","link":"https:\/\/thai-inhaler.com\/fr\/","title":{"rendered":""},"content":{"rendered":"\n<p class=\"has-text-align-center\"><strong><span class=\"has-inline-color has-vivid-red-color\">\u26a1 D\u00e9couvrez nos offres sp\u00e9ciales Black Friday et Cyber Monday. \u26a1<\/span><\/strong><\/p>\n\n\n\n<p class=\"has-text-align-center\"><strong><span class=\"has-inline-color has-vivid-red-color\">\u26a1 Profitez d&#8217;une r\u00e9duction de 20% &#8211; sans conditions &#8211; sur l&#8217;ensemble de notre site ! \u26a1<\/span><\/strong><\/p>\n\n\n\n<figure class=\"wp-block-image size-large\"><a href=\"https:\/\/thai-inhaler.com\/fr\/shop\/\"><img loading=\"lazy\" decoding=\"async\" width=\"980\" height=\"560\" src=\"https:\/\/i0.wp.com\/thai-inhaler.com\/wp-content\/uploads\/2020\/11\/black-friday-4510235_1920-2.png?resize=980%2C560&#038;ssl=1\" alt=\"\" class=\"wp-image-1628\" srcset=\"https:\/\/i0.wp.com\/thai-inhaler.com\/wp-content\/uploads\/2020\/11\/black-friday-4510235_1920-2.png?resize=1024%2C585&amp;ssl=1 1024w, https:\/\/i0.wp.com\/thai-inhaler.com\/wp-content\/uploads\/2020\/11\/black-friday-4510235_1920-2.png?resize=300%2C171&amp;ssl=1 300w, https:\/\/i0.wp.com\/thai-inhaler.com\/wp-content\/uploads\/2020\/11\/black-friday-4510235_1920-2.png?resize=768%2C439&amp;ssl=1 768w, https:\/\/i0.wp.com\/thai-inhaler.com\/wp-content\/uploads\/2020\/11\/black-friday-4510235_1920-2.png?resize=1536%2C878&amp;ssl=1 1536w, https:\/\/i0.wp.com\/thai-inhaler.com\/wp-content\/uploads\/2020\/11\/black-friday-4510235_1920-2.png?resize=600%2C343&amp;ssl=1 600w, https:\/\/i0.wp.com\/thai-inhaler.com\/wp-content\/uploads\/2020\/11\/black-friday-4510235_1920-2.png?w=1920&amp;ssl=1 1920w\" sizes=\"(max-width: 980px) 100vw, 980px\" data-recalc-dims=\"1\" \/><\/a><\/figure>\n\n\n\n<p class=\"has-text-align-center\"><strong>\ud83c\udf3f\u00a0<span style=\"color: #008000;\">Thai-inhaler.com vous propose le meilleur choix de produits naturels de Tha\u00eflande<\/span> \ud83c\udf3f<br><\/strong><\/p>\n\n\n\n<p class=\"has-text-align-center\"><strong>\ud83d\ude9a&nbsp;<span style=\"color: #ff6600;\">Livraison gratuite partout dans le monde<\/span> \ud83d\ude9a<br><\/strong><\/p>\n","protected":false},"excerpt":{"rendered":"<p>\u26a1 D\u00e9couvrez nos offres sp\u00e9ciales Black Friday et Cyber Monday. \u26a1 \u26a1 Profitez d&#8217;une r\u00e9duction de 20% &#8211; sans conditions &#8211; sur l&#8217;ensemble de notre site ! \u26a1 \ud83c\udf3f\u00a0Thai-inhaler.com vous propose le meilleur choix de produits naturels de Tha\u00eflande \ud83c\udf3f \ud83d\ude9a&nbsp;Livraison gratuite partout dans le monde \ud83d\ude9a<\/p>\n","protected":false},"author":1,"featured_media":0,"parent":0,"menu_order":0,"comment_status":"closed","ping_status":"closed","template":"tpl-page-homepage.php","meta":{"_exactmetrics_skip_tracking":false,"_exactmetrics_sitenote_active":false,"_exactmetrics_sitenote_note":"","_exactmetrics_sitenote_category":0,"jetpack_post_was_ever_published":false,"footnotes":""},"yoast_head":"<!-- This site is optimized with the Yoast SEO plugin v22.3 - https:\/\/yoast.com\/wordpress\/plugins\/seo\/ -->\n<title>Bienvenue sur votre boutique en ligne, Thai-Inhaler.com !<\/title>\n<meta name=\"description\" content=\"Thai-Inhaler.com vous propose une s\u00e9lection des meilleurs produits \u00e0 base d&#039;herbes en provenance de Tha\u00eflande, toujours au meilleur prix. Toutes les commandes b\u00e9n\u00e9ficient d&#039;une garantie de remboursement pendant 45 jours, ainsi que de la livraison mondiale gratuite. Appr\u00e9ciez votre shopping avec nous !\" \/>\n<meta name=\"robots\" content=\"index, follow, max-snippet:-1, max-image-preview:large, max-video-preview:-1\" \/>\n<link rel=\"canonical\" href=\"https:\/\/thai-inhaler.com\/fr\/\" \/>\n<meta property=\"og:locale\" content=\"fr_FR\" \/>\n<meta property=\"og:type\" content=\"article\" \/>\n<meta property=\"og:title\" content=\"Bienvenue sur votre boutique en ligne, Thai-Inhaler.com !\" \/>\n<meta property=\"og:description\" content=\"Thai-Inhaler.com vous propose une s\u00e9lection des meilleurs produits \u00e0 base d&#039;herbes en provenance de Tha\u00eflande, toujours au meilleur prix. Toutes les commandes b\u00e9n\u00e9ficient d&#039;une garantie de remboursement pendant 45 jours, ainsi que de la livraison mondiale gratuite. Appr\u00e9ciez votre shopping avec nous !\" \/>\n<meta property=\"og:url\" content=\"https:\/\/thai-inhaler.com\/fr\/\" \/>\n<meta property=\"og:site_name\" content=\"Thai-Inhaler.com\" \/>\n<meta property=\"article:modified_time\" content=\"2020-11-21T07:57:13+00:00\" \/>\n<meta property=\"og:image\" content=\"https:\/\/thai-inhaler.com\/wp-content\/uploads\/2020\/11\/black-friday-4510235_1920-2-1024x585.png\" \/>\n<meta name=\"twitter:card\" content=\"summary_large_image\" \/>\n<script type=\"application\/ld+json\" class=\"yoast-schema-graph\">{\"@context\":\"https:\/\/schema.org\",\"@graph\":[{\"@type\":\"WebPage\",\"@id\":\"https:\/\/thai-inhaler.com\/fr\/\",\"url\":\"https:\/\/thai-inhaler.com\/fr\/\",\"name\":\"Bienvenue sur votre boutique en ligne, Thai-Inhaler.com !\",\"isPartOf\":{\"@id\":\"https:\/\/thai-inhaler.com\/#website\"},\"primaryImageOfPage\":{\"@id\":\"https:\/\/thai-inhaler.com\/fr\/#primaryimage\"},\"image\":{\"@id\":\"https:\/\/thai-inhaler.com\/fr\/#primaryimage\"},\"thumbnailUrl\":\"https:\/\/thai-inhaler.com\/wp-content\/uploads\/2020\/11\/black-friday-4510235_1920-2-1024x585.png\",\"datePublished\":\"2018-01-24T17:38:17+00:00\",\"dateModified\":\"2020-11-21T07:57:13+00:00\",\"description\":\"Thai-Inhaler.com vous propose une s\u00e9lection des meilleurs produits \u00e0 base d'herbes en provenance de Tha\u00eflande, toujours au meilleur prix. Toutes les commandes b\u00e9n\u00e9ficient d'une garantie de remboursement pendant 45 jours, ainsi que de la livraison mondiale gratuite. Appr\u00e9ciez votre shopping avec nous !\",\"inLanguage\":\"fr-FR\",\"potentialAction\":[{\"@type\":\"ReadAction\",\"target\":[\"https:\/\/thai-inhaler.com\/fr\/\"]}]},{\"@type\":\"ImageObject\",\"inLanguage\":\"fr-FR\",\"@id\":\"https:\/\/thai-inhaler.com\/fr\/#primaryimage\",\"url\":\"https:\/\/i0.wp.com\/thai-inhaler.com\/wp-content\/uploads\/2020\/11\/black-friday-4510235_1920-2.png?fit=1920%2C1097&ssl=1\",\"contentUrl\":\"https:\/\/i0.wp.com\/thai-inhaler.com\/wp-content\/uploads\/2020\/11\/black-friday-4510235_1920-2.png?fit=1920%2C1097&ssl=1\",\"width\":1920,\"height\":1097},{\"@type\":\"WebSite\",\"@id\":\"https:\/\/thai-inhaler.com\/#website\",\"url\":\"https:\/\/thai-inhaler.com\/\",\"name\":\"Thai-Inhaler.com\",\"description\":\"Thai Herbal Products, Inhalers, Balms, Plasters On Sale\",\"publisher\":{\"@id\":\"https:\/\/thai-inhaler.com\/#organization\"},\"potentialAction\":[{\"@type\":\"SearchAction\",\"target\":{\"@type\":\"EntryPoint\",\"urlTemplate\":\"https:\/\/thai-inhaler.com\/?s={search_term_string}\"},\"query-input\":\"required name=search_term_string\"}],\"inLanguage\":\"fr-FR\"},{\"@type\":\"Organization\",\"@id\":\"https:\/\/thai-inhaler.com\/#organization\",\"name\":\"Thai-Inhaler.com\",\"url\":\"https:\/\/thai-inhaler.com\/\",\"logo\":{\"@type\":\"ImageObject\",\"inLanguage\":\"fr-FR\",\"@id\":\"https:\/\/thai-inhaler.com\/#\/schema\/logo\/image\/\",\"url\":\"https:\/\/i0.wp.com\/thai-inhaler.com\/wp-content\/uploads\/2017\/08\/cropped-logoThaiinhaler-01.png?fit=460%2C160&ssl=1\",\"contentUrl\":\"https:\/\/i0.wp.com\/thai-inhaler.com\/wp-content\/uploads\/2017\/08\/cropped-logoThaiinhaler-01.png?fit=460%2C160&ssl=1\",\"width\":460,\"height\":160,\"caption\":\"Thai-Inhaler.com\"},\"image\":{\"@id\":\"https:\/\/thai-inhaler.com\/#\/schema\/logo\/image\/\"}}]}<\/script>\n<!-- \/ Yoast SEO plugin. -->","yoast_head_json":{"title":"Bienvenue sur votre boutique en ligne, Thai-Inhaler.com !","description":"Thai-Inhaler.com vous propose une s\u00e9lection des meilleurs produits \u00e0 base d'herbes en provenance de Tha\u00eflande, toujours au meilleur prix. Toutes les commandes b\u00e9n\u00e9ficient d'une garantie de remboursement pendant 45 jours, ainsi que de la livraison mondiale gratuite. Appr\u00e9ciez votre shopping avec nous !","robots":{"index":"index","follow":"follow","max-snippet":"max-snippet:-1","max-image-preview":"max-image-preview:large","max-video-preview":"max-video-preview:-1"},"canonical":"https:\/\/thai-inhaler.com\/fr\/","og_locale":"fr_FR","og_type":"article","og_title":"Bienvenue sur votre boutique en ligne, Thai-Inhaler.com !","og_description":"Thai-Inhaler.com vous propose une s\u00e9lection des meilleurs produits \u00e0 base d'herbes en provenance de Tha\u00eflande, toujours au meilleur prix. Toutes les commandes b\u00e9n\u00e9ficient d'une garantie de remboursement pendant 45 jours, ainsi que de la livraison mondiale gratuite. Appr\u00e9ciez votre shopping avec nous !","og_url":"https:\/\/thai-inhaler.com\/fr\/","og_site_name":"Thai-Inhaler.com","article_modified_time":"2020-11-21T07:57:13+00:00","og_image":[{"url":"https:\/\/thai-inhaler.com\/wp-content\/uploads\/2020\/11\/black-friday-4510235_1920-2-1024x585.png"}],"twitter_card":"summary_large_image","schema":{"@context":"https:\/\/schema.org","@graph":[{"@type":"WebPage","@id":"https:\/\/thai-inhaler.com\/fr\/","url":"https:\/\/thai-inhaler.com\/fr\/","name":"Bienvenue sur votre boutique en ligne, Thai-Inhaler.com !","isPartOf":{"@id":"https:\/\/thai-inhaler.com\/#website"},"primaryImageOfPage":{"@id":"https:\/\/thai-inhaler.com\/fr\/#primaryimage"},"image":{"@id":"https:\/\/thai-inhaler.com\/fr\/#primaryimage"},"thumbnailUrl":"https:\/\/thai-inhaler.com\/wp-content\/uploads\/2020\/11\/black-friday-4510235_1920-2-1024x585.png","datePublished":"2018-01-24T17:38:17+00:00","dateModified":"2020-11-21T07:57:13+00:00","description":"Thai-Inhaler.com vous propose une s\u00e9lection des meilleurs produits \u00e0 base d'herbes en provenance de Tha\u00eflande, toujours au meilleur prix. Toutes les commandes b\u00e9n\u00e9ficient d'une garantie de remboursement pendant 45 jours, ainsi que de la livraison mondiale gratuite. Appr\u00e9ciez votre shopping avec nous !","inLanguage":"fr-FR","potentialAction":[{"@type":"ReadAction","target":["https:\/\/thai-inhaler.com\/fr\/"]}]},{"@type":"ImageObject","inLanguage":"fr-FR","@id":"https:\/\/thai-inhaler.com\/fr\/#primaryimage","url":"https:\/\/i0.wp.com\/thai-inhaler.com\/wp-content\/uploads\/2020\/11\/black-friday-4510235_1920-2.png?fit=1920%2C1097&ssl=1","contentUrl":"https:\/\/i0.wp.com\/thai-inhaler.com\/wp-content\/uploads\/2020\/11\/black-friday-4510235_1920-2.png?fit=1920%2C1097&ssl=1","width":1920,"height":1097},{"@type":"WebSite","@id":"https:\/\/thai-inhaler.com\/#website","url":"https:\/\/thai-inhaler.com\/","name":"Thai-Inhaler.com","description":"Thai Herbal Products, Inhalers, Balms, Plasters On Sale","publisher":{"@id":"https:\/\/thai-inhaler.com\/#organization"},"potentialAction":[{"@type":"SearchAction","target":{"@type":"EntryPoint","urlTemplate":"https:\/\/thai-inhaler.com\/?s={search_term_string}"},"query-input":"required name=search_term_string"}],"inLanguage":"fr-FR"},{"@type":"Organization","@id":"https:\/\/thai-inhaler.com\/#organization","name":"Thai-Inhaler.com","url":"https:\/\/thai-inhaler.com\/","logo":{"@type":"ImageObject","inLanguage":"fr-FR","@id":"https:\/\/thai-inhaler.com\/#\/schema\/logo\/image\/","url":"https:\/\/i0.wp.com\/thai-inhaler.com\/wp-content\/uploads\/2017\/08\/cropped-logoThaiinhaler-01.png?fit=460%2C160&ssl=1","contentUrl":"https:\/\/i0.wp.com\/thai-inhaler.com\/wp-content\/uploads\/2017\/08\/cropped-logoThaiinhaler-01.png?fit=460%2C160&ssl=1","width":460,"height":160,"caption":"Thai-Inhaler.com"},"image":{"@id":"https:\/\/thai-inhaler.com\/#\/schema\/logo\/image\/"}}]}},"jetpack_sharing_enabled":true,"jetpack_shortlink":"https:\/\/wp.me\/P92E6s-a5","_links":{"self":[{"href":"https:\/\/thai-inhaler.com\/fr\/wp-json\/wp\/v2\/pages\/625"}],"collection":[{"href":"https:\/\/thai-inhaler.com\/fr\/wp-json\/wp\/v2\/pages"}],"about":[{"href":"https:\/\/thai-inhaler.com\/fr\/wp-json\/wp\/v2\/types\/page"}],"author":[{"embeddable":true,"href":"https:\/\/thai-inhaler.com\/fr\/wp-json\/wp\/v2\/users\/1"}],"replies":[{"embeddable":true,"href":"https:\/\/thai-inhaler.com\/fr\/wp-json\/wp\/v2\/comments?post=625"}],"version-history":[{"count":0,"href":"https:\/\/thai-inhaler.com\/fr\/wp-json\/wp\/v2\/pages\/625\/revisions"}],"wp:attachment":[{"href":"https:\/\/thai-inhaler.com\/fr\/wp-json\/wp\/v2\/media?parent=625"}],"curies":[{"name":"wp","href":"https:\/\/api.w.org\/{rel}","templated":true}]}}