{"id":495,"date":"2018-01-12T21:06:56","date_gmt":"2018-01-12T20:06:56","guid":{"rendered":"https:\/\/thai-inhaler.com\/?page_id=495"},"modified":"2018-01-12T21:06:56","modified_gmt":"2018-01-12T20:06:56","slug":"protection-vie-privee","status":"publish","type":"page","link":"https:\/\/thai-inhaler.com\/fr\/protection-vie-privee\/","title":{"rendered":"Protection de la vie priv\u00e9e"},"content":{"rendered":"<p>Cette politique de confidentialit\u00e9 r\u00e9git la mani\u00e8re dont Thai-Inhaler recueille, utilise, conserve et divulgue les informations collect\u00e9es aupr\u00e8s des utilisateurs (un &#8220;Utilisateur&#8221;) du site https:\/\/thai-inhaler.com (&#8220;Site&#8221;). Cette politique de confidentialit\u00e9 s&#8217;applique au Site et \u00e0 tous les produits et services offerts par Thai-Inhaler.<\/p>\n<h3>Informations d&#8217;identification personnelle<\/h3>\n<p>Nous pouvons recueillir des renseignements personnels d&#8217;identification des utilisateurs de diverses fa\u00e7ons, y compris, mais sans s&#8217;y limiter, lorsque les utilisateurs visitent notre site, s&#8217;inscrivent sur le site, placent une commande, s&#8217;abonnent \u00e0 la lettre d&#8217;information et dans le cadre d&#8217;autres activit\u00e9s, services, fonctionnalit\u00e9s ou ressources que nous rendons disponibles sur notre site. Les utilisateurs peuvent \u00eatre invit\u00e9s \u00e0 fournir, le cas \u00e9ch\u00e9ant, le nom, l&#8217;adresse \u00e9lectronique, l&#8217;adresse postale, le num\u00e9ro de t\u00e9l\u00e9phone, les informations de carte de cr\u00e9dit, etc&#8230;<\/p>\n<p>Nous ne recueillerons des renseignements d&#8217;identification personnelle aupr\u00e8s des utilisateurs que s&#8217;ils nous les soumettent volontairement. Les utilisateurs peuvent toujours refuser de fournir des informations d&#8217;identification personnelle, sauf si cela peut les emp\u00eacher de s&#8217;engager dans certaines activit\u00e9s li\u00e9es au Site.<\/p>\n<h3>Informations d&#8217;identification non personnelles<\/h3>\n<p>Nous pouvons collecter des informations d&#8217;identification non personnelles sur les Utilisateurs chaque fois qu&#8217;ils interagissent avec notre Site. Les informations d&#8217;identification non personnelles peuvent inclure le nom du navigateur, le type d&#8217;ordinateur et les informations techniques sur les moyens de connexion des Utilisateurs \u00e0 notre Site, tels que le syst\u00e8me d&#8217;exploitation et les fournisseurs de services Internet utilis\u00e9s et d&#8217;autres informations similaires.<\/p>\n<h3>Cookies du navigateur Web<\/h3>\n<p>Notre Site peut utiliser des &#8220;cookies&#8221; pour am\u00e9liorer l&#8217;exp\u00e9rience utilisateur. Le navigateur Web de l&#8217;utilisateur place des cookies sur son disque dur \u00e0 des fins d&#8217;archivage et parfois pour suivre les informations les concernant. L&#8217;utilisateur peut choisir de configurer son navigateur Web pour qu&#8217;il refuse les cookies ou qu&#8217;il vous avertisse lorsque des cookies sont envoy\u00e9s. S&#8217;ils le font, notez que certaines parties du Site peuvent ne pas fonctionner correctement.<\/p>\n<h3>Comment nous utilisons les informations collect\u00e9es<\/h3>\n<p>Thai-Inhaler recueille et utilise les renseignements personnels des utilisateurs aux fins suivantes :<\/p>\n<ul>\n<li><em>Pour am\u00e9liorer le service \u00e0 la client\u00e8le<\/em><br \/>\nVos renseignements nous aident \u00e0 r\u00e9pondre plus efficacement \u00e0 vos demandes de service \u00e0 la client\u00e8le et \u00e0 r\u00e9pondre \u00e0 vos besoins d&#8217;assistance.<\/li>\n<li><em>Pour personnaliser l&#8217;exp\u00e9rience utilisateur<\/em><br \/>\nNous pouvons utiliser les informations dans leur ensemble pour comprendre comment nos Utilisateurs en tant que groupe utilisent les services et ressources fournis sur notre Site.<\/li>\n<li><em>Pour am\u00e9liorer notre site<\/em><br \/>\nNous nous effor\u00e7ons continuellement d&#8217;am\u00e9liorer les offres de notre site Web en fonction des informations et des commentaires que nous recevons de votre part.<\/li>\n<li><em>Pour traiter les transactions<\/em><br \/>\nNous pouvons utiliser les informations que les Utilisateurs fournissent sur eux-m\u00eames lors de la passation d&#8217;une commande uniquement pour fournir un service \u00e0 cette commande. Nous ne partageons pas ces informations avec des tiers, sauf dans la mesure n\u00e9cessaire pour fournir le service.<\/li>\n<li><em>Pour administrer un contenu, une promotion, un sondage ou une autre caract\u00e9ristique du Site<\/em><br \/>\nEnvoyer aux Utilisateurs des informations qu&#8217;ils ont accept\u00e9 de recevoir sur des sujets que nous pensons les int\u00e9resser.<\/li>\n<li><em>Pour envoyer des e-mails p\u00e9riodiques<\/em><br \/>\nL&#8217;adresse e-mail que les Utilisateurs fournissent pour le traitement des commandes, ne sera utilis\u00e9e que pour leur envoyer des informations et des mises \u00e0 jour relatives \u00e0 leur commande. Elle peut \u00e9galement \u00eatre utilis\u00e9e pour r\u00e9pondre \u00e0 leurs demandes de renseignements et\/ou \u00e0 d&#8217;autres demandes ou questions. Si l&#8217;utilisateur d\u00e9cide de s&#8217;inscrire \u00e0 notre liste d&#8217;envoi, il recevra des courriels qui peuvent inclure des nouvelles de l&#8217;entreprise, des mises \u00e0 jour, des informations sur les produits ou services connexes, etc. Si \u00e0 tout moment l&#8217;Utilisateur souhaite se d\u00e9sabonner de la r\u00e9ception de futurs courriels, nous incluons des instructions d\u00e9taill\u00e9es de d\u00e9sabonnement au bas de chaque courriel ou l&#8217;Utilisateur peut nous contacter via notre Site.<\/li>\n<\/ul>\n<h3>Comment nous prot\u00e9geons vos renseignements personnels<\/h3>\n<p>Nous adoptons des pratiques appropri\u00e9es en mati\u00e8re de collecte, de stockage et de traitement des donn\u00e9es ainsi que des mesures de s\u00e9curit\u00e9 pour nous prot\u00e9ger contre l&#8217;acc\u00e8s non autoris\u00e9, l&#8217;alt\u00e9ration, la divulgation ou la destruction de vos renseignements personnels, de votre nom d&#8217;utilisateur, de votre mot de passe, des renseignements relatifs aux transactions et des donn\u00e9es stock\u00e9es sur notre site.<\/p>\n<p>L&#8217;\u00e9change de donn\u00e9es sensibles et priv\u00e9es entre le Site et ses Utilisateurs s&#8217;effectue via un canal de communication s\u00e9curis\u00e9 SSL et est crypt\u00e9 et prot\u00e9g\u00e9 par des signatures num\u00e9riques.<\/p>\n<h3>Modifications de cette politique de confidentialit\u00e9<\/h3>\n<p>Thai-Inhaler a la discr\u00e9tion de mettre \u00e0 jour cette politique de confidentialit\u00e9 \u00e0 tout moment. Quand nous le ferons, r\u00e9visons la date mise \u00e0 jour au bas de cette page. Nous encourageons les utilisateurs \u00e0 consulter fr\u00e9quemment cette page pour tout changement afin de se tenir au courant de la fa\u00e7on dont nous aidons \u00e0 prot\u00e9ger les renseignements personnels que nous recueillons. Vous reconnaissez et acceptez qu&#8217;il est de votre responsabilit\u00e9 de revoir p\u00e9riodiquement cette politique de confidentialit\u00e9 et d&#8217;en prendre connaissance.<\/p>\n<h3>Votre acceptation des pr\u00e9sentes conditions<\/h3>\n<p>En utilisant ce Site, vous signifiez votre acceptation de cette politique et des conditions d&#8217;utilisation. Si vous n&#8217;acceptez pas cette politique, veuillez ne pas utiliser notre Site. Votre utilisation continue du Site apr\u00e8s l&#8217;affichage des changements \u00e0 cette politique sera consid\u00e9r\u00e9e comme votre acceptation de ces changements.<\/p>\n<h3>Nous contacter<\/h3>\n<p>Si vous avez des questions concernant cette politique de confidentialit\u00e9, les pratiques de ce site ou vos relations avec ce site, veuillez nous contacter \u00e0 l&#8217;adresse suivante:<\/p>\n<p>Thai-Inhaler<\/p>\n<p><a href=\"https:\/\/thai-inhaler.com\" target=\"_blank\" rel=\"noopener\">https:\/\/thai-inhaler.com<\/a><\/p>\n<p><a href=\"contact@thai-inhaler.com\" target=\"_blank\" rel=\"noopener\">contact@thai-inhaler.com<\/a><\/p>\n<p>Derni\u00e8re mise \u00e0 jour: 27 septembre 2017<\/p>\n","protected":false},"excerpt":{"rendered":"<p>Cette politique de confidentialit\u00e9 r\u00e9git la mani\u00e8re dont Thai-Inhaler recueille, utilise, conserve et divulgue les informations collect\u00e9es aupr\u00e8s des utilisateurs (un &#8220;Utilisateur&#8221;) du site https:\/\/thai-inhaler.com (&#8220;Site&#8221;). Cette politique de confidentialit\u00e9 s&#8217;applique au Site et \u00e0 tous les produits et services offerts par Thai-Inhaler. Informations d&#8217;identification personnelle Nous pouvons recueillir des renseignements personnels d&#8217;identification des utilisateurs [&hellip;]<\/p>\n","protected":false},"author":1,"featured_media":0,"parent":0,"menu_order":0,"comment_status":"closed","ping_status":"closed","template":"","meta":{"_exactmetrics_skip_tracking":false,"_exactmetrics_sitenote_active":false,"_exactmetrics_sitenote_note":"","_exactmetrics_sitenote_category":0,"jetpack_post_was_ever_published":false,"footnotes":""},"yoast_head":"<!-- This site is optimized with the Yoast SEO plugin v22.3 - https:\/\/yoast.com\/wordpress\/plugins\/seo\/ -->\n<title>Protection de la vie priv\u00e9e - Thai-Inhaler.com<\/title>\n<meta name=\"robots\" content=\"index, follow, max-snippet:-1, max-image-preview:large, max-video-preview:-1\" \/>\n<link rel=\"canonical\" href=\"https:\/\/thai-inhaler.com\/fr\/protection-vie-privee\/\" \/>\n<meta property=\"og:locale\" content=\"fr_FR\" \/>\n<meta property=\"og:type\" content=\"article\" \/>\n<meta property=\"og:title\" content=\"Protection de la vie priv\u00e9e - Thai-Inhaler.com\" \/>\n<meta property=\"og:description\" content=\"Cette politique de confidentialit\u00e9 r\u00e9git la mani\u00e8re dont Thai-Inhaler recueille, utilise, conserve et divulgue les informations collect\u00e9es aupr\u00e8s des utilisateurs (un &#8220;Utilisateur&#8221;) du site https:\/\/thai-inhaler.com (&#8220;Site&#8221;). Cette politique de confidentialit\u00e9 s&#8217;applique au Site et \u00e0 tous les produits et services offerts par Thai-Inhaler. Informations d&#8217;identification personnelle Nous pouvons recueillir des renseignements personnels d&#8217;identification des utilisateurs [&hellip;]\" \/>\n<meta property=\"og:url\" content=\"https:\/\/thai-inhaler.com\/fr\/protection-vie-privee\/\" \/>\n<meta property=\"og:site_name\" content=\"Thai-Inhaler.com\" \/>\n<meta name=\"twitter:card\" content=\"summary_large_image\" \/>\n<meta name=\"twitter:label1\" content=\"Dur\u00e9e de lecture estim\u00e9e\" \/>\n\t<meta name=\"twitter:data1\" content=\"5 minutes\" \/>\n<script type=\"application\/ld+json\" class=\"yoast-schema-graph\">{\"@context\":\"https:\/\/schema.org\",\"@graph\":[{\"@type\":\"WebPage\",\"@id\":\"https:\/\/thai-inhaler.com\/fr\/protection-vie-privee\/\",\"url\":\"https:\/\/thai-inhaler.com\/fr\/protection-vie-privee\/\",\"name\":\"Protection de la vie priv\u00e9e - Thai-Inhaler.com\",\"isPartOf\":{\"@id\":\"https:\/\/thai-inhaler.com\/#website\"},\"datePublished\":\"2018-01-12T20:06:56+00:00\",\"dateModified\":\"2018-01-12T20:06:56+00:00\",\"breadcrumb\":{\"@id\":\"https:\/\/thai-inhaler.com\/fr\/protection-vie-privee\/#breadcrumb\"},\"inLanguage\":\"fr-FR\",\"potentialAction\":[{\"@type\":\"ReadAction\",\"target\":[\"https:\/\/thai-inhaler.com\/fr\/protection-vie-privee\/\"]}]},{\"@type\":\"BreadcrumbList\",\"@id\":\"https:\/\/thai-inhaler.com\/fr\/protection-vie-privee\/#breadcrumb\",\"itemListElement\":[{\"@type\":\"ListItem\",\"position\":1,\"name\":\"Home\",\"item\":\"https:\/\/thai-inhaler.com\/fr\/\"},{\"@type\":\"ListItem\",\"position\":2,\"name\":\"Protection de la vie priv\u00e9e\"}]},{\"@type\":\"WebSite\",\"@id\":\"https:\/\/thai-inhaler.com\/#website\",\"url\":\"https:\/\/thai-inhaler.com\/\",\"name\":\"Thai-Inhaler.com\",\"description\":\"Thai Herbal Products, Inhalers, Balms, Plasters On Sale\",\"publisher\":{\"@id\":\"https:\/\/thai-inhaler.com\/#organization\"},\"potentialAction\":[{\"@type\":\"SearchAction\",\"target\":{\"@type\":\"EntryPoint\",\"urlTemplate\":\"https:\/\/thai-inhaler.com\/?s={search_term_string}\"},\"query-input\":\"required name=search_term_string\"}],\"inLanguage\":\"fr-FR\"},{\"@type\":\"Organization\",\"@id\":\"https:\/\/thai-inhaler.com\/#organization\",\"name\":\"Thai-Inhaler.com\",\"url\":\"https:\/\/thai-inhaler.com\/\",\"logo\":{\"@type\":\"ImageObject\",\"inLanguage\":\"fr-FR\",\"@id\":\"https:\/\/thai-inhaler.com\/#\/schema\/logo\/image\/\",\"url\":\"https:\/\/i0.wp.com\/thai-inhaler.com\/wp-content\/uploads\/2017\/08\/cropped-logoThaiinhaler-01.png?fit=460%2C160&ssl=1\",\"contentUrl\":\"https:\/\/i0.wp.com\/thai-inhaler.com\/wp-content\/uploads\/2017\/08\/cropped-logoThaiinhaler-01.png?fit=460%2C160&ssl=1\",\"width\":460,\"height\":160,\"caption\":\"Thai-Inhaler.com\"},\"image\":{\"@id\":\"https:\/\/thai-inhaler.com\/#\/schema\/logo\/image\/\"}}]}<\/script>\n<!-- \/ Yoast SEO plugin. -->","yoast_head_json":{"title":"Protection de la vie priv\u00e9e - Thai-Inhaler.com","robots":{"index":"index","follow":"follow","max-snippet":"max-snippet:-1","max-image-preview":"max-image-preview:large","max-video-preview":"max-video-preview:-1"},"canonical":"https:\/\/thai-inhaler.com\/fr\/protection-vie-privee\/","og_locale":"fr_FR","og_type":"article","og_title":"Protection de la vie priv\u00e9e - Thai-Inhaler.com","og_description":"Cette politique de confidentialit\u00e9 r\u00e9git la mani\u00e8re dont Thai-Inhaler recueille, utilise, conserve et divulgue les informations collect\u00e9es aupr\u00e8s des utilisateurs (un &#8220;Utilisateur&#8221;) du site https:\/\/thai-inhaler.com (&#8220;Site&#8221;). Cette politique de confidentialit\u00e9 s&#8217;applique au Site et \u00e0 tous les produits et services offerts par Thai-Inhaler. Informations d&#8217;identification personnelle Nous pouvons recueillir des renseignements personnels d&#8217;identification des utilisateurs [&hellip;]","og_url":"https:\/\/thai-inhaler.com\/fr\/protection-vie-privee\/","og_site_name":"Thai-Inhaler.com","twitter_card":"summary_large_image","twitter_misc":{"Dur\u00e9e de lecture estim\u00e9e":"5 minutes"},"schema":{"@context":"https:\/\/schema.org","@graph":[{"@type":"WebPage","@id":"https:\/\/thai-inhaler.com\/fr\/protection-vie-privee\/","url":"https:\/\/thai-inhaler.com\/fr\/protection-vie-privee\/","name":"Protection de la vie priv\u00e9e - Thai-Inhaler.com","isPartOf":{"@id":"https:\/\/thai-inhaler.com\/#website"},"datePublished":"2018-01-12T20:06:56+00:00","dateModified":"2018-01-12T20:06:56+00:00","breadcrumb":{"@id":"https:\/\/thai-inhaler.com\/fr\/protection-vie-privee\/#breadcrumb"},"inLanguage":"fr-FR","potentialAction":[{"@type":"ReadAction","target":["https:\/\/thai-inhaler.com\/fr\/protection-vie-privee\/"]}]},{"@type":"BreadcrumbList","@id":"https:\/\/thai-inhaler.com\/fr\/protection-vie-privee\/#breadcrumb","itemListElement":[{"@type":"ListItem","position":1,"name":"Home","item":"https:\/\/thai-inhaler.com\/fr\/"},{"@type":"ListItem","position":2,"name":"Protection de la vie priv\u00e9e"}]},{"@type":"WebSite","@id":"https:\/\/thai-inhaler.com\/#website","url":"https:\/\/thai-inhaler.com\/","name":"Thai-Inhaler.com","description":"Thai Herbal Products, Inhalers, Balms, Plasters On Sale","publisher":{"@id":"https:\/\/thai-inhaler.com\/#organization"},"potentialAction":[{"@type":"SearchAction","target":{"@type":"EntryPoint","urlTemplate":"https:\/\/thai-inhaler.com\/?s={search_term_string}"},"query-input":"required name=search_term_string"}],"inLanguage":"fr-FR"},{"@type":"Organization","@id":"https:\/\/thai-inhaler.com\/#organization","name":"Thai-Inhaler.com","url":"https:\/\/thai-inhaler.com\/","logo":{"@type":"ImageObject","inLanguage":"fr-FR","@id":"https:\/\/thai-inhaler.com\/#\/schema\/logo\/image\/","url":"https:\/\/i0.wp.com\/thai-inhaler.com\/wp-content\/uploads\/2017\/08\/cropped-logoThaiinhaler-01.png?fit=460%2C160&ssl=1","contentUrl":"https:\/\/i0.wp.com\/thai-inhaler.com\/wp-content\/uploads\/2017\/08\/cropped-logoThaiinhaler-01.png?fit=460%2C160&ssl=1","width":460,"height":160,"caption":"Thai-Inhaler.com"},"image":{"@id":"https:\/\/thai-inhaler.com\/#\/schema\/logo\/image\/"}}]}},"jetpack_sharing_enabled":true,"jetpack_shortlink":"https:\/\/wp.me\/P92E6s-7Z","_links":{"self":[{"href":"https:\/\/thai-inhaler.com\/fr\/wp-json\/wp\/v2\/pages\/495"}],"collection":[{"href":"https:\/\/thai-inhaler.com\/fr\/wp-json\/wp\/v2\/pages"}],"about":[{"href":"https:\/\/thai-inhaler.com\/fr\/wp-json\/wp\/v2\/types\/page"}],"author":[{"embeddable":true,"href":"https:\/\/thai-inhaler.com\/fr\/wp-json\/wp\/v2\/users\/1"}],"replies":[{"embeddable":true,"href":"https:\/\/thai-inhaler.com\/fr\/wp-json\/wp\/v2\/comments?post=495"}],"version-history":[{"count":0,"href":"https:\/\/thai-inhaler.com\/fr\/wp-json\/wp\/v2\/pages\/495\/revisions"}],"wp:attachment":[{"href":"https:\/\/thai-inhaler.com\/fr\/wp-json\/wp\/v2\/media?parent=495"}],"curies":[{"name":"wp","href":"https:\/\/api.w.org\/{rel}","templated":true}]}}