{"id":394,"date":"2018-01-05T19:42:27","date_gmt":"2018-01-05T18:42:27","guid":{"rendered":"https:\/\/thai-inhaler.com\/?page_id=394"},"modified":"2023-01-02T15:35:42","modified_gmt":"2023-01-02T14:35:42","slug":"methodes-de-paiement","status":"publish","type":"page","link":"https:\/\/thai-inhaler.com\/fr\/methodes-de-paiement\/","title":{"rendered":"M\u00e9thodes de paiement"},"content":{"rendered":"<h2>Nos m\u00e9thodes de paiement s\u00e9curis\u00e9es incluent les paiements par carte de cr\u00e9dit\/d\u00e9bit via Stripe, Paypal, SOFORT ou Giropay<\/h2>\n<h3>\u00c0 propos de Stripe<\/h3>\n<p>Nous utilisons la plateforme Stripe pour traiter les paiements r\u00e9alis\u00e9s par carte de cr\u00e9dit (Visa, Mastercard ou American Express) sur notre boutique.<\/p>\n<p>Stripe nous permet de ne pas avoir \u00e0 conserver directement sur nos serveurs les donn\u00e9es des cartes de cr\u00e9dit de nos clients. Mais, les donn\u00e9es sont envoy\u00e9es directement sur les serveurs de Stripe, conformes aux normes PCI.<\/p>\n<p>Ainsi, m\u00eame dans le cas peu probable o\u00f9 nos serveurs \u00e9taient endommag\u00e9s, vos informations bancaires resteront toujours intactes.<\/p>\n<p>Par ailleurs, les frais de service \u00e9tant moindres, cela vous permet d&#8217;\u00e9conomiser de l&#8217;argent.<\/p>\n<h3>\u00c0 propos de PayPal<\/h3>\n<p>PayPal est un moyen s\u00fbr et facile d&#8217;envoyer et recevoir de l&#8217;argent en ligne. Lorsque vous choisissez PayPal pour votre paiement, vous serez redirig\u00e9 vers le site de PayPal afin d&#8217;y effectuer votre r\u00e9glement.<\/p>\n<p>PayPal peut \u00eatre utilis\u00e9 pour effectuer des achats par carte de cr\u00e9dit (MasterCard, Visa, Discover, American Express), carte de d\u00e9bit ou depuis votre compte bancaire.<\/p>\n<ol>\n<li>Apr\u00e8s avoir valid\u00e9 vos articles depuis la page du panier d&#8217;achat, vous pouvez continuer puis choisir le r\u00e8glement avec PayPal. Vous quitterez alors notre site pour entrer sur celui de PayPal.<\/li>\n<li>Vous pouvez vous identifier via votre compte PayPal, ou en cr\u00e9er un si vous n&#8217;en avez pas encore.<\/li>\n<li>Suivez les instructions fournies \u00e0 l&#8217;\u00e9cran pour finaliser votre paiement via PayPal.<\/li>\n<\/ol>\n<p>Pourquoi nous vous sugg\u00e9rons d&#8217;utiliser PayPal :<\/p>\n<p>En utilisant votre compte Paypal, vous pouvez retrouver facilement le statut de votre paiement.<br \/>\nLorsque vous r\u00e9glez votre commande, vous n&#8217;avez pas n\u00e9cessairement besoin d&#8217;utiliser votre carte de cr\u00e9dit en ligne (vous pouvez transf\u00e9rer directement depuis votre compte bancaire).<br \/>\nLorsque vous utilisez votre carte de cr\u00e9dit via Paypal, personne ne pourra voir les d\u00e9tails, cela minimisera donc les risques li\u00e9s \u00e0 des utilisations frauduleuses.<\/p>\n<h3>\u00c0 propos de SOFORT<\/h3>\n<p>SOFORT Banking est l&#8217;un des principaux moyens de paiement en ligne en Autriche, en Allemagne et en Suisse, mais il est aussi largement utilis\u00e9 en Belgique, aux Pays-Bas et au Royaume-Uni.<\/p>\n<p>Il est disponible dans pr\u00e8s de 30.000 boutiques en ligne avec plus de 100 millions de transactions r\u00e9ussies \u00e0 ce jour.<\/p>\n<p>SOFORT Banking est un processus de paiement direct qui r\u00e9pond aux m\u00eames normes de s\u00e9curit\u00e9 rigoureuses que celles utilis\u00e9es dans la banque en ligne et des contr\u00f4les r\u00e9guliers sont effectu\u00e9s pour assurer la protection des donn\u00e9es personnelles.<\/p>\n<p>SOFORT n&#8217;est pas li\u00e9 \u00e0 une banque en particulier, mais dirige le consommateur vers son propre environnement bancaire de paiement.<\/p>\n<p>Les utilisateurs n&#8217;ont pas besoin de s&#8217;inscrire ou de faire un d\u00e9p\u00f4t dans un compte temporaire, ni d&#8217;une carte de cr\u00e9dit pour utiliser ce service, ce qui r\u00e9duit consid\u00e9rablement le plafond.<\/p>\n<h3>\u00c0 propos de Giropay<\/h3>\n<p>Giropay est un syst\u00e8me interbancaire, officiellement mis en \u0153uvre par les banques allemandes pour les services bancaires en ligne.<\/p>\n<p>Il est disponible pour plus de 40 millions de consommateurs et couvre 16% des transactions \u00e9lectroniques en Allemagne.<\/p>\n<p>Parmi ses avantages, il permet :<\/p>\n<ul>\n<li>Une confirmation en temps r\u00e9el des transactions<\/li>\n<li>Une prise en charge du service par la majorit\u00e9 des banques allemandes<\/li>\n<li>Des paiements s\u00e9curis\u00e9s<\/li>\n<\/ul>\n<h3>Frais de traitement<\/h3>\n<p>En raison des frais appliqu\u00e9s par les services de gestion des paiements, toutes les commandes d&#8217;un montant total inf\u00e9rieur \u00e0 30 \u20ac pass\u00e9es \u00e0 partir du samedi 31 d\u00e9cembre 2022 se verront facturer des frais de traitement de 3 \u20ac.<\/p>\n<p>Toutes les commandes d&#8217;un montant total sup\u00e9rieur \u00e0 30 \u20ac ne sont pas concern\u00e9es par ces frais de traitement et en sont exempt\u00e9es.<\/p>\n<p>Nous vous remercions de votre compr\u00e9hension et nous excusons pour le d\u00e9sagr\u00e9ment \u00e9ventuel occasionn\u00e9 par cette d\u00e9marche.<\/p>\n","protected":false},"excerpt":{"rendered":"<p>Nos m\u00e9thodes de paiement s\u00e9curis\u00e9es incluent les paiements par carte de cr\u00e9dit\/d\u00e9bit via Stripe, Paypal, SOFORT ou Giropay \u00c0 propos de Stripe Nous utilisons la plateforme Stripe pour traiter les paiements r\u00e9alis\u00e9s par carte de cr\u00e9dit (Visa, Mastercard ou American Express) sur notre boutique. Stripe nous permet de ne pas avoir \u00e0 conserver directement sur [&hellip;]<\/p>\n","protected":false},"author":1,"featured_media":0,"parent":0,"menu_order":0,"comment_status":"closed","ping_status":"closed","template":"","meta":{"_exactmetrics_skip_tracking":false,"_exactmetrics_sitenote_active":false,"_exactmetrics_sitenote_note":"","_exactmetrics_sitenote_category":0,"jetpack_post_was_ever_published":false,"footnotes":""},"yoast_head":"<!-- This site is optimized with the Yoast SEO plugin v22.3 - https:\/\/yoast.com\/wordpress\/plugins\/seo\/ -->\n<title>Les m\u00e9thodes de paiement disponibles sur Thai-Inhaler.com<\/title>\n<meta name=\"robots\" content=\"index, follow, max-snippet:-1, max-image-preview:large, max-video-preview:-1\" \/>\n<link rel=\"canonical\" href=\"https:\/\/thai-inhaler.com\/fr\/methodes-de-paiement\/\" \/>\n<meta property=\"og:locale\" content=\"fr_FR\" \/>\n<meta property=\"og:type\" content=\"article\" \/>\n<meta property=\"og:title\" content=\"Les m\u00e9thodes de paiement disponibles sur Thai-Inhaler.com\" \/>\n<meta property=\"og:description\" content=\"Nos m\u00e9thodes de paiement s\u00e9curis\u00e9es incluent les paiements par carte de cr\u00e9dit\/d\u00e9bit via Stripe, Paypal, SOFORT ou Giropay \u00c0 propos de Stripe Nous utilisons la plateforme Stripe pour traiter les paiements r\u00e9alis\u00e9s par carte de cr\u00e9dit (Visa, Mastercard ou American Express) sur notre boutique. Stripe nous permet de ne pas avoir \u00e0 conserver directement sur [&hellip;]\" \/>\n<meta property=\"og:url\" content=\"https:\/\/thai-inhaler.com\/fr\/methodes-de-paiement\/\" \/>\n<meta property=\"og:site_name\" content=\"Thai-Inhaler.com\" \/>\n<meta property=\"article:modified_time\" content=\"2023-01-02T14:35:42+00:00\" \/>\n<meta name=\"twitter:card\" content=\"summary_large_image\" \/>\n<meta name=\"twitter:label1\" content=\"Dur\u00e9e de lecture estim\u00e9e\" \/>\n\t<meta name=\"twitter:data1\" content=\"3 minutes\" \/>\n<script type=\"application\/ld+json\" class=\"yoast-schema-graph\">{\"@context\":\"https:\/\/schema.org\",\"@graph\":[{\"@type\":\"WebPage\",\"@id\":\"https:\/\/thai-inhaler.com\/fr\/methodes-de-paiement\/\",\"url\":\"https:\/\/thai-inhaler.com\/fr\/methodes-de-paiement\/\",\"name\":\"Les m\u00e9thodes de paiement disponibles sur Thai-Inhaler.com\",\"isPartOf\":{\"@id\":\"https:\/\/thai-inhaler.com\/#website\"},\"datePublished\":\"2018-01-05T18:42:27+00:00\",\"dateModified\":\"2023-01-02T14:35:42+00:00\",\"breadcrumb\":{\"@id\":\"https:\/\/thai-inhaler.com\/fr\/methodes-de-paiement\/#breadcrumb\"},\"inLanguage\":\"fr-FR\",\"potentialAction\":[{\"@type\":\"ReadAction\",\"target\":[\"https:\/\/thai-inhaler.com\/fr\/methodes-de-paiement\/\"]}]},{\"@type\":\"BreadcrumbList\",\"@id\":\"https:\/\/thai-inhaler.com\/fr\/methodes-de-paiement\/#breadcrumb\",\"itemListElement\":[{\"@type\":\"ListItem\",\"position\":1,\"name\":\"Home\",\"item\":\"https:\/\/thai-inhaler.com\/fr\/\"},{\"@type\":\"ListItem\",\"position\":2,\"name\":\"M\u00e9thodes de paiement\"}]},{\"@type\":\"WebSite\",\"@id\":\"https:\/\/thai-inhaler.com\/#website\",\"url\":\"https:\/\/thai-inhaler.com\/\",\"name\":\"Thai-Inhaler.com\",\"description\":\"Thai Herbal Products, Inhalers, Balms, Plasters On Sale\",\"publisher\":{\"@id\":\"https:\/\/thai-inhaler.com\/#organization\"},\"potentialAction\":[{\"@type\":\"SearchAction\",\"target\":{\"@type\":\"EntryPoint\",\"urlTemplate\":\"https:\/\/thai-inhaler.com\/?s={search_term_string}\"},\"query-input\":\"required name=search_term_string\"}],\"inLanguage\":\"fr-FR\"},{\"@type\":\"Organization\",\"@id\":\"https:\/\/thai-inhaler.com\/#organization\",\"name\":\"Thai-Inhaler.com\",\"url\":\"https:\/\/thai-inhaler.com\/\",\"logo\":{\"@type\":\"ImageObject\",\"inLanguage\":\"fr-FR\",\"@id\":\"https:\/\/thai-inhaler.com\/#\/schema\/logo\/image\/\",\"url\":\"https:\/\/i0.wp.com\/thai-inhaler.com\/wp-content\/uploads\/2017\/08\/cropped-logoThaiinhaler-01.png?fit=460%2C160&ssl=1\",\"contentUrl\":\"https:\/\/i0.wp.com\/thai-inhaler.com\/wp-content\/uploads\/2017\/08\/cropped-logoThaiinhaler-01.png?fit=460%2C160&ssl=1\",\"width\":460,\"height\":160,\"caption\":\"Thai-Inhaler.com\"},\"image\":{\"@id\":\"https:\/\/thai-inhaler.com\/#\/schema\/logo\/image\/\"}}]}<\/script>\n<!-- \/ Yoast SEO plugin. -->","yoast_head_json":{"title":"Les m\u00e9thodes de paiement disponibles sur Thai-Inhaler.com","robots":{"index":"index","follow":"follow","max-snippet":"max-snippet:-1","max-image-preview":"max-image-preview:large","max-video-preview":"max-video-preview:-1"},"canonical":"https:\/\/thai-inhaler.com\/fr\/methodes-de-paiement\/","og_locale":"fr_FR","og_type":"article","og_title":"Les m\u00e9thodes de paiement disponibles sur Thai-Inhaler.com","og_description":"Nos m\u00e9thodes de paiement s\u00e9curis\u00e9es incluent les paiements par carte de cr\u00e9dit\/d\u00e9bit via Stripe, Paypal, SOFORT ou Giropay \u00c0 propos de Stripe Nous utilisons la plateforme Stripe pour traiter les paiements r\u00e9alis\u00e9s par carte de cr\u00e9dit (Visa, Mastercard ou American Express) sur notre boutique. Stripe nous permet de ne pas avoir \u00e0 conserver directement sur [&hellip;]","og_url":"https:\/\/thai-inhaler.com\/fr\/methodes-de-paiement\/","og_site_name":"Thai-Inhaler.com","article_modified_time":"2023-01-02T14:35:42+00:00","twitter_card":"summary_large_image","twitter_misc":{"Dur\u00e9e de lecture estim\u00e9e":"3 minutes"},"schema":{"@context":"https:\/\/schema.org","@graph":[{"@type":"WebPage","@id":"https:\/\/thai-inhaler.com\/fr\/methodes-de-paiement\/","url":"https:\/\/thai-inhaler.com\/fr\/methodes-de-paiement\/","name":"Les m\u00e9thodes de paiement disponibles sur Thai-Inhaler.com","isPartOf":{"@id":"https:\/\/thai-inhaler.com\/#website"},"datePublished":"2018-01-05T18:42:27+00:00","dateModified":"2023-01-02T14:35:42+00:00","breadcrumb":{"@id":"https:\/\/thai-inhaler.com\/fr\/methodes-de-paiement\/#breadcrumb"},"inLanguage":"fr-FR","potentialAction":[{"@type":"ReadAction","target":["https:\/\/thai-inhaler.com\/fr\/methodes-de-paiement\/"]}]},{"@type":"BreadcrumbList","@id":"https:\/\/thai-inhaler.com\/fr\/methodes-de-paiement\/#breadcrumb","itemListElement":[{"@type":"ListItem","position":1,"name":"Home","item":"https:\/\/thai-inhaler.com\/fr\/"},{"@type":"ListItem","position":2,"name":"M\u00e9thodes de paiement"}]},{"@type":"WebSite","@id":"https:\/\/thai-inhaler.com\/#website","url":"https:\/\/thai-inhaler.com\/","name":"Thai-Inhaler.com","description":"Thai Herbal Products, Inhalers, Balms, Plasters On Sale","publisher":{"@id":"https:\/\/thai-inhaler.com\/#organization"},"potentialAction":[{"@type":"SearchAction","target":{"@type":"EntryPoint","urlTemplate":"https:\/\/thai-inhaler.com\/?s={search_term_string}"},"query-input":"required name=search_term_string"}],"inLanguage":"fr-FR"},{"@type":"Organization","@id":"https:\/\/thai-inhaler.com\/#organization","name":"Thai-Inhaler.com","url":"https:\/\/thai-inhaler.com\/","logo":{"@type":"ImageObject","inLanguage":"fr-FR","@id":"https:\/\/thai-inhaler.com\/#\/schema\/logo\/image\/","url":"https:\/\/i0.wp.com\/thai-inhaler.com\/wp-content\/uploads\/2017\/08\/cropped-logoThaiinhaler-01.png?fit=460%2C160&ssl=1","contentUrl":"https:\/\/i0.wp.com\/thai-inhaler.com\/wp-content\/uploads\/2017\/08\/cropped-logoThaiinhaler-01.png?fit=460%2C160&ssl=1","width":460,"height":160,"caption":"Thai-Inhaler.com"},"image":{"@id":"https:\/\/thai-inhaler.com\/#\/schema\/logo\/image\/"}}]}},"jetpack_sharing_enabled":true,"jetpack_shortlink":"https:\/\/wp.me\/P92E6s-6m","_links":{"self":[{"href":"https:\/\/thai-inhaler.com\/fr\/wp-json\/wp\/v2\/pages\/394"}],"collection":[{"href":"https:\/\/thai-inhaler.com\/fr\/wp-json\/wp\/v2\/pages"}],"about":[{"href":"https:\/\/thai-inhaler.com\/fr\/wp-json\/wp\/v2\/types\/page"}],"author":[{"embeddable":true,"href":"https:\/\/thai-inhaler.com\/fr\/wp-json\/wp\/v2\/users\/1"}],"replies":[{"embeddable":true,"href":"https:\/\/thai-inhaler.com\/fr\/wp-json\/wp\/v2\/comments?post=394"}],"version-history":[{"count":1,"href":"https:\/\/thai-inhaler.com\/fr\/wp-json\/wp\/v2\/pages\/394\/revisions"}],"predecessor-version":[{"id":2021,"href":"https:\/\/thai-inhaler.com\/fr\/wp-json\/wp\/v2\/pages\/394\/revisions\/2021"}],"wp:attachment":[{"href":"https:\/\/thai-inhaler.com\/fr\/wp-json\/wp\/v2\/media?parent=394"}],"curies":[{"name":"wp","href":"https:\/\/api.w.org\/{rel}","templated":true}]}}