{"id":389,"date":"2018-01-05T19:23:00","date_gmt":"2018-01-05T18:23:00","guid":{"rendered":"https:\/\/thai-inhaler.com\/?page_id=389"},"modified":"2023-02-08T03:26:03","modified_gmt":"2023-02-08T02:26:03","slug":"politique-annulation-remboursement-echange","status":"publish","type":"page","link":"https:\/\/thai-inhaler.com\/fr\/politique-annulation-remboursement-echange\/","title":{"rendered":"Politique d&#8217;annulation, remboursement et \u00e9change"},"content":{"rendered":"<div class=\"content-page\">\n<h3>Annulation de commande<\/h3>\n<p>Toutes les commandes peuvent \u00eatre annul\u00e9es si elles n&#8217;ont pas encore \u00e9t\u00e9 emball\u00e9es. Si votre commande a \u00e9t\u00e9 pay\u00e9e et que vous souhaitez la modifier ou l&#8217;annuler, vous disposez de 12 heures pour nous contacter. Une fois que le processus d&#8217;emballage a d\u00e9but\u00e9, elle ne pourra plus \u00eatre annul\u00e9e.<\/p>\n<h3>Remboursements<\/h3>\n<p>Votre satisfaction est notre priorit\u00e9. Ainsi, vous pouvez demandez le remboursement si vous \u00eates dans l&#8217;une des situations suivantes :<\/p>\n<ul>\n<li>Si vous n&#8217;avez <strong>pas <\/strong>re\u00e7u votre article dans le d\u00e9lai garanti (45 jours apr\u00e8s exp\u00e9dition), vous pouvez demander un remboursement ou une r\u00e9exp\u00e9dition.<\/li>\n<li>Si vous avez re\u00e7u le mauvais article, vous pouvez demander un remboursement ou une r\u00e9exp\u00e9dition (une photo du produit sera n\u00e9cessaire pour preuve).<\/li>\n<li>Si vous ne voulez plus le produit que vous avez command\u00e9, vous pouvez demander un remboursement, mais, vous devrez retourner l&#8217;article \u00e0 vos propres frais et celui-ci devra obligatoirement \u00eatre non-utilis\u00e9 et dans son emballage d&#8217;origine (uniquement dans les 7 jours qui suivent la livraison).<\/li>\n<\/ul>\n<p>Certaines circonstance n&#8217;entrent pas dans notre politique de remboursement :<\/p>\n<ul>\n<li>Votre article n&#8217;est pas arriv\u00e9 pour des raisons de votre ressort (ex : mauvaise adresse de livraison,etc&#8230;).<\/li>\n<li>Votre article n&#8217;est pas arriv\u00e9 pour des raisons exceptionnelles pour lesquelles <a href=\"https:\/\/thai-inhaler.com\/fr\/\">Thai-Inhaler.com<\/a> ne peut avoir aucune influence (ex : colis retenu par les douanes, retard\u00e9 par une catastrophe naturelle, etc&#8230;).<\/li>\n<li>Votre commande \u00e9tait disponible dans votre bureau de poste mais vous ne l&#8217;avez pas r\u00e9cup\u00e9r\u00e9e.<\/li>\n<li>Toute autre circonstance exceptionnelle n&#8217;\u00e9tant pas du ressort de Thai-Inhaler.com.<\/li>\n<\/ul>\n<p>*Votre demande de remboursement peut \u00eatre soumise uniquement dans les 15 jours suivant l&#8217;expiration de la p\u00e9riode de livraison garantie (45 jours). Pour se faire, vous pouvez nous envoyer un message via la page <a href=\"https:\/\/thai-inhaler.com\/fr\/nous-contacter\/\" target=\"_blank\" rel=\"noopener noreferrer\">Nous contacter<\/a>.<\/p>\n<p>Si vous \u00eates \u00e9ligible \u00e0 un remboursement, celui-ci sera trait\u00e9, puis cr\u00e9dit\u00e9 automatiquement sur votre carte de cr\u00e9dit, ou autre moyen de paiement initial, dans un d\u00e9lai de 14 jours.<\/p>\n<h3>\u00c9changes<\/h3>\n<p>Si vous souhaitez proc\u00e9der \u00e0 l&#8217;\u00e9change de votre produit. Vous devrez obligatoirement nous contacter et nous vous guiderons \u00e0 travers les \u00e9tapes.<\/p>\n<p>Veuillez ne pas renvoyer votre achat tant que vous n&#8217;avez pas \u00e9t\u00e9 autoris\u00e9 \u00e0 le faire.<\/p>\n<h3>Divers<\/h3>\n<p>Veuillez \u00e9galement noter qu&#8217;\u00e0 partir de 60 jours apr\u00e8s l&#8217;exp\u00e9dition de votre commande, aucune r\u00e9clamation, ni annulation, ni remboursement, ni \u00e9change, ne pourront \u00eatre effectu\u00e9s et que sans aucun autre contact de votre part avant ces 60 jours, la commande sera consid\u00e9r\u00e9e comme d\u00e9finitivement close.<\/p>\n<\/div>\n","protected":false},"excerpt":{"rendered":"<p>Annulation de commande Toutes les commandes peuvent \u00eatre annul\u00e9es si elles n&#8217;ont pas encore \u00e9t\u00e9 emball\u00e9es. Si votre commande a \u00e9t\u00e9 pay\u00e9e et que vous souhaitez la modifier ou l&#8217;annuler, vous disposez de 12 heures pour nous contacter. Une fois que le processus d&#8217;emballage a d\u00e9but\u00e9, elle ne pourra plus \u00eatre annul\u00e9e. Remboursements Votre satisfaction [&hellip;]<\/p>\n","protected":false},"author":1,"featured_media":0,"parent":0,"menu_order":0,"comment_status":"closed","ping_status":"closed","template":"","meta":{"_exactmetrics_skip_tracking":false,"_exactmetrics_sitenote_active":false,"_exactmetrics_sitenote_note":"","_exactmetrics_sitenote_category":0,"jetpack_post_was_ever_published":false,"footnotes":""},"yoast_head":"<!-- This site is optimized with the Yoast SEO plugin v22.3 - https:\/\/yoast.com\/wordpress\/plugins\/seo\/ -->\n<title>Politique d&#039;annulation, remboursement et \u00e9change - Thai-Inhaler.com<\/title>\n<meta name=\"robots\" content=\"index, follow, max-snippet:-1, max-image-preview:large, max-video-preview:-1\" \/>\n<link rel=\"canonical\" href=\"https:\/\/thai-inhaler.com\/fr\/politique-annulation-remboursement-echange\/\" \/>\n<meta property=\"og:locale\" content=\"fr_FR\" \/>\n<meta property=\"og:type\" content=\"article\" \/>\n<meta property=\"og:title\" content=\"Politique d&#039;annulation, remboursement et \u00e9change - Thai-Inhaler.com\" \/>\n<meta property=\"og:description\" content=\"Annulation de commande Toutes les commandes peuvent \u00eatre annul\u00e9es si elles n&#8217;ont pas encore \u00e9t\u00e9 emball\u00e9es. Si votre commande a \u00e9t\u00e9 pay\u00e9e et que vous souhaitez la modifier ou l&#8217;annuler, vous disposez de 12 heures pour nous contacter. Une fois que le processus d&#8217;emballage a d\u00e9but\u00e9, elle ne pourra plus \u00eatre annul\u00e9e. Remboursements Votre satisfaction [&hellip;]\" \/>\n<meta property=\"og:url\" content=\"https:\/\/thai-inhaler.com\/fr\/politique-annulation-remboursement-echange\/\" \/>\n<meta property=\"og:site_name\" content=\"Thai-Inhaler.com\" \/>\n<meta property=\"article:modified_time\" content=\"2023-02-08T02:26:03+00:00\" \/>\n<meta name=\"twitter:card\" content=\"summary_large_image\" \/>\n<meta name=\"twitter:label1\" content=\"Dur\u00e9e de lecture estim\u00e9e\" \/>\n\t<meta name=\"twitter:data1\" content=\"2 minutes\" \/>\n<script type=\"application\/ld+json\" class=\"yoast-schema-graph\">{\"@context\":\"https:\/\/schema.org\",\"@graph\":[{\"@type\":\"WebPage\",\"@id\":\"https:\/\/thai-inhaler.com\/fr\/politique-annulation-remboursement-echange\/\",\"url\":\"https:\/\/thai-inhaler.com\/fr\/politique-annulation-remboursement-echange\/\",\"name\":\"Politique d'annulation, remboursement et \u00e9change - Thai-Inhaler.com\",\"isPartOf\":{\"@id\":\"https:\/\/thai-inhaler.com\/#website\"},\"datePublished\":\"2018-01-05T18:23:00+00:00\",\"dateModified\":\"2023-02-08T02:26:03+00:00\",\"breadcrumb\":{\"@id\":\"https:\/\/thai-inhaler.com\/fr\/politique-annulation-remboursement-echange\/#breadcrumb\"},\"inLanguage\":\"fr-FR\",\"potentialAction\":[{\"@type\":\"ReadAction\",\"target\":[\"https:\/\/thai-inhaler.com\/fr\/politique-annulation-remboursement-echange\/\"]}]},{\"@type\":\"BreadcrumbList\",\"@id\":\"https:\/\/thai-inhaler.com\/fr\/politique-annulation-remboursement-echange\/#breadcrumb\",\"itemListElement\":[{\"@type\":\"ListItem\",\"position\":1,\"name\":\"Home\",\"item\":\"https:\/\/thai-inhaler.com\/fr\/\"},{\"@type\":\"ListItem\",\"position\":2,\"name\":\"Politique d&#8217;annulation, remboursement et \u00e9change\"}]},{\"@type\":\"WebSite\",\"@id\":\"https:\/\/thai-inhaler.com\/#website\",\"url\":\"https:\/\/thai-inhaler.com\/\",\"name\":\"Thai-Inhaler.com\",\"description\":\"Thai Herbal Products, Inhalers, Balms, Plasters On Sale\",\"publisher\":{\"@id\":\"https:\/\/thai-inhaler.com\/#organization\"},\"potentialAction\":[{\"@type\":\"SearchAction\",\"target\":{\"@type\":\"EntryPoint\",\"urlTemplate\":\"https:\/\/thai-inhaler.com\/?s={search_term_string}\"},\"query-input\":\"required name=search_term_string\"}],\"inLanguage\":\"fr-FR\"},{\"@type\":\"Organization\",\"@id\":\"https:\/\/thai-inhaler.com\/#organization\",\"name\":\"Thai-Inhaler.com\",\"url\":\"https:\/\/thai-inhaler.com\/\",\"logo\":{\"@type\":\"ImageObject\",\"inLanguage\":\"fr-FR\",\"@id\":\"https:\/\/thai-inhaler.com\/#\/schema\/logo\/image\/\",\"url\":\"https:\/\/i0.wp.com\/thai-inhaler.com\/wp-content\/uploads\/2017\/08\/cropped-logoThaiinhaler-01.png?fit=460%2C160&ssl=1\",\"contentUrl\":\"https:\/\/i0.wp.com\/thai-inhaler.com\/wp-content\/uploads\/2017\/08\/cropped-logoThaiinhaler-01.png?fit=460%2C160&ssl=1\",\"width\":460,\"height\":160,\"caption\":\"Thai-Inhaler.com\"},\"image\":{\"@id\":\"https:\/\/thai-inhaler.com\/#\/schema\/logo\/image\/\"}}]}<\/script>\n<!-- \/ Yoast SEO plugin. -->","yoast_head_json":{"title":"Politique d'annulation, remboursement et \u00e9change - Thai-Inhaler.com","robots":{"index":"index","follow":"follow","max-snippet":"max-snippet:-1","max-image-preview":"max-image-preview:large","max-video-preview":"max-video-preview:-1"},"canonical":"https:\/\/thai-inhaler.com\/fr\/politique-annulation-remboursement-echange\/","og_locale":"fr_FR","og_type":"article","og_title":"Politique d'annulation, remboursement et \u00e9change - Thai-Inhaler.com","og_description":"Annulation de commande Toutes les commandes peuvent \u00eatre annul\u00e9es si elles n&#8217;ont pas encore \u00e9t\u00e9 emball\u00e9es. Si votre commande a \u00e9t\u00e9 pay\u00e9e et que vous souhaitez la modifier ou l&#8217;annuler, vous disposez de 12 heures pour nous contacter. Une fois que le processus d&#8217;emballage a d\u00e9but\u00e9, elle ne pourra plus \u00eatre annul\u00e9e. Remboursements Votre satisfaction [&hellip;]","og_url":"https:\/\/thai-inhaler.com\/fr\/politique-annulation-remboursement-echange\/","og_site_name":"Thai-Inhaler.com","article_modified_time":"2023-02-08T02:26:03+00:00","twitter_card":"summary_large_image","twitter_misc":{"Dur\u00e9e de lecture estim\u00e9e":"2 minutes"},"schema":{"@context":"https:\/\/schema.org","@graph":[{"@type":"WebPage","@id":"https:\/\/thai-inhaler.com\/fr\/politique-annulation-remboursement-echange\/","url":"https:\/\/thai-inhaler.com\/fr\/politique-annulation-remboursement-echange\/","name":"Politique d'annulation, remboursement et \u00e9change - Thai-Inhaler.com","isPartOf":{"@id":"https:\/\/thai-inhaler.com\/#website"},"datePublished":"2018-01-05T18:23:00+00:00","dateModified":"2023-02-08T02:26:03+00:00","breadcrumb":{"@id":"https:\/\/thai-inhaler.com\/fr\/politique-annulation-remboursement-echange\/#breadcrumb"},"inLanguage":"fr-FR","potentialAction":[{"@type":"ReadAction","target":["https:\/\/thai-inhaler.com\/fr\/politique-annulation-remboursement-echange\/"]}]},{"@type":"BreadcrumbList","@id":"https:\/\/thai-inhaler.com\/fr\/politique-annulation-remboursement-echange\/#breadcrumb","itemListElement":[{"@type":"ListItem","position":1,"name":"Home","item":"https:\/\/thai-inhaler.com\/fr\/"},{"@type":"ListItem","position":2,"name":"Politique d&#8217;annulation, remboursement et \u00e9change"}]},{"@type":"WebSite","@id":"https:\/\/thai-inhaler.com\/#website","url":"https:\/\/thai-inhaler.com\/","name":"Thai-Inhaler.com","description":"Thai Herbal Products, Inhalers, Balms, Plasters On Sale","publisher":{"@id":"https:\/\/thai-inhaler.com\/#organization"},"potentialAction":[{"@type":"SearchAction","target":{"@type":"EntryPoint","urlTemplate":"https:\/\/thai-inhaler.com\/?s={search_term_string}"},"query-input":"required name=search_term_string"}],"inLanguage":"fr-FR"},{"@type":"Organization","@id":"https:\/\/thai-inhaler.com\/#organization","name":"Thai-Inhaler.com","url":"https:\/\/thai-inhaler.com\/","logo":{"@type":"ImageObject","inLanguage":"fr-FR","@id":"https:\/\/thai-inhaler.com\/#\/schema\/logo\/image\/","url":"https:\/\/i0.wp.com\/thai-inhaler.com\/wp-content\/uploads\/2017\/08\/cropped-logoThaiinhaler-01.png?fit=460%2C160&ssl=1","contentUrl":"https:\/\/i0.wp.com\/thai-inhaler.com\/wp-content\/uploads\/2017\/08\/cropped-logoThaiinhaler-01.png?fit=460%2C160&ssl=1","width":460,"height":160,"caption":"Thai-Inhaler.com"},"image":{"@id":"https:\/\/thai-inhaler.com\/#\/schema\/logo\/image\/"}}]}},"jetpack_sharing_enabled":true,"jetpack_shortlink":"https:\/\/wp.me\/P92E6s-6h","_links":{"self":[{"href":"https:\/\/thai-inhaler.com\/fr\/wp-json\/wp\/v2\/pages\/389"}],"collection":[{"href":"https:\/\/thai-inhaler.com\/fr\/wp-json\/wp\/v2\/pages"}],"about":[{"href":"https:\/\/thai-inhaler.com\/fr\/wp-json\/wp\/v2\/types\/page"}],"author":[{"embeddable":true,"href":"https:\/\/thai-inhaler.com\/fr\/wp-json\/wp\/v2\/users\/1"}],"replies":[{"embeddable":true,"href":"https:\/\/thai-inhaler.com\/fr\/wp-json\/wp\/v2\/comments?post=389"}],"version-history":[{"count":1,"href":"https:\/\/thai-inhaler.com\/fr\/wp-json\/wp\/v2\/pages\/389\/revisions"}],"predecessor-version":[{"id":2091,"href":"https:\/\/thai-inhaler.com\/fr\/wp-json\/wp\/v2\/pages\/389\/revisions\/2091"}],"wp:attachment":[{"href":"https:\/\/thai-inhaler.com\/fr\/wp-json\/wp\/v2\/media?parent=389"}],"curies":[{"name":"wp","href":"https:\/\/api.w.org\/{rel}","templated":true}]}}