{"id":386,"date":"2018-01-05T18:46:20","date_gmt":"2018-01-05T17:46:20","guid":{"rendered":"https:\/\/thai-inhaler.com\/?page_id=386"},"modified":"2018-01-05T18:46:20","modified_gmt":"2018-01-05T17:46:20","slug":"expedition-et-livraison","status":"publish","type":"page","link":"https:\/\/thai-inhaler.com\/fr\/expedition-et-livraison\/","title":{"rendered":"Exp\u00e9dition et livraison"},"content":{"rendered":"<div class=\"content-page\">\n<p>Nous sommes heureux d&#8217;offrir des services d&#8217;exp\u00e9dition actuellement disponibles dans plus de 200 pays et \u00eeles \u00e0 travers le monde. Rien n&#8217;a plus de valeur pour nous que d&#8217;offrir \u00e0 nos clients le meilleur service, ainsi que le meilleur rapport qualit\u00e9-prix. Nous continuons \u00e0 d\u00e9velopper nos services afin de satisfaire les besoins de l&#8217;ensemble de nos clients, en offrant la livraison partout dans le monde.<\/p>\n<h3>Comment sont exp\u00e9di\u00e9s les colis ?<\/h3>\n<p>Nous tentons toujours de trouver la meilleure fa\u00e7on d&#8217;exp\u00e9dier votre commande. Les colis sont exp\u00e9di\u00e9s depuis l&#8217;Asie ou l&#8217;Europe \u00e0 travers les services postaux traditionnels, ePacket, EMS, DHL, Fedex ou autres, selon le poids et la taille du produit.<\/p>\n<h3>Proposez-vous une livraison dans le monde entier ?<\/h3>\n<p>Oui. Nous livrons dans plus de 200 pays \u00e0 travers le monde. N\u00e9anmoins, il se peut que certains endroits ne soient pas accessibles. Si vous \u00e9tiez situ\u00e9 dans l&#8217;un de ces pays, nous vous contacterons aussi vite que possible.<\/p>\n<h3>Comment suivre ma commande en ligne ?<\/h3>\n<p>Certaines commandes peuvent \u00eatre \u00e9ligibles au suivi en ligne. Si c&#8217;est votre cas, nous vous en informerons une fois votre commande trait\u00e9e et exp\u00e9di\u00e9e.<br \/>\nPour suivre votre commande, veuillez cliquer sur &#8220;<strong>MON COMPTE<\/strong>&#8221; &gt;&gt; &#8220;<strong>COMMANDES<\/strong>&#8221; &gt;&gt; &#8220;<strong>#xxx<\/strong>&#8221; &gt;&gt; bouton &#8220;<strong>TRACK<\/strong>&#8221; (Veuillez noter qu&#8217;il peut se passer un certain temps avant que le statut de votre suivi soit \u00e0 jour).<\/p>\n<h3>Combien co\u00fbtent les frais de port ?<\/h3>\n<p>Nous offrons une exp\u00e9dition gratuite partout dans le monde et pour toutes les commandes.<\/p>\n<h3>\u00c0 propos des douanes ?<\/h3>\n<p>Nous ne sommes pas responsables des taxes douani\u00e8res une fois que vos articles ont \u00e9t\u00e9 exp\u00e9di\u00e9s. En achetant nos produits, vous consentez \u00e0 ce qu&#8217;un ou plusieurs colis vous soient envoy\u00e9s et puissent \u00eatre soumis \u00e0 des droits de douane en arrivant dans votre pays.<\/p>\n<h3>Combien de temps prend la livraison ?<\/h3>\n<p>L&#8217;ensemble des commandes sont trait\u00e9es sous 72 heures ouvr\u00e9es. Les livraisons prennent g\u00e9n\u00e9ralement entre 7 et 21 jours ouvr\u00e9s, et dans certains cas plus rares 30 jours ouvr\u00e9s ou plus.<\/p>\n<p>&nbsp;<\/p>\n<p>Pour des raisons logistiques, des articles faisant partie d&#8217;une seule et unique commande peuvent parfois \u00eatre envoy\u00e9s dans des colis s\u00e9par\u00e9s.<\/p>\n<p>Pour toute autre question, n&#8217;h\u00e9sitez pas \u00e0 <a href=\"https:\/\/thai-inhaler.com\/fr\/nous-contacter\/\" target=\"_blank\" rel=\"noopener\">nous contacter<\/a> et nous ferons toujours notre maximum pour vous aider.<\/p>\n<\/div>\n","protected":false},"excerpt":{"rendered":"<p>Nous sommes heureux d&#8217;offrir des services d&#8217;exp\u00e9dition actuellement disponibles dans plus de 200 pays et \u00eeles \u00e0 travers le monde. Rien n&#8217;a plus de valeur pour nous que d&#8217;offrir \u00e0 nos clients le meilleur service, ainsi que le meilleur rapport qualit\u00e9-prix. Nous continuons \u00e0 d\u00e9velopper nos services afin de satisfaire les besoins de l&#8217;ensemble de [&hellip;]<\/p>\n","protected":false},"author":1,"featured_media":0,"parent":0,"menu_order":0,"comment_status":"closed","ping_status":"closed","template":"","meta":{"_exactmetrics_skip_tracking":false,"_exactmetrics_sitenote_active":false,"_exactmetrics_sitenote_note":"","_exactmetrics_sitenote_category":0,"jetpack_post_was_ever_published":false,"footnotes":""},"yoast_head":"<!-- This site is optimized with the Yoast SEO plugin v22.3 - https:\/\/yoast.com\/wordpress\/plugins\/seo\/ -->\n<title>Exp\u00e9dition et livraison - Thai-Inhaler.com<\/title>\n<meta name=\"robots\" content=\"index, follow, max-snippet:-1, max-image-preview:large, max-video-preview:-1\" \/>\n<link rel=\"canonical\" href=\"https:\/\/thai-inhaler.com\/fr\/expedition-et-livraison\/\" \/>\n<meta property=\"og:locale\" content=\"fr_FR\" \/>\n<meta property=\"og:type\" content=\"article\" \/>\n<meta property=\"og:title\" content=\"Exp\u00e9dition et livraison - Thai-Inhaler.com\" \/>\n<meta property=\"og:description\" content=\"Nous sommes heureux d&#8217;offrir des services d&#8217;exp\u00e9dition actuellement disponibles dans plus de 200 pays et \u00eeles \u00e0 travers le monde. Rien n&#8217;a plus de valeur pour nous que d&#8217;offrir \u00e0 nos clients le meilleur service, ainsi que le meilleur rapport qualit\u00e9-prix. Nous continuons \u00e0 d\u00e9velopper nos services afin de satisfaire les besoins de l&#8217;ensemble de [&hellip;]\" \/>\n<meta property=\"og:url\" content=\"https:\/\/thai-inhaler.com\/fr\/expedition-et-livraison\/\" \/>\n<meta property=\"og:site_name\" content=\"Thai-Inhaler.com\" \/>\n<meta name=\"twitter:card\" content=\"summary_large_image\" \/>\n<meta name=\"twitter:label1\" content=\"Dur\u00e9e de lecture estim\u00e9e\" \/>\n\t<meta name=\"twitter:data1\" content=\"2 minutes\" \/>\n<script type=\"application\/ld+json\" class=\"yoast-schema-graph\">{\"@context\":\"https:\/\/schema.org\",\"@graph\":[{\"@type\":\"WebPage\",\"@id\":\"https:\/\/thai-inhaler.com\/fr\/expedition-et-livraison\/\",\"url\":\"https:\/\/thai-inhaler.com\/fr\/expedition-et-livraison\/\",\"name\":\"Exp\u00e9dition et livraison - Thai-Inhaler.com\",\"isPartOf\":{\"@id\":\"https:\/\/thai-inhaler.com\/#website\"},\"datePublished\":\"2018-01-05T17:46:20+00:00\",\"dateModified\":\"2018-01-05T17:46:20+00:00\",\"breadcrumb\":{\"@id\":\"https:\/\/thai-inhaler.com\/fr\/expedition-et-livraison\/#breadcrumb\"},\"inLanguage\":\"fr-FR\",\"potentialAction\":[{\"@type\":\"ReadAction\",\"target\":[\"https:\/\/thai-inhaler.com\/fr\/expedition-et-livraison\/\"]}]},{\"@type\":\"BreadcrumbList\",\"@id\":\"https:\/\/thai-inhaler.com\/fr\/expedition-et-livraison\/#breadcrumb\",\"itemListElement\":[{\"@type\":\"ListItem\",\"position\":1,\"name\":\"Home\",\"item\":\"https:\/\/thai-inhaler.com\/fr\/\"},{\"@type\":\"ListItem\",\"position\":2,\"name\":\"Exp\u00e9dition et livraison\"}]},{\"@type\":\"WebSite\",\"@id\":\"https:\/\/thai-inhaler.com\/#website\",\"url\":\"https:\/\/thai-inhaler.com\/\",\"name\":\"Thai-Inhaler.com\",\"description\":\"Thai Herbal Products, Inhalers, Balms, Plasters On Sale\",\"publisher\":{\"@id\":\"https:\/\/thai-inhaler.com\/#organization\"},\"potentialAction\":[{\"@type\":\"SearchAction\",\"target\":{\"@type\":\"EntryPoint\",\"urlTemplate\":\"https:\/\/thai-inhaler.com\/?s={search_term_string}\"},\"query-input\":\"required name=search_term_string\"}],\"inLanguage\":\"fr-FR\"},{\"@type\":\"Organization\",\"@id\":\"https:\/\/thai-inhaler.com\/#organization\",\"name\":\"Thai-Inhaler.com\",\"url\":\"https:\/\/thai-inhaler.com\/\",\"logo\":{\"@type\":\"ImageObject\",\"inLanguage\":\"fr-FR\",\"@id\":\"https:\/\/thai-inhaler.com\/#\/schema\/logo\/image\/\",\"url\":\"https:\/\/i0.wp.com\/thai-inhaler.com\/wp-content\/uploads\/2017\/08\/cropped-logoThaiinhaler-01.png?fit=460%2C160&ssl=1\",\"contentUrl\":\"https:\/\/i0.wp.com\/thai-inhaler.com\/wp-content\/uploads\/2017\/08\/cropped-logoThaiinhaler-01.png?fit=460%2C160&ssl=1\",\"width\":460,\"height\":160,\"caption\":\"Thai-Inhaler.com\"},\"image\":{\"@id\":\"https:\/\/thai-inhaler.com\/#\/schema\/logo\/image\/\"}}]}<\/script>\n<!-- \/ Yoast SEO plugin. -->","yoast_head_json":{"title":"Exp\u00e9dition et livraison - Thai-Inhaler.com","robots":{"index":"index","follow":"follow","max-snippet":"max-snippet:-1","max-image-preview":"max-image-preview:large","max-video-preview":"max-video-preview:-1"},"canonical":"https:\/\/thai-inhaler.com\/fr\/expedition-et-livraison\/","og_locale":"fr_FR","og_type":"article","og_title":"Exp\u00e9dition et livraison - Thai-Inhaler.com","og_description":"Nous sommes heureux d&#8217;offrir des services d&#8217;exp\u00e9dition actuellement disponibles dans plus de 200 pays et \u00eeles \u00e0 travers le monde. Rien n&#8217;a plus de valeur pour nous que d&#8217;offrir \u00e0 nos clients le meilleur service, ainsi que le meilleur rapport qualit\u00e9-prix. Nous continuons \u00e0 d\u00e9velopper nos services afin de satisfaire les besoins de l&#8217;ensemble de [&hellip;]","og_url":"https:\/\/thai-inhaler.com\/fr\/expedition-et-livraison\/","og_site_name":"Thai-Inhaler.com","twitter_card":"summary_large_image","twitter_misc":{"Dur\u00e9e de lecture estim\u00e9e":"2 minutes"},"schema":{"@context":"https:\/\/schema.org","@graph":[{"@type":"WebPage","@id":"https:\/\/thai-inhaler.com\/fr\/expedition-et-livraison\/","url":"https:\/\/thai-inhaler.com\/fr\/expedition-et-livraison\/","name":"Exp\u00e9dition et livraison - Thai-Inhaler.com","isPartOf":{"@id":"https:\/\/thai-inhaler.com\/#website"},"datePublished":"2018-01-05T17:46:20+00:00","dateModified":"2018-01-05T17:46:20+00:00","breadcrumb":{"@id":"https:\/\/thai-inhaler.com\/fr\/expedition-et-livraison\/#breadcrumb"},"inLanguage":"fr-FR","potentialAction":[{"@type":"ReadAction","target":["https:\/\/thai-inhaler.com\/fr\/expedition-et-livraison\/"]}]},{"@type":"BreadcrumbList","@id":"https:\/\/thai-inhaler.com\/fr\/expedition-et-livraison\/#breadcrumb","itemListElement":[{"@type":"ListItem","position":1,"name":"Home","item":"https:\/\/thai-inhaler.com\/fr\/"},{"@type":"ListItem","position":2,"name":"Exp\u00e9dition et livraison"}]},{"@type":"WebSite","@id":"https:\/\/thai-inhaler.com\/#website","url":"https:\/\/thai-inhaler.com\/","name":"Thai-Inhaler.com","description":"Thai Herbal Products, Inhalers, Balms, Plasters On Sale","publisher":{"@id":"https:\/\/thai-inhaler.com\/#organization"},"potentialAction":[{"@type":"SearchAction","target":{"@type":"EntryPoint","urlTemplate":"https:\/\/thai-inhaler.com\/?s={search_term_string}"},"query-input":"required name=search_term_string"}],"inLanguage":"fr-FR"},{"@type":"Organization","@id":"https:\/\/thai-inhaler.com\/#organization","name":"Thai-Inhaler.com","url":"https:\/\/thai-inhaler.com\/","logo":{"@type":"ImageObject","inLanguage":"fr-FR","@id":"https:\/\/thai-inhaler.com\/#\/schema\/logo\/image\/","url":"https:\/\/i0.wp.com\/thai-inhaler.com\/wp-content\/uploads\/2017\/08\/cropped-logoThaiinhaler-01.png?fit=460%2C160&ssl=1","contentUrl":"https:\/\/i0.wp.com\/thai-inhaler.com\/wp-content\/uploads\/2017\/08\/cropped-logoThaiinhaler-01.png?fit=460%2C160&ssl=1","width":460,"height":160,"caption":"Thai-Inhaler.com"},"image":{"@id":"https:\/\/thai-inhaler.com\/#\/schema\/logo\/image\/"}}]}},"jetpack_sharing_enabled":true,"jetpack_shortlink":"https:\/\/wp.me\/P92E6s-6e","_links":{"self":[{"href":"https:\/\/thai-inhaler.com\/fr\/wp-json\/wp\/v2\/pages\/386"}],"collection":[{"href":"https:\/\/thai-inhaler.com\/fr\/wp-json\/wp\/v2\/pages"}],"about":[{"href":"https:\/\/thai-inhaler.com\/fr\/wp-json\/wp\/v2\/types\/page"}],"author":[{"embeddable":true,"href":"https:\/\/thai-inhaler.com\/fr\/wp-json\/wp\/v2\/users\/1"}],"replies":[{"embeddable":true,"href":"https:\/\/thai-inhaler.com\/fr\/wp-json\/wp\/v2\/comments?post=386"}],"version-history":[{"count":0,"href":"https:\/\/thai-inhaler.com\/fr\/wp-json\/wp\/v2\/pages\/386\/revisions"}],"wp:attachment":[{"href":"https:\/\/thai-inhaler.com\/fr\/wp-json\/wp\/v2\/media?parent=386"}],"curies":[{"name":"wp","href":"https:\/\/api.w.org\/{rel}","templated":true}]}}