{"id":1216,"date":"2019-09-03T12:20:35","date_gmt":"2019-09-03T10:20:35","guid":{"rendered":"https:\/\/thai-inhaler.com\/?post_type=product&#038;p=1216"},"modified":"2023-09-24T16:15:40","modified_gmt":"2023-09-24T14:15:40","slug":"poy-sian-mark-ii-inhalador-nasal-y-aceite-de-tailandia-1-pieza","status":"publish","type":"product","link":"https:\/\/thai-inhaler.com\/es\/shop\/inhaladores\/poy-sian-mark-ii-inhalador-nasal-y-aceite-de-tailandia-1-pieza\/","title":{"rendered":"Poy-Sian Mark II &#8211; Inhalador nasal y aceite de Tailandia &#8211; 1 pieza"},"content":{"rendered":"<h2>Poy-Sian Mark II &#8211; Inhalador nasal y aceite de Tailandia &#8211; 1 pieza<\/h2>\n<p>El inhalador nasal Poy-Sian Mark II de Tailandia es una mezcla de aceites esenciales, hierbas y sales que se puede utilizar como una soluci\u00f3n simple para ayudar a aliviar la congesti\u00f3n nasal, refrescar el cuerpo y la mente y tambi\u00e9n para deshacerse de los mareos y los desmayos. Los inhaladores son muy populares en Tailandia y todo el mundo tiene al menos uno. Esto se debe a su conveniencia y r\u00e1pida acci\u00f3n de refrescar el cuerpo, la mente y curar una amplia variedad de s\u00edntomas.<\/p>\n<h3>Ingredientes:<\/h3>\n<p>El Poy Sian Mark II es una mezcla de sales y aceites esenciales como el aceite de clavo de olor y el aceite de menta. Los ingredientes principales incluyen:<\/p>\n<ul>\n<li>Aceite de eucalipto \u2013 8.5%<\/li>\n<li>Mentol \u2013 42%<\/li>\n<li>Alcanfor \u2013 16.4%<\/li>\n<li>Borneol \u2013 6.1%<\/li>\n<\/ul>\n<p>El aceite de eucalipto ayuda a disolver los aceites duros como el s\u00e9samo y los aceites minerales. Tambi\u00e9n ayuda a disolver los extractos llamados escamas de algunas hierbas como la menta y el mentol.<\/p>\n<h3>Eficacia del producto:<\/h3>\n<p>Las sales de alcanfor y de borneol est\u00e1n constitu\u00eddas por tres compuestos principales que incluyen aceites esenciales que, al ser inhalados, provocan una sensaci\u00f3n de fr\u00edo y frescor en la cavidad nasal. Esto ayuda a despejar la garganta y los senos paranasales y a mantenerlo sinti\u00e9ndose fresco y alerta. Tambi\u00e9n ayuda a reducir s\u00edntomas como mareos o desmayos.<\/p>\n<h3>C\u00f3mo utilizar:<\/h3>\n<p>Recuerde usar el inhalador correctamente poni\u00e9ndolo cerca de su nariz y respirando profundamente. No deje que el tubo toque directamente su nariz. Esto es para evitar cualquier posibilidad de irritaci\u00f3n de la piel alrededor de la delicada regi\u00f3n de la nariz. Adem\u00e1s, evite tocar las sales en el tubo para evitar cualquier infecci\u00f3n.<\/p>\n<p>La otra manera de aplicar el Poy-Sian Mark II es usando una bola de algod\u00f3n h\u00fameda o un pa\u00f1uelo y luego sujet\u00e1ndolo cerca de la nariz para inhalar los vapores. Recuerde usar en cantidades muy peque\u00f1as para evitar la irritaci\u00f3n.<\/p>\n<p>Para un mayor alivio y vigilancia, frote este elixir ligeramente en la sien.<\/p>\n<p>En caso de que tenga alguna enfermedad de la cavidad nasal, sea al\u00e9rgico o le cause inflamaci\u00f3n, mant\u00e9ngase alejado del producto. Las personas con una infecci\u00f3n sinusal o sinusitis tambi\u00e9n deben evitar el uso de este producto.<\/p>\n<p>Las sales est\u00e1n destinadas a reducir los s\u00edntomas temporalmente. Si los s\u00edntomas persisten, vaya a ver a un m\u00e9dico. Mantenga este medicamento fuera del alcance de los ni\u00f1os.<\/p>\n","protected":false},"excerpt":{"rendered":"<p><strong>Nombre del producto:<\/strong> Poy-Sian Mark II &#8211; Inhalador nasal y aceite de Tailandia<br \/>\n<strong>Estado del embalaje:<\/strong> Totalmente nuevo, sellado, nunca abierto.<br \/>\n<strong>Tama\u00f1o:<\/strong> 2 ml cada uno X 1 tubo<br \/>\n<strong>Cantidad:<\/strong> 1 tubo<br \/>\n<strong>Lugar de origen:<\/strong> Tailandia<br \/>\n<strong>Vida \u00fatil:<\/strong> Tres a\u00f1os<\/p>\n","protected":false},"featured_media":1220,"comment_status":"open","ping_status":"closed","template":"","meta":{"_exactmetrics_skip_tracking":false,"_exactmetrics_sitenote_active":false,"_exactmetrics_sitenote_note":"","_exactmetrics_sitenote_category":0,"jetpack_post_was_ever_published":false},"product_cat":[120],"product_tag":[],"yoast_head":"<!-- This site is optimized with the Yoast SEO plugin v22.3 - https:\/\/yoast.com\/wordpress\/plugins\/seo\/ -->\n<title>Poy-Sian Mark II - Inhalador nasal y aceite de Tailandia - 1 pieza - Thai-Inhaler.com<\/title>\n<meta name=\"robots\" content=\"index, follow, max-snippet:-1, max-image-preview:large, max-video-preview:-1\" \/>\n<link rel=\"canonical\" href=\"https:\/\/thai-inhaler.com\/shop\/inhalers\/poy-sian-mark-ii-thailand-nasal-inhaler-and-oil-1-piece\/\" \/>\n<meta property=\"og:locale\" content=\"es_ES\" \/>\n<meta property=\"og:type\" content=\"article\" \/>\n<meta property=\"og:title\" content=\"Poy-Sian Mark II - Inhalador nasal y aceite de Tailandia - 1 pieza - Thai-Inhaler.com\" \/>\n<meta property=\"og:description\" content=\"Nombre del producto: Poy-Sian Mark II - Inhalador nasal y aceite de Tailandia Estado del embalaje: Totalmente nuevo, sellado, nunca abierto. Tama\u00f1o: 2 ml cada uno X 1 tubo Cantidad: 1 tubo Lugar de origen: Tailandia Vida \u00fatil: Tres a\u00f1os\" \/>\n<meta property=\"og:url\" content=\"https:\/\/thai-inhaler.com\/shop\/inhalers\/poy-sian-mark-ii-thailand-nasal-inhaler-and-oil-1-piece\/\" \/>\n<meta property=\"og:site_name\" content=\"Thai-Inhaler.com\" \/>\n<meta property=\"article:modified_time\" content=\"2023-09-24T14:15:40+00:00\" \/>\n<meta property=\"og:image\" content=\"https:\/\/thai-inhaler.com\/wp-content\/uploads\/2017\/08\/IMG_2930.jpg\" \/>\n\t<meta property=\"og:image:width\" content=\"800\" \/>\n\t<meta property=\"og:image:height\" content=\"800\" \/>\n\t<meta property=\"og:image:type\" content=\"image\/jpeg\" \/>\n<meta name=\"twitter:card\" content=\"summary_large_image\" \/>\n<meta name=\"twitter:label1\" content=\"Tiempo de lectura\" \/>\n\t<meta name=\"twitter:data1\" content=\"2 minutos\" \/>\n<script type=\"application\/ld+json\" class=\"yoast-schema-graph\">{\"@context\":\"https:\/\/schema.org\",\"@graph\":[{\"@type\":\"WebPage\",\"@id\":\"https:\/\/thai-inhaler.com\/shop\/inhalers\/poy-sian-mark-ii-thailand-nasal-inhaler-and-oil-1-piece\/\",\"url\":\"https:\/\/thai-inhaler.com\/shop\/inhalers\/poy-sian-mark-ii-thailand-nasal-inhaler-and-oil-1-piece\/\",\"name\":\"Poy-Sian Mark II - Inhalador nasal y aceite de Tailandia - 1 pieza - Thai-Inhaler.com\",\"isPartOf\":{\"@id\":\"https:\/\/thai-inhaler.com\/#website\"},\"primaryImageOfPage\":{\"@id\":\"https:\/\/thai-inhaler.com\/shop\/inhalers\/poy-sian-mark-ii-thailand-nasal-inhaler-and-oil-1-piece\/#primaryimage\"},\"image\":{\"@id\":\"https:\/\/thai-inhaler.com\/shop\/inhalers\/poy-sian-mark-ii-thailand-nasal-inhaler-and-oil-1-piece\/#primaryimage\"},\"thumbnailUrl\":\"https:\/\/i0.wp.com\/thai-inhaler.com\/wp-content\/uploads\/2017\/08\/IMG_2930.jpg?fit=800%2C800&ssl=1\",\"datePublished\":\"2019-09-03T10:20:35+00:00\",\"dateModified\":\"2023-09-24T14:15:40+00:00\",\"breadcrumb\":{\"@id\":\"https:\/\/thai-inhaler.com\/shop\/inhalers\/poy-sian-mark-ii-thailand-nasal-inhaler-and-oil-1-piece\/#breadcrumb\"},\"inLanguage\":\"es\",\"potentialAction\":[{\"@type\":\"ReadAction\",\"target\":[\"https:\/\/thai-inhaler.com\/shop\/inhalers\/poy-sian-mark-ii-thailand-nasal-inhaler-and-oil-1-piece\/\"]}]},{\"@type\":\"ImageObject\",\"inLanguage\":\"es\",\"@id\":\"https:\/\/thai-inhaler.com\/shop\/inhalers\/poy-sian-mark-ii-thailand-nasal-inhaler-and-oil-1-piece\/#primaryimage\",\"url\":\"https:\/\/i0.wp.com\/thai-inhaler.com\/wp-content\/uploads\/2017\/08\/IMG_2930.jpg?fit=800%2C800&ssl=1\",\"contentUrl\":\"https:\/\/i0.wp.com\/thai-inhaler.com\/wp-content\/uploads\/2017\/08\/IMG_2930.jpg?fit=800%2C800&ssl=1\",\"width\":800,\"height\":800,\"caption\":\"Poy-Sian Mark II - Thailand Nasal Inhaler and Oil - 1 Piece\"},{\"@type\":\"BreadcrumbList\",\"@id\":\"https:\/\/thai-inhaler.com\/shop\/inhalers\/poy-sian-mark-ii-thailand-nasal-inhaler-and-oil-1-piece\/#breadcrumb\",\"itemListElement\":[{\"@type\":\"ListItem\",\"position\":1,\"name\":\"Home\",\"item\":\"https:\/\/thai-inhaler.com\/es\/\"},{\"@type\":\"ListItem\",\"position\":2,\"name\":\"Shop\",\"item\":\"https:\/\/thai-inhaler.com\/shop\/\"},{\"@type\":\"ListItem\",\"position\":3,\"name\":\"Poy-Sian Mark II &#8211; Inhalador nasal y aceite de Tailandia &#8211; 1 pieza\"}]},{\"@type\":\"WebSite\",\"@id\":\"https:\/\/thai-inhaler.com\/#website\",\"url\":\"https:\/\/thai-inhaler.com\/\",\"name\":\"Thai-Inhaler.com\",\"description\":\"Thai Herbal Products, Inhalers, Balms, Plasters On Sale\",\"publisher\":{\"@id\":\"https:\/\/thai-inhaler.com\/#organization\"},\"potentialAction\":[{\"@type\":\"SearchAction\",\"target\":{\"@type\":\"EntryPoint\",\"urlTemplate\":\"https:\/\/thai-inhaler.com\/?s={search_term_string}\"},\"query-input\":\"required name=search_term_string\"}],\"inLanguage\":\"es\"},{\"@type\":\"Organization\",\"@id\":\"https:\/\/thai-inhaler.com\/#organization\",\"name\":\"Thai-Inhaler.com\",\"url\":\"https:\/\/thai-inhaler.com\/\",\"logo\":{\"@type\":\"ImageObject\",\"inLanguage\":\"es\",\"@id\":\"https:\/\/thai-inhaler.com\/#\/schema\/logo\/image\/\",\"url\":\"https:\/\/i0.wp.com\/thai-inhaler.com\/wp-content\/uploads\/2017\/08\/cropped-logoThaiinhaler-01.png?fit=460%2C160&ssl=1\",\"contentUrl\":\"https:\/\/i0.wp.com\/thai-inhaler.com\/wp-content\/uploads\/2017\/08\/cropped-logoThaiinhaler-01.png?fit=460%2C160&ssl=1\",\"width\":460,\"height\":160,\"caption\":\"Thai-Inhaler.com\"},\"image\":{\"@id\":\"https:\/\/thai-inhaler.com\/#\/schema\/logo\/image\/\"}}]}<\/script>\n<!-- \/ Yoast SEO plugin. -->","yoast_head_json":{"title":"Poy-Sian Mark II - Inhalador nasal y aceite de Tailandia - 1 pieza - Thai-Inhaler.com","robots":{"index":"index","follow":"follow","max-snippet":"max-snippet:-1","max-image-preview":"max-image-preview:large","max-video-preview":"max-video-preview:-1"},"canonical":"https:\/\/thai-inhaler.com\/shop\/inhalers\/poy-sian-mark-ii-thailand-nasal-inhaler-and-oil-1-piece\/","og_locale":"es_ES","og_type":"article","og_title":"Poy-Sian Mark II - Inhalador nasal y aceite de Tailandia - 1 pieza - Thai-Inhaler.com","og_description":"Nombre del producto: Poy-Sian Mark II - Inhalador nasal y aceite de Tailandia Estado del embalaje: Totalmente nuevo, sellado, nunca abierto. Tama\u00f1o: 2 ml cada uno X 1 tubo Cantidad: 1 tubo Lugar de origen: Tailandia Vida \u00fatil: Tres a\u00f1os","og_url":"https:\/\/thai-inhaler.com\/shop\/inhalers\/poy-sian-mark-ii-thailand-nasal-inhaler-and-oil-1-piece\/","og_site_name":"Thai-Inhaler.com","article_modified_time":"2023-09-24T14:15:40+00:00","og_image":[{"width":800,"height":800,"url":"https:\/\/thai-inhaler.com\/wp-content\/uploads\/2017\/08\/IMG_2930.jpg","type":"image\/jpeg"}],"twitter_card":"summary_large_image","twitter_misc":{"Tiempo de lectura":"2 minutos"},"schema":{"@context":"https:\/\/schema.org","@graph":[{"@type":"WebPage","@id":"https:\/\/thai-inhaler.com\/shop\/inhalers\/poy-sian-mark-ii-thailand-nasal-inhaler-and-oil-1-piece\/","url":"https:\/\/thai-inhaler.com\/shop\/inhalers\/poy-sian-mark-ii-thailand-nasal-inhaler-and-oil-1-piece\/","name":"Poy-Sian Mark II - Inhalador nasal y aceite de Tailandia - 1 pieza - Thai-Inhaler.com","isPartOf":{"@id":"https:\/\/thai-inhaler.com\/#website"},"primaryImageOfPage":{"@id":"https:\/\/thai-inhaler.com\/shop\/inhalers\/poy-sian-mark-ii-thailand-nasal-inhaler-and-oil-1-piece\/#primaryimage"},"image":{"@id":"https:\/\/thai-inhaler.com\/shop\/inhalers\/poy-sian-mark-ii-thailand-nasal-inhaler-and-oil-1-piece\/#primaryimage"},"thumbnailUrl":"https:\/\/i0.wp.com\/thai-inhaler.com\/wp-content\/uploads\/2017\/08\/IMG_2930.jpg?fit=800%2C800&ssl=1","datePublished":"2019-09-03T10:20:35+00:00","dateModified":"2023-09-24T14:15:40+00:00","breadcrumb":{"@id":"https:\/\/thai-inhaler.com\/shop\/inhalers\/poy-sian-mark-ii-thailand-nasal-inhaler-and-oil-1-piece\/#breadcrumb"},"inLanguage":"es","potentialAction":[{"@type":"ReadAction","target":["https:\/\/thai-inhaler.com\/shop\/inhalers\/poy-sian-mark-ii-thailand-nasal-inhaler-and-oil-1-piece\/"]}]},{"@type":"ImageObject","inLanguage":"es","@id":"https:\/\/thai-inhaler.com\/shop\/inhalers\/poy-sian-mark-ii-thailand-nasal-inhaler-and-oil-1-piece\/#primaryimage","url":"https:\/\/i0.wp.com\/thai-inhaler.com\/wp-content\/uploads\/2017\/08\/IMG_2930.jpg?fit=800%2C800&ssl=1","contentUrl":"https:\/\/i0.wp.com\/thai-inhaler.com\/wp-content\/uploads\/2017\/08\/IMG_2930.jpg?fit=800%2C800&ssl=1","width":800,"height":800,"caption":"Poy-Sian Mark II - Thailand Nasal Inhaler and Oil - 1 Piece"},{"@type":"BreadcrumbList","@id":"https:\/\/thai-inhaler.com\/shop\/inhalers\/poy-sian-mark-ii-thailand-nasal-inhaler-and-oil-1-piece\/#breadcrumb","itemListElement":[{"@type":"ListItem","position":1,"name":"Home","item":"https:\/\/thai-inhaler.com\/es\/"},{"@type":"ListItem","position":2,"name":"Shop","item":"https:\/\/thai-inhaler.com\/shop\/"},{"@type":"ListItem","position":3,"name":"Poy-Sian Mark II &#8211; Inhalador nasal y aceite de Tailandia &#8211; 1 pieza"}]},{"@type":"WebSite","@id":"https:\/\/thai-inhaler.com\/#website","url":"https:\/\/thai-inhaler.com\/","name":"Thai-Inhaler.com","description":"Thai Herbal Products, Inhalers, Balms, Plasters On Sale","publisher":{"@id":"https:\/\/thai-inhaler.com\/#organization"},"potentialAction":[{"@type":"SearchAction","target":{"@type":"EntryPoint","urlTemplate":"https:\/\/thai-inhaler.com\/?s={search_term_string}"},"query-input":"required name=search_term_string"}],"inLanguage":"es"},{"@type":"Organization","@id":"https:\/\/thai-inhaler.com\/#organization","name":"Thai-Inhaler.com","url":"https:\/\/thai-inhaler.com\/","logo":{"@type":"ImageObject","inLanguage":"es","@id":"https:\/\/thai-inhaler.com\/#\/schema\/logo\/image\/","url":"https:\/\/i0.wp.com\/thai-inhaler.com\/wp-content\/uploads\/2017\/08\/cropped-logoThaiinhaler-01.png?fit=460%2C160&ssl=1","contentUrl":"https:\/\/i0.wp.com\/thai-inhaler.com\/wp-content\/uploads\/2017\/08\/cropped-logoThaiinhaler-01.png?fit=460%2C160&ssl=1","width":460,"height":160,"caption":"Thai-Inhaler.com"},"image":{"@id":"https:\/\/thai-inhaler.com\/#\/schema\/logo\/image\/"}}]}},"jetpack_sharing_enabled":true,"_links":{"self":[{"href":"https:\/\/thai-inhaler.com\/es\/wp-json\/wp\/v2\/product\/1216"}],"collection":[{"href":"https:\/\/thai-inhaler.com\/es\/wp-json\/wp\/v2\/product"}],"about":[{"href":"https:\/\/thai-inhaler.com\/es\/wp-json\/wp\/v2\/types\/product"}],"replies":[{"embeddable":true,"href":"https:\/\/thai-inhaler.com\/es\/wp-json\/wp\/v2\/comments?post=1216"}],"wp:featuredmedia":[{"embeddable":true,"href":"https:\/\/thai-inhaler.com\/es\/wp-json\/wp\/v2\/media\/1220"}],"wp:attachment":[{"href":"https:\/\/thai-inhaler.com\/es\/wp-json\/wp\/v2\/media?parent=1216"}],"wp:term":[{"taxonomy":"product_cat","embeddable":true,"href":"https:\/\/thai-inhaler.com\/es\/wp-json\/wp\/v2\/product_cat?post=1216"},{"taxonomy":"product_tag","embeddable":true,"href":"https:\/\/thai-inhaler.com\/es\/wp-json\/wp\/v2\/product_tag?post=1216"}],"curies":[{"name":"wp","href":"https:\/\/api.w.org\/{rel}","templated":true}]}}