{"id":1203,"date":"2017-11-24T15:56:04","date_gmt":"2017-11-24T14:56:04","guid":{"rendered":"https:\/\/thai-inhaler.com\/shop\/sincategorizar\/vapex-thailand-nasal-inhaler-and-oil-1-piece\/"},"modified":"2023-03-24T09:48:14","modified_gmt":"2023-03-24T08:48:14","slug":"vapex-inhalador-nasal-y-aceite-de-tailandia-1-pieza","status":"publish","type":"product","link":"https:\/\/thai-inhaler.com\/es\/shop\/inhaladores\/vapex-inhalador-nasal-y-aceite-de-tailandia-1-pieza\/","title":{"rendered":"Vapex &#8211; Inhalador nasal y aceite de Tailandia &#8211; 1 pieza"},"content":{"rendered":"<h2>Vapex &#8211; Inhalador nasal y aceite de Tailandia &#8211; 1 pieza<\/h2>\n<p>El inhalador y aceite nasal Vapex de Tailandia es un producto de primera calidad que se utiliza para aliviar la congesti\u00f3n nasal. Viene en un pr\u00e1ctico paquete f\u00e1cil de transportar. El paquete viene con una pr\u00e1ctica funci\u00f3n 2 en 1 en la que puede retirar el tanque de aceite de mentol\/eucalipto para aplicar el aceite en gotas en lugar de inhalarlo.<\/p>\n<h3>Eficacia del producto:<\/h3>\n<p>El inhalador y aceite nasal Vapex de Tailandia ayuda a aliviar la congesti\u00f3n nasal que puede ser el resultado de resfriados, gripe, sinusitis o fiebre del heno. Le permite respirar libremente al proporcionar un alivio r\u00e1pido y natural a los s\u00edntomas. Tambi\u00e9n se puede utilizar para aliviar otros s\u00edntomas del resfriado como el malestar y el dolor de garganta. Adem\u00e1s, tambi\u00e9n es eficaz cuando se trata de aliviar la inflamaci\u00f3n y las erupciones causadas por picaduras de insectos.<\/p>\n<h3>Ingredientes activos:<\/h3>\n<ul>\n<li>Mentol \u2013 15.25%<\/li>\n<li>Aceite de eucalipto \u2013 4.45%<\/li>\n<\/ul>\n<h3>C\u00f3mo utilizarlo:<\/h3>\n<p>A la primera se\u00f1al de resfr\u00edo, unte un poco de aceite de Vapex en su pa\u00f1uelo y respire profundamente. Haga esto tan regularmente como sea necesario a lo largo del d\u00eda, y no olvide cambiar su pa\u00f1uelo si es necesario. Para los ni\u00f1os, use una gota de Vapex unt\u00e1ndola en su almohada por la noche.<\/p>\n<p>Tambi\u00e9n puede usar Vapex inhalando los vapores en lugar de usar un pa\u00f1uelo. Para una m\u00e1xima eficacia, cierre una fosa nasal con el dedo e inhale profundamente con la otra, repita el proceso con la otra fosa nasal.<\/p>\n<h3>Nota:<\/h3>\n<p>Este inhalador s\u00f3lo debe ser usado por una persona. El uso de un solo inhalador por m\u00e1s de una persona puede causar o propagar infecciones.<\/p>\n<h3>Almacenamiento:<\/h3>\n<p>Almacenar en un lugar fresco y seco y lejos de la luz solar directa.<\/p>\n","protected":false},"excerpt":{"rendered":"<p><strong>Tipo de art\u00edculo:<\/strong> Inhalador<br \/>\n<strong>Cantidad:<\/strong> 2ml<br \/>\n<strong>Aplicaci\u00f3n:<\/strong> Cuerpo<br \/>\n<strong>Funci\u00f3n:<\/strong> Aliviar la congesti\u00f3n nasal<br \/>\n<strong>Condici\u00f3n:<\/strong> Totalmente nuevo y sellado en f\u00e1brica<br \/>\n<strong>Caducidad:<\/strong> 3 a\u00f1os<br \/>\n<strong>Origen:<\/strong> Tailandia<\/p>\n","protected":false},"featured_media":1205,"comment_status":"open","ping_status":"closed","template":"","meta":{"_exactmetrics_skip_tracking":false,"_exactmetrics_sitenote_active":false,"_exactmetrics_sitenote_note":"","_exactmetrics_sitenote_category":0,"jetpack_post_was_ever_published":false},"product_cat":[120],"product_tag":[],"yoast_head":"<!-- This site is optimized with the Yoast SEO plugin v22.3 - https:\/\/yoast.com\/wordpress\/plugins\/seo\/ -->\n<title>Vapex - Inhalador nasal y aceite de Tailandia - 1 pieza - Thai-Inhaler.com<\/title>\n<meta name=\"description\" content=\"El inhalador y aceite nasal Vapex de Tailandia es un producto 2 en 1 de primera calidad que se utiliza para aliviar la congesti\u00f3n nasal.\" \/>\n<meta name=\"robots\" content=\"index, follow, max-snippet:-1, max-image-preview:large, max-video-preview:-1\" \/>\n<link rel=\"canonical\" href=\"https:\/\/thai-inhaler.com\/es\/shop\/inhaladores\/vapex-inhalador-nasal-y-aceite-de-tailandia-1-pieza\/\" \/>\n<meta property=\"og:locale\" content=\"es_ES\" \/>\n<meta property=\"og:type\" content=\"article\" \/>\n<meta property=\"og:title\" content=\"Vapex - Inhalador nasal y aceite de Tailandia - 1 pieza - Thai-Inhaler.com\" \/>\n<meta property=\"og:description\" content=\"El inhalador y aceite nasal Vapex de Tailandia es un producto 2 en 1 de primera calidad que se utiliza para aliviar la congesti\u00f3n nasal.\" \/>\n<meta property=\"og:url\" content=\"https:\/\/thai-inhaler.com\/es\/shop\/inhaladores\/vapex-inhalador-nasal-y-aceite-de-tailandia-1-pieza\/\" \/>\n<meta property=\"og:site_name\" content=\"Thai-Inhaler.com\" \/>\n<meta property=\"article:modified_time\" content=\"2023-03-24T08:48:14+00:00\" \/>\n<meta property=\"og:image\" content=\"https:\/\/thai-inhaler.com\/wp-content\/uploads\/2017\/11\/IMG_4061.jpg\" \/>\n\t<meta property=\"og:image:width\" content=\"1818\" \/>\n\t<meta property=\"og:image:height\" content=\"1818\" \/>\n\t<meta property=\"og:image:type\" content=\"image\/jpeg\" \/>\n<meta name=\"twitter:card\" content=\"summary_large_image\" \/>\n<meta name=\"twitter:label1\" content=\"Tiempo de lectura\" \/>\n\t<meta name=\"twitter:data1\" content=\"2 minutos\" \/>\n<script type=\"application\/ld+json\" class=\"yoast-schema-graph\">{\"@context\":\"https:\/\/schema.org\",\"@graph\":[{\"@type\":\"WebPage\",\"@id\":\"https:\/\/thai-inhaler.com\/es\/shop\/inhaladores\/vapex-inhalador-nasal-y-aceite-de-tailandia-1-pieza\/\",\"url\":\"https:\/\/thai-inhaler.com\/es\/shop\/inhaladores\/vapex-inhalador-nasal-y-aceite-de-tailandia-1-pieza\/\",\"name\":\"Vapex - Inhalador nasal y aceite de Tailandia - 1 pieza - Thai-Inhaler.com\",\"isPartOf\":{\"@id\":\"https:\/\/thai-inhaler.com\/#website\"},\"primaryImageOfPage\":{\"@id\":\"https:\/\/thai-inhaler.com\/es\/shop\/inhaladores\/vapex-inhalador-nasal-y-aceite-de-tailandia-1-pieza\/#primaryimage\"},\"image\":{\"@id\":\"https:\/\/thai-inhaler.com\/es\/shop\/inhaladores\/vapex-inhalador-nasal-y-aceite-de-tailandia-1-pieza\/#primaryimage\"},\"thumbnailUrl\":\"https:\/\/i0.wp.com\/thai-inhaler.com\/wp-content\/uploads\/2017\/11\/IMG_4061.jpg?fit=1818%2C1818&ssl=1\",\"datePublished\":\"2017-11-24T14:56:04+00:00\",\"dateModified\":\"2023-03-24T08:48:14+00:00\",\"description\":\"El inhalador y aceite nasal Vapex de Tailandia es un producto 2 en 1 de primera calidad que se utiliza para aliviar la congesti\u00f3n nasal.\",\"breadcrumb\":{\"@id\":\"https:\/\/thai-inhaler.com\/es\/shop\/inhaladores\/vapex-inhalador-nasal-y-aceite-de-tailandia-1-pieza\/#breadcrumb\"},\"inLanguage\":\"es\",\"potentialAction\":[{\"@type\":\"ReadAction\",\"target\":[\"https:\/\/thai-inhaler.com\/es\/shop\/inhaladores\/vapex-inhalador-nasal-y-aceite-de-tailandia-1-pieza\/\"]}]},{\"@type\":\"ImageObject\",\"inLanguage\":\"es\",\"@id\":\"https:\/\/thai-inhaler.com\/es\/shop\/inhaladores\/vapex-inhalador-nasal-y-aceite-de-tailandia-1-pieza\/#primaryimage\",\"url\":\"https:\/\/i0.wp.com\/thai-inhaler.com\/wp-content\/uploads\/2017\/11\/IMG_4061.jpg?fit=1818%2C1818&ssl=1\",\"contentUrl\":\"https:\/\/i0.wp.com\/thai-inhaler.com\/wp-content\/uploads\/2017\/11\/IMG_4061.jpg?fit=1818%2C1818&ssl=1\",\"width\":1818,\"height\":1818,\"caption\":\"Vapex - Thailand Nasal Inhaler and Oil - 1 Piece\"},{\"@type\":\"BreadcrumbList\",\"@id\":\"https:\/\/thai-inhaler.com\/es\/shop\/inhaladores\/vapex-inhalador-nasal-y-aceite-de-tailandia-1-pieza\/#breadcrumb\",\"itemListElement\":[{\"@type\":\"ListItem\",\"position\":1,\"name\":\"Home\",\"item\":\"https:\/\/thai-inhaler.com\/es\/\"},{\"@type\":\"ListItem\",\"position\":2,\"name\":\"Shop\",\"item\":\"https:\/\/thai-inhaler.com\/shop\/\"},{\"@type\":\"ListItem\",\"position\":3,\"name\":\"Vapex &#8211; Inhalador nasal y aceite de Tailandia &#8211; 1 pieza\"}]},{\"@type\":\"WebSite\",\"@id\":\"https:\/\/thai-inhaler.com\/#website\",\"url\":\"https:\/\/thai-inhaler.com\/\",\"name\":\"Thai-Inhaler.com\",\"description\":\"Thai Herbal Products, Inhalers, Balms, Plasters On Sale\",\"publisher\":{\"@id\":\"https:\/\/thai-inhaler.com\/#organization\"},\"potentialAction\":[{\"@type\":\"SearchAction\",\"target\":{\"@type\":\"EntryPoint\",\"urlTemplate\":\"https:\/\/thai-inhaler.com\/?s={search_term_string}\"},\"query-input\":\"required name=search_term_string\"}],\"inLanguage\":\"es\"},{\"@type\":\"Organization\",\"@id\":\"https:\/\/thai-inhaler.com\/#organization\",\"name\":\"Thai-Inhaler.com\",\"url\":\"https:\/\/thai-inhaler.com\/\",\"logo\":{\"@type\":\"ImageObject\",\"inLanguage\":\"es\",\"@id\":\"https:\/\/thai-inhaler.com\/#\/schema\/logo\/image\/\",\"url\":\"https:\/\/i0.wp.com\/thai-inhaler.com\/wp-content\/uploads\/2017\/08\/cropped-logoThaiinhaler-01.png?fit=460%2C160&ssl=1\",\"contentUrl\":\"https:\/\/i0.wp.com\/thai-inhaler.com\/wp-content\/uploads\/2017\/08\/cropped-logoThaiinhaler-01.png?fit=460%2C160&ssl=1\",\"width\":460,\"height\":160,\"caption\":\"Thai-Inhaler.com\"},\"image\":{\"@id\":\"https:\/\/thai-inhaler.com\/#\/schema\/logo\/image\/\"}}]}<\/script>\n<!-- \/ Yoast SEO plugin. -->","yoast_head_json":{"title":"Vapex - Inhalador nasal y aceite de Tailandia - 1 pieza - Thai-Inhaler.com","description":"El inhalador y aceite nasal Vapex de Tailandia es un producto 2 en 1 de primera calidad que se utiliza para aliviar la congesti\u00f3n nasal.","robots":{"index":"index","follow":"follow","max-snippet":"max-snippet:-1","max-image-preview":"max-image-preview:large","max-video-preview":"max-video-preview:-1"},"canonical":"https:\/\/thai-inhaler.com\/es\/shop\/inhaladores\/vapex-inhalador-nasal-y-aceite-de-tailandia-1-pieza\/","og_locale":"es_ES","og_type":"article","og_title":"Vapex - Inhalador nasal y aceite de Tailandia - 1 pieza - Thai-Inhaler.com","og_description":"El inhalador y aceite nasal Vapex de Tailandia es un producto 2 en 1 de primera calidad que se utiliza para aliviar la congesti\u00f3n nasal.","og_url":"https:\/\/thai-inhaler.com\/es\/shop\/inhaladores\/vapex-inhalador-nasal-y-aceite-de-tailandia-1-pieza\/","og_site_name":"Thai-Inhaler.com","article_modified_time":"2023-03-24T08:48:14+00:00","og_image":[{"width":1818,"height":1818,"url":"https:\/\/thai-inhaler.com\/wp-content\/uploads\/2017\/11\/IMG_4061.jpg","type":"image\/jpeg"}],"twitter_card":"summary_large_image","twitter_misc":{"Tiempo de lectura":"2 minutos"},"schema":{"@context":"https:\/\/schema.org","@graph":[{"@type":"WebPage","@id":"https:\/\/thai-inhaler.com\/es\/shop\/inhaladores\/vapex-inhalador-nasal-y-aceite-de-tailandia-1-pieza\/","url":"https:\/\/thai-inhaler.com\/es\/shop\/inhaladores\/vapex-inhalador-nasal-y-aceite-de-tailandia-1-pieza\/","name":"Vapex - Inhalador nasal y aceite de Tailandia - 1 pieza - Thai-Inhaler.com","isPartOf":{"@id":"https:\/\/thai-inhaler.com\/#website"},"primaryImageOfPage":{"@id":"https:\/\/thai-inhaler.com\/es\/shop\/inhaladores\/vapex-inhalador-nasal-y-aceite-de-tailandia-1-pieza\/#primaryimage"},"image":{"@id":"https:\/\/thai-inhaler.com\/es\/shop\/inhaladores\/vapex-inhalador-nasal-y-aceite-de-tailandia-1-pieza\/#primaryimage"},"thumbnailUrl":"https:\/\/i0.wp.com\/thai-inhaler.com\/wp-content\/uploads\/2017\/11\/IMG_4061.jpg?fit=1818%2C1818&ssl=1","datePublished":"2017-11-24T14:56:04+00:00","dateModified":"2023-03-24T08:48:14+00:00","description":"El inhalador y aceite nasal Vapex de Tailandia es un producto 2 en 1 de primera calidad que se utiliza para aliviar la congesti\u00f3n nasal.","breadcrumb":{"@id":"https:\/\/thai-inhaler.com\/es\/shop\/inhaladores\/vapex-inhalador-nasal-y-aceite-de-tailandia-1-pieza\/#breadcrumb"},"inLanguage":"es","potentialAction":[{"@type":"ReadAction","target":["https:\/\/thai-inhaler.com\/es\/shop\/inhaladores\/vapex-inhalador-nasal-y-aceite-de-tailandia-1-pieza\/"]}]},{"@type":"ImageObject","inLanguage":"es","@id":"https:\/\/thai-inhaler.com\/es\/shop\/inhaladores\/vapex-inhalador-nasal-y-aceite-de-tailandia-1-pieza\/#primaryimage","url":"https:\/\/i0.wp.com\/thai-inhaler.com\/wp-content\/uploads\/2017\/11\/IMG_4061.jpg?fit=1818%2C1818&ssl=1","contentUrl":"https:\/\/i0.wp.com\/thai-inhaler.com\/wp-content\/uploads\/2017\/11\/IMG_4061.jpg?fit=1818%2C1818&ssl=1","width":1818,"height":1818,"caption":"Vapex - Thailand Nasal Inhaler and Oil - 1 Piece"},{"@type":"BreadcrumbList","@id":"https:\/\/thai-inhaler.com\/es\/shop\/inhaladores\/vapex-inhalador-nasal-y-aceite-de-tailandia-1-pieza\/#breadcrumb","itemListElement":[{"@type":"ListItem","position":1,"name":"Home","item":"https:\/\/thai-inhaler.com\/es\/"},{"@type":"ListItem","position":2,"name":"Shop","item":"https:\/\/thai-inhaler.com\/shop\/"},{"@type":"ListItem","position":3,"name":"Vapex &#8211; Inhalador nasal y aceite de Tailandia &#8211; 1 pieza"}]},{"@type":"WebSite","@id":"https:\/\/thai-inhaler.com\/#website","url":"https:\/\/thai-inhaler.com\/","name":"Thai-Inhaler.com","description":"Thai Herbal Products, Inhalers, Balms, Plasters On Sale","publisher":{"@id":"https:\/\/thai-inhaler.com\/#organization"},"potentialAction":[{"@type":"SearchAction","target":{"@type":"EntryPoint","urlTemplate":"https:\/\/thai-inhaler.com\/?s={search_term_string}"},"query-input":"required name=search_term_string"}],"inLanguage":"es"},{"@type":"Organization","@id":"https:\/\/thai-inhaler.com\/#organization","name":"Thai-Inhaler.com","url":"https:\/\/thai-inhaler.com\/","logo":{"@type":"ImageObject","inLanguage":"es","@id":"https:\/\/thai-inhaler.com\/#\/schema\/logo\/image\/","url":"https:\/\/i0.wp.com\/thai-inhaler.com\/wp-content\/uploads\/2017\/08\/cropped-logoThaiinhaler-01.png?fit=460%2C160&ssl=1","contentUrl":"https:\/\/i0.wp.com\/thai-inhaler.com\/wp-content\/uploads\/2017\/08\/cropped-logoThaiinhaler-01.png?fit=460%2C160&ssl=1","width":460,"height":160,"caption":"Thai-Inhaler.com"},"image":{"@id":"https:\/\/thai-inhaler.com\/#\/schema\/logo\/image\/"}}]}},"jetpack_sharing_enabled":true,"_links":{"self":[{"href":"https:\/\/thai-inhaler.com\/es\/wp-json\/wp\/v2\/product\/1203"}],"collection":[{"href":"https:\/\/thai-inhaler.com\/es\/wp-json\/wp\/v2\/product"}],"about":[{"href":"https:\/\/thai-inhaler.com\/es\/wp-json\/wp\/v2\/types\/product"}],"replies":[{"embeddable":true,"href":"https:\/\/thai-inhaler.com\/es\/wp-json\/wp\/v2\/comments?post=1203"}],"wp:featuredmedia":[{"embeddable":true,"href":"https:\/\/thai-inhaler.com\/es\/wp-json\/wp\/v2\/media\/1205"}],"wp:attachment":[{"href":"https:\/\/thai-inhaler.com\/es\/wp-json\/wp\/v2\/media?parent=1203"}],"wp:term":[{"taxonomy":"product_cat","embeddable":true,"href":"https:\/\/thai-inhaler.com\/es\/wp-json\/wp\/v2\/product_cat?post=1203"},{"taxonomy":"product_tag","embeddable":true,"href":"https:\/\/thai-inhaler.com\/es\/wp-json\/wp\/v2\/product_tag?post=1203"}],"curies":[{"name":"wp","href":"https:\/\/api.w.org\/{rel}","templated":true}]}}