{"id":1194,"date":"2019-07-19T11:05:18","date_gmt":"2019-07-19T09:05:18","guid":{"rendered":"https:\/\/thai-inhaler.com\/shop\/sincategorizar\/tiger-balm-inhaler-thailand-nasal-inhaler-and-oil-2-in-1-1-piece\/"},"modified":"2023-03-24T09:46:23","modified_gmt":"2023-03-24T08:46:23","slug":"tiger-balm-inhalador-inhalador-y-aceite-nasal-de-tailandia-2-en-1-1-pieza","status":"publish","type":"product","link":"https:\/\/thai-inhaler.com\/es\/shop\/inhaladores\/tiger-balm-inhalador-inhalador-y-aceite-nasal-de-tailandia-2-en-1-1-pieza\/","title":{"rendered":"Tiger Balm Inhalador &#8211; Inhalador y Aceite Nasal de Tailandia 2 en 1 &#8211; 1 Pieza"},"content":{"rendered":"<h2 class=\"Heading\">Tiger Balm Inhalador &#8211; Inhalador y Aceite Nasal de Tailandia 2 en 1 &#8211; 1 Pieza<\/h2>\n<p>El Inhalador Tiger Balm de Tailandia es un nuevo producto elaborado por la marca Tiger Balm. Se elabora a partir de la receta secreta y \u00fanica de hierbas que es conocida en todo el mundo desde hace 100 a\u00f1os.<\/p>\n<p>Este producto puede ser usado para curar resfriados, limpiar congestiones nasales, aliviar mareos, n\u00e1useas y tambi\u00e9n ayuda con picaduras de insectos. Contiene muchas hierbas como mentol, alcanfor, eucalipto y otras. El inhalador del Balsamo del Tigre se puede usar con cualquier persona.<\/p>\n<p>Viene con una pr\u00e1ctica funci\u00f3n 2 en 1 en la que puede retirar el dep\u00f3sito de aceite para aplicar las gotas en lugar de inhalar.<\/p>\n<h3 class=\"Heading\">Ingredientes activos:<\/h3>\n<ul>\n<li>Mentol \u2013 42%<\/li>\n<li>Alcanfor \u2013 17.7%<\/li>\n<li>Aceite de eucalipto \u2013 9.7%<\/li>\n<\/ul>\n<h3 class=\"Heading\">Eficacia del producto:<\/h3>\n<p>El inhalador del b\u00e1lsamo de tigre contiene muchos ingredientes a base de hierbas que son \u00fatiles en la medicina tradicional y ayuda al sistema respiratorio y tambi\u00e9n ayuda a aliviar el dolor gracias a la receta secreta original de m\u00e1s de 100 a\u00f1os de Tiger Balm.<\/p>\n<p>El inhalador es un remedio casero que puede aliviar la congesti\u00f3n nasal debida al fr\u00edo y tambi\u00e9n se puede utilizar con picaduras de insectos. Adem\u00e1s, las hierbas en el inhalador del b\u00e1lsamo del tigre tambi\u00e9n son fragantes como el b\u00e1lsamo original. Despu\u00e9s de inhalar, te vas a sentir refrescado y relajado, o se puede utilizar para aliviar la enfermedad del coche, las n\u00e1useas, etc.<\/p>\n<h3>C\u00f3mo utilizar:<\/h3>\n<p>Cuando se inhala con una respiraci\u00f3n profunda, los aceites herbales puros en el inhalador del b\u00e1lsamo del tigre crear\u00e1n los efectos mencionados anteriormente y por lo tanto aliviar\u00e1n inmediatamente sus s\u00edntomas.<\/p>\n<p>Para una m\u00e1xima eficacia, cierre una fosa nasal con el dedo e inhale profundamente con la otra, repita el proceso con la otra fosa nasal.<\/p>\n<h3>Nota:<\/h3>\n<p>Este inhalador s\u00f3lo debe ser usado por una persona. El uso de un solo inhalador por m\u00e1s de una persona puede causar o propagar infecciones.<\/p>\n<h3>Almacenamiento:<\/h3>\n<p>Almacenar en un lugar fresco y seco y lejos de la luz solar directa.<\/p>\n","protected":false},"excerpt":{"rendered":"<p><strong>Tipo de art\u00edculo: <\/strong><strong>Inhalador<br \/>\nTama\u00f1o: <\/strong>2 ml cada uno X 1 tubo<br \/>\n<strong>Lugar de origen: <\/strong>Tailandia<br \/>\n<strong>Vida \u00fatil: <\/strong>Dos a\u00f1os<br \/>\n<b>Funci\u00f3n:<\/b> Aliviar la congesti\u00f3n nasal<br \/>\n<b>Condici\u00f3n:\u00a0<\/b>Totalmente nuevo y sellado en f\u00e1brica<\/p>\n","protected":false},"featured_media":1196,"comment_status":"open","ping_status":"closed","template":"","meta":{"_exactmetrics_skip_tracking":false,"_exactmetrics_sitenote_active":false,"_exactmetrics_sitenote_note":"","_exactmetrics_sitenote_category":0,"jetpack_post_was_ever_published":false},"product_cat":[120],"product_tag":[],"yoast_head":"<!-- This site is optimized with the Yoast SEO plugin v22.3 - https:\/\/yoast.com\/wordpress\/plugins\/seo\/ -->\n<title>Tiger Balm Inhaler - Thailand Nasal Inhaler and Oil 2 in 1 \u2013 1 Piece<\/title>\n<meta name=\"description\" content=\"El Inhalador Tiger Balm de Tailandia es un nuevo producto creado por la marca Tiger Balm. Est\u00e1 hecho de la receta secreta y \u00fanica de hierbas.\" \/>\n<meta name=\"robots\" content=\"index, follow, max-snippet:-1, max-image-preview:large, max-video-preview:-1\" \/>\n<link rel=\"canonical\" href=\"https:\/\/thai-inhaler.com\/es\/shop\/inhaladores\/tiger-balm-inhalador-inhalador-y-aceite-nasal-de-tailandia-2-en-1-1-pieza\/\" \/>\n<meta property=\"og:locale\" content=\"es_ES\" \/>\n<meta property=\"og:type\" content=\"article\" \/>\n<meta property=\"og:title\" content=\"Tiger Balm Inhaler - Thailand Nasal Inhaler and Oil 2 in 1 \u2013 1 Piece\" \/>\n<meta property=\"og:description\" content=\"El Inhalador Tiger Balm de Tailandia es un nuevo producto creado por la marca Tiger Balm. Est\u00e1 hecho de la receta secreta y \u00fanica de hierbas.\" \/>\n<meta property=\"og:url\" content=\"https:\/\/thai-inhaler.com\/es\/shop\/inhaladores\/tiger-balm-inhalador-inhalador-y-aceite-nasal-de-tailandia-2-en-1-1-pieza\/\" \/>\n<meta property=\"og:site_name\" content=\"Thai-Inhaler.com\" \/>\n<meta property=\"article:modified_time\" content=\"2023-03-24T08:46:23+00:00\" \/>\n<meta property=\"og:image\" content=\"https:\/\/thai-inhaler.com\/wp-content\/uploads\/2019\/07\/tiger-balm-inhaler02.jpg\" \/>\n\t<meta property=\"og:image:width\" content=\"1414\" \/>\n\t<meta property=\"og:image:height\" content=\"1280\" \/>\n\t<meta property=\"og:image:type\" content=\"image\/jpeg\" \/>\n<meta name=\"twitter:card\" content=\"summary_large_image\" \/>\n<meta name=\"twitter:label1\" content=\"Tiempo de lectura\" \/>\n\t<meta name=\"twitter:data1\" content=\"2 minutos\" \/>\n<script type=\"application\/ld+json\" class=\"yoast-schema-graph\">{\"@context\":\"https:\/\/schema.org\",\"@graph\":[{\"@type\":\"WebPage\",\"@id\":\"https:\/\/thai-inhaler.com\/es\/shop\/inhaladores\/tiger-balm-inhalador-inhalador-y-aceite-nasal-de-tailandia-2-en-1-1-pieza\/\",\"url\":\"https:\/\/thai-inhaler.com\/es\/shop\/inhaladores\/tiger-balm-inhalador-inhalador-y-aceite-nasal-de-tailandia-2-en-1-1-pieza\/\",\"name\":\"Tiger Balm Inhaler - Thailand Nasal Inhaler and Oil 2 in 1 \u2013 1 Piece\",\"isPartOf\":{\"@id\":\"https:\/\/thai-inhaler.com\/#website\"},\"primaryImageOfPage\":{\"@id\":\"https:\/\/thai-inhaler.com\/es\/shop\/inhaladores\/tiger-balm-inhalador-inhalador-y-aceite-nasal-de-tailandia-2-en-1-1-pieza\/#primaryimage\"},\"image\":{\"@id\":\"https:\/\/thai-inhaler.com\/es\/shop\/inhaladores\/tiger-balm-inhalador-inhalador-y-aceite-nasal-de-tailandia-2-en-1-1-pieza\/#primaryimage\"},\"thumbnailUrl\":\"https:\/\/i0.wp.com\/thai-inhaler.com\/wp-content\/uploads\/2019\/07\/tiger-balm-inhaler02.jpg?fit=1414%2C1280&ssl=1\",\"datePublished\":\"2019-07-19T09:05:18+00:00\",\"dateModified\":\"2023-03-24T08:46:23+00:00\",\"description\":\"El Inhalador Tiger Balm de Tailandia es un nuevo producto creado por la marca Tiger Balm. Est\u00e1 hecho de la receta secreta y \u00fanica de hierbas.\",\"breadcrumb\":{\"@id\":\"https:\/\/thai-inhaler.com\/es\/shop\/inhaladores\/tiger-balm-inhalador-inhalador-y-aceite-nasal-de-tailandia-2-en-1-1-pieza\/#breadcrumb\"},\"inLanguage\":\"es\",\"potentialAction\":[{\"@type\":\"ReadAction\",\"target\":[\"https:\/\/thai-inhaler.com\/es\/shop\/inhaladores\/tiger-balm-inhalador-inhalador-y-aceite-nasal-de-tailandia-2-en-1-1-pieza\/\"]}]},{\"@type\":\"ImageObject\",\"inLanguage\":\"es\",\"@id\":\"https:\/\/thai-inhaler.com\/es\/shop\/inhaladores\/tiger-balm-inhalador-inhalador-y-aceite-nasal-de-tailandia-2-en-1-1-pieza\/#primaryimage\",\"url\":\"https:\/\/i0.wp.com\/thai-inhaler.com\/wp-content\/uploads\/2019\/07\/tiger-balm-inhaler02.jpg?fit=1414%2C1280&ssl=1\",\"contentUrl\":\"https:\/\/i0.wp.com\/thai-inhaler.com\/wp-content\/uploads\/2019\/07\/tiger-balm-inhaler02.jpg?fit=1414%2C1280&ssl=1\",\"width\":1414,\"height\":1280},{\"@type\":\"BreadcrumbList\",\"@id\":\"https:\/\/thai-inhaler.com\/es\/shop\/inhaladores\/tiger-balm-inhalador-inhalador-y-aceite-nasal-de-tailandia-2-en-1-1-pieza\/#breadcrumb\",\"itemListElement\":[{\"@type\":\"ListItem\",\"position\":1,\"name\":\"Home\",\"item\":\"https:\/\/thai-inhaler.com\/es\/\"},{\"@type\":\"ListItem\",\"position\":2,\"name\":\"Shop\",\"item\":\"https:\/\/thai-inhaler.com\/shop\/\"},{\"@type\":\"ListItem\",\"position\":3,\"name\":\"Tiger Balm Inhalador &#8211; Inhalador y Aceite Nasal de Tailandia 2 en 1 &#8211; 1 Pieza\"}]},{\"@type\":\"WebSite\",\"@id\":\"https:\/\/thai-inhaler.com\/#website\",\"url\":\"https:\/\/thai-inhaler.com\/\",\"name\":\"Thai-Inhaler.com\",\"description\":\"Thai Herbal Products, Inhalers, Balms, Plasters On Sale\",\"publisher\":{\"@id\":\"https:\/\/thai-inhaler.com\/#organization\"},\"potentialAction\":[{\"@type\":\"SearchAction\",\"target\":{\"@type\":\"EntryPoint\",\"urlTemplate\":\"https:\/\/thai-inhaler.com\/?s={search_term_string}\"},\"query-input\":\"required name=search_term_string\"}],\"inLanguage\":\"es\"},{\"@type\":\"Organization\",\"@id\":\"https:\/\/thai-inhaler.com\/#organization\",\"name\":\"Thai-Inhaler.com\",\"url\":\"https:\/\/thai-inhaler.com\/\",\"logo\":{\"@type\":\"ImageObject\",\"inLanguage\":\"es\",\"@id\":\"https:\/\/thai-inhaler.com\/#\/schema\/logo\/image\/\",\"url\":\"https:\/\/i0.wp.com\/thai-inhaler.com\/wp-content\/uploads\/2017\/08\/cropped-logoThaiinhaler-01.png?fit=460%2C160&ssl=1\",\"contentUrl\":\"https:\/\/i0.wp.com\/thai-inhaler.com\/wp-content\/uploads\/2017\/08\/cropped-logoThaiinhaler-01.png?fit=460%2C160&ssl=1\",\"width\":460,\"height\":160,\"caption\":\"Thai-Inhaler.com\"},\"image\":{\"@id\":\"https:\/\/thai-inhaler.com\/#\/schema\/logo\/image\/\"}}]}<\/script>\n<!-- \/ Yoast SEO plugin. -->","yoast_head_json":{"title":"Tiger Balm Inhaler - Thailand Nasal Inhaler and Oil 2 in 1 \u2013 1 Piece","description":"El Inhalador Tiger Balm de Tailandia es un nuevo producto creado por la marca Tiger Balm. Est\u00e1 hecho de la receta secreta y \u00fanica de hierbas.","robots":{"index":"index","follow":"follow","max-snippet":"max-snippet:-1","max-image-preview":"max-image-preview:large","max-video-preview":"max-video-preview:-1"},"canonical":"https:\/\/thai-inhaler.com\/es\/shop\/inhaladores\/tiger-balm-inhalador-inhalador-y-aceite-nasal-de-tailandia-2-en-1-1-pieza\/","og_locale":"es_ES","og_type":"article","og_title":"Tiger Balm Inhaler - Thailand Nasal Inhaler and Oil 2 in 1 \u2013 1 Piece","og_description":"El Inhalador Tiger Balm de Tailandia es un nuevo producto creado por la marca Tiger Balm. Est\u00e1 hecho de la receta secreta y \u00fanica de hierbas.","og_url":"https:\/\/thai-inhaler.com\/es\/shop\/inhaladores\/tiger-balm-inhalador-inhalador-y-aceite-nasal-de-tailandia-2-en-1-1-pieza\/","og_site_name":"Thai-Inhaler.com","article_modified_time":"2023-03-24T08:46:23+00:00","og_image":[{"width":1414,"height":1280,"url":"https:\/\/thai-inhaler.com\/wp-content\/uploads\/2019\/07\/tiger-balm-inhaler02.jpg","type":"image\/jpeg"}],"twitter_card":"summary_large_image","twitter_misc":{"Tiempo de lectura":"2 minutos"},"schema":{"@context":"https:\/\/schema.org","@graph":[{"@type":"WebPage","@id":"https:\/\/thai-inhaler.com\/es\/shop\/inhaladores\/tiger-balm-inhalador-inhalador-y-aceite-nasal-de-tailandia-2-en-1-1-pieza\/","url":"https:\/\/thai-inhaler.com\/es\/shop\/inhaladores\/tiger-balm-inhalador-inhalador-y-aceite-nasal-de-tailandia-2-en-1-1-pieza\/","name":"Tiger Balm Inhaler - Thailand Nasal Inhaler and Oil 2 in 1 \u2013 1 Piece","isPartOf":{"@id":"https:\/\/thai-inhaler.com\/#website"},"primaryImageOfPage":{"@id":"https:\/\/thai-inhaler.com\/es\/shop\/inhaladores\/tiger-balm-inhalador-inhalador-y-aceite-nasal-de-tailandia-2-en-1-1-pieza\/#primaryimage"},"image":{"@id":"https:\/\/thai-inhaler.com\/es\/shop\/inhaladores\/tiger-balm-inhalador-inhalador-y-aceite-nasal-de-tailandia-2-en-1-1-pieza\/#primaryimage"},"thumbnailUrl":"https:\/\/i0.wp.com\/thai-inhaler.com\/wp-content\/uploads\/2019\/07\/tiger-balm-inhaler02.jpg?fit=1414%2C1280&ssl=1","datePublished":"2019-07-19T09:05:18+00:00","dateModified":"2023-03-24T08:46:23+00:00","description":"El Inhalador Tiger Balm de Tailandia es un nuevo producto creado por la marca Tiger Balm. Est\u00e1 hecho de la receta secreta y \u00fanica de hierbas.","breadcrumb":{"@id":"https:\/\/thai-inhaler.com\/es\/shop\/inhaladores\/tiger-balm-inhalador-inhalador-y-aceite-nasal-de-tailandia-2-en-1-1-pieza\/#breadcrumb"},"inLanguage":"es","potentialAction":[{"@type":"ReadAction","target":["https:\/\/thai-inhaler.com\/es\/shop\/inhaladores\/tiger-balm-inhalador-inhalador-y-aceite-nasal-de-tailandia-2-en-1-1-pieza\/"]}]},{"@type":"ImageObject","inLanguage":"es","@id":"https:\/\/thai-inhaler.com\/es\/shop\/inhaladores\/tiger-balm-inhalador-inhalador-y-aceite-nasal-de-tailandia-2-en-1-1-pieza\/#primaryimage","url":"https:\/\/i0.wp.com\/thai-inhaler.com\/wp-content\/uploads\/2019\/07\/tiger-balm-inhaler02.jpg?fit=1414%2C1280&ssl=1","contentUrl":"https:\/\/i0.wp.com\/thai-inhaler.com\/wp-content\/uploads\/2019\/07\/tiger-balm-inhaler02.jpg?fit=1414%2C1280&ssl=1","width":1414,"height":1280},{"@type":"BreadcrumbList","@id":"https:\/\/thai-inhaler.com\/es\/shop\/inhaladores\/tiger-balm-inhalador-inhalador-y-aceite-nasal-de-tailandia-2-en-1-1-pieza\/#breadcrumb","itemListElement":[{"@type":"ListItem","position":1,"name":"Home","item":"https:\/\/thai-inhaler.com\/es\/"},{"@type":"ListItem","position":2,"name":"Shop","item":"https:\/\/thai-inhaler.com\/shop\/"},{"@type":"ListItem","position":3,"name":"Tiger Balm Inhalador &#8211; Inhalador y Aceite Nasal de Tailandia 2 en 1 &#8211; 1 Pieza"}]},{"@type":"WebSite","@id":"https:\/\/thai-inhaler.com\/#website","url":"https:\/\/thai-inhaler.com\/","name":"Thai-Inhaler.com","description":"Thai Herbal Products, Inhalers, Balms, Plasters On Sale","publisher":{"@id":"https:\/\/thai-inhaler.com\/#organization"},"potentialAction":[{"@type":"SearchAction","target":{"@type":"EntryPoint","urlTemplate":"https:\/\/thai-inhaler.com\/?s={search_term_string}"},"query-input":"required name=search_term_string"}],"inLanguage":"es"},{"@type":"Organization","@id":"https:\/\/thai-inhaler.com\/#organization","name":"Thai-Inhaler.com","url":"https:\/\/thai-inhaler.com\/","logo":{"@type":"ImageObject","inLanguage":"es","@id":"https:\/\/thai-inhaler.com\/#\/schema\/logo\/image\/","url":"https:\/\/i0.wp.com\/thai-inhaler.com\/wp-content\/uploads\/2017\/08\/cropped-logoThaiinhaler-01.png?fit=460%2C160&ssl=1","contentUrl":"https:\/\/i0.wp.com\/thai-inhaler.com\/wp-content\/uploads\/2017\/08\/cropped-logoThaiinhaler-01.png?fit=460%2C160&ssl=1","width":460,"height":160,"caption":"Thai-Inhaler.com"},"image":{"@id":"https:\/\/thai-inhaler.com\/#\/schema\/logo\/image\/"}}]}},"jetpack_sharing_enabled":true,"_links":{"self":[{"href":"https:\/\/thai-inhaler.com\/es\/wp-json\/wp\/v2\/product\/1194"}],"collection":[{"href":"https:\/\/thai-inhaler.com\/es\/wp-json\/wp\/v2\/product"}],"about":[{"href":"https:\/\/thai-inhaler.com\/es\/wp-json\/wp\/v2\/types\/product"}],"replies":[{"embeddable":true,"href":"https:\/\/thai-inhaler.com\/es\/wp-json\/wp\/v2\/comments?post=1194"}],"wp:featuredmedia":[{"embeddable":true,"href":"https:\/\/thai-inhaler.com\/es\/wp-json\/wp\/v2\/media\/1196"}],"wp:attachment":[{"href":"https:\/\/thai-inhaler.com\/es\/wp-json\/wp\/v2\/media?parent=1194"}],"wp:term":[{"taxonomy":"product_cat","embeddable":true,"href":"https:\/\/thai-inhaler.com\/es\/wp-json\/wp\/v2\/product_cat?post=1194"},{"taxonomy":"product_tag","embeddable":true,"href":"https:\/\/thai-inhaler.com\/es\/wp-json\/wp\/v2\/product_tag?post=1194"}],"curies":[{"name":"wp","href":"https:\/\/api.w.org\/{rel}","templated":true}]}}