{"id":814,"date":"2017-08-20T15:39:56","date_gmt":"2017-08-20T13:39:56","guid":{"rendered":"https:\/\/thai-inhaler.com\/shop\/unkategorisiert\/namman-muay-thailandische-schmerzlindernde-creme-1x100-gramm\/"},"modified":"2024-07-04T20:45:38","modified_gmt":"2024-07-04T18:45:38","slug":"namman-muay-thailandische-schmerzlindernde-creme-1x100-gramm","status":"publish","type":"product","link":"https:\/\/thai-inhaler.com\/de\/shop\/balsame\/namman-muay-thailandische-schmerzlindernde-creme-1x100-gramm\/","title":{"rendered":"Namman Muay \u2013 Thail\u00e4ndische schmerzlindernde Creme \u2013 1\u00d7100 Gramm"},"content":{"rendered":"<h2 class=\"western\"><span lang=\"de-DE\">Namman Muay \u2013 Thail\u00e4ndische schmerzlindernde Creme \u2013 1\u00d7100 Gramm<\/span><\/h2>\n<h3 class=\"western\"><span lang=\"de-DE\">Produkt Beschreibung:<\/span><\/h3>\n<p class=\"western\"><span lang=\"de-DE\">Das Namman Muay \u2013 Thail\u00e4ndische Schmerzmittel ist eine Massage- und Entspannungs-Creme zur Anwendung vor oder nach Sportlichen Aktivit\u00e4ten. Man nutzt Sie um Muskelschmerzen und normale Schmerzen zu lindern.<\/span><\/p>\n<h3 class=\"western\"><span lang=\"de-DE\">Produkt Wirksamkeit:<\/span><\/h3>\n<p class=\"western\"><span lang=\"de-DE\">Dieses schmerzlindernde Creme aus Thailand lindert Muskelschmerzen, Verstauchungen, Schwellungen, Prellungen, Gelenkschmerzen durch Entz\u00fcndungen, Muskelkater durch Sport und Erk\u00e4ltungssymptome. Dieses Produkt ist f\u00fcr Athleten geeignet.<\/span><\/p>\n<h3 class=\"western\"><span lang=\"de-DE\">Produkt Geschichte:<\/span><\/h3>\n<p class=\"western\"><span lang=\"de-DE\">Die Namman Muay \u2013 schmerzlindernde Creme wird in Thailand schon seit vielen Jahren von Boxern, Kampfsportlern, Sportlern und anderen Athleten benutzt. Es ist bekannt daf\u00fcr Muskel- und Gelenkschmerzen zu lindern und wird zur Behandlung von R\u00fcckenschmerzen, Schmerzen durch Arthritis, \u00dcberdehnungen, Prellungen und Verstauchungen genutzt. Namman Muay wurde schnell die popul\u00e4rste Schmerz-Creme unter Sportlern, die sie schnell und effektiv wirkt.<\/span><\/p>\n<p class=\"western\"><span lang=\"de-DE\">Schlie\u00dfen Sie sich andern Boxern, Fu\u00dfballspielern, L\u00e4ufern und Sportlern in Thailand und der ganzen Welt an, die Namman Muay wegen seiner heilenden und schmerzlindernden F\u00e4higkeiten nutzen.<\/span><\/p>\n<h3 class=\"western\"><span lang=\"de-DE\">Wie man es benutzt:<\/span><\/h3>\n<p class=\"western\"><span lang=\"de-DE\">Tragen Sie Namman Muay \u2013 schmerzlindernde Creme auf der wunden oder schmerzenden Stelle auf und massieren Sie sie sanft ein, bis die ganze Creme eingezogen ist. Kann 3-4 mal am Tag oder nach Schmerzempfinden aufgetragen werden.<\/span><\/p>\n<h3>Warnung:<\/h3>\n<p>Dieses Produkt ist nur f\u00fcr die \u00e4u\u00dfere Anwendung. Bitte nicht in der n\u00e4he von Augen, Nasenschleimh\u00e4uten, Wunden oder entz\u00fcndeter Haut auftragen. Sollte sich eine Hautreizung entwickeln, bitte nicht mehr benutzen und einen Doktor aufsuchen. Nicht in der n\u00e4he von Kindern aufbewahren<\/p>\n","protected":false},"excerpt":{"rendered":"<p><b>Packung:<\/b> 1x100g<br \/>\n<b>Herstellungsland<\/b><b>:<\/b> Thailand<br \/>\n<b>Haltbarkeit<\/b><b>:<\/b> 3 Jahre<br \/>\n<strong>Anwendung:<\/strong> K\u00f6rper<br \/>\n<strong>Produkt Typ:<\/strong> Massage &amp; Entspannung<\/p>\n","protected":false},"featured_media":820,"comment_status":"open","ping_status":"closed","template":"","meta":{"_exactmetrics_skip_tracking":false,"_exactmetrics_sitenote_active":false,"_exactmetrics_sitenote_note":"","_exactmetrics_sitenote_category":0,"jetpack_post_was_ever_published":false},"product_cat":[85],"product_tag":[],"yoast_head":"<!-- This site is optimized with the Yoast SEO plugin v22.3 - https:\/\/yoast.com\/wordpress\/plugins\/seo\/ -->\n<title>Namman Muay \u2013 Thail\u00e4ndische schmerzlindernde Creme \u2013 1\u00d7100 Gramm - Thai-Inhaler.com<\/title>\n<meta name=\"robots\" content=\"index, follow, max-snippet:-1, max-image-preview:large, max-video-preview:-1\" \/>\n<link rel=\"canonical\" href=\"https:\/\/thai-inhaler.com\/de\/shop\/balsame\/namman-muay-thailandische-schmerzlindernde-creme-1x100-gramm\/\" \/>\n<meta property=\"og:locale\" content=\"de_DE\" \/>\n<meta property=\"og:type\" content=\"article\" \/>\n<meta property=\"og:title\" content=\"Namman Muay \u2013 Thail\u00e4ndische schmerzlindernde Creme \u2013 1\u00d7100 Gramm - Thai-Inhaler.com\" \/>\n<meta property=\"og:description\" content=\"Packung: 1x100g Herstellungsland: Thailand Haltbarkeit: 3 Jahre Anwendung: K\u00f6rper Produkt Typ: Massage &amp; Entspannung\" \/>\n<meta property=\"og:url\" content=\"https:\/\/thai-inhaler.com\/de\/shop\/balsame\/namman-muay-thailandische-schmerzlindernde-creme-1x100-gramm\/\" \/>\n<meta property=\"og:site_name\" content=\"Thai-Inhaler.com\" \/>\n<meta property=\"article:modified_time\" content=\"2024-07-04T18:45:38+00:00\" \/>\n<meta property=\"og:image\" content=\"https:\/\/thai-inhaler.com\/wp-content\/uploads\/2017\/08\/IMG_3350.jpg\" \/>\n\t<meta property=\"og:image:width\" content=\"2048\" \/>\n\t<meta property=\"og:image:height\" content=\"2048\" \/>\n\t<meta property=\"og:image:type\" content=\"image\/jpeg\" \/>\n<meta name=\"twitter:card\" content=\"summary_large_image\" \/>\n<meta name=\"twitter:label1\" content=\"Gesch\u00e4tzte Lesezeit\" \/>\n\t<meta name=\"twitter:data1\" content=\"1 Minute\" \/>\n<script type=\"application\/ld+json\" class=\"yoast-schema-graph\">{\"@context\":\"https:\/\/schema.org\",\"@graph\":[{\"@type\":\"WebPage\",\"@id\":\"https:\/\/thai-inhaler.com\/de\/shop\/balsame\/namman-muay-thailandische-schmerzlindernde-creme-1x100-gramm\/\",\"url\":\"https:\/\/thai-inhaler.com\/de\/shop\/balsame\/namman-muay-thailandische-schmerzlindernde-creme-1x100-gramm\/\",\"name\":\"Namman Muay \u2013 Thail\u00e4ndische schmerzlindernde Creme \u2013 1\u00d7100 Gramm - Thai-Inhaler.com\",\"isPartOf\":{\"@id\":\"https:\/\/thai-inhaler.com\/#website\"},\"primaryImageOfPage\":{\"@id\":\"https:\/\/thai-inhaler.com\/de\/shop\/balsame\/namman-muay-thailandische-schmerzlindernde-creme-1x100-gramm\/#primaryimage\"},\"image\":{\"@id\":\"https:\/\/thai-inhaler.com\/de\/shop\/balsame\/namman-muay-thailandische-schmerzlindernde-creme-1x100-gramm\/#primaryimage\"},\"thumbnailUrl\":\"https:\/\/i0.wp.com\/thai-inhaler.com\/wp-content\/uploads\/2017\/08\/IMG_3350.jpg?fit=2048%2C2048&ssl=1\",\"datePublished\":\"2017-08-20T13:39:56+00:00\",\"dateModified\":\"2024-07-04T18:45:38+00:00\",\"breadcrumb\":{\"@id\":\"https:\/\/thai-inhaler.com\/de\/shop\/balsame\/namman-muay-thailandische-schmerzlindernde-creme-1x100-gramm\/#breadcrumb\"},\"inLanguage\":\"de-DE\",\"potentialAction\":[{\"@type\":\"ReadAction\",\"target\":[\"https:\/\/thai-inhaler.com\/de\/shop\/balsame\/namman-muay-thailandische-schmerzlindernde-creme-1x100-gramm\/\"]}]},{\"@type\":\"ImageObject\",\"inLanguage\":\"de-DE\",\"@id\":\"https:\/\/thai-inhaler.com\/de\/shop\/balsame\/namman-muay-thailandische-schmerzlindernde-creme-1x100-gramm\/#primaryimage\",\"url\":\"https:\/\/i0.wp.com\/thai-inhaler.com\/wp-content\/uploads\/2017\/08\/IMG_3350.jpg?fit=2048%2C2048&ssl=1\",\"contentUrl\":\"https:\/\/i0.wp.com\/thai-inhaler.com\/wp-content\/uploads\/2017\/08\/IMG_3350.jpg?fit=2048%2C2048&ssl=1\",\"width\":2048,\"height\":2048,\"caption\":\"Namman Muay \u2013 Thail\u00e4ndische schmerzlindernde Creme \u2013 1\u00d7100 Gramm\"},{\"@type\":\"BreadcrumbList\",\"@id\":\"https:\/\/thai-inhaler.com\/de\/shop\/balsame\/namman-muay-thailandische-schmerzlindernde-creme-1x100-gramm\/#breadcrumb\",\"itemListElement\":[{\"@type\":\"ListItem\",\"position\":1,\"name\":\"Home\",\"item\":\"https:\/\/thai-inhaler.com\/\"},{\"@type\":\"ListItem\",\"position\":2,\"name\":\"Shop\",\"item\":\"https:\/\/thai-inhaler.com\/shop\/\"},{\"@type\":\"ListItem\",\"position\":3,\"name\":\"Namman Muay \u2013 Thail\u00e4ndische schmerzlindernde Creme \u2013 1\u00d7100 Gramm\"}]},{\"@type\":\"WebSite\",\"@id\":\"https:\/\/thai-inhaler.com\/#website\",\"url\":\"https:\/\/thai-inhaler.com\/\",\"name\":\"Thai-Inhaler.com\",\"description\":\"Thai Herbal Products, Inhalers, Balms, Plasters On Sale\",\"publisher\":{\"@id\":\"https:\/\/thai-inhaler.com\/#organization\"},\"potentialAction\":[{\"@type\":\"SearchAction\",\"target\":{\"@type\":\"EntryPoint\",\"urlTemplate\":\"https:\/\/thai-inhaler.com\/?s={search_term_string}\"},\"query-input\":\"required name=search_term_string\"}],\"inLanguage\":\"de-DE\"},{\"@type\":\"Organization\",\"@id\":\"https:\/\/thai-inhaler.com\/#organization\",\"name\":\"Thai-Inhaler.com\",\"url\":\"https:\/\/thai-inhaler.com\/\",\"logo\":{\"@type\":\"ImageObject\",\"inLanguage\":\"de-DE\",\"@id\":\"https:\/\/thai-inhaler.com\/#\/schema\/logo\/image\/\",\"url\":\"https:\/\/i0.wp.com\/thai-inhaler.com\/wp-content\/uploads\/2017\/08\/cropped-logoThaiinhaler-01.png?fit=460%2C160&ssl=1\",\"contentUrl\":\"https:\/\/i0.wp.com\/thai-inhaler.com\/wp-content\/uploads\/2017\/08\/cropped-logoThaiinhaler-01.png?fit=460%2C160&ssl=1\",\"width\":460,\"height\":160,\"caption\":\"Thai-Inhaler.com\"},\"image\":{\"@id\":\"https:\/\/thai-inhaler.com\/#\/schema\/logo\/image\/\"}}]}<\/script>\n<!-- \/ Yoast SEO plugin. -->","yoast_head_json":{"title":"Namman Muay \u2013 Thail\u00e4ndische schmerzlindernde Creme \u2013 1\u00d7100 Gramm - Thai-Inhaler.com","robots":{"index":"index","follow":"follow","max-snippet":"max-snippet:-1","max-image-preview":"max-image-preview:large","max-video-preview":"max-video-preview:-1"},"canonical":"https:\/\/thai-inhaler.com\/de\/shop\/balsame\/namman-muay-thailandische-schmerzlindernde-creme-1x100-gramm\/","og_locale":"de_DE","og_type":"article","og_title":"Namman Muay \u2013 Thail\u00e4ndische schmerzlindernde Creme \u2013 1\u00d7100 Gramm - Thai-Inhaler.com","og_description":"Packung: 1x100g Herstellungsland: Thailand Haltbarkeit: 3 Jahre Anwendung: K\u00f6rper Produkt Typ: Massage &amp; Entspannung","og_url":"https:\/\/thai-inhaler.com\/de\/shop\/balsame\/namman-muay-thailandische-schmerzlindernde-creme-1x100-gramm\/","og_site_name":"Thai-Inhaler.com","article_modified_time":"2024-07-04T18:45:38+00:00","og_image":[{"width":2048,"height":2048,"url":"https:\/\/thai-inhaler.com\/wp-content\/uploads\/2017\/08\/IMG_3350.jpg","type":"image\/jpeg"}],"twitter_card":"summary_large_image","twitter_misc":{"Gesch\u00e4tzte Lesezeit":"1 Minute"},"schema":{"@context":"https:\/\/schema.org","@graph":[{"@type":"WebPage","@id":"https:\/\/thai-inhaler.com\/de\/shop\/balsame\/namman-muay-thailandische-schmerzlindernde-creme-1x100-gramm\/","url":"https:\/\/thai-inhaler.com\/de\/shop\/balsame\/namman-muay-thailandische-schmerzlindernde-creme-1x100-gramm\/","name":"Namman Muay \u2013 Thail\u00e4ndische schmerzlindernde Creme \u2013 1\u00d7100 Gramm - Thai-Inhaler.com","isPartOf":{"@id":"https:\/\/thai-inhaler.com\/#website"},"primaryImageOfPage":{"@id":"https:\/\/thai-inhaler.com\/de\/shop\/balsame\/namman-muay-thailandische-schmerzlindernde-creme-1x100-gramm\/#primaryimage"},"image":{"@id":"https:\/\/thai-inhaler.com\/de\/shop\/balsame\/namman-muay-thailandische-schmerzlindernde-creme-1x100-gramm\/#primaryimage"},"thumbnailUrl":"https:\/\/i0.wp.com\/thai-inhaler.com\/wp-content\/uploads\/2017\/08\/IMG_3350.jpg?fit=2048%2C2048&ssl=1","datePublished":"2017-08-20T13:39:56+00:00","dateModified":"2024-07-04T18:45:38+00:00","breadcrumb":{"@id":"https:\/\/thai-inhaler.com\/de\/shop\/balsame\/namman-muay-thailandische-schmerzlindernde-creme-1x100-gramm\/#breadcrumb"},"inLanguage":"de-DE","potentialAction":[{"@type":"ReadAction","target":["https:\/\/thai-inhaler.com\/de\/shop\/balsame\/namman-muay-thailandische-schmerzlindernde-creme-1x100-gramm\/"]}]},{"@type":"ImageObject","inLanguage":"de-DE","@id":"https:\/\/thai-inhaler.com\/de\/shop\/balsame\/namman-muay-thailandische-schmerzlindernde-creme-1x100-gramm\/#primaryimage","url":"https:\/\/i0.wp.com\/thai-inhaler.com\/wp-content\/uploads\/2017\/08\/IMG_3350.jpg?fit=2048%2C2048&ssl=1","contentUrl":"https:\/\/i0.wp.com\/thai-inhaler.com\/wp-content\/uploads\/2017\/08\/IMG_3350.jpg?fit=2048%2C2048&ssl=1","width":2048,"height":2048,"caption":"Namman Muay \u2013 Thail\u00e4ndische schmerzlindernde Creme \u2013 1\u00d7100 Gramm"},{"@type":"BreadcrumbList","@id":"https:\/\/thai-inhaler.com\/de\/shop\/balsame\/namman-muay-thailandische-schmerzlindernde-creme-1x100-gramm\/#breadcrumb","itemListElement":[{"@type":"ListItem","position":1,"name":"Home","item":"https:\/\/thai-inhaler.com\/"},{"@type":"ListItem","position":2,"name":"Shop","item":"https:\/\/thai-inhaler.com\/shop\/"},{"@type":"ListItem","position":3,"name":"Namman Muay \u2013 Thail\u00e4ndische schmerzlindernde Creme \u2013 1\u00d7100 Gramm"}]},{"@type":"WebSite","@id":"https:\/\/thai-inhaler.com\/#website","url":"https:\/\/thai-inhaler.com\/","name":"Thai-Inhaler.com","description":"Thai Herbal Products, Inhalers, Balms, Plasters On Sale","publisher":{"@id":"https:\/\/thai-inhaler.com\/#organization"},"potentialAction":[{"@type":"SearchAction","target":{"@type":"EntryPoint","urlTemplate":"https:\/\/thai-inhaler.com\/?s={search_term_string}"},"query-input":"required name=search_term_string"}],"inLanguage":"de-DE"},{"@type":"Organization","@id":"https:\/\/thai-inhaler.com\/#organization","name":"Thai-Inhaler.com","url":"https:\/\/thai-inhaler.com\/","logo":{"@type":"ImageObject","inLanguage":"de-DE","@id":"https:\/\/thai-inhaler.com\/#\/schema\/logo\/image\/","url":"https:\/\/i0.wp.com\/thai-inhaler.com\/wp-content\/uploads\/2017\/08\/cropped-logoThaiinhaler-01.png?fit=460%2C160&ssl=1","contentUrl":"https:\/\/i0.wp.com\/thai-inhaler.com\/wp-content\/uploads\/2017\/08\/cropped-logoThaiinhaler-01.png?fit=460%2C160&ssl=1","width":460,"height":160,"caption":"Thai-Inhaler.com"},"image":{"@id":"https:\/\/thai-inhaler.com\/#\/schema\/logo\/image\/"}}]}},"jetpack_sharing_enabled":true,"_links":{"self":[{"href":"https:\/\/thai-inhaler.com\/de\/wp-json\/wp\/v2\/product\/814"}],"collection":[{"href":"https:\/\/thai-inhaler.com\/de\/wp-json\/wp\/v2\/product"}],"about":[{"href":"https:\/\/thai-inhaler.com\/de\/wp-json\/wp\/v2\/types\/product"}],"replies":[{"embeddable":true,"href":"https:\/\/thai-inhaler.com\/de\/wp-json\/wp\/v2\/comments?post=814"}],"wp:featuredmedia":[{"embeddable":true,"href":"https:\/\/thai-inhaler.com\/de\/wp-json\/wp\/v2\/media\/820"}],"wp:attachment":[{"href":"https:\/\/thai-inhaler.com\/de\/wp-json\/wp\/v2\/media?parent=814"}],"wp:term":[{"taxonomy":"product_cat","embeddable":true,"href":"https:\/\/thai-inhaler.com\/de\/wp-json\/wp\/v2\/product_cat?post=814"},{"taxonomy":"product_tag","embeddable":true,"href":"https:\/\/thai-inhaler.com\/de\/wp-json\/wp\/v2\/product_tag?post=814"}],"curies":[{"name":"wp","href":"https:\/\/api.w.org\/{rel}","templated":true}]}}