{"id":792,"date":"2017-08-15T18:39:09","date_gmt":"2017-08-15T16:39:09","guid":{"rendered":"https:\/\/thai-inhaler.com\/shop\/unkategorisiert\/tigerbalsam-warme-medizinische-pflaster-4-pflaster\/"},"modified":"2023-08-11T13:54:07","modified_gmt":"2023-08-11T11:54:07","slug":"tigerbalsam-warme-medizinische-pflaster-4-pflaster","status":"publish","type":"product","link":"https:\/\/thai-inhaler.com\/de\/shop\/pflaster\/tigerbalsam-warme-medizinische-pflaster-4-pflaster\/","title":{"rendered":"Tigerbalsam \u2013 Warme, medizinische Pflaster \u2013\u00a0 4 Pflaster"},"content":{"rendered":"<h2 class=\"western\"><span lang=\"de-DE\">Tigerbalsam (Tiger Balm) \u2013 Warme, medizinische Pflaster \u2013\u00a0 4 Pflaster<\/span><\/h2>\n<h3 class=\"western\"><span lang=\"de-DE\">Produkt Wirksamkeit:<\/span><\/h3>\n<p class=\"western\"><span lang=\"de-DE\">Das Tigerbalsam medizinischen Pflaster RD, sind schmerzlindernde Pflaster mit nat\u00fcrlichen Inhaltsstoffen, die sofort von der Haut aufgenommen werden und dadurch die Blutzirkulation stimulieren, Schmerzen behandeln und den Heilungsprozess f\u00f6rdern.<\/span><\/p>\n<h3 class=\"western\"><span lang=\"de-DE\">Inhaltsstoffe pro 100g:<\/span><\/h3>\n<p class=\"western\"><span lang=\"de-DE\">1.0g Kampfer, 0.6g Menthol \u00d6l, 0.5g Eukalyptus \u00d6l, 0.3g Menthol, 0.2g Paprikaextrakt.<\/span><\/p>\n<h3 class=\"western\"><span lang=\"de-DE\">Wie man sie anwendet:<\/span><\/h3>\n<p class=\"western\"><span lang=\"de-DE\">Reinigen und trocknen Sie die zu behandelnde Stelle. Ziehen Sie die Schutzfolie ab und legen Sie das Pflaster 1-2 am Tag auf die betroffene Stelle. F\u00fcr das beste Resultat, sollten Sie das Pflaster eine halbe Stunde nach dem Baden und eine Stunde vor dem Baden, anbringen.<\/span><\/p>\n<h3 class=\"western\"><span lang=\"de-DE\">Aufbewahrung:<\/span><\/h3>\n<p class=\"western\"><span lang=\"de-DE\">Au\u00dferhalb der Reichweite von Kindern aufbewahren. An einem trockenen und k\u00fchlen Ort aufbewahren und vor direkter Sonneneinstrahlung sch\u00fctzen. Das Pflaster sollte sich nicht \u00fcber 25\u00b0 C erw\u00e4rmen und nicht zu lange an der Luft liegen.<\/span><\/p>\n<h3 class=\"western\"><span lang=\"de-DE\">Anwendungsbereich:<\/span><\/h3>\n<p class=\"western\"><span lang=\"de-DE\">Das Tigerbalsam medizinische Pflaster RD, ist nur f\u00fcr die \u00e4u\u00dferliche Anwendung. Nicht in der n\u00e4he der Augen, Schleimh\u00e4ute, Wunden oder entz\u00fcndeter Haut anwenden. Sollte sich eine Hautreizung bilden, benutzen Sie das Pflaster bitte nicht mehr und konsultieren Sie einen Arzt. Nicht w\u00e4hrend einer Schwangerschaft oder bei Anzeichen einer allergischen Reaktion wie; Ausschlag, R\u00f6tung, Juckreiz und Ausschl\u00e4gen benutzen. Verwahren Sie die Pflaster in der Originalverpackung, um die schmerzlindernden Mittel zu bewahren. Kinder sollten sie nur unter Aufsicht Erwachsener benutzen.<\/span><\/p>\n","protected":false},"excerpt":{"rendered":"<p><b>Packung:<\/b> 4 Pflaster<br \/>\n<b>Gr\u00f6\u00dfe<\/b><b>:<\/b> 10 x 14cm<br \/>\n<b>Herkunftsland<\/b><b>:<\/b> Thailand<\/p>\n","protected":false},"featured_media":793,"comment_status":"open","ping_status":"closed","template":"","meta":{"_exactmetrics_skip_tracking":false,"_exactmetrics_sitenote_active":false,"_exactmetrics_sitenote_note":"","_exactmetrics_sitenote_category":0,"jetpack_post_was_ever_published":false},"product_cat":[87],"product_tag":[],"yoast_head":"<!-- This site is optimized with the Yoast SEO plugin v22.3 - https:\/\/yoast.com\/wordpress\/plugins\/seo\/ -->\n<title>Tigerbalsam \u2013 Warme, medizinische Pflaster \u2013\u00a0 4 Pflaster - Thai-Inhaler.com<\/title>\n<meta name=\"robots\" content=\"index, follow, max-snippet:-1, max-image-preview:large, max-video-preview:-1\" \/>\n<link rel=\"canonical\" href=\"https:\/\/thai-inhaler.com\/de\/shop\/pflaster\/tigerbalsam-warme-medizinische-pflaster-4-pflaster\/\" \/>\n<meta property=\"og:locale\" content=\"de_DE\" \/>\n<meta property=\"og:type\" content=\"article\" \/>\n<meta property=\"og:title\" content=\"Tigerbalsam \u2013 Warme, medizinische Pflaster \u2013\u00a0 4 Pflaster - Thai-Inhaler.com\" \/>\n<meta property=\"og:description\" content=\"Packung: 4 Pflaster Gr\u00f6\u00dfe: 10 x 14cm Herkunftsland: Thailand\" \/>\n<meta property=\"og:url\" content=\"https:\/\/thai-inhaler.com\/de\/shop\/pflaster\/tigerbalsam-warme-medizinische-pflaster-4-pflaster\/\" \/>\n<meta property=\"og:site_name\" content=\"Thai-Inhaler.com\" \/>\n<meta property=\"article:modified_time\" content=\"2023-08-11T11:54:07+00:00\" \/>\n<meta property=\"og:image\" content=\"https:\/\/i0.wp.com\/thai-inhaler.com\/wp-content\/uploads\/2017\/08\/IMG_2948.jpg?fit=900%2C900&ssl=1\" \/>\n\t<meta property=\"og:image:width\" content=\"900\" \/>\n\t<meta property=\"og:image:height\" content=\"900\" \/>\n\t<meta property=\"og:image:type\" content=\"image\/jpeg\" \/>\n<meta name=\"twitter:card\" content=\"summary_large_image\" \/>\n<meta name=\"twitter:label1\" content=\"Gesch\u00e4tzte Lesezeit\" \/>\n\t<meta name=\"twitter:data1\" content=\"1 Minute\" \/>\n<script type=\"application\/ld+json\" class=\"yoast-schema-graph\">{\"@context\":\"https:\/\/schema.org\",\"@graph\":[{\"@type\":\"WebPage\",\"@id\":\"https:\/\/thai-inhaler.com\/de\/shop\/pflaster\/tigerbalsam-warme-medizinische-pflaster-4-pflaster\/\",\"url\":\"https:\/\/thai-inhaler.com\/de\/shop\/pflaster\/tigerbalsam-warme-medizinische-pflaster-4-pflaster\/\",\"name\":\"Tigerbalsam \u2013 Warme, medizinische Pflaster \u2013\u00a0 4 Pflaster - Thai-Inhaler.com\",\"isPartOf\":{\"@id\":\"https:\/\/thai-inhaler.com\/#website\"},\"primaryImageOfPage\":{\"@id\":\"https:\/\/thai-inhaler.com\/de\/shop\/pflaster\/tigerbalsam-warme-medizinische-pflaster-4-pflaster\/#primaryimage\"},\"image\":{\"@id\":\"https:\/\/thai-inhaler.com\/de\/shop\/pflaster\/tigerbalsam-warme-medizinische-pflaster-4-pflaster\/#primaryimage\"},\"thumbnailUrl\":\"https:\/\/i0.wp.com\/thai-inhaler.com\/wp-content\/uploads\/2017\/08\/IMG_2948.jpg?fit=900%2C900&ssl=1\",\"datePublished\":\"2017-08-15T16:39:09+00:00\",\"dateModified\":\"2023-08-11T11:54:07+00:00\",\"breadcrumb\":{\"@id\":\"https:\/\/thai-inhaler.com\/de\/shop\/pflaster\/tigerbalsam-warme-medizinische-pflaster-4-pflaster\/#breadcrumb\"},\"inLanguage\":\"de-DE\",\"potentialAction\":[{\"@type\":\"ReadAction\",\"target\":[\"https:\/\/thai-inhaler.com\/de\/shop\/pflaster\/tigerbalsam-warme-medizinische-pflaster-4-pflaster\/\"]}]},{\"@type\":\"ImageObject\",\"inLanguage\":\"de-DE\",\"@id\":\"https:\/\/thai-inhaler.com\/de\/shop\/pflaster\/tigerbalsam-warme-medizinische-pflaster-4-pflaster\/#primaryimage\",\"url\":\"https:\/\/i0.wp.com\/thai-inhaler.com\/wp-content\/uploads\/2017\/08\/IMG_2948.jpg?fit=900%2C900&ssl=1\",\"contentUrl\":\"https:\/\/i0.wp.com\/thai-inhaler.com\/wp-content\/uploads\/2017\/08\/IMG_2948.jpg?fit=900%2C900&ssl=1\",\"width\":900,\"height\":900,\"caption\":\"Tigerbalsam \u2013 Warme, medizinische Pflaster \u2013 4 Pflaster\"},{\"@type\":\"BreadcrumbList\",\"@id\":\"https:\/\/thai-inhaler.com\/de\/shop\/pflaster\/tigerbalsam-warme-medizinische-pflaster-4-pflaster\/#breadcrumb\",\"itemListElement\":[{\"@type\":\"ListItem\",\"position\":1,\"name\":\"Home\",\"item\":\"https:\/\/thai-inhaler.com\/\"},{\"@type\":\"ListItem\",\"position\":2,\"name\":\"Shop\",\"item\":\"https:\/\/thai-inhaler.com\/shop\/\"},{\"@type\":\"ListItem\",\"position\":3,\"name\":\"Tigerbalsam \u2013 Warme, medizinische Pflaster \u2013\u00a0 4 Pflaster\"}]},{\"@type\":\"WebSite\",\"@id\":\"https:\/\/thai-inhaler.com\/#website\",\"url\":\"https:\/\/thai-inhaler.com\/\",\"name\":\"Thai-Inhaler.com\",\"description\":\"Thai Herbal Products, Inhalers, Balms, Plasters On Sale\",\"publisher\":{\"@id\":\"https:\/\/thai-inhaler.com\/#organization\"},\"potentialAction\":[{\"@type\":\"SearchAction\",\"target\":{\"@type\":\"EntryPoint\",\"urlTemplate\":\"https:\/\/thai-inhaler.com\/?s={search_term_string}\"},\"query-input\":\"required name=search_term_string\"}],\"inLanguage\":\"de-DE\"},{\"@type\":\"Organization\",\"@id\":\"https:\/\/thai-inhaler.com\/#organization\",\"name\":\"Thai-Inhaler.com\",\"url\":\"https:\/\/thai-inhaler.com\/\",\"logo\":{\"@type\":\"ImageObject\",\"inLanguage\":\"de-DE\",\"@id\":\"https:\/\/thai-inhaler.com\/#\/schema\/logo\/image\/\",\"url\":\"https:\/\/i0.wp.com\/thai-inhaler.com\/wp-content\/uploads\/2017\/08\/cropped-logoThaiinhaler-01.png?fit=460%2C160&ssl=1\",\"contentUrl\":\"https:\/\/i0.wp.com\/thai-inhaler.com\/wp-content\/uploads\/2017\/08\/cropped-logoThaiinhaler-01.png?fit=460%2C160&ssl=1\",\"width\":460,\"height\":160,\"caption\":\"Thai-Inhaler.com\"},\"image\":{\"@id\":\"https:\/\/thai-inhaler.com\/#\/schema\/logo\/image\/\"}}]}<\/script>\n<!-- \/ Yoast SEO plugin. -->","yoast_head_json":{"title":"Tigerbalsam \u2013 Warme, medizinische Pflaster \u2013\u00a0 4 Pflaster - Thai-Inhaler.com","robots":{"index":"index","follow":"follow","max-snippet":"max-snippet:-1","max-image-preview":"max-image-preview:large","max-video-preview":"max-video-preview:-1"},"canonical":"https:\/\/thai-inhaler.com\/de\/shop\/pflaster\/tigerbalsam-warme-medizinische-pflaster-4-pflaster\/","og_locale":"de_DE","og_type":"article","og_title":"Tigerbalsam \u2013 Warme, medizinische Pflaster \u2013\u00a0 4 Pflaster - Thai-Inhaler.com","og_description":"Packung: 4 Pflaster Gr\u00f6\u00dfe: 10 x 14cm Herkunftsland: Thailand","og_url":"https:\/\/thai-inhaler.com\/de\/shop\/pflaster\/tigerbalsam-warme-medizinische-pflaster-4-pflaster\/","og_site_name":"Thai-Inhaler.com","article_modified_time":"2023-08-11T11:54:07+00:00","og_image":[{"width":900,"height":900,"url":"https:\/\/i0.wp.com\/thai-inhaler.com\/wp-content\/uploads\/2017\/08\/IMG_2948.jpg?fit=900%2C900&ssl=1","type":"image\/jpeg"}],"twitter_card":"summary_large_image","twitter_misc":{"Gesch\u00e4tzte Lesezeit":"1 Minute"},"schema":{"@context":"https:\/\/schema.org","@graph":[{"@type":"WebPage","@id":"https:\/\/thai-inhaler.com\/de\/shop\/pflaster\/tigerbalsam-warme-medizinische-pflaster-4-pflaster\/","url":"https:\/\/thai-inhaler.com\/de\/shop\/pflaster\/tigerbalsam-warme-medizinische-pflaster-4-pflaster\/","name":"Tigerbalsam \u2013 Warme, medizinische Pflaster \u2013\u00a0 4 Pflaster - Thai-Inhaler.com","isPartOf":{"@id":"https:\/\/thai-inhaler.com\/#website"},"primaryImageOfPage":{"@id":"https:\/\/thai-inhaler.com\/de\/shop\/pflaster\/tigerbalsam-warme-medizinische-pflaster-4-pflaster\/#primaryimage"},"image":{"@id":"https:\/\/thai-inhaler.com\/de\/shop\/pflaster\/tigerbalsam-warme-medizinische-pflaster-4-pflaster\/#primaryimage"},"thumbnailUrl":"https:\/\/i0.wp.com\/thai-inhaler.com\/wp-content\/uploads\/2017\/08\/IMG_2948.jpg?fit=900%2C900&ssl=1","datePublished":"2017-08-15T16:39:09+00:00","dateModified":"2023-08-11T11:54:07+00:00","breadcrumb":{"@id":"https:\/\/thai-inhaler.com\/de\/shop\/pflaster\/tigerbalsam-warme-medizinische-pflaster-4-pflaster\/#breadcrumb"},"inLanguage":"de-DE","potentialAction":[{"@type":"ReadAction","target":["https:\/\/thai-inhaler.com\/de\/shop\/pflaster\/tigerbalsam-warme-medizinische-pflaster-4-pflaster\/"]}]},{"@type":"ImageObject","inLanguage":"de-DE","@id":"https:\/\/thai-inhaler.com\/de\/shop\/pflaster\/tigerbalsam-warme-medizinische-pflaster-4-pflaster\/#primaryimage","url":"https:\/\/i0.wp.com\/thai-inhaler.com\/wp-content\/uploads\/2017\/08\/IMG_2948.jpg?fit=900%2C900&ssl=1","contentUrl":"https:\/\/i0.wp.com\/thai-inhaler.com\/wp-content\/uploads\/2017\/08\/IMG_2948.jpg?fit=900%2C900&ssl=1","width":900,"height":900,"caption":"Tigerbalsam \u2013 Warme, medizinische Pflaster \u2013 4 Pflaster"},{"@type":"BreadcrumbList","@id":"https:\/\/thai-inhaler.com\/de\/shop\/pflaster\/tigerbalsam-warme-medizinische-pflaster-4-pflaster\/#breadcrumb","itemListElement":[{"@type":"ListItem","position":1,"name":"Home","item":"https:\/\/thai-inhaler.com\/"},{"@type":"ListItem","position":2,"name":"Shop","item":"https:\/\/thai-inhaler.com\/shop\/"},{"@type":"ListItem","position":3,"name":"Tigerbalsam \u2013 Warme, medizinische Pflaster \u2013\u00a0 4 Pflaster"}]},{"@type":"WebSite","@id":"https:\/\/thai-inhaler.com\/#website","url":"https:\/\/thai-inhaler.com\/","name":"Thai-Inhaler.com","description":"Thai Herbal Products, Inhalers, Balms, Plasters On Sale","publisher":{"@id":"https:\/\/thai-inhaler.com\/#organization"},"potentialAction":[{"@type":"SearchAction","target":{"@type":"EntryPoint","urlTemplate":"https:\/\/thai-inhaler.com\/?s={search_term_string}"},"query-input":"required name=search_term_string"}],"inLanguage":"de-DE"},{"@type":"Organization","@id":"https:\/\/thai-inhaler.com\/#organization","name":"Thai-Inhaler.com","url":"https:\/\/thai-inhaler.com\/","logo":{"@type":"ImageObject","inLanguage":"de-DE","@id":"https:\/\/thai-inhaler.com\/#\/schema\/logo\/image\/","url":"https:\/\/i0.wp.com\/thai-inhaler.com\/wp-content\/uploads\/2017\/08\/cropped-logoThaiinhaler-01.png?fit=460%2C160&ssl=1","contentUrl":"https:\/\/i0.wp.com\/thai-inhaler.com\/wp-content\/uploads\/2017\/08\/cropped-logoThaiinhaler-01.png?fit=460%2C160&ssl=1","width":460,"height":160,"caption":"Thai-Inhaler.com"},"image":{"@id":"https:\/\/thai-inhaler.com\/#\/schema\/logo\/image\/"}}]}},"jetpack_sharing_enabled":true,"_links":{"self":[{"href":"https:\/\/thai-inhaler.com\/de\/wp-json\/wp\/v2\/product\/792"}],"collection":[{"href":"https:\/\/thai-inhaler.com\/de\/wp-json\/wp\/v2\/product"}],"about":[{"href":"https:\/\/thai-inhaler.com\/de\/wp-json\/wp\/v2\/types\/product"}],"replies":[{"embeddable":true,"href":"https:\/\/thai-inhaler.com\/de\/wp-json\/wp\/v2\/comments?post=792"}],"wp:featuredmedia":[{"embeddable":true,"href":"https:\/\/thai-inhaler.com\/de\/wp-json\/wp\/v2\/media\/793"}],"wp:attachment":[{"href":"https:\/\/thai-inhaler.com\/de\/wp-json\/wp\/v2\/media?parent=792"}],"wp:term":[{"taxonomy":"product_cat","embeddable":true,"href":"https:\/\/thai-inhaler.com\/de\/wp-json\/wp\/v2\/product_cat?post=792"},{"taxonomy":"product_tag","embeddable":true,"href":"https:\/\/thai-inhaler.com\/de\/wp-json\/wp\/v2\/product_tag?post=792"}],"curies":[{"name":"wp","href":"https:\/\/api.w.org\/{rel}","templated":true}]}}