{"id":713,"date":"2017-08-13T19:47:55","date_gmt":"2017-08-13T17:47:55","guid":{"rendered":"https:\/\/thai-inhaler.com\/shop\/unkategorisiert\/peppermint-field-thailandinscher-nasen-inhalator-und-ol-1-stuck\/"},"modified":"2024-01-10T21:39:08","modified_gmt":"2024-01-10T20:39:08","slug":"peppermint-field-thailandischer-nasen-inhalator-und-ol-1-stuck","status":"publish","type":"product","link":"https:\/\/thai-inhaler.com\/de\/shop\/inhalatoren\/peppermint-field-thailandischer-nasen-inhalator-und-ol-1-stuck\/","title":{"rendered":"Peppermint Field &#8211; Thail\u00e4ndischer Nasen Inhalator und \u00d6l &#8211; 1 St\u00fcck"},"content":{"rendered":"<h2 style=\"text-align: left;\" align=\"center\">Peppermint Field &#8211; Thail\u00e4ndischer Nasen Inhalator und \u00d6l &#8211; 1 St\u00fcck<\/h2>\n<p>Thail\u00e4ndische Peppermint Field (Pfefferminzfeld) Inhalatoren bieten eine bequeme und effektive Art, viele K\u00f6rperliche leiden zu lindern, wie zum Beispiel eine blockierte Nase, Insektenstiche und Schwindel. Um genau zu sein, werden Sie, wenn sie Thailand besuchen, \u00fcberall Menschen sehen, die so etwas in ihrer Nase stechen haben und das s\u00fc\u00dfe Aroma auch in Taxis und Restaurants riechen. Der Inhalator ist auch gut um die Sinne zu erfrischen, damit h\u00e4lt er Sie Aufmerksam, falls Sie sich m\u00fcde f\u00fchlen.<\/p>\n<h3>Produkt Wirksamkeit:<\/h3>\n<p>Der Peppermint Field Thail\u00e4ndische Nasen Inhalator wird genutzt um Erk\u00e4ltungen zu behandeln, verstopfte Nasen zu befreien, Reisekrankheit, Schwindel und Hitzschl\u00e4ge zu lindern. Er ist auch wirksam gegen Insektenstiche. Tragen Sie einfach ein wenig auf die betroffene Stelle auf, um die Schwellung oder den Juckreiz zu lindern.<\/p>\n<h3>Wie man ihn benutzt:<\/h3>\n<p>Der Peppetmint Field \u2013 Thail\u00e4ndische Nasen Inhalator und \u00d6l kommt in einer doppelt-nutzbaren Flasche, bei der eine Seite f\u00fcr die Nasen-Inhalation und die andere Seite das \u00d6l enth\u00e4lt, das Sie sich auf die Schl\u00e4fen oder auf Insektenstiche reiben k\u00f6nnen.<\/p>\n<p>Bleiben Sie im Winter mit diesem wundervollen Produkt das ganz-j\u00e4hrlich genutzt werden kann, Erk\u00e4ltungs-frei.<\/p>\n<h3>Warnung:<\/h3>\n<p>Der Peppermint Field \u2013 Thail\u00e4ndische Nasen Inhalator und \u00d6l sollte niemals geschluckt werden, er ist nur f\u00fcr die \u00e4u\u00dfere Anwendung. Um Reizungen zu vermeiden, halten Sie ihn von Augen, Schleimh\u00e4uten, verletzter Haut, Wunden und Ausschl\u00e4gen fern. Zu guter Letzt, bewahren Sie dieses Produkt au\u00dferhalb der Reichweite von Kindern auf.<\/p>\n","protected":false},"excerpt":{"rendered":"<p><strong>Herkunftsland:<\/strong> Thailand<br \/>\n<strong>Haltbarkeit:<\/strong> 3 Jahre<br \/>\n<strong>Produkt Typ:<\/strong> Massage &amp; Entspannung<\/p>\n","protected":false},"featured_media":717,"comment_status":"open","ping_status":"closed","template":"","meta":{"_exactmetrics_skip_tracking":false,"_exactmetrics_sitenote_active":false,"_exactmetrics_sitenote_note":"","_exactmetrics_sitenote_category":0,"jetpack_post_was_ever_published":false},"product_cat":[86],"product_tag":[],"yoast_head":"<!-- This site is optimized with the Yoast SEO plugin v22.3 - https:\/\/yoast.com\/wordpress\/plugins\/seo\/ -->\n<title>Peppermint Field - Thail\u00e4ndischer Nasen Inhalator und \u00d6l - 1 St\u00fcck - Thai-Inhaler.com<\/title>\n<meta name=\"robots\" content=\"index, follow, max-snippet:-1, max-image-preview:large, max-video-preview:-1\" \/>\n<link rel=\"canonical\" href=\"https:\/\/thai-inhaler.com\/de\/shop\/inhalers\/peppermint-field-thailandischer-nasen-inhalator-und-ol-1-stuck\/\" \/>\n<meta property=\"og:locale\" content=\"de_DE\" \/>\n<meta property=\"og:type\" content=\"article\" \/>\n<meta property=\"og:title\" content=\"Peppermint Field - Thail\u00e4ndischer Nasen Inhalator und \u00d6l - 1 St\u00fcck - Thai-Inhaler.com\" \/>\n<meta property=\"og:description\" content=\"Herkunftsland: Thailand Haltbarkeit: 3 Jahre Produkt Typ: Massage &amp; Entspannung\" \/>\n<meta property=\"og:url\" content=\"https:\/\/thai-inhaler.com\/de\/shop\/inhalers\/peppermint-field-thailandischer-nasen-inhalator-und-ol-1-stuck\/\" \/>\n<meta property=\"og:site_name\" content=\"Thai-Inhaler.com\" \/>\n<meta property=\"article:modified_time\" content=\"2024-01-10T20:39:08+00:00\" \/>\n<meta property=\"og:image\" content=\"https:\/\/thai-inhaler.com\/wp-content\/uploads\/2017\/08\/IMG_2937.jpg\" \/>\n\t<meta property=\"og:image:width\" content=\"800\" \/>\n\t<meta property=\"og:image:height\" content=\"800\" \/>\n\t<meta property=\"og:image:type\" content=\"image\/jpeg\" \/>\n<meta name=\"twitter:card\" content=\"summary_large_image\" \/>\n<meta name=\"twitter:label1\" content=\"Gesch\u00e4tzte Lesezeit\" \/>\n\t<meta name=\"twitter:data1\" content=\"2 Minuten\" \/>\n<script type=\"application\/ld+json\" class=\"yoast-schema-graph\">{\"@context\":\"https:\/\/schema.org\",\"@graph\":[{\"@type\":\"WebPage\",\"@id\":\"https:\/\/thai-inhaler.com\/de\/shop\/inhalers\/peppermint-field-thailandischer-nasen-inhalator-und-ol-1-stuck\/\",\"url\":\"https:\/\/thai-inhaler.com\/de\/shop\/inhalers\/peppermint-field-thailandischer-nasen-inhalator-und-ol-1-stuck\/\",\"name\":\"Peppermint Field - Thail\u00e4ndischer Nasen Inhalator und \u00d6l - 1 St\u00fcck - Thai-Inhaler.com\",\"isPartOf\":{\"@id\":\"https:\/\/thai-inhaler.com\/#website\"},\"primaryImageOfPage\":{\"@id\":\"https:\/\/thai-inhaler.com\/de\/shop\/inhalers\/peppermint-field-thailandischer-nasen-inhalator-und-ol-1-stuck\/#primaryimage\"},\"image\":{\"@id\":\"https:\/\/thai-inhaler.com\/de\/shop\/inhalers\/peppermint-field-thailandischer-nasen-inhalator-und-ol-1-stuck\/#primaryimage\"},\"thumbnailUrl\":\"https:\/\/i0.wp.com\/thai-inhaler.com\/wp-content\/uploads\/2017\/08\/IMG_2937.jpg?fit=800%2C800&ssl=1\",\"datePublished\":\"2017-08-13T17:47:55+00:00\",\"dateModified\":\"2024-01-10T20:39:08+00:00\",\"breadcrumb\":{\"@id\":\"https:\/\/thai-inhaler.com\/de\/shop\/inhalers\/peppermint-field-thailandischer-nasen-inhalator-und-ol-1-stuck\/#breadcrumb\"},\"inLanguage\":\"de-DE\",\"potentialAction\":[{\"@type\":\"ReadAction\",\"target\":[\"https:\/\/thai-inhaler.com\/de\/shop\/inhalers\/peppermint-field-thailandischer-nasen-inhalator-und-ol-1-stuck\/\"]}]},{\"@type\":\"ImageObject\",\"inLanguage\":\"de-DE\",\"@id\":\"https:\/\/thai-inhaler.com\/de\/shop\/inhalers\/peppermint-field-thailandischer-nasen-inhalator-und-ol-1-stuck\/#primaryimage\",\"url\":\"https:\/\/i0.wp.com\/thai-inhaler.com\/wp-content\/uploads\/2017\/08\/IMG_2937.jpg?fit=800%2C800&ssl=1\",\"contentUrl\":\"https:\/\/i0.wp.com\/thai-inhaler.com\/wp-content\/uploads\/2017\/08\/IMG_2937.jpg?fit=800%2C800&ssl=1\",\"width\":800,\"height\":800,\"caption\":\"Peppermint Field - Thail\u00e4ndischer Nasen Inhalator und \u00d6l - 1 St\u00fcck\"},{\"@type\":\"BreadcrumbList\",\"@id\":\"https:\/\/thai-inhaler.com\/de\/shop\/inhalers\/peppermint-field-thailandischer-nasen-inhalator-und-ol-1-stuck\/#breadcrumb\",\"itemListElement\":[{\"@type\":\"ListItem\",\"position\":1,\"name\":\"Home\",\"item\":\"https:\/\/thai-inhaler.com\/\"},{\"@type\":\"ListItem\",\"position\":2,\"name\":\"Shop\",\"item\":\"https:\/\/thai-inhaler.com\/shop\/\"},{\"@type\":\"ListItem\",\"position\":3,\"name\":\"Peppermint Field &#8211; Thail\u00e4ndischer Nasen Inhalator und \u00d6l &#8211; 1 St\u00fcck\"}]},{\"@type\":\"WebSite\",\"@id\":\"https:\/\/thai-inhaler.com\/#website\",\"url\":\"https:\/\/thai-inhaler.com\/\",\"name\":\"Thai-Inhaler.com\",\"description\":\"Thai Herbal Products, Inhalers, Balms, Plasters On Sale\",\"publisher\":{\"@id\":\"https:\/\/thai-inhaler.com\/#organization\"},\"potentialAction\":[{\"@type\":\"SearchAction\",\"target\":{\"@type\":\"EntryPoint\",\"urlTemplate\":\"https:\/\/thai-inhaler.com\/?s={search_term_string}\"},\"query-input\":\"required name=search_term_string\"}],\"inLanguage\":\"de-DE\"},{\"@type\":\"Organization\",\"@id\":\"https:\/\/thai-inhaler.com\/#organization\",\"name\":\"Thai-Inhaler.com\",\"url\":\"https:\/\/thai-inhaler.com\/\",\"logo\":{\"@type\":\"ImageObject\",\"inLanguage\":\"de-DE\",\"@id\":\"https:\/\/thai-inhaler.com\/#\/schema\/logo\/image\/\",\"url\":\"https:\/\/i0.wp.com\/thai-inhaler.com\/wp-content\/uploads\/2017\/08\/cropped-logoThaiinhaler-01.png?fit=460%2C160&ssl=1\",\"contentUrl\":\"https:\/\/i0.wp.com\/thai-inhaler.com\/wp-content\/uploads\/2017\/08\/cropped-logoThaiinhaler-01.png?fit=460%2C160&ssl=1\",\"width\":460,\"height\":160,\"caption\":\"Thai-Inhaler.com\"},\"image\":{\"@id\":\"https:\/\/thai-inhaler.com\/#\/schema\/logo\/image\/\"}}]}<\/script>\n<!-- \/ Yoast SEO plugin. -->","yoast_head_json":{"title":"Peppermint Field - Thail\u00e4ndischer Nasen Inhalator und \u00d6l - 1 St\u00fcck - Thai-Inhaler.com","robots":{"index":"index","follow":"follow","max-snippet":"max-snippet:-1","max-image-preview":"max-image-preview:large","max-video-preview":"max-video-preview:-1"},"canonical":"https:\/\/thai-inhaler.com\/de\/shop\/inhalers\/peppermint-field-thailandischer-nasen-inhalator-und-ol-1-stuck\/","og_locale":"de_DE","og_type":"article","og_title":"Peppermint Field - Thail\u00e4ndischer Nasen Inhalator und \u00d6l - 1 St\u00fcck - Thai-Inhaler.com","og_description":"Herkunftsland: Thailand Haltbarkeit: 3 Jahre Produkt Typ: Massage &amp; Entspannung","og_url":"https:\/\/thai-inhaler.com\/de\/shop\/inhalers\/peppermint-field-thailandischer-nasen-inhalator-und-ol-1-stuck\/","og_site_name":"Thai-Inhaler.com","article_modified_time":"2024-01-10T20:39:08+00:00","og_image":[{"width":800,"height":800,"url":"https:\/\/thai-inhaler.com\/wp-content\/uploads\/2017\/08\/IMG_2937.jpg","type":"image\/jpeg"}],"twitter_card":"summary_large_image","twitter_misc":{"Gesch\u00e4tzte Lesezeit":"2 Minuten"},"schema":{"@context":"https:\/\/schema.org","@graph":[{"@type":"WebPage","@id":"https:\/\/thai-inhaler.com\/de\/shop\/inhalers\/peppermint-field-thailandischer-nasen-inhalator-und-ol-1-stuck\/","url":"https:\/\/thai-inhaler.com\/de\/shop\/inhalers\/peppermint-field-thailandischer-nasen-inhalator-und-ol-1-stuck\/","name":"Peppermint Field - Thail\u00e4ndischer Nasen Inhalator und \u00d6l - 1 St\u00fcck - Thai-Inhaler.com","isPartOf":{"@id":"https:\/\/thai-inhaler.com\/#website"},"primaryImageOfPage":{"@id":"https:\/\/thai-inhaler.com\/de\/shop\/inhalers\/peppermint-field-thailandischer-nasen-inhalator-und-ol-1-stuck\/#primaryimage"},"image":{"@id":"https:\/\/thai-inhaler.com\/de\/shop\/inhalers\/peppermint-field-thailandischer-nasen-inhalator-und-ol-1-stuck\/#primaryimage"},"thumbnailUrl":"https:\/\/i0.wp.com\/thai-inhaler.com\/wp-content\/uploads\/2017\/08\/IMG_2937.jpg?fit=800%2C800&ssl=1","datePublished":"2017-08-13T17:47:55+00:00","dateModified":"2024-01-10T20:39:08+00:00","breadcrumb":{"@id":"https:\/\/thai-inhaler.com\/de\/shop\/inhalers\/peppermint-field-thailandischer-nasen-inhalator-und-ol-1-stuck\/#breadcrumb"},"inLanguage":"de-DE","potentialAction":[{"@type":"ReadAction","target":["https:\/\/thai-inhaler.com\/de\/shop\/inhalers\/peppermint-field-thailandischer-nasen-inhalator-und-ol-1-stuck\/"]}]},{"@type":"ImageObject","inLanguage":"de-DE","@id":"https:\/\/thai-inhaler.com\/de\/shop\/inhalers\/peppermint-field-thailandischer-nasen-inhalator-und-ol-1-stuck\/#primaryimage","url":"https:\/\/i0.wp.com\/thai-inhaler.com\/wp-content\/uploads\/2017\/08\/IMG_2937.jpg?fit=800%2C800&ssl=1","contentUrl":"https:\/\/i0.wp.com\/thai-inhaler.com\/wp-content\/uploads\/2017\/08\/IMG_2937.jpg?fit=800%2C800&ssl=1","width":800,"height":800,"caption":"Peppermint Field - Thail\u00e4ndischer Nasen Inhalator und \u00d6l - 1 St\u00fcck"},{"@type":"BreadcrumbList","@id":"https:\/\/thai-inhaler.com\/de\/shop\/inhalers\/peppermint-field-thailandischer-nasen-inhalator-und-ol-1-stuck\/#breadcrumb","itemListElement":[{"@type":"ListItem","position":1,"name":"Home","item":"https:\/\/thai-inhaler.com\/"},{"@type":"ListItem","position":2,"name":"Shop","item":"https:\/\/thai-inhaler.com\/shop\/"},{"@type":"ListItem","position":3,"name":"Peppermint Field &#8211; Thail\u00e4ndischer Nasen Inhalator und \u00d6l &#8211; 1 St\u00fcck"}]},{"@type":"WebSite","@id":"https:\/\/thai-inhaler.com\/#website","url":"https:\/\/thai-inhaler.com\/","name":"Thai-Inhaler.com","description":"Thai Herbal Products, Inhalers, Balms, Plasters On Sale","publisher":{"@id":"https:\/\/thai-inhaler.com\/#organization"},"potentialAction":[{"@type":"SearchAction","target":{"@type":"EntryPoint","urlTemplate":"https:\/\/thai-inhaler.com\/?s={search_term_string}"},"query-input":"required name=search_term_string"}],"inLanguage":"de-DE"},{"@type":"Organization","@id":"https:\/\/thai-inhaler.com\/#organization","name":"Thai-Inhaler.com","url":"https:\/\/thai-inhaler.com\/","logo":{"@type":"ImageObject","inLanguage":"de-DE","@id":"https:\/\/thai-inhaler.com\/#\/schema\/logo\/image\/","url":"https:\/\/i0.wp.com\/thai-inhaler.com\/wp-content\/uploads\/2017\/08\/cropped-logoThaiinhaler-01.png?fit=460%2C160&ssl=1","contentUrl":"https:\/\/i0.wp.com\/thai-inhaler.com\/wp-content\/uploads\/2017\/08\/cropped-logoThaiinhaler-01.png?fit=460%2C160&ssl=1","width":460,"height":160,"caption":"Thai-Inhaler.com"},"image":{"@id":"https:\/\/thai-inhaler.com\/#\/schema\/logo\/image\/"}}]}},"jetpack_sharing_enabled":true,"_links":{"self":[{"href":"https:\/\/thai-inhaler.com\/de\/wp-json\/wp\/v2\/product\/713"}],"collection":[{"href":"https:\/\/thai-inhaler.com\/de\/wp-json\/wp\/v2\/product"}],"about":[{"href":"https:\/\/thai-inhaler.com\/de\/wp-json\/wp\/v2\/types\/product"}],"replies":[{"embeddable":true,"href":"https:\/\/thai-inhaler.com\/de\/wp-json\/wp\/v2\/comments?post=713"}],"wp:featuredmedia":[{"embeddable":true,"href":"https:\/\/thai-inhaler.com\/de\/wp-json\/wp\/v2\/media\/717"}],"wp:attachment":[{"href":"https:\/\/thai-inhaler.com\/de\/wp-json\/wp\/v2\/media?parent=713"}],"wp:term":[{"taxonomy":"product_cat","embeddable":true,"href":"https:\/\/thai-inhaler.com\/de\/wp-json\/wp\/v2\/product_cat?post=713"},{"taxonomy":"product_tag","embeddable":true,"href":"https:\/\/thai-inhaler.com\/de\/wp-json\/wp\/v2\/product_tag?post=713"}],"curies":[{"name":"wp","href":"https:\/\/api.w.org\/{rel}","templated":true}]}}