{"id":705,"date":"2017-08-10T22:05:57","date_gmt":"2017-08-10T20:05:57","guid":{"rendered":"https:\/\/thai-inhaler.com\/shop\/unkategorisiert\/cher-aim-thailandischer-krauter-nasen-inhalator-2-stuck\/"},"modified":"2023-08-18T13:58:06","modified_gmt":"2023-08-18T11:58:06","slug":"cher-aim-thailandischer-krauter-nasen-inhalator-2-stuck","status":"publish","type":"product","link":"https:\/\/thai-inhaler.com\/de\/shop\/inhalatoren\/cher-aim-thailandischer-krauter-nasen-inhalator-2-stuck\/","title":{"rendered":"Cher-Aim &#8211; Thail\u00e4ndischer Kr\u00e4uter Nasen Inhalator &#8211; 1 St\u00fcck"},"content":{"rendered":"<h2 style=\"text-align: left\" align=\"CENTER\">Cher-Aim &#8211; Thail\u00e4ndischer Kr\u00e4uter Nasen Inhalator &#8211; 1 St\u00fcck<\/h2>\n<p>Der Cher-Aim \u2013 Thail\u00e4ndische Kr\u00e4uter Nasen Inhalator ist ein normales Haushaltsprodukt, das aus 11 Kr\u00e4utern hergestellt wurde, um die verschiedensten leiden zu lindern und als Erfrischung zu dienen.<\/p>\n<p>Im Westen nutzt man Inhalatoren \u00fcberwiegend, um verstopfte Nasen zu befreien. Jedoch k\u00f6nnen \u00c4therische Kr\u00e4uter\u00f6le noch viel mehr bewirken, wie zum Beispiel den Geist zu erfrischen und dem K\u00f6rper neue Energie zu geben. Also, wenn Sie das n\u00e4chste mal einen Thail\u00e4nder sehen der an etwas riecht, er nimmt keine Drogen, sondern lindert nur ein leiden.<\/p>\n<h3>Inhaltsstoffe:<\/h3>\n<p>Cher-Aim \u2013 Thail\u00e4ndischer Kr\u00e4uter Nasen Inhalator wird aus 100% nat\u00fcrlichen Kr\u00e4uterextrakten gefertigt. Deshalb bewirkt er auf ihrer Haut oder Nasenschleimhaut keine allergische Reaktionen. Die Haupt-Inhaltsstoffe sind: Paradiesholz, Gew\u00fcrzlilie, Nelken, Anis und S\u00fc\u00dfholz Extrak.<\/p>\n<h3>Produkt Wirksamkeit:<\/h3>\n<p>Cher-Aim \u2013 Thail\u00e4ndischer Kr\u00e4uter Nasen Inhalator kann genutzt werden, um viele leiden zu lindern und heilen, wie zum Beispiel: den Geist und K\u00f6rper zu erfrischen, einen Blutstau in der Nase abzubauen, eine verstopfte Nase zu befreien, Nikotinsucht zu lindern, Schwindel und Reisekrankheiten zu heilen, Rhinitis zu behandeln und um eine normale Erk\u00e4ltung zu behandeln.<\/p>\n<h3>Wie man ihn benutzt:<\/h3>\n<p>Wenn man mit einem tiefen Atemzug inhaliert, werden die puren Kr\u00e4uter\u00f6le im Cher-Aim \u2013 Thail\u00e4ndischer Kr\u00e4uter Nasen Inhalator die Effekte, die oben aufgef\u00fchrt sind, erzeugen und dadurch sofort ihre Symptome lindern.<\/p>\n<h3>Aufbewahrung:<\/h3>\n<p>F\u00fcr Kinder unzug\u00e4nglich Aufbewahren. Lagern Sie ihn an einem k\u00fchlen, trockenen Ort, ohne direkte Sonneneinstrahlung.<\/p>\n<p>&nbsp;<\/p>\n","protected":false},"excerpt":{"rendered":"<p><strong>Herkunftsland:<\/strong> Thailand<br \/>\n<strong>Haltbarkeit:<\/strong> 3 Jahre<\/p>\n","protected":false},"featured_media":712,"comment_status":"open","ping_status":"closed","template":"","meta":{"_exactmetrics_skip_tracking":false,"_exactmetrics_sitenote_active":false,"_exactmetrics_sitenote_note":"","_exactmetrics_sitenote_category":0,"jetpack_post_was_ever_published":false},"product_cat":[86,86],"product_tag":[],"yoast_head":"<!-- This site is optimized with the Yoast SEO plugin v22.3 - https:\/\/yoast.com\/wordpress\/plugins\/seo\/ -->\n<title>Cher-Aim - Thail\u00e4ndischer Kr\u00e4uter Nasen Inhalator - 1 St\u00fcck - Thai-Inhaler.com<\/title>\n<meta name=\"robots\" content=\"index, follow, max-snippet:-1, max-image-preview:large, max-video-preview:-1\" \/>\n<link rel=\"canonical\" href=\"https:\/\/thai-inhaler.com\/shop\/inhalers\/cher-aim-thailand-herbal-nasal-inhaler\/\" \/>\n<meta property=\"og:locale\" content=\"de_DE\" \/>\n<meta property=\"og:type\" content=\"article\" \/>\n<meta property=\"og:title\" content=\"Cher-Aim - Thail\u00e4ndischer Kr\u00e4uter Nasen Inhalator - 1 St\u00fcck - Thai-Inhaler.com\" \/>\n<meta property=\"og:description\" content=\"Herkunftsland: Thailand Haltbarkeit: 3 Jahre\" \/>\n<meta property=\"og:url\" content=\"https:\/\/thai-inhaler.com\/shop\/inhalers\/cher-aim-thailand-herbal-nasal-inhaler\/\" \/>\n<meta property=\"og:site_name\" content=\"Thai-Inhaler.com\" \/>\n<meta property=\"article:modified_time\" content=\"2023-08-18T11:58:06+00:00\" \/>\n<meta property=\"og:image\" content=\"https:\/\/thai-inhaler.com\/wp-content\/uploads\/2017\/08\/65B166EB-9AB8-4DEF-BD85-1A1D7C74759B.jpg\" \/>\n\t<meta property=\"og:image:width\" content=\"3024\" \/>\n\t<meta property=\"og:image:height\" content=\"3024\" \/>\n\t<meta property=\"og:image:type\" content=\"image\/jpeg\" \/>\n<meta name=\"twitter:card\" content=\"summary_large_image\" \/>\n<meta name=\"twitter:label1\" content=\"Gesch\u00e4tzte Lesezeit\" \/>\n\t<meta name=\"twitter:data1\" content=\"1 Minute\" \/>\n<script type=\"application\/ld+json\" class=\"yoast-schema-graph\">{\"@context\":\"https:\/\/schema.org\",\"@graph\":[{\"@type\":\"WebPage\",\"@id\":\"https:\/\/thai-inhaler.com\/shop\/inhalers\/cher-aim-thailand-herbal-nasal-inhaler\/\",\"url\":\"https:\/\/thai-inhaler.com\/shop\/inhalers\/cher-aim-thailand-herbal-nasal-inhaler\/\",\"name\":\"Cher-Aim - Thail\u00e4ndischer Kr\u00e4uter Nasen Inhalator - 1 St\u00fcck - Thai-Inhaler.com\",\"isPartOf\":{\"@id\":\"https:\/\/thai-inhaler.com\/#website\"},\"primaryImageOfPage\":{\"@id\":\"https:\/\/thai-inhaler.com\/shop\/inhalers\/cher-aim-thailand-herbal-nasal-inhaler\/#primaryimage\"},\"image\":{\"@id\":\"https:\/\/thai-inhaler.com\/shop\/inhalers\/cher-aim-thailand-herbal-nasal-inhaler\/#primaryimage\"},\"thumbnailUrl\":\"https:\/\/i0.wp.com\/thai-inhaler.com\/wp-content\/uploads\/2017\/08\/65B166EB-9AB8-4DEF-BD85-1A1D7C74759B.jpg?fit=3024%2C3024&ssl=1\",\"datePublished\":\"2017-08-10T20:05:57+00:00\",\"dateModified\":\"2023-08-18T11:58:06+00:00\",\"breadcrumb\":{\"@id\":\"https:\/\/thai-inhaler.com\/shop\/inhalers\/cher-aim-thailand-herbal-nasal-inhaler\/#breadcrumb\"},\"inLanguage\":\"de-DE\",\"potentialAction\":[{\"@type\":\"ReadAction\",\"target\":[\"https:\/\/thai-inhaler.com\/shop\/inhalers\/cher-aim-thailand-herbal-nasal-inhaler\/\"]}]},{\"@type\":\"ImageObject\",\"inLanguage\":\"de-DE\",\"@id\":\"https:\/\/thai-inhaler.com\/shop\/inhalers\/cher-aim-thailand-herbal-nasal-inhaler\/#primaryimage\",\"url\":\"https:\/\/i0.wp.com\/thai-inhaler.com\/wp-content\/uploads\/2017\/08\/65B166EB-9AB8-4DEF-BD85-1A1D7C74759B.jpg?fit=3024%2C3024&ssl=1\",\"contentUrl\":\"https:\/\/i0.wp.com\/thai-inhaler.com\/wp-content\/uploads\/2017\/08\/65B166EB-9AB8-4DEF-BD85-1A1D7C74759B.jpg?fit=3024%2C3024&ssl=1\",\"width\":3024,\"height\":3024,\"caption\":\"Cher-Aim - Thail\u00e4ndischer Kr\u00e4uter Nasen Inhalator - 2 St\u00fcck\"},{\"@type\":\"BreadcrumbList\",\"@id\":\"https:\/\/thai-inhaler.com\/shop\/inhalers\/cher-aim-thailand-herbal-nasal-inhaler\/#breadcrumb\",\"itemListElement\":[{\"@type\":\"ListItem\",\"position\":1,\"name\":\"Home\",\"item\":\"https:\/\/thai-inhaler.com\/\"},{\"@type\":\"ListItem\",\"position\":2,\"name\":\"Shop\",\"item\":\"https:\/\/thai-inhaler.com\/shop\/\"},{\"@type\":\"ListItem\",\"position\":3,\"name\":\"Cher-Aim &#8211; Thail\u00e4ndischer Kr\u00e4uter Nasen Inhalator &#8211; 1 St\u00fcck\"}]},{\"@type\":\"WebSite\",\"@id\":\"https:\/\/thai-inhaler.com\/#website\",\"url\":\"https:\/\/thai-inhaler.com\/\",\"name\":\"Thai-Inhaler.com\",\"description\":\"Thai Herbal Products, Inhalers, Balms, Plasters On Sale\",\"publisher\":{\"@id\":\"https:\/\/thai-inhaler.com\/#organization\"},\"potentialAction\":[{\"@type\":\"SearchAction\",\"target\":{\"@type\":\"EntryPoint\",\"urlTemplate\":\"https:\/\/thai-inhaler.com\/?s={search_term_string}\"},\"query-input\":\"required name=search_term_string\"}],\"inLanguage\":\"de-DE\"},{\"@type\":\"Organization\",\"@id\":\"https:\/\/thai-inhaler.com\/#organization\",\"name\":\"Thai-Inhaler.com\",\"url\":\"https:\/\/thai-inhaler.com\/\",\"logo\":{\"@type\":\"ImageObject\",\"inLanguage\":\"de-DE\",\"@id\":\"https:\/\/thai-inhaler.com\/#\/schema\/logo\/image\/\",\"url\":\"https:\/\/i0.wp.com\/thai-inhaler.com\/wp-content\/uploads\/2017\/08\/cropped-logoThaiinhaler-01.png?fit=460%2C160&ssl=1\",\"contentUrl\":\"https:\/\/i0.wp.com\/thai-inhaler.com\/wp-content\/uploads\/2017\/08\/cropped-logoThaiinhaler-01.png?fit=460%2C160&ssl=1\",\"width\":460,\"height\":160,\"caption\":\"Thai-Inhaler.com\"},\"image\":{\"@id\":\"https:\/\/thai-inhaler.com\/#\/schema\/logo\/image\/\"}}]}<\/script>\n<!-- \/ Yoast SEO plugin. -->","yoast_head_json":{"title":"Cher-Aim - Thail\u00e4ndischer Kr\u00e4uter Nasen Inhalator - 1 St\u00fcck - Thai-Inhaler.com","robots":{"index":"index","follow":"follow","max-snippet":"max-snippet:-1","max-image-preview":"max-image-preview:large","max-video-preview":"max-video-preview:-1"},"canonical":"https:\/\/thai-inhaler.com\/shop\/inhalers\/cher-aim-thailand-herbal-nasal-inhaler\/","og_locale":"de_DE","og_type":"article","og_title":"Cher-Aim - Thail\u00e4ndischer Kr\u00e4uter Nasen Inhalator - 1 St\u00fcck - Thai-Inhaler.com","og_description":"Herkunftsland: Thailand Haltbarkeit: 3 Jahre","og_url":"https:\/\/thai-inhaler.com\/shop\/inhalers\/cher-aim-thailand-herbal-nasal-inhaler\/","og_site_name":"Thai-Inhaler.com","article_modified_time":"2023-08-18T11:58:06+00:00","og_image":[{"width":3024,"height":3024,"url":"https:\/\/thai-inhaler.com\/wp-content\/uploads\/2017\/08\/65B166EB-9AB8-4DEF-BD85-1A1D7C74759B.jpg","type":"image\/jpeg"}],"twitter_card":"summary_large_image","twitter_misc":{"Gesch\u00e4tzte Lesezeit":"1 Minute"},"schema":{"@context":"https:\/\/schema.org","@graph":[{"@type":"WebPage","@id":"https:\/\/thai-inhaler.com\/shop\/inhalers\/cher-aim-thailand-herbal-nasal-inhaler\/","url":"https:\/\/thai-inhaler.com\/shop\/inhalers\/cher-aim-thailand-herbal-nasal-inhaler\/","name":"Cher-Aim - Thail\u00e4ndischer Kr\u00e4uter Nasen Inhalator - 1 St\u00fcck - Thai-Inhaler.com","isPartOf":{"@id":"https:\/\/thai-inhaler.com\/#website"},"primaryImageOfPage":{"@id":"https:\/\/thai-inhaler.com\/shop\/inhalers\/cher-aim-thailand-herbal-nasal-inhaler\/#primaryimage"},"image":{"@id":"https:\/\/thai-inhaler.com\/shop\/inhalers\/cher-aim-thailand-herbal-nasal-inhaler\/#primaryimage"},"thumbnailUrl":"https:\/\/i0.wp.com\/thai-inhaler.com\/wp-content\/uploads\/2017\/08\/65B166EB-9AB8-4DEF-BD85-1A1D7C74759B.jpg?fit=3024%2C3024&ssl=1","datePublished":"2017-08-10T20:05:57+00:00","dateModified":"2023-08-18T11:58:06+00:00","breadcrumb":{"@id":"https:\/\/thai-inhaler.com\/shop\/inhalers\/cher-aim-thailand-herbal-nasal-inhaler\/#breadcrumb"},"inLanguage":"de-DE","potentialAction":[{"@type":"ReadAction","target":["https:\/\/thai-inhaler.com\/shop\/inhalers\/cher-aim-thailand-herbal-nasal-inhaler\/"]}]},{"@type":"ImageObject","inLanguage":"de-DE","@id":"https:\/\/thai-inhaler.com\/shop\/inhalers\/cher-aim-thailand-herbal-nasal-inhaler\/#primaryimage","url":"https:\/\/i0.wp.com\/thai-inhaler.com\/wp-content\/uploads\/2017\/08\/65B166EB-9AB8-4DEF-BD85-1A1D7C74759B.jpg?fit=3024%2C3024&ssl=1","contentUrl":"https:\/\/i0.wp.com\/thai-inhaler.com\/wp-content\/uploads\/2017\/08\/65B166EB-9AB8-4DEF-BD85-1A1D7C74759B.jpg?fit=3024%2C3024&ssl=1","width":3024,"height":3024,"caption":"Cher-Aim - Thail\u00e4ndischer Kr\u00e4uter Nasen Inhalator - 2 St\u00fcck"},{"@type":"BreadcrumbList","@id":"https:\/\/thai-inhaler.com\/shop\/inhalers\/cher-aim-thailand-herbal-nasal-inhaler\/#breadcrumb","itemListElement":[{"@type":"ListItem","position":1,"name":"Home","item":"https:\/\/thai-inhaler.com\/"},{"@type":"ListItem","position":2,"name":"Shop","item":"https:\/\/thai-inhaler.com\/shop\/"},{"@type":"ListItem","position":3,"name":"Cher-Aim &#8211; Thail\u00e4ndischer Kr\u00e4uter Nasen Inhalator &#8211; 1 St\u00fcck"}]},{"@type":"WebSite","@id":"https:\/\/thai-inhaler.com\/#website","url":"https:\/\/thai-inhaler.com\/","name":"Thai-Inhaler.com","description":"Thai Herbal Products, Inhalers, Balms, Plasters On Sale","publisher":{"@id":"https:\/\/thai-inhaler.com\/#organization"},"potentialAction":[{"@type":"SearchAction","target":{"@type":"EntryPoint","urlTemplate":"https:\/\/thai-inhaler.com\/?s={search_term_string}"},"query-input":"required name=search_term_string"}],"inLanguage":"de-DE"},{"@type":"Organization","@id":"https:\/\/thai-inhaler.com\/#organization","name":"Thai-Inhaler.com","url":"https:\/\/thai-inhaler.com\/","logo":{"@type":"ImageObject","inLanguage":"de-DE","@id":"https:\/\/thai-inhaler.com\/#\/schema\/logo\/image\/","url":"https:\/\/i0.wp.com\/thai-inhaler.com\/wp-content\/uploads\/2017\/08\/cropped-logoThaiinhaler-01.png?fit=460%2C160&ssl=1","contentUrl":"https:\/\/i0.wp.com\/thai-inhaler.com\/wp-content\/uploads\/2017\/08\/cropped-logoThaiinhaler-01.png?fit=460%2C160&ssl=1","width":460,"height":160,"caption":"Thai-Inhaler.com"},"image":{"@id":"https:\/\/thai-inhaler.com\/#\/schema\/logo\/image\/"}}]}},"jetpack_sharing_enabled":true,"_links":{"self":[{"href":"https:\/\/thai-inhaler.com\/de\/wp-json\/wp\/v2\/product\/705"}],"collection":[{"href":"https:\/\/thai-inhaler.com\/de\/wp-json\/wp\/v2\/product"}],"about":[{"href":"https:\/\/thai-inhaler.com\/de\/wp-json\/wp\/v2\/types\/product"}],"replies":[{"embeddable":true,"href":"https:\/\/thai-inhaler.com\/de\/wp-json\/wp\/v2\/comments?post=705"}],"wp:featuredmedia":[{"embeddable":true,"href":"https:\/\/thai-inhaler.com\/de\/wp-json\/wp\/v2\/media\/712"}],"wp:attachment":[{"href":"https:\/\/thai-inhaler.com\/de\/wp-json\/wp\/v2\/media?parent=705"}],"wp:term":[{"taxonomy":"product_cat","embeddable":true,"href":"https:\/\/thai-inhaler.com\/de\/wp-json\/wp\/v2\/product_cat?post=705"},{"taxonomy":"product_tag","embeddable":true,"href":"https:\/\/thai-inhaler.com\/de\/wp-json\/wp\/v2\/product_tag?post=705"}],"curies":[{"name":"wp","href":"https:\/\/api.w.org\/{rel}","templated":true}]}}