{"id":665,"date":"2017-08-10T22:13:56","date_gmt":"2017-08-10T20:13:56","guid":{"rendered":"https:\/\/thai-inhaler.com\/shop\/unkategorisiert\/siang-pure-thailandischer-nasen-inhalator-und-ol-beinhaltet-6-stuck\/"},"modified":"2024-02-25T01:50:18","modified_gmt":"2024-02-25T00:50:18","slug":"siang-pure-thailandischer-nasen-inhalator-und-ol-beinhaltet-6-stuck","status":"publish","type":"product","link":"https:\/\/thai-inhaler.com\/de\/shop\/inhalatoren\/siang-pure-thailandischer-nasen-inhalator-und-ol-beinhaltet-6-stuck\/","title":{"rendered":"Siang Pure Thail\u00e4ndischer Nasen Inhalator und \u00d6l \u2013 Beinhaltet 1 St\u00fcck"},"content":{"rendered":"<h2>Siang Pure Thail\u00e4ndischer Nasen Inhalator und \u00d6l \u2013 Beinhaltet 1 St\u00fcck<\/h2>\n<h3>Produkt Wirksamkeit:<\/h3>\n<p>Der Siang Pure Inhalator wird genutzt um schnell und effizient mehrere K\u00f6rperliche Unbehagen zu behandeln, wie zum Beispiel: Erk\u00e4ltungen, eine verstopfte Nase, Reise- und Seekrankheit und um die Schwellung nach Insektenstichen zu verringern. Man kann es auch nutzen um Hitzestiche zu behandeln, nach einer durchgemachten Nacht den Geist zu erfrischen und um Schwindelgef\u00fchle zu lindern.<\/p>\n<h3>Wie man ihn benutzt:<\/h3>\n<p>Einen der K\u00f6pfe k\u00f6nnen Sie direkt aufdrehen und nah an die Nase zum inhalieren halten. Den anderen Kopf k\u00f6nnen Sie aufdrehen und ein paar Tropfen auf ein Tuch zum inhalieren tr\u00e4ufeln.<\/p>\n<p>Der Siang Pure Thail\u00e4ndische Nasen Inhalator und \u00d6l wurde f\u00fcr praktisches und einfach Inhalieren designed, damit Sie ihn nicht in ihre sensible Nase stecken m\u00fcssen. Er besitzt auf den Seiten l\u00f6cher, f\u00fcr einfache Inhalation.<\/p>\n<p>Beschwerden wie Kopfschmerzen, M\u00fcdigkeit und andere werden Sie nicht mehr st\u00f6ren. Nehmen Sie einfach von den oberen l\u00f6chern einen tiefen Atemzug oder tragen Sie etwas von dem \u00d6l sanft auf ihre Schl\u00e4fen auf und die Symptome werden verschwinden. Wir empfehlen es Studenten, Fahrern oder Leuten, die lange ohne Schlaf auskommen m\u00fcssen.<\/p>\n<p>F\u00fcr M\u00fccken- und andere Insektenstiche, tragen Sie ein wenig des \u00d6ls auf die betroffene Stelle auf und die Schwellung und der Juckreiz werden sofort nachlassen.<\/p>\n<p>Zu guter Letzt k\u00f6nnen Sie es gegen Verstopfte oder laufende Nasen und Erk\u00e4ltungssymptome nutzen<\/p>\n<h3>Aufbewahrung:<\/h3>\n<p>Bitte an einem k\u00fchlen, trocknen Ort aufbewahren und nicht direktem Sonnenlicht aussetzen.<\/p>\n","protected":false},"excerpt":{"rendered":"<p><strong>Herkunftsland:<\/strong> Thailand<br \/>\n<strong>Haltbarkeit:<\/strong> 3 Jahre<\/p>\n","protected":false},"featured_media":666,"comment_status":"open","ping_status":"closed","template":"","meta":{"_exactmetrics_skip_tracking":false,"_exactmetrics_sitenote_active":false,"_exactmetrics_sitenote_note":"","_exactmetrics_sitenote_category":0,"jetpack_post_was_ever_published":false},"product_cat":[86],"product_tag":[],"yoast_head":"<!-- This site is optimized with the Yoast SEO plugin v22.3 - https:\/\/yoast.com\/wordpress\/plugins\/seo\/ -->\n<title>Siang Pure Thail\u00e4ndischer Nasen Inhalator und \u00d6l \u2013 Beinhaltet 1 St\u00fcck - Thai-Inhaler.com<\/title>\n<meta name=\"robots\" content=\"index, follow, max-snippet:-1, max-image-preview:large, max-video-preview:-1\" \/>\n<link rel=\"canonical\" href=\"https:\/\/thai-inhaler.com\/de\/shop\/inhalatoren\/siang-pure-thailandischer-nasen-inhalator-und-ol-beinhaltet-6-stuck\/\" \/>\n<meta property=\"og:locale\" content=\"de_DE\" \/>\n<meta property=\"og:type\" content=\"article\" \/>\n<meta property=\"og:title\" content=\"Siang Pure Thail\u00e4ndischer Nasen Inhalator und \u00d6l \u2013 Beinhaltet 1 St\u00fcck - Thai-Inhaler.com\" \/>\n<meta property=\"og:description\" content=\"Herkunftsland: Thailand Haltbarkeit: 3 Jahre\" \/>\n<meta property=\"og:url\" content=\"https:\/\/thai-inhaler.com\/de\/shop\/inhalatoren\/siang-pure-thailandischer-nasen-inhalator-und-ol-beinhaltet-6-stuck\/\" \/>\n<meta property=\"og:site_name\" content=\"Thai-Inhaler.com\" \/>\n<meta property=\"article:modified_time\" content=\"2024-02-25T00:50:18+00:00\" \/>\n<meta property=\"og:image\" content=\"https:\/\/thai-inhaler.com\/wp-content\/uploads\/2017\/08\/1A14ABA0-F7E8-40CD-A397-F382AB6E6C21.jpg\" \/>\n\t<meta property=\"og:image:width\" content=\"3024\" \/>\n\t<meta property=\"og:image:height\" content=\"3024\" \/>\n\t<meta property=\"og:image:type\" content=\"image\/jpeg\" \/>\n<meta name=\"twitter:card\" content=\"summary_large_image\" \/>\n<meta name=\"twitter:label1\" content=\"Gesch\u00e4tzte Lesezeit\" \/>\n\t<meta name=\"twitter:data1\" content=\"2 Minuten\" \/>\n<script type=\"application\/ld+json\" class=\"yoast-schema-graph\">{\"@context\":\"https:\/\/schema.org\",\"@graph\":[{\"@type\":\"WebPage\",\"@id\":\"https:\/\/thai-inhaler.com\/de\/shop\/inhalatoren\/siang-pure-thailandischer-nasen-inhalator-und-ol-beinhaltet-6-stuck\/\",\"url\":\"https:\/\/thai-inhaler.com\/de\/shop\/inhalatoren\/siang-pure-thailandischer-nasen-inhalator-und-ol-beinhaltet-6-stuck\/\",\"name\":\"Siang Pure Thail\u00e4ndischer Nasen Inhalator und \u00d6l \u2013 Beinhaltet 1 St\u00fcck - Thai-Inhaler.com\",\"isPartOf\":{\"@id\":\"https:\/\/thai-inhaler.com\/#website\"},\"primaryImageOfPage\":{\"@id\":\"https:\/\/thai-inhaler.com\/de\/shop\/inhalatoren\/siang-pure-thailandischer-nasen-inhalator-und-ol-beinhaltet-6-stuck\/#primaryimage\"},\"image\":{\"@id\":\"https:\/\/thai-inhaler.com\/de\/shop\/inhalatoren\/siang-pure-thailandischer-nasen-inhalator-und-ol-beinhaltet-6-stuck\/#primaryimage\"},\"thumbnailUrl\":\"https:\/\/i0.wp.com\/thai-inhaler.com\/wp-content\/uploads\/2017\/08\/1A14ABA0-F7E8-40CD-A397-F382AB6E6C21.jpg?fit=3024%2C3024&ssl=1\",\"datePublished\":\"2017-08-10T20:13:56+00:00\",\"dateModified\":\"2024-02-25T00:50:18+00:00\",\"breadcrumb\":{\"@id\":\"https:\/\/thai-inhaler.com\/de\/shop\/inhalatoren\/siang-pure-thailandischer-nasen-inhalator-und-ol-beinhaltet-6-stuck\/#breadcrumb\"},\"inLanguage\":\"de-DE\",\"potentialAction\":[{\"@type\":\"ReadAction\",\"target\":[\"https:\/\/thai-inhaler.com\/de\/shop\/inhalatoren\/siang-pure-thailandischer-nasen-inhalator-und-ol-beinhaltet-6-stuck\/\"]}]},{\"@type\":\"ImageObject\",\"inLanguage\":\"de-DE\",\"@id\":\"https:\/\/thai-inhaler.com\/de\/shop\/inhalatoren\/siang-pure-thailandischer-nasen-inhalator-und-ol-beinhaltet-6-stuck\/#primaryimage\",\"url\":\"https:\/\/i0.wp.com\/thai-inhaler.com\/wp-content\/uploads\/2017\/08\/1A14ABA0-F7E8-40CD-A397-F382AB6E6C21.jpg?fit=3024%2C3024&ssl=1\",\"contentUrl\":\"https:\/\/i0.wp.com\/thai-inhaler.com\/wp-content\/uploads\/2017\/08\/1A14ABA0-F7E8-40CD-A397-F382AB6E6C21.jpg?fit=3024%2C3024&ssl=1\",\"width\":3024,\"height\":3024,\"caption\":\"Siang Pure Thail\u00e4ndischer Nasen Inhalator und \u00d6l \u2013 Beinhaltet 6 St\u00fcck\"},{\"@type\":\"BreadcrumbList\",\"@id\":\"https:\/\/thai-inhaler.com\/de\/shop\/inhalatoren\/siang-pure-thailandischer-nasen-inhalator-und-ol-beinhaltet-6-stuck\/#breadcrumb\",\"itemListElement\":[{\"@type\":\"ListItem\",\"position\":1,\"name\":\"Home\",\"item\":\"https:\/\/thai-inhaler.com\/\"},{\"@type\":\"ListItem\",\"position\":2,\"name\":\"Shop\",\"item\":\"https:\/\/thai-inhaler.com\/shop\/\"},{\"@type\":\"ListItem\",\"position\":3,\"name\":\"Siang Pure Thail\u00e4ndischer Nasen Inhalator und \u00d6l \u2013 Beinhaltet 1 St\u00fcck\"}]},{\"@type\":\"WebSite\",\"@id\":\"https:\/\/thai-inhaler.com\/#website\",\"url\":\"https:\/\/thai-inhaler.com\/\",\"name\":\"Thai-Inhaler.com\",\"description\":\"Thai Herbal Products, Inhalers, Balms, Plasters On Sale\",\"publisher\":{\"@id\":\"https:\/\/thai-inhaler.com\/#organization\"},\"potentialAction\":[{\"@type\":\"SearchAction\",\"target\":{\"@type\":\"EntryPoint\",\"urlTemplate\":\"https:\/\/thai-inhaler.com\/?s={search_term_string}\"},\"query-input\":\"required name=search_term_string\"}],\"inLanguage\":\"de-DE\"},{\"@type\":\"Organization\",\"@id\":\"https:\/\/thai-inhaler.com\/#organization\",\"name\":\"Thai-Inhaler.com\",\"url\":\"https:\/\/thai-inhaler.com\/\",\"logo\":{\"@type\":\"ImageObject\",\"inLanguage\":\"de-DE\",\"@id\":\"https:\/\/thai-inhaler.com\/#\/schema\/logo\/image\/\",\"url\":\"https:\/\/i0.wp.com\/thai-inhaler.com\/wp-content\/uploads\/2017\/08\/cropped-logoThaiinhaler-01.png?fit=460%2C160&ssl=1\",\"contentUrl\":\"https:\/\/i0.wp.com\/thai-inhaler.com\/wp-content\/uploads\/2017\/08\/cropped-logoThaiinhaler-01.png?fit=460%2C160&ssl=1\",\"width\":460,\"height\":160,\"caption\":\"Thai-Inhaler.com\"},\"image\":{\"@id\":\"https:\/\/thai-inhaler.com\/#\/schema\/logo\/image\/\"}}]}<\/script>\n<!-- \/ Yoast SEO plugin. -->","yoast_head_json":{"title":"Siang Pure Thail\u00e4ndischer Nasen Inhalator und \u00d6l \u2013 Beinhaltet 1 St\u00fcck - Thai-Inhaler.com","robots":{"index":"index","follow":"follow","max-snippet":"max-snippet:-1","max-image-preview":"max-image-preview:large","max-video-preview":"max-video-preview:-1"},"canonical":"https:\/\/thai-inhaler.com\/de\/shop\/inhalatoren\/siang-pure-thailandischer-nasen-inhalator-und-ol-beinhaltet-6-stuck\/","og_locale":"de_DE","og_type":"article","og_title":"Siang Pure Thail\u00e4ndischer Nasen Inhalator und \u00d6l \u2013 Beinhaltet 1 St\u00fcck - Thai-Inhaler.com","og_description":"Herkunftsland: Thailand Haltbarkeit: 3 Jahre","og_url":"https:\/\/thai-inhaler.com\/de\/shop\/inhalatoren\/siang-pure-thailandischer-nasen-inhalator-und-ol-beinhaltet-6-stuck\/","og_site_name":"Thai-Inhaler.com","article_modified_time":"2024-02-25T00:50:18+00:00","og_image":[{"width":3024,"height":3024,"url":"https:\/\/thai-inhaler.com\/wp-content\/uploads\/2017\/08\/1A14ABA0-F7E8-40CD-A397-F382AB6E6C21.jpg","type":"image\/jpeg"}],"twitter_card":"summary_large_image","twitter_misc":{"Gesch\u00e4tzte Lesezeit":"2 Minuten"},"schema":{"@context":"https:\/\/schema.org","@graph":[{"@type":"WebPage","@id":"https:\/\/thai-inhaler.com\/de\/shop\/inhalatoren\/siang-pure-thailandischer-nasen-inhalator-und-ol-beinhaltet-6-stuck\/","url":"https:\/\/thai-inhaler.com\/de\/shop\/inhalatoren\/siang-pure-thailandischer-nasen-inhalator-und-ol-beinhaltet-6-stuck\/","name":"Siang Pure Thail\u00e4ndischer Nasen Inhalator und \u00d6l \u2013 Beinhaltet 1 St\u00fcck - Thai-Inhaler.com","isPartOf":{"@id":"https:\/\/thai-inhaler.com\/#website"},"primaryImageOfPage":{"@id":"https:\/\/thai-inhaler.com\/de\/shop\/inhalatoren\/siang-pure-thailandischer-nasen-inhalator-und-ol-beinhaltet-6-stuck\/#primaryimage"},"image":{"@id":"https:\/\/thai-inhaler.com\/de\/shop\/inhalatoren\/siang-pure-thailandischer-nasen-inhalator-und-ol-beinhaltet-6-stuck\/#primaryimage"},"thumbnailUrl":"https:\/\/i0.wp.com\/thai-inhaler.com\/wp-content\/uploads\/2017\/08\/1A14ABA0-F7E8-40CD-A397-F382AB6E6C21.jpg?fit=3024%2C3024&ssl=1","datePublished":"2017-08-10T20:13:56+00:00","dateModified":"2024-02-25T00:50:18+00:00","breadcrumb":{"@id":"https:\/\/thai-inhaler.com\/de\/shop\/inhalatoren\/siang-pure-thailandischer-nasen-inhalator-und-ol-beinhaltet-6-stuck\/#breadcrumb"},"inLanguage":"de-DE","potentialAction":[{"@type":"ReadAction","target":["https:\/\/thai-inhaler.com\/de\/shop\/inhalatoren\/siang-pure-thailandischer-nasen-inhalator-und-ol-beinhaltet-6-stuck\/"]}]},{"@type":"ImageObject","inLanguage":"de-DE","@id":"https:\/\/thai-inhaler.com\/de\/shop\/inhalatoren\/siang-pure-thailandischer-nasen-inhalator-und-ol-beinhaltet-6-stuck\/#primaryimage","url":"https:\/\/i0.wp.com\/thai-inhaler.com\/wp-content\/uploads\/2017\/08\/1A14ABA0-F7E8-40CD-A397-F382AB6E6C21.jpg?fit=3024%2C3024&ssl=1","contentUrl":"https:\/\/i0.wp.com\/thai-inhaler.com\/wp-content\/uploads\/2017\/08\/1A14ABA0-F7E8-40CD-A397-F382AB6E6C21.jpg?fit=3024%2C3024&ssl=1","width":3024,"height":3024,"caption":"Siang Pure Thail\u00e4ndischer Nasen Inhalator und \u00d6l \u2013 Beinhaltet 6 St\u00fcck"},{"@type":"BreadcrumbList","@id":"https:\/\/thai-inhaler.com\/de\/shop\/inhalatoren\/siang-pure-thailandischer-nasen-inhalator-und-ol-beinhaltet-6-stuck\/#breadcrumb","itemListElement":[{"@type":"ListItem","position":1,"name":"Home","item":"https:\/\/thai-inhaler.com\/"},{"@type":"ListItem","position":2,"name":"Shop","item":"https:\/\/thai-inhaler.com\/shop\/"},{"@type":"ListItem","position":3,"name":"Siang Pure Thail\u00e4ndischer Nasen Inhalator und \u00d6l \u2013 Beinhaltet 1 St\u00fcck"}]},{"@type":"WebSite","@id":"https:\/\/thai-inhaler.com\/#website","url":"https:\/\/thai-inhaler.com\/","name":"Thai-Inhaler.com","description":"Thai Herbal Products, Inhalers, Balms, Plasters On Sale","publisher":{"@id":"https:\/\/thai-inhaler.com\/#organization"},"potentialAction":[{"@type":"SearchAction","target":{"@type":"EntryPoint","urlTemplate":"https:\/\/thai-inhaler.com\/?s={search_term_string}"},"query-input":"required name=search_term_string"}],"inLanguage":"de-DE"},{"@type":"Organization","@id":"https:\/\/thai-inhaler.com\/#organization","name":"Thai-Inhaler.com","url":"https:\/\/thai-inhaler.com\/","logo":{"@type":"ImageObject","inLanguage":"de-DE","@id":"https:\/\/thai-inhaler.com\/#\/schema\/logo\/image\/","url":"https:\/\/i0.wp.com\/thai-inhaler.com\/wp-content\/uploads\/2017\/08\/cropped-logoThaiinhaler-01.png?fit=460%2C160&ssl=1","contentUrl":"https:\/\/i0.wp.com\/thai-inhaler.com\/wp-content\/uploads\/2017\/08\/cropped-logoThaiinhaler-01.png?fit=460%2C160&ssl=1","width":460,"height":160,"caption":"Thai-Inhaler.com"},"image":{"@id":"https:\/\/thai-inhaler.com\/#\/schema\/logo\/image\/"}}]}},"jetpack_sharing_enabled":true,"_links":{"self":[{"href":"https:\/\/thai-inhaler.com\/de\/wp-json\/wp\/v2\/product\/665"}],"collection":[{"href":"https:\/\/thai-inhaler.com\/de\/wp-json\/wp\/v2\/product"}],"about":[{"href":"https:\/\/thai-inhaler.com\/de\/wp-json\/wp\/v2\/types\/product"}],"replies":[{"embeddable":true,"href":"https:\/\/thai-inhaler.com\/de\/wp-json\/wp\/v2\/comments?post=665"}],"wp:featuredmedia":[{"embeddable":true,"href":"https:\/\/thai-inhaler.com\/de\/wp-json\/wp\/v2\/media\/666"}],"wp:attachment":[{"href":"https:\/\/thai-inhaler.com\/de\/wp-json\/wp\/v2\/media?parent=665"}],"wp:term":[{"taxonomy":"product_cat","embeddable":true,"href":"https:\/\/thai-inhaler.com\/de\/wp-json\/wp\/v2\/product_cat?post=665"},{"taxonomy":"product_tag","embeddable":true,"href":"https:\/\/thai-inhaler.com\/de\/wp-json\/wp\/v2\/product_tag?post=665"}],"curies":[{"name":"wp","href":"https:\/\/api.w.org\/{rel}","templated":true}]}}