{"id":659,"date":"2017-08-16T14:43:10","date_gmt":"2017-08-16T12:43:10","guid":{"rendered":"https:\/\/thai-inhaler.com\/shop\/unkategorisiert\/jarungjit-thailandischer-krauter-nasen-inhalator-beinhaltet-2-stuck\/"},"modified":"2023-06-18T11:36:31","modified_gmt":"2023-06-18T09:36:31","slug":"jarungjit-thailandischer-krauter-nasen-inhalator-beinhaltet-2-stuck","status":"publish","type":"product","link":"https:\/\/thai-inhaler.com\/de\/shop\/inhalatoren\/jarungjit-thailandischer-krauter-nasen-inhalator-beinhaltet-2-stuck\/","title":{"rendered":"Jarungjit &#8211; Thail\u00e4ndischer Kr\u00e4uter Nasen Inhalator \u2013 Beinhaltet 2 St\u00fcck"},"content":{"rendered":"<h2>Jarungjit &#8211; Thail\u00e4ndischer Kr\u00e4uter Nasen Inhalator \u2013 Beinhaltet 2 St\u00fcck<\/h2>\n<h3><strong>Produkt Eigenschaften:<\/strong><\/h3>\n<p>Jarungjit beinhaltet nat\u00fcrliche, aromatische Zutaten und pure reine Kr\u00e4uter\u00f6le.<\/p>\n<h3>Spezifikation:<\/h3>\n<p>Doden-Durchmesser &#8211; 2.2cm; H\u00f6he &#8211; 3.6cm<\/p>\n<h3>Verpackung:<\/h3>\n<p>Kommt in einer attraktiven Thai Tin Packung, die sich einfach schlie\u00dfen l\u00e4sst und gut f\u00fcr die Aufbewahrung ist. Man kann sie auch \u00fcberall hin mitnehmen und sie ist ein tolles Geschenk f\u00fcr Freunde und Familie.<\/p>\n<h3>Produkt Wirksamkeit:<\/h3>\n<p>Jarungjit \u2013 Thail\u00e4mdischer Kr\u00e4uter Nasen Inhalator wird in Cher-Aim, einer sehr ber\u00fchmten Firma in Thailand, hergestellt. Er wird benutzt um einen erfrischenden Effekt zu kreieren, der Ersch\u00f6pfung, Schwindelgef\u00fchle, M\u00fcdigkeit und verstopfte Nasen beseitigt. Es hilft auch gegen Nikotinsucht, Reisekrankheit, Rhinitis durch Allergien und kann bei normalen Erk\u00e4ltungen helfen.<\/p>\n<p>Dieses Produkt wird auch als mittel gegen Atemwegserkrankungen empfohlen.<\/p>\n<h3>Inhaltsstoffe:<\/h3>\n<p>Verschiedene Kr\u00e4uter, Agarholz, Gew\u00fcrznelken und \u00c4therische \u00d6le<\/p>\n<h3>Geschichte:<\/h3>\n<p>wenn Sie nach Thailand gehen, werden Sie bestimmt bemerken, das jeder an so einem wei\u00dfen Beh\u00e4lter riecht. Aber keine Sorge. Nasen Inhalatoren werden \u00fcberall in Thailand genutzt um gegen die Auswirkungen der Hitze anzuk\u00e4mpfen, wie zum Beispiel Benommenheit, Ersch\u00f6pfung, Sonnenstich und andere K\u00f6rperliche leiden. Dazu kommt, das die Nasen Inhalatoren ihnen auch helfen k\u00f6nnen, sich wieder Fit zu f\u00fchlen und ihre Sinne zu erfrischen.<\/p>\n<h3>Wie man ihn benutzt:<\/h3>\n<p>Schrauben Sie den Deckel des Inhalators ab und nehmen Sie einen tiefen Atemzug. Sie werden sofort einen erfrischenden Effekt sp\u00fcren und eine Linderung ihrer Symptome. Ber\u00fchren Sie den oberen teil des Inhalators nicht mit ihrer Nase, da das zu Hautirritationen und Ausschl\u00e4gen f\u00fchren kann.<\/p>\n<h3>Aufbewahrung:<\/h3>\n<p>F\u00fcr Kinder unzug\u00e4nglich Aufbewahren. Lagern Sie ihn an einem k\u00fchlen, trockenen Ort, ohne direkte Sonneneinstrahlung.<\/p>\n","protected":false},"excerpt":{"rendered":"<p><strong>Produkt Typ:<\/strong> Massage &amp; Entspannung<br \/>\n<b>Gr\u00f6\u00dfe<\/b><b>:<\/b> 3.6&#215;2.2cm<br \/>\n<b>Haltbarkeit: <\/b>3 Jahre<br \/>\n<b>Herkunftsland<\/b><b>: <\/b>Thailand<\/p>\n","protected":false},"featured_media":660,"comment_status":"open","ping_status":"closed","template":"","meta":{"_exactmetrics_skip_tracking":false,"_exactmetrics_sitenote_active":false,"_exactmetrics_sitenote_note":"","_exactmetrics_sitenote_category":0,"jetpack_post_was_ever_published":false},"product_cat":[86,86],"product_tag":[],"yoast_head":"<!-- This site is optimized with the Yoast SEO plugin v22.3 - https:\/\/yoast.com\/wordpress\/plugins\/seo\/ -->\n<title>Jarungjit - Thail\u00e4ndischer Kr\u00e4uter Nasen Inhalator \u2013 Beinhaltet 2 St\u00fcck - Thai-Inhaler.com<\/title>\n<meta name=\"robots\" content=\"index, follow, max-snippet:-1, max-image-preview:large, max-video-preview:-1\" \/>\n<link rel=\"canonical\" href=\"https:\/\/thai-inhaler.com\/shop\/inhalers\/jarungjit-thailand-herbal-nasal-inhaler-1-piece\/\" \/>\n<meta property=\"og:locale\" content=\"de_DE\" \/>\n<meta property=\"og:type\" content=\"article\" \/>\n<meta property=\"og:title\" content=\"Jarungjit - Thail\u00e4ndischer Kr\u00e4uter Nasen Inhalator \u2013 Beinhaltet 2 St\u00fcck - Thai-Inhaler.com\" \/>\n<meta property=\"og:description\" content=\"Produkt Typ: Massage &amp; Entspannung Gr\u00f6\u00dfe: 3.6x2.2cm Haltbarkeit: 3 Jahre Herkunftsland: Thailand\" \/>\n<meta property=\"og:url\" content=\"https:\/\/thai-inhaler.com\/shop\/inhalers\/jarungjit-thailand-herbal-nasal-inhaler-1-piece\/\" \/>\n<meta property=\"og:site_name\" content=\"Thai-Inhaler.com\" \/>\n<meta property=\"article:modified_time\" content=\"2023-06-18T09:36:31+00:00\" \/>\n<meta property=\"og:image\" content=\"https:\/\/thai-inhaler.com\/wp-content\/uploads\/2017\/08\/IMG_3158.jpg\" \/>\n\t<meta property=\"og:image:width\" content=\"2048\" \/>\n\t<meta property=\"og:image:height\" content=\"2048\" \/>\n\t<meta property=\"og:image:type\" content=\"image\/jpeg\" \/>\n<meta name=\"twitter:card\" content=\"summary_large_image\" \/>\n<meta name=\"twitter:label1\" content=\"Gesch\u00e4tzte Lesezeit\" \/>\n\t<meta name=\"twitter:data1\" content=\"1 Minute\" \/>\n<script type=\"application\/ld+json\" class=\"yoast-schema-graph\">{\"@context\":\"https:\/\/schema.org\",\"@graph\":[{\"@type\":\"WebPage\",\"@id\":\"https:\/\/thai-inhaler.com\/shop\/inhalers\/jarungjit-thailand-herbal-nasal-inhaler-1-piece\/\",\"url\":\"https:\/\/thai-inhaler.com\/shop\/inhalers\/jarungjit-thailand-herbal-nasal-inhaler-1-piece\/\",\"name\":\"Jarungjit - Thail\u00e4ndischer Kr\u00e4uter Nasen Inhalator \u2013 Beinhaltet 2 St\u00fcck - Thai-Inhaler.com\",\"isPartOf\":{\"@id\":\"https:\/\/thai-inhaler.com\/#website\"},\"primaryImageOfPage\":{\"@id\":\"https:\/\/thai-inhaler.com\/shop\/inhalers\/jarungjit-thailand-herbal-nasal-inhaler-1-piece\/#primaryimage\"},\"image\":{\"@id\":\"https:\/\/thai-inhaler.com\/shop\/inhalers\/jarungjit-thailand-herbal-nasal-inhaler-1-piece\/#primaryimage\"},\"thumbnailUrl\":\"https:\/\/i0.wp.com\/thai-inhaler.com\/wp-content\/uploads\/2017\/08\/IMG_3158.jpg?fit=2048%2C2048&ssl=1\",\"datePublished\":\"2017-08-16T12:43:10+00:00\",\"dateModified\":\"2023-06-18T09:36:31+00:00\",\"breadcrumb\":{\"@id\":\"https:\/\/thai-inhaler.com\/shop\/inhalers\/jarungjit-thailand-herbal-nasal-inhaler-1-piece\/#breadcrumb\"},\"inLanguage\":\"de-DE\",\"potentialAction\":[{\"@type\":\"ReadAction\",\"target\":[\"https:\/\/thai-inhaler.com\/shop\/inhalers\/jarungjit-thailand-herbal-nasal-inhaler-1-piece\/\"]}]},{\"@type\":\"ImageObject\",\"inLanguage\":\"de-DE\",\"@id\":\"https:\/\/thai-inhaler.com\/shop\/inhalers\/jarungjit-thailand-herbal-nasal-inhaler-1-piece\/#primaryimage\",\"url\":\"https:\/\/i0.wp.com\/thai-inhaler.com\/wp-content\/uploads\/2017\/08\/IMG_3158.jpg?fit=2048%2C2048&ssl=1\",\"contentUrl\":\"https:\/\/i0.wp.com\/thai-inhaler.com\/wp-content\/uploads\/2017\/08\/IMG_3158.jpg?fit=2048%2C2048&ssl=1\",\"width\":2048,\"height\":2048,\"caption\":\"Jarungjit - Thail\u00e4ndischer Kr\u00e4uter Nasen Inhalator \u2013 Beinhaltet 2 St\u00fcck\"},{\"@type\":\"BreadcrumbList\",\"@id\":\"https:\/\/thai-inhaler.com\/shop\/inhalers\/jarungjit-thailand-herbal-nasal-inhaler-1-piece\/#breadcrumb\",\"itemListElement\":[{\"@type\":\"ListItem\",\"position\":1,\"name\":\"Home\",\"item\":\"https:\/\/thai-inhaler.com\/\"},{\"@type\":\"ListItem\",\"position\":2,\"name\":\"Shop\",\"item\":\"https:\/\/thai-inhaler.com\/shop\/\"},{\"@type\":\"ListItem\",\"position\":3,\"name\":\"Jarungjit &#8211; Thail\u00e4ndischer Kr\u00e4uter Nasen Inhalator \u2013 Beinhaltet 2 St\u00fcck\"}]},{\"@type\":\"WebSite\",\"@id\":\"https:\/\/thai-inhaler.com\/#website\",\"url\":\"https:\/\/thai-inhaler.com\/\",\"name\":\"Thai-Inhaler.com\",\"description\":\"Thai Herbal Products, Inhalers, Balms, Plasters On Sale\",\"publisher\":{\"@id\":\"https:\/\/thai-inhaler.com\/#organization\"},\"potentialAction\":[{\"@type\":\"SearchAction\",\"target\":{\"@type\":\"EntryPoint\",\"urlTemplate\":\"https:\/\/thai-inhaler.com\/?s={search_term_string}\"},\"query-input\":\"required name=search_term_string\"}],\"inLanguage\":\"de-DE\"},{\"@type\":\"Organization\",\"@id\":\"https:\/\/thai-inhaler.com\/#organization\",\"name\":\"Thai-Inhaler.com\",\"url\":\"https:\/\/thai-inhaler.com\/\",\"logo\":{\"@type\":\"ImageObject\",\"inLanguage\":\"de-DE\",\"@id\":\"https:\/\/thai-inhaler.com\/#\/schema\/logo\/image\/\",\"url\":\"https:\/\/i0.wp.com\/thai-inhaler.com\/wp-content\/uploads\/2017\/08\/cropped-logoThaiinhaler-01.png?fit=460%2C160&ssl=1\",\"contentUrl\":\"https:\/\/i0.wp.com\/thai-inhaler.com\/wp-content\/uploads\/2017\/08\/cropped-logoThaiinhaler-01.png?fit=460%2C160&ssl=1\",\"width\":460,\"height\":160,\"caption\":\"Thai-Inhaler.com\"},\"image\":{\"@id\":\"https:\/\/thai-inhaler.com\/#\/schema\/logo\/image\/\"}}]}<\/script>\n<!-- \/ Yoast SEO plugin. -->","yoast_head_json":{"title":"Jarungjit - Thail\u00e4ndischer Kr\u00e4uter Nasen Inhalator \u2013 Beinhaltet 2 St\u00fcck - Thai-Inhaler.com","robots":{"index":"index","follow":"follow","max-snippet":"max-snippet:-1","max-image-preview":"max-image-preview:large","max-video-preview":"max-video-preview:-1"},"canonical":"https:\/\/thai-inhaler.com\/shop\/inhalers\/jarungjit-thailand-herbal-nasal-inhaler-1-piece\/","og_locale":"de_DE","og_type":"article","og_title":"Jarungjit - Thail\u00e4ndischer Kr\u00e4uter Nasen Inhalator \u2013 Beinhaltet 2 St\u00fcck - Thai-Inhaler.com","og_description":"Produkt Typ: Massage &amp; Entspannung Gr\u00f6\u00dfe: 3.6x2.2cm Haltbarkeit: 3 Jahre Herkunftsland: Thailand","og_url":"https:\/\/thai-inhaler.com\/shop\/inhalers\/jarungjit-thailand-herbal-nasal-inhaler-1-piece\/","og_site_name":"Thai-Inhaler.com","article_modified_time":"2023-06-18T09:36:31+00:00","og_image":[{"width":2048,"height":2048,"url":"https:\/\/thai-inhaler.com\/wp-content\/uploads\/2017\/08\/IMG_3158.jpg","type":"image\/jpeg"}],"twitter_card":"summary_large_image","twitter_misc":{"Gesch\u00e4tzte Lesezeit":"1 Minute"},"schema":{"@context":"https:\/\/schema.org","@graph":[{"@type":"WebPage","@id":"https:\/\/thai-inhaler.com\/shop\/inhalers\/jarungjit-thailand-herbal-nasal-inhaler-1-piece\/","url":"https:\/\/thai-inhaler.com\/shop\/inhalers\/jarungjit-thailand-herbal-nasal-inhaler-1-piece\/","name":"Jarungjit - Thail\u00e4ndischer Kr\u00e4uter Nasen Inhalator \u2013 Beinhaltet 2 St\u00fcck - Thai-Inhaler.com","isPartOf":{"@id":"https:\/\/thai-inhaler.com\/#website"},"primaryImageOfPage":{"@id":"https:\/\/thai-inhaler.com\/shop\/inhalers\/jarungjit-thailand-herbal-nasal-inhaler-1-piece\/#primaryimage"},"image":{"@id":"https:\/\/thai-inhaler.com\/shop\/inhalers\/jarungjit-thailand-herbal-nasal-inhaler-1-piece\/#primaryimage"},"thumbnailUrl":"https:\/\/i0.wp.com\/thai-inhaler.com\/wp-content\/uploads\/2017\/08\/IMG_3158.jpg?fit=2048%2C2048&ssl=1","datePublished":"2017-08-16T12:43:10+00:00","dateModified":"2023-06-18T09:36:31+00:00","breadcrumb":{"@id":"https:\/\/thai-inhaler.com\/shop\/inhalers\/jarungjit-thailand-herbal-nasal-inhaler-1-piece\/#breadcrumb"},"inLanguage":"de-DE","potentialAction":[{"@type":"ReadAction","target":["https:\/\/thai-inhaler.com\/shop\/inhalers\/jarungjit-thailand-herbal-nasal-inhaler-1-piece\/"]}]},{"@type":"ImageObject","inLanguage":"de-DE","@id":"https:\/\/thai-inhaler.com\/shop\/inhalers\/jarungjit-thailand-herbal-nasal-inhaler-1-piece\/#primaryimage","url":"https:\/\/i0.wp.com\/thai-inhaler.com\/wp-content\/uploads\/2017\/08\/IMG_3158.jpg?fit=2048%2C2048&ssl=1","contentUrl":"https:\/\/i0.wp.com\/thai-inhaler.com\/wp-content\/uploads\/2017\/08\/IMG_3158.jpg?fit=2048%2C2048&ssl=1","width":2048,"height":2048,"caption":"Jarungjit - Thail\u00e4ndischer Kr\u00e4uter Nasen Inhalator \u2013 Beinhaltet 2 St\u00fcck"},{"@type":"BreadcrumbList","@id":"https:\/\/thai-inhaler.com\/shop\/inhalers\/jarungjit-thailand-herbal-nasal-inhaler-1-piece\/#breadcrumb","itemListElement":[{"@type":"ListItem","position":1,"name":"Home","item":"https:\/\/thai-inhaler.com\/"},{"@type":"ListItem","position":2,"name":"Shop","item":"https:\/\/thai-inhaler.com\/shop\/"},{"@type":"ListItem","position":3,"name":"Jarungjit &#8211; Thail\u00e4ndischer Kr\u00e4uter Nasen Inhalator \u2013 Beinhaltet 2 St\u00fcck"}]},{"@type":"WebSite","@id":"https:\/\/thai-inhaler.com\/#website","url":"https:\/\/thai-inhaler.com\/","name":"Thai-Inhaler.com","description":"Thai Herbal Products, Inhalers, Balms, Plasters On Sale","publisher":{"@id":"https:\/\/thai-inhaler.com\/#organization"},"potentialAction":[{"@type":"SearchAction","target":{"@type":"EntryPoint","urlTemplate":"https:\/\/thai-inhaler.com\/?s={search_term_string}"},"query-input":"required name=search_term_string"}],"inLanguage":"de-DE"},{"@type":"Organization","@id":"https:\/\/thai-inhaler.com\/#organization","name":"Thai-Inhaler.com","url":"https:\/\/thai-inhaler.com\/","logo":{"@type":"ImageObject","inLanguage":"de-DE","@id":"https:\/\/thai-inhaler.com\/#\/schema\/logo\/image\/","url":"https:\/\/i0.wp.com\/thai-inhaler.com\/wp-content\/uploads\/2017\/08\/cropped-logoThaiinhaler-01.png?fit=460%2C160&ssl=1","contentUrl":"https:\/\/i0.wp.com\/thai-inhaler.com\/wp-content\/uploads\/2017\/08\/cropped-logoThaiinhaler-01.png?fit=460%2C160&ssl=1","width":460,"height":160,"caption":"Thai-Inhaler.com"},"image":{"@id":"https:\/\/thai-inhaler.com\/#\/schema\/logo\/image\/"}}]}},"jetpack_sharing_enabled":true,"_links":{"self":[{"href":"https:\/\/thai-inhaler.com\/de\/wp-json\/wp\/v2\/product\/659"}],"collection":[{"href":"https:\/\/thai-inhaler.com\/de\/wp-json\/wp\/v2\/product"}],"about":[{"href":"https:\/\/thai-inhaler.com\/de\/wp-json\/wp\/v2\/types\/product"}],"replies":[{"embeddable":true,"href":"https:\/\/thai-inhaler.com\/de\/wp-json\/wp\/v2\/comments?post=659"}],"wp:featuredmedia":[{"embeddable":true,"href":"https:\/\/thai-inhaler.com\/de\/wp-json\/wp\/v2\/media\/660"}],"wp:attachment":[{"href":"https:\/\/thai-inhaler.com\/de\/wp-json\/wp\/v2\/media?parent=659"}],"wp:term":[{"taxonomy":"product_cat","embeddable":true,"href":"https:\/\/thai-inhaler.com\/de\/wp-json\/wp\/v2\/product_cat?post=659"},{"taxonomy":"product_tag","embeddable":true,"href":"https:\/\/thai-inhaler.com\/de\/wp-json\/wp\/v2\/product_tag?post=659"}],"curies":[{"name":"wp","href":"https:\/\/api.w.org\/{rel}","templated":true}]}}