{"id":594,"date":"2017-08-21T17:16:16","date_gmt":"2017-08-21T15:16:16","guid":{"rendered":"https:\/\/thai-inhaler.com\/shop\/unkategorisiert\/taisho-counterpain-thailandisches-analgetikum-balsam-120-gramm-1-stuck\/"},"modified":"2024-04-21T12:09:19","modified_gmt":"2024-04-21T10:09:19","slug":"taisho-counterpain-thailandisches-analgetikum-balsam-120-gramm-1-stuck","status":"publish","type":"product","link":"https:\/\/thai-inhaler.com\/de\/shop\/balsame\/taisho-counterpain-thailandisches-analgetikum-balsam-120-gramm-1-stuck\/","title":{"rendered":"Taisho Counterpain &#8211; Thail\u00e4ndisches Analgetikum-Balsam &#8211; 120 Gramm &#8211; 1 St\u00fcck"},"content":{"rendered":"<h2>Taisho Counterpain &#8211; Thail\u00e4ndisches Analgetikum-Balsam &#8211; 120 Gramm &#8211; 1 St\u00fcck<\/h2>\n<h3>Produkt Beschreibung:<\/h3>\n<p>Der Taisho Counterpain Thail\u00e4ndische Analgetikum Balsam wurde speziell entworfen um Schmerzen durch Arthritis, Rheuma oder einen Tennisarm zu lindern. Wenn Sie ein Aktiver Mensch oder Fitness-Fanatiker sind, k\u00f6nnen Sie Taisho Counterpain benutzen, um Muskel-, Glieder- und Gelenkschmerzen, die durch Steifheit, blaue Flecke, Verletzungen, Verstauchungen oder andere Sportverletzungen verursacht wurden, zu lindern.<\/p>\n<h3>Produkt Wirksamkeit:<\/h3>\n<p>Der Taisho Counterpain Thail\u00e4ndische Analgetikum Balsam ist ein effektives Haushaltsprodukt, das genutzt werden kann um tiefe, penetrierende ultra-hohe Linderung zu schaffen, wo auch immer es weh tut. Man benutzt es um verspannte Muskeln zu behandeln und \u00dcberdehnung durch Sport, wie auch andere arten der Muskelschmerzen. Es kann auch folgende Schmerzen lindern: R\u00fcckenschmerzen, Steifheit, Gelenkschmerzen, Arthritis, Verstauchungen.<\/p>\n<p>Dieses Produkt enth\u00e4lt eine sehr hohe Dosis Schmerzlindernder Mittel, die sehr schnell absorbiert werden. Wie zum Beispiel: Menthol, Eugenol und Menthyl Salicylate. Diese Inhaltsstoffe wirken effizient um Muskelschmerzen zu lindern, m\u00fcde Muskeln zu bes\u00e4nftigen, die Blutzirkulation in Gelenken mit Arthritis anzukurbeln, Muskeln vor dem Sport aufzuw\u00e4rmen und einen Muskelkater nach dem Training zu lindern. Es beinhaltet kein Fett und hinterl\u00e4sst keine Flecken auf der Kleidung.<\/p>\n<h3>Aktive Inhaltsstoffe:<\/h3>\n<p>Methyl Salicylate &#8211; 10.2%, Eugenol &#8211; 1.36%, Menthol &#8211; 5.44%<\/p>\n<h3>Wie man es benutzt:<\/h3>\n<p>Tragen Sie die Taisho Counterpain Creme auf die betroffene Stelle auf und verteilen Sie es behutsam. Sie werden die warme und beruhigende Wirkung der Inhaltsstoffe, die ihnen schnell helfen Muskelschmerzen und Muskelkater zu lindern, sp\u00fcren. Reiben Sie die betroffene Stelle 2-3 mal am Tag ein. Bei Kindern unter 2 Jahren sollte man sie nicht anwenden.<\/p>\n<h3>Warnung:<\/h3>\n<p>Dieses Produkt ist nur f\u00fcr die \u00e4u\u00dfere Anwendung. Bitte nicht in der n\u00e4he von Augen, Nasenschleimh\u00e4uten, Wunden oder entz\u00fcndeter Haut auftragen. Sollte sich eine Hautreizung entwickeln, bitte nicht mehr benutzen und einen Doktor aufsuchen. Nicht in der n\u00e4he von Kindern aufbewahren<\/p>\n","protected":false},"excerpt":{"rendered":"<p><strong>Menge:<\/strong> 120g<br \/>\n<strong>Anwendung:<\/strong> K\u00f6rper<br \/>\n<strong>Dosierung:<\/strong> 2-3 mal am Tag<br \/>\n<strong>Herkunftsland:<\/strong> Thailand<\/p>\n","protected":false},"featured_media":595,"comment_status":"open","ping_status":"closed","template":"","meta":{"_exactmetrics_skip_tracking":false,"_exactmetrics_sitenote_active":false,"_exactmetrics_sitenote_note":"","_exactmetrics_sitenote_category":0,"jetpack_post_was_ever_published":false},"product_cat":[85],"product_tag":[],"yoast_head":"<!-- This site is optimized with the Yoast SEO plugin v22.3 - https:\/\/yoast.com\/wordpress\/plugins\/seo\/ -->\n<title>Taisho Counterpain - Thail\u00e4ndisches Analgetikum-Balsam - 120 Gramm - 1 St\u00fcck - Thai-Inhaler.com<\/title>\n<meta name=\"robots\" content=\"index, follow, max-snippet:-1, max-image-preview:large, max-video-preview:-1\" \/>\n<link rel=\"canonical\" href=\"https:\/\/thai-inhaler.com\/de\/shop\/balsame\/taisho-counterpain-thailandisches-analgetikum-balsam-120-gramm-1-stuck\/\" \/>\n<meta property=\"og:locale\" content=\"de_DE\" \/>\n<meta property=\"og:type\" content=\"article\" \/>\n<meta property=\"og:title\" content=\"Taisho Counterpain - Thail\u00e4ndisches Analgetikum-Balsam - 120 Gramm - 1 St\u00fcck - Thai-Inhaler.com\" \/>\n<meta property=\"og:description\" content=\"Menge: 120g Anwendung: K\u00f6rper Dosierung: 2-3 mal am Tag Herkunftsland: Thailand\" \/>\n<meta property=\"og:url\" content=\"https:\/\/thai-inhaler.com\/de\/shop\/balsame\/taisho-counterpain-thailandisches-analgetikum-balsam-120-gramm-1-stuck\/\" \/>\n<meta property=\"og:site_name\" content=\"Thai-Inhaler.com\" \/>\n<meta property=\"article:modified_time\" content=\"2024-04-21T10:09:19+00:00\" \/>\n<meta property=\"og:image\" content=\"https:\/\/thai-inhaler.com\/wp-content\/uploads\/2017\/08\/IMG_3380.jpg\" \/>\n\t<meta property=\"og:image:width\" content=\"2048\" \/>\n\t<meta property=\"og:image:height\" content=\"2048\" \/>\n\t<meta property=\"og:image:type\" content=\"image\/jpeg\" \/>\n<meta name=\"twitter:card\" content=\"summary_large_image\" \/>\n<meta name=\"twitter:label1\" content=\"Gesch\u00e4tzte Lesezeit\" \/>\n\t<meta name=\"twitter:data1\" content=\"2 Minuten\" \/>\n<script type=\"application\/ld+json\" class=\"yoast-schema-graph\">{\"@context\":\"https:\/\/schema.org\",\"@graph\":[{\"@type\":\"WebPage\",\"@id\":\"https:\/\/thai-inhaler.com\/de\/shop\/balsame\/taisho-counterpain-thailandisches-analgetikum-balsam-120-gramm-1-stuck\/\",\"url\":\"https:\/\/thai-inhaler.com\/de\/shop\/balsame\/taisho-counterpain-thailandisches-analgetikum-balsam-120-gramm-1-stuck\/\",\"name\":\"Taisho Counterpain - Thail\u00e4ndisches Analgetikum-Balsam - 120 Gramm - 1 St\u00fcck - Thai-Inhaler.com\",\"isPartOf\":{\"@id\":\"https:\/\/thai-inhaler.com\/#website\"},\"primaryImageOfPage\":{\"@id\":\"https:\/\/thai-inhaler.com\/de\/shop\/balsame\/taisho-counterpain-thailandisches-analgetikum-balsam-120-gramm-1-stuck\/#primaryimage\"},\"image\":{\"@id\":\"https:\/\/thai-inhaler.com\/de\/shop\/balsame\/taisho-counterpain-thailandisches-analgetikum-balsam-120-gramm-1-stuck\/#primaryimage\"},\"thumbnailUrl\":\"https:\/\/i0.wp.com\/thai-inhaler.com\/wp-content\/uploads\/2017\/08\/IMG_3380.jpg?fit=2048%2C2048&ssl=1\",\"datePublished\":\"2017-08-21T15:16:16+00:00\",\"dateModified\":\"2024-04-21T10:09:19+00:00\",\"breadcrumb\":{\"@id\":\"https:\/\/thai-inhaler.com\/de\/shop\/balsame\/taisho-counterpain-thailandisches-analgetikum-balsam-120-gramm-1-stuck\/#breadcrumb\"},\"inLanguage\":\"de-DE\",\"potentialAction\":[{\"@type\":\"ReadAction\",\"target\":[\"https:\/\/thai-inhaler.com\/de\/shop\/balsame\/taisho-counterpain-thailandisches-analgetikum-balsam-120-gramm-1-stuck\/\"]}]},{\"@type\":\"ImageObject\",\"inLanguage\":\"de-DE\",\"@id\":\"https:\/\/thai-inhaler.com\/de\/shop\/balsame\/taisho-counterpain-thailandisches-analgetikum-balsam-120-gramm-1-stuck\/#primaryimage\",\"url\":\"https:\/\/i0.wp.com\/thai-inhaler.com\/wp-content\/uploads\/2017\/08\/IMG_3380.jpg?fit=2048%2C2048&ssl=1\",\"contentUrl\":\"https:\/\/i0.wp.com\/thai-inhaler.com\/wp-content\/uploads\/2017\/08\/IMG_3380.jpg?fit=2048%2C2048&ssl=1\",\"width\":2048,\"height\":2048,\"caption\":\"Taisho Counterpain - Thail\u00e4ndisches Analgetikum-Balsam - 120 Gramm - 1 St\u00fcck\"},{\"@type\":\"BreadcrumbList\",\"@id\":\"https:\/\/thai-inhaler.com\/de\/shop\/balsame\/taisho-counterpain-thailandisches-analgetikum-balsam-120-gramm-1-stuck\/#breadcrumb\",\"itemListElement\":[{\"@type\":\"ListItem\",\"position\":1,\"name\":\"Home\",\"item\":\"https:\/\/thai-inhaler.com\/\"},{\"@type\":\"ListItem\",\"position\":2,\"name\":\"Shop\",\"item\":\"https:\/\/thai-inhaler.com\/shop\/\"},{\"@type\":\"ListItem\",\"position\":3,\"name\":\"Taisho Counterpain &#8211; Thail\u00e4ndisches Analgetikum-Balsam &#8211; 120 Gramm &#8211; 1 St\u00fcck\"}]},{\"@type\":\"WebSite\",\"@id\":\"https:\/\/thai-inhaler.com\/#website\",\"url\":\"https:\/\/thai-inhaler.com\/\",\"name\":\"Thai-Inhaler.com\",\"description\":\"Thai Herbal Products, Inhalers, Balms, Plasters On Sale\",\"publisher\":{\"@id\":\"https:\/\/thai-inhaler.com\/#organization\"},\"potentialAction\":[{\"@type\":\"SearchAction\",\"target\":{\"@type\":\"EntryPoint\",\"urlTemplate\":\"https:\/\/thai-inhaler.com\/?s={search_term_string}\"},\"query-input\":\"required name=search_term_string\"}],\"inLanguage\":\"de-DE\"},{\"@type\":\"Organization\",\"@id\":\"https:\/\/thai-inhaler.com\/#organization\",\"name\":\"Thai-Inhaler.com\",\"url\":\"https:\/\/thai-inhaler.com\/\",\"logo\":{\"@type\":\"ImageObject\",\"inLanguage\":\"de-DE\",\"@id\":\"https:\/\/thai-inhaler.com\/#\/schema\/logo\/image\/\",\"url\":\"https:\/\/i0.wp.com\/thai-inhaler.com\/wp-content\/uploads\/2017\/08\/cropped-logoThaiinhaler-01.png?fit=460%2C160&ssl=1\",\"contentUrl\":\"https:\/\/i0.wp.com\/thai-inhaler.com\/wp-content\/uploads\/2017\/08\/cropped-logoThaiinhaler-01.png?fit=460%2C160&ssl=1\",\"width\":460,\"height\":160,\"caption\":\"Thai-Inhaler.com\"},\"image\":{\"@id\":\"https:\/\/thai-inhaler.com\/#\/schema\/logo\/image\/\"}}]}<\/script>\n<!-- \/ Yoast SEO plugin. -->","yoast_head_json":{"title":"Taisho Counterpain - Thail\u00e4ndisches Analgetikum-Balsam - 120 Gramm - 1 St\u00fcck - Thai-Inhaler.com","robots":{"index":"index","follow":"follow","max-snippet":"max-snippet:-1","max-image-preview":"max-image-preview:large","max-video-preview":"max-video-preview:-1"},"canonical":"https:\/\/thai-inhaler.com\/de\/shop\/balsame\/taisho-counterpain-thailandisches-analgetikum-balsam-120-gramm-1-stuck\/","og_locale":"de_DE","og_type":"article","og_title":"Taisho Counterpain - Thail\u00e4ndisches Analgetikum-Balsam - 120 Gramm - 1 St\u00fcck - Thai-Inhaler.com","og_description":"Menge: 120g Anwendung: K\u00f6rper Dosierung: 2-3 mal am Tag Herkunftsland: Thailand","og_url":"https:\/\/thai-inhaler.com\/de\/shop\/balsame\/taisho-counterpain-thailandisches-analgetikum-balsam-120-gramm-1-stuck\/","og_site_name":"Thai-Inhaler.com","article_modified_time":"2024-04-21T10:09:19+00:00","og_image":[{"width":2048,"height":2048,"url":"https:\/\/thai-inhaler.com\/wp-content\/uploads\/2017\/08\/IMG_3380.jpg","type":"image\/jpeg"}],"twitter_card":"summary_large_image","twitter_misc":{"Gesch\u00e4tzte Lesezeit":"2 Minuten"},"schema":{"@context":"https:\/\/schema.org","@graph":[{"@type":"WebPage","@id":"https:\/\/thai-inhaler.com\/de\/shop\/balsame\/taisho-counterpain-thailandisches-analgetikum-balsam-120-gramm-1-stuck\/","url":"https:\/\/thai-inhaler.com\/de\/shop\/balsame\/taisho-counterpain-thailandisches-analgetikum-balsam-120-gramm-1-stuck\/","name":"Taisho Counterpain - Thail\u00e4ndisches Analgetikum-Balsam - 120 Gramm - 1 St\u00fcck - Thai-Inhaler.com","isPartOf":{"@id":"https:\/\/thai-inhaler.com\/#website"},"primaryImageOfPage":{"@id":"https:\/\/thai-inhaler.com\/de\/shop\/balsame\/taisho-counterpain-thailandisches-analgetikum-balsam-120-gramm-1-stuck\/#primaryimage"},"image":{"@id":"https:\/\/thai-inhaler.com\/de\/shop\/balsame\/taisho-counterpain-thailandisches-analgetikum-balsam-120-gramm-1-stuck\/#primaryimage"},"thumbnailUrl":"https:\/\/i0.wp.com\/thai-inhaler.com\/wp-content\/uploads\/2017\/08\/IMG_3380.jpg?fit=2048%2C2048&ssl=1","datePublished":"2017-08-21T15:16:16+00:00","dateModified":"2024-04-21T10:09:19+00:00","breadcrumb":{"@id":"https:\/\/thai-inhaler.com\/de\/shop\/balsame\/taisho-counterpain-thailandisches-analgetikum-balsam-120-gramm-1-stuck\/#breadcrumb"},"inLanguage":"de-DE","potentialAction":[{"@type":"ReadAction","target":["https:\/\/thai-inhaler.com\/de\/shop\/balsame\/taisho-counterpain-thailandisches-analgetikum-balsam-120-gramm-1-stuck\/"]}]},{"@type":"ImageObject","inLanguage":"de-DE","@id":"https:\/\/thai-inhaler.com\/de\/shop\/balsame\/taisho-counterpain-thailandisches-analgetikum-balsam-120-gramm-1-stuck\/#primaryimage","url":"https:\/\/i0.wp.com\/thai-inhaler.com\/wp-content\/uploads\/2017\/08\/IMG_3380.jpg?fit=2048%2C2048&ssl=1","contentUrl":"https:\/\/i0.wp.com\/thai-inhaler.com\/wp-content\/uploads\/2017\/08\/IMG_3380.jpg?fit=2048%2C2048&ssl=1","width":2048,"height":2048,"caption":"Taisho Counterpain - Thail\u00e4ndisches Analgetikum-Balsam - 120 Gramm - 1 St\u00fcck"},{"@type":"BreadcrumbList","@id":"https:\/\/thai-inhaler.com\/de\/shop\/balsame\/taisho-counterpain-thailandisches-analgetikum-balsam-120-gramm-1-stuck\/#breadcrumb","itemListElement":[{"@type":"ListItem","position":1,"name":"Home","item":"https:\/\/thai-inhaler.com\/"},{"@type":"ListItem","position":2,"name":"Shop","item":"https:\/\/thai-inhaler.com\/shop\/"},{"@type":"ListItem","position":3,"name":"Taisho Counterpain &#8211; Thail\u00e4ndisches Analgetikum-Balsam &#8211; 120 Gramm &#8211; 1 St\u00fcck"}]},{"@type":"WebSite","@id":"https:\/\/thai-inhaler.com\/#website","url":"https:\/\/thai-inhaler.com\/","name":"Thai-Inhaler.com","description":"Thai Herbal Products, Inhalers, Balms, Plasters On Sale","publisher":{"@id":"https:\/\/thai-inhaler.com\/#organization"},"potentialAction":[{"@type":"SearchAction","target":{"@type":"EntryPoint","urlTemplate":"https:\/\/thai-inhaler.com\/?s={search_term_string}"},"query-input":"required name=search_term_string"}],"inLanguage":"de-DE"},{"@type":"Organization","@id":"https:\/\/thai-inhaler.com\/#organization","name":"Thai-Inhaler.com","url":"https:\/\/thai-inhaler.com\/","logo":{"@type":"ImageObject","inLanguage":"de-DE","@id":"https:\/\/thai-inhaler.com\/#\/schema\/logo\/image\/","url":"https:\/\/i0.wp.com\/thai-inhaler.com\/wp-content\/uploads\/2017\/08\/cropped-logoThaiinhaler-01.png?fit=460%2C160&ssl=1","contentUrl":"https:\/\/i0.wp.com\/thai-inhaler.com\/wp-content\/uploads\/2017\/08\/cropped-logoThaiinhaler-01.png?fit=460%2C160&ssl=1","width":460,"height":160,"caption":"Thai-Inhaler.com"},"image":{"@id":"https:\/\/thai-inhaler.com\/#\/schema\/logo\/image\/"}}]}},"jetpack_sharing_enabled":true,"_links":{"self":[{"href":"https:\/\/thai-inhaler.com\/de\/wp-json\/wp\/v2\/product\/594"}],"collection":[{"href":"https:\/\/thai-inhaler.com\/de\/wp-json\/wp\/v2\/product"}],"about":[{"href":"https:\/\/thai-inhaler.com\/de\/wp-json\/wp\/v2\/types\/product"}],"replies":[{"embeddable":true,"href":"https:\/\/thai-inhaler.com\/de\/wp-json\/wp\/v2\/comments?post=594"}],"wp:featuredmedia":[{"embeddable":true,"href":"https:\/\/thai-inhaler.com\/de\/wp-json\/wp\/v2\/media\/595"}],"wp:attachment":[{"href":"https:\/\/thai-inhaler.com\/de\/wp-json\/wp\/v2\/media?parent=594"}],"wp:term":[{"taxonomy":"product_cat","embeddable":true,"href":"https:\/\/thai-inhaler.com\/de\/wp-json\/wp\/v2\/product_cat?post=594"},{"taxonomy":"product_tag","embeddable":true,"href":"https:\/\/thai-inhaler.com\/de\/wp-json\/wp\/v2\/product_tag?post=594"}],"curies":[{"name":"wp","href":"https:\/\/api.w.org\/{rel}","templated":true}]}}