{"id":589,"date":"2017-09-20T10:42:54","date_gmt":"2017-09-20T08:42:54","guid":{"rendered":"https:\/\/thai-inhaler.com\/shop\/unkategorisiert\/gold-tower-balsam-vietnamesische-salbe-1-flasche-enthalt-20-gramm\/"},"modified":"2022-12-20T04:45:00","modified_gmt":"2022-12-20T03:45:00","slug":"gold-tower-balsam-vietnamesische-salbe-1-flasche-enthalt-20-gramm","status":"publish","type":"product","link":"https:\/\/thai-inhaler.com\/de\/shop\/balsame\/gold-tower-balsam-vietnamesische-salbe-1-flasche-enthalt-20-gramm\/","title":{"rendered":"Gold Tower Balsam \u2013 Vietnamesische Salbe \u2013 1 Flasche enth\u00e4lt 20 Gramm"},"content":{"rendered":"<h2>Gold Tower Balsam \u2013 Vietnamesische Salbe \u2013 1 Flasche enth\u00e4lt 20 Gramm<\/h2>\n<h3>Produkt Beschreibung:<\/h3>\n<p>Der Gold Tower Balsam Vietnamesische Salbe ist eine aktive, hochwertige Creme die als effizientes Gesundheitspflegeprodukt f\u00fcr die \u00e4u\u00dfere Anwendung, ber\u00fchmt ist. Menschen allen alters benutzen Sie gerne.<\/p>\n<p>Schon seit langer Zeit wird Vietnam als \u201eUnmensch\u201c dieser Zeit angesehen. Laut alter B\u00fccher die einen guten Ruf haben, ist es bekannt als das Land Nanban, wo man Magische Medizin aus\u00fcbt. Heute macht das ber\u00fchmte Vietnamesische Folk weiter mit dieser Tradition, indem Sie Kr\u00e4uter und Gew\u00fcrze mit den neuesten Wissenschaftlichen Methoden verbinden.<\/p>\n<p>Nachdem wir den Extraktionsprozess perfektioniert hatten, haben wir die reinste Gold Tower Aktiv-Creme kreirt. Sie ist gut gegen rheumatoid Arthritis, wie auch gegen andere K\u00f6rperliche Schmerzen .<\/p>\n<p>Als Resultat davon wurde sie hoch gelobt und hat seiner m\u00e4chtigen Geschichte alle Ehre erwiesen. Es wird als \u201cwichtiges Reise-Hausmittel\u201d gesehen und hat in den S\u00fcdost-Asiatischen Handelsmessen viele Preise gewonnen.<\/p>\n<h3>Produkt Wirksamkeit:<\/h3>\n<p>Die Gold Tower Balsam Vietnamesische Creme ist effektiv gegen kleinere Verstauchungen, R\u00fcckenschmerzen, Unterbauchschmerzen, Kopfschmerzen, Gelenkschmerzen, Muskelkater durch K\u00f6rperliche Arbeit, hartes Training oder Arbeit, Insektenstiche und juckende Haut. Sie kann auch Rheuma-Bedingte Schmerzen, Taubheit und Schmerzen durch Schwellungen und Stauung lindern .<\/p>\n<h3>Wie man sie benutzt:<\/h3>\n<p>Je nach Symptomen sollte dieses Produkt mehrmals am Tag benutzt werden. Tragen Sie eine kleine Menge des Gold Tower Balsam Vietnamesische Creme auf die betroffene Stelle auf und massieren Sie sie entweder mit der Hand oder dem Daumen, f\u00fcr ein paar Minuten ein. Diese Creme hinterl\u00e4sst keine R\u00fcckst\u00e4nde auf der Kleidung.<\/p>\n<h3>Warnung:<\/h3>\n<p>Dieses Produkt ist nur f\u00fcr die \u00e4u\u00dfere Benutzung. Es sollte bei Kindern unter 5 Jahren, Schwangeren und stillenden M\u00fcttern nicht angewendet werden. Bewahren Sie sie an einem k\u00fchlen, trockenen Ort auf, an den kein direktes Sonnenlicht kommt<\/p>\n","protected":false},"excerpt":{"rendered":"<p class=\"western\" dir=\"rtl\" style=\"text-align: left\"><b>Packung:<\/b> 1x20g Flasche<br \/>\n<b>Herstellungsland<\/b><b>:<\/b> Vietnam<br \/>\n<b>Haltbarkeit<\/b><b>:<\/b> 2 Jahre<\/p>\n","protected":false},"featured_media":593,"comment_status":"open","ping_status":"closed","template":"","meta":{"_exactmetrics_skip_tracking":false,"_exactmetrics_sitenote_active":false,"_exactmetrics_sitenote_note":"","_exactmetrics_sitenote_category":0,"jetpack_post_was_ever_published":false},"product_cat":[85,85],"product_tag":[],"yoast_head":"<!-- This site is optimized with the Yoast SEO plugin v22.3 - https:\/\/yoast.com\/wordpress\/plugins\/seo\/ -->\n<title>Gold Tower Balsam \u2013 Vietnamesische Salbe \u2013 1 Flasche enth\u00e4lt 20 Gramm - Thai-Inhaler.com<\/title>\n<meta name=\"robots\" content=\"index, follow, max-snippet:-1, max-image-preview:large, max-video-preview:-1\" \/>\n<link rel=\"canonical\" href=\"https:\/\/thai-inhaler.com\/shop\/balms\/gold-tower-balm-vietnam-ointment-20-grams-1-piece\/\" \/>\n<meta property=\"og:locale\" content=\"de_DE\" \/>\n<meta property=\"og:type\" content=\"article\" \/>\n<meta property=\"og:title\" content=\"Gold Tower Balsam \u2013 Vietnamesische Salbe \u2013 1 Flasche enth\u00e4lt 20 Gramm - Thai-Inhaler.com\" \/>\n<meta property=\"og:description\" content=\"Packung: 1x20g Flasche Herstellungsland: Vietnam Haltbarkeit: 2 Jahre\" \/>\n<meta property=\"og:url\" content=\"https:\/\/thai-inhaler.com\/shop\/balms\/gold-tower-balm-vietnam-ointment-20-grams-1-piece\/\" \/>\n<meta property=\"og:site_name\" content=\"Thai-Inhaler.com\" \/>\n<meta property=\"article:modified_time\" content=\"2022-12-20T03:45:00+00:00\" \/>\n<meta property=\"og:image\" content=\"https:\/\/thai-inhaler.com\/wp-content\/uploads\/2017\/09\/IMG_3971.jpg\" \/>\n\t<meta property=\"og:image:width\" content=\"2048\" \/>\n\t<meta property=\"og:image:height\" content=\"2048\" \/>\n\t<meta property=\"og:image:type\" content=\"image\/jpeg\" \/>\n<meta name=\"twitter:card\" content=\"summary_large_image\" \/>\n<meta name=\"twitter:label1\" content=\"Gesch\u00e4tzte Lesezeit\" \/>\n\t<meta name=\"twitter:data1\" content=\"2 Minuten\" \/>\n<script type=\"application\/ld+json\" class=\"yoast-schema-graph\">{\"@context\":\"https:\/\/schema.org\",\"@graph\":[{\"@type\":\"WebPage\",\"@id\":\"https:\/\/thai-inhaler.com\/shop\/balms\/gold-tower-balm-vietnam-ointment-20-grams-1-piece\/\",\"url\":\"https:\/\/thai-inhaler.com\/shop\/balms\/gold-tower-balm-vietnam-ointment-20-grams-1-piece\/\",\"name\":\"Gold Tower Balsam \u2013 Vietnamesische Salbe \u2013 1 Flasche enth\u00e4lt 20 Gramm - Thai-Inhaler.com\",\"isPartOf\":{\"@id\":\"https:\/\/thai-inhaler.com\/#website\"},\"primaryImageOfPage\":{\"@id\":\"https:\/\/thai-inhaler.com\/shop\/balms\/gold-tower-balm-vietnam-ointment-20-grams-1-piece\/#primaryimage\"},\"image\":{\"@id\":\"https:\/\/thai-inhaler.com\/shop\/balms\/gold-tower-balm-vietnam-ointment-20-grams-1-piece\/#primaryimage\"},\"thumbnailUrl\":\"https:\/\/i0.wp.com\/thai-inhaler.com\/wp-content\/uploads\/2017\/09\/IMG_3971.jpg?fit=2048%2C2048&ssl=1\",\"datePublished\":\"2017-09-20T08:42:54+00:00\",\"dateModified\":\"2022-12-20T03:45:00+00:00\",\"breadcrumb\":{\"@id\":\"https:\/\/thai-inhaler.com\/shop\/balms\/gold-tower-balm-vietnam-ointment-20-grams-1-piece\/#breadcrumb\"},\"inLanguage\":\"de-DE\",\"potentialAction\":[{\"@type\":\"ReadAction\",\"target\":[\"https:\/\/thai-inhaler.com\/shop\/balms\/gold-tower-balm-vietnam-ointment-20-grams-1-piece\/\"]}]},{\"@type\":\"ImageObject\",\"inLanguage\":\"de-DE\",\"@id\":\"https:\/\/thai-inhaler.com\/shop\/balms\/gold-tower-balm-vietnam-ointment-20-grams-1-piece\/#primaryimage\",\"url\":\"https:\/\/i0.wp.com\/thai-inhaler.com\/wp-content\/uploads\/2017\/09\/IMG_3971.jpg?fit=2048%2C2048&ssl=1\",\"contentUrl\":\"https:\/\/i0.wp.com\/thai-inhaler.com\/wp-content\/uploads\/2017\/09\/IMG_3971.jpg?fit=2048%2C2048&ssl=1\",\"width\":2048,\"height\":2048,\"caption\":\"Gold Tower Balsam \u2013 Vietnamesische Salbe \u2013 1 Flasche enth\u00e4lt 20 Gramm\"},{\"@type\":\"BreadcrumbList\",\"@id\":\"https:\/\/thai-inhaler.com\/shop\/balms\/gold-tower-balm-vietnam-ointment-20-grams-1-piece\/#breadcrumb\",\"itemListElement\":[{\"@type\":\"ListItem\",\"position\":1,\"name\":\"Home\",\"item\":\"https:\/\/thai-inhaler.com\/\"},{\"@type\":\"ListItem\",\"position\":2,\"name\":\"Shop\",\"item\":\"https:\/\/thai-inhaler.com\/shop\/\"},{\"@type\":\"ListItem\",\"position\":3,\"name\":\"Gold Tower Balsam \u2013 Vietnamesische Salbe \u2013 1 Flasche enth\u00e4lt 20 Gramm\"}]},{\"@type\":\"WebSite\",\"@id\":\"https:\/\/thai-inhaler.com\/#website\",\"url\":\"https:\/\/thai-inhaler.com\/\",\"name\":\"Thai-Inhaler.com\",\"description\":\"Thai Herbal Products, Inhalers, Balms, Plasters On Sale\",\"publisher\":{\"@id\":\"https:\/\/thai-inhaler.com\/#organization\"},\"potentialAction\":[{\"@type\":\"SearchAction\",\"target\":{\"@type\":\"EntryPoint\",\"urlTemplate\":\"https:\/\/thai-inhaler.com\/?s={search_term_string}\"},\"query-input\":\"required name=search_term_string\"}],\"inLanguage\":\"de-DE\"},{\"@type\":\"Organization\",\"@id\":\"https:\/\/thai-inhaler.com\/#organization\",\"name\":\"Thai-Inhaler.com\",\"url\":\"https:\/\/thai-inhaler.com\/\",\"logo\":{\"@type\":\"ImageObject\",\"inLanguage\":\"de-DE\",\"@id\":\"https:\/\/thai-inhaler.com\/#\/schema\/logo\/image\/\",\"url\":\"https:\/\/i0.wp.com\/thai-inhaler.com\/wp-content\/uploads\/2017\/08\/cropped-logoThaiinhaler-01.png?fit=460%2C160&ssl=1\",\"contentUrl\":\"https:\/\/i0.wp.com\/thai-inhaler.com\/wp-content\/uploads\/2017\/08\/cropped-logoThaiinhaler-01.png?fit=460%2C160&ssl=1\",\"width\":460,\"height\":160,\"caption\":\"Thai-Inhaler.com\"},\"image\":{\"@id\":\"https:\/\/thai-inhaler.com\/#\/schema\/logo\/image\/\"}}]}<\/script>\n<!-- \/ Yoast SEO plugin. -->","yoast_head_json":{"title":"Gold Tower Balsam \u2013 Vietnamesische Salbe \u2013 1 Flasche enth\u00e4lt 20 Gramm - Thai-Inhaler.com","robots":{"index":"index","follow":"follow","max-snippet":"max-snippet:-1","max-image-preview":"max-image-preview:large","max-video-preview":"max-video-preview:-1"},"canonical":"https:\/\/thai-inhaler.com\/shop\/balms\/gold-tower-balm-vietnam-ointment-20-grams-1-piece\/","og_locale":"de_DE","og_type":"article","og_title":"Gold Tower Balsam \u2013 Vietnamesische Salbe \u2013 1 Flasche enth\u00e4lt 20 Gramm - Thai-Inhaler.com","og_description":"Packung: 1x20g Flasche Herstellungsland: Vietnam Haltbarkeit: 2 Jahre","og_url":"https:\/\/thai-inhaler.com\/shop\/balms\/gold-tower-balm-vietnam-ointment-20-grams-1-piece\/","og_site_name":"Thai-Inhaler.com","article_modified_time":"2022-12-20T03:45:00+00:00","og_image":[{"width":2048,"height":2048,"url":"https:\/\/thai-inhaler.com\/wp-content\/uploads\/2017\/09\/IMG_3971.jpg","type":"image\/jpeg"}],"twitter_card":"summary_large_image","twitter_misc":{"Gesch\u00e4tzte Lesezeit":"2 Minuten"},"schema":{"@context":"https:\/\/schema.org","@graph":[{"@type":"WebPage","@id":"https:\/\/thai-inhaler.com\/shop\/balms\/gold-tower-balm-vietnam-ointment-20-grams-1-piece\/","url":"https:\/\/thai-inhaler.com\/shop\/balms\/gold-tower-balm-vietnam-ointment-20-grams-1-piece\/","name":"Gold Tower Balsam \u2013 Vietnamesische Salbe \u2013 1 Flasche enth\u00e4lt 20 Gramm - Thai-Inhaler.com","isPartOf":{"@id":"https:\/\/thai-inhaler.com\/#website"},"primaryImageOfPage":{"@id":"https:\/\/thai-inhaler.com\/shop\/balms\/gold-tower-balm-vietnam-ointment-20-grams-1-piece\/#primaryimage"},"image":{"@id":"https:\/\/thai-inhaler.com\/shop\/balms\/gold-tower-balm-vietnam-ointment-20-grams-1-piece\/#primaryimage"},"thumbnailUrl":"https:\/\/i0.wp.com\/thai-inhaler.com\/wp-content\/uploads\/2017\/09\/IMG_3971.jpg?fit=2048%2C2048&ssl=1","datePublished":"2017-09-20T08:42:54+00:00","dateModified":"2022-12-20T03:45:00+00:00","breadcrumb":{"@id":"https:\/\/thai-inhaler.com\/shop\/balms\/gold-tower-balm-vietnam-ointment-20-grams-1-piece\/#breadcrumb"},"inLanguage":"de-DE","potentialAction":[{"@type":"ReadAction","target":["https:\/\/thai-inhaler.com\/shop\/balms\/gold-tower-balm-vietnam-ointment-20-grams-1-piece\/"]}]},{"@type":"ImageObject","inLanguage":"de-DE","@id":"https:\/\/thai-inhaler.com\/shop\/balms\/gold-tower-balm-vietnam-ointment-20-grams-1-piece\/#primaryimage","url":"https:\/\/i0.wp.com\/thai-inhaler.com\/wp-content\/uploads\/2017\/09\/IMG_3971.jpg?fit=2048%2C2048&ssl=1","contentUrl":"https:\/\/i0.wp.com\/thai-inhaler.com\/wp-content\/uploads\/2017\/09\/IMG_3971.jpg?fit=2048%2C2048&ssl=1","width":2048,"height":2048,"caption":"Gold Tower Balsam \u2013 Vietnamesische Salbe \u2013 1 Flasche enth\u00e4lt 20 Gramm"},{"@type":"BreadcrumbList","@id":"https:\/\/thai-inhaler.com\/shop\/balms\/gold-tower-balm-vietnam-ointment-20-grams-1-piece\/#breadcrumb","itemListElement":[{"@type":"ListItem","position":1,"name":"Home","item":"https:\/\/thai-inhaler.com\/"},{"@type":"ListItem","position":2,"name":"Shop","item":"https:\/\/thai-inhaler.com\/shop\/"},{"@type":"ListItem","position":3,"name":"Gold Tower Balsam \u2013 Vietnamesische Salbe \u2013 1 Flasche enth\u00e4lt 20 Gramm"}]},{"@type":"WebSite","@id":"https:\/\/thai-inhaler.com\/#website","url":"https:\/\/thai-inhaler.com\/","name":"Thai-Inhaler.com","description":"Thai Herbal Products, Inhalers, Balms, Plasters On Sale","publisher":{"@id":"https:\/\/thai-inhaler.com\/#organization"},"potentialAction":[{"@type":"SearchAction","target":{"@type":"EntryPoint","urlTemplate":"https:\/\/thai-inhaler.com\/?s={search_term_string}"},"query-input":"required name=search_term_string"}],"inLanguage":"de-DE"},{"@type":"Organization","@id":"https:\/\/thai-inhaler.com\/#organization","name":"Thai-Inhaler.com","url":"https:\/\/thai-inhaler.com\/","logo":{"@type":"ImageObject","inLanguage":"de-DE","@id":"https:\/\/thai-inhaler.com\/#\/schema\/logo\/image\/","url":"https:\/\/i0.wp.com\/thai-inhaler.com\/wp-content\/uploads\/2017\/08\/cropped-logoThaiinhaler-01.png?fit=460%2C160&ssl=1","contentUrl":"https:\/\/i0.wp.com\/thai-inhaler.com\/wp-content\/uploads\/2017\/08\/cropped-logoThaiinhaler-01.png?fit=460%2C160&ssl=1","width":460,"height":160,"caption":"Thai-Inhaler.com"},"image":{"@id":"https:\/\/thai-inhaler.com\/#\/schema\/logo\/image\/"}}]}},"jetpack_sharing_enabled":true,"_links":{"self":[{"href":"https:\/\/thai-inhaler.com\/de\/wp-json\/wp\/v2\/product\/589"}],"collection":[{"href":"https:\/\/thai-inhaler.com\/de\/wp-json\/wp\/v2\/product"}],"about":[{"href":"https:\/\/thai-inhaler.com\/de\/wp-json\/wp\/v2\/types\/product"}],"replies":[{"embeddable":true,"href":"https:\/\/thai-inhaler.com\/de\/wp-json\/wp\/v2\/comments?post=589"}],"wp:featuredmedia":[{"embeddable":true,"href":"https:\/\/thai-inhaler.com\/de\/wp-json\/wp\/v2\/media\/593"}],"wp:attachment":[{"href":"https:\/\/thai-inhaler.com\/de\/wp-json\/wp\/v2\/media?parent=589"}],"wp:term":[{"taxonomy":"product_cat","embeddable":true,"href":"https:\/\/thai-inhaler.com\/de\/wp-json\/wp\/v2\/product_cat?post=589"},{"taxonomy":"product_tag","embeddable":true,"href":"https:\/\/thai-inhaler.com\/de\/wp-json\/wp\/v2\/product_tag?post=589"}],"curies":[{"name":"wp","href":"https:\/\/api.w.org\/{rel}","templated":true}]}}