{"id":538,"date":"2017-08-21T17:22:11","date_gmt":"2017-08-21T15:22:11","guid":{"rendered":"https:\/\/thai-inhaler.com\/shop\/unkategorisiert\/neoplast-mentopas-thailandisches-menthol-pflaster-1-packung-mit-10-stuck\/"},"modified":"2023-11-25T17:47:14","modified_gmt":"2023-11-25T16:47:14","slug":"neoplast-mentopas-thailandisches-menthol-pflaster-1-packung-mit-10-stuck","status":"publish","type":"product","link":"https:\/\/thai-inhaler.com\/de\/shop\/pflaster\/neoplast-mentopas-thailandisches-menthol-pflaster-1-packung-mit-10-stuck\/","title":{"rendered":"Neoplast Mentopas &#8211; Thail\u00e4ndisches Menthol Pflaster &#8211; 1 Packung mit 10 St\u00fcck"},"content":{"rendered":"<h2>Neoplast Mentopas &#8211; Thail\u00e4ndisches Menthol Pflaster &#8211; 1 Packung mit 10 St\u00fcck<\/h2>\n<h3>Produkt Wirksamkeit:<\/h3>\n<p>Das Neoplast Mentopas \u2013 Thail\u00e4ndische Menthol Pflaster ist effektiv gegen Entz\u00fcndungen und Schmerzen, lindert Muskelschmerzen, sowie Schmerzen durch Rheuma, Arthritis und andere Gelenkschmerzen. Es kann auch bei Schlafst\u00f6rungen eingesetzt werden. Kleben Sie sich einfach auf beide Seiten ihres Kopfes ein Pflaster.<\/p>\n<h3>Aktive Bestandteile:<\/h3>\n<p>Menthol, Methylsalicylate, \u00c4thylenglykol, Monosalicylate<\/p>\n<h3>Wie man sie benutzt:<\/h3>\n<p>Waschen Sie sich die H\u00e4nde, bevor Sie die Pflaster benutzen. S\u00e4ubern und trocknen Sie den Anwendungsbereich, dann biegen Sie das Pflaster, um den Schutzfilm zu entfernen. Nachdem Sie die klebende Seite freigelegt haben, tragen Sie es direkt auf die Haut im Anwendungsbereich auf und reiben Sie sanft dar\u00fcber, um sicher zu stellen, das es klebt. Nutzen Sie immer nur ein Pflaster f\u00fcr einen Bereich. Das Pflaster h\u00e4lt bis zu 12 Stunden. Bitte waschen Sie sich die H\u00e4nde, nachdem Sie das Pflaster entfernt haben und reinigen sie auch den Anwendungsbereich, bevor Sie ein weiteres Pflaster dort platzieren. Ein weiteres Pflaster wird nur ben\u00f6tigt, wenn der Schmerz anh\u00e4lt.<\/p>\n<h3>Aufbewahrung:<\/h3>\n<p>Dieses Produkt sollte immer Luftdicht verpackt sein, also entfernen Sie nicht den Schutzfilm, wenn Sie es nicht benutzen. Bewahren Sie die Packung trocken und K\u00fchl auf.<\/p>\n<h3>Warnung:<\/h3>\n<p>Dieses Produkt ist nur f\u00fcr die \u00e4u\u00dfere Anwendung. Bitte nicht in der n\u00e4he der Augen, Schleimh\u00e4ute, von Wunden oder entz\u00fcndeter Haut auftragen. Wenn durch \u00dcberempfindlichkeit oder Allergien Hautirritationen entstehen sollten, benutzen Sie das Pflaster nicht mehr und suchen Sie einen Arzt auf. Nicht in der n\u00e4he von Kindern aufbewahren. Dieses Produkt ist nicht f\u00fcr Schwangere oder Frauen in der Stillzeit geeignet.<\/p>\n","protected":false},"excerpt":{"rendered":"<p><strong>Verwendung:<\/strong> K\u00f6rper<br \/>\n<strong>Gr\u00f6\u00dfe:<\/strong> 4 x 6cm<br \/>\n<strong>Herkunftsland:<\/strong> Thailand<br \/>\n<strong>Packung:<\/strong> Jede Packung enth\u00e4lt 10 schmerzlindernde Pflaster<\/p>\n","protected":false},"featured_media":543,"comment_status":"open","ping_status":"closed","template":"","meta":{"_exactmetrics_skip_tracking":false,"_exactmetrics_sitenote_active":false,"_exactmetrics_sitenote_note":"","_exactmetrics_sitenote_category":0,"jetpack_post_was_ever_published":false},"product_cat":[87,87],"product_tag":[],"yoast_head":"<!-- This site is optimized with the Yoast SEO plugin v22.3 - https:\/\/yoast.com\/wordpress\/plugins\/seo\/ -->\n<title>Neoplast Mentopas - Thail\u00e4ndisches Menthol Pflaster - 1 Packung mit 10 St\u00fcck - Thai-Inhaler.com<\/title>\n<meta name=\"robots\" content=\"index, follow, max-snippet:-1, max-image-preview:large, max-video-preview:-1\" \/>\n<link rel=\"canonical\" href=\"https:\/\/thai-inhaler.com\/shop\/plasters\/neoplast-mentopas-thailand-menthol-plaster-10-pieces\/\" \/>\n<meta property=\"og:locale\" content=\"de_DE\" \/>\n<meta property=\"og:type\" content=\"article\" \/>\n<meta property=\"og:title\" content=\"Neoplast Mentopas - Thail\u00e4ndisches Menthol Pflaster - 1 Packung mit 10 St\u00fcck - Thai-Inhaler.com\" \/>\n<meta property=\"og:description\" content=\"Verwendung: K\u00f6rper Gr\u00f6\u00dfe: 4 x 6cm Herkunftsland: Thailand Packung: Jede Packung enth\u00e4lt 10 schmerzlindernde Pflaster\" \/>\n<meta property=\"og:url\" content=\"https:\/\/thai-inhaler.com\/shop\/plasters\/neoplast-mentopas-thailand-menthol-plaster-10-pieces\/\" \/>\n<meta property=\"og:site_name\" content=\"Thai-Inhaler.com\" \/>\n<meta property=\"article:modified_time\" content=\"2023-11-25T16:47:14+00:00\" \/>\n<meta property=\"og:image\" content=\"https:\/\/thai-inhaler.com\/wp-content\/uploads\/2017\/08\/IMG_3422.jpg\" \/>\n\t<meta property=\"og:image:width\" content=\"2048\" \/>\n\t<meta property=\"og:image:height\" content=\"2048\" \/>\n\t<meta property=\"og:image:type\" content=\"image\/jpeg\" \/>\n<meta name=\"twitter:card\" content=\"summary_large_image\" \/>\n<meta name=\"twitter:label1\" content=\"Gesch\u00e4tzte Lesezeit\" \/>\n\t<meta name=\"twitter:data1\" content=\"1 Minute\" \/>\n<script type=\"application\/ld+json\" class=\"yoast-schema-graph\">{\"@context\":\"https:\/\/schema.org\",\"@graph\":[{\"@type\":\"WebPage\",\"@id\":\"https:\/\/thai-inhaler.com\/shop\/plasters\/neoplast-mentopas-thailand-menthol-plaster-10-pieces\/\",\"url\":\"https:\/\/thai-inhaler.com\/shop\/plasters\/neoplast-mentopas-thailand-menthol-plaster-10-pieces\/\",\"name\":\"Neoplast Mentopas - Thail\u00e4ndisches Menthol Pflaster - 1 Packung mit 10 St\u00fcck - Thai-Inhaler.com\",\"isPartOf\":{\"@id\":\"https:\/\/thai-inhaler.com\/#website\"},\"primaryImageOfPage\":{\"@id\":\"https:\/\/thai-inhaler.com\/shop\/plasters\/neoplast-mentopas-thailand-menthol-plaster-10-pieces\/#primaryimage\"},\"image\":{\"@id\":\"https:\/\/thai-inhaler.com\/shop\/plasters\/neoplast-mentopas-thailand-menthol-plaster-10-pieces\/#primaryimage\"},\"thumbnailUrl\":\"https:\/\/i0.wp.com\/thai-inhaler.com\/wp-content\/uploads\/2017\/08\/IMG_3422.jpg?fit=2048%2C2048&ssl=1\",\"datePublished\":\"2017-08-21T15:22:11+00:00\",\"dateModified\":\"2023-11-25T16:47:14+00:00\",\"breadcrumb\":{\"@id\":\"https:\/\/thai-inhaler.com\/shop\/plasters\/neoplast-mentopas-thailand-menthol-plaster-10-pieces\/#breadcrumb\"},\"inLanguage\":\"de-DE\",\"potentialAction\":[{\"@type\":\"ReadAction\",\"target\":[\"https:\/\/thai-inhaler.com\/shop\/plasters\/neoplast-mentopas-thailand-menthol-plaster-10-pieces\/\"]}]},{\"@type\":\"ImageObject\",\"inLanguage\":\"de-DE\",\"@id\":\"https:\/\/thai-inhaler.com\/shop\/plasters\/neoplast-mentopas-thailand-menthol-plaster-10-pieces\/#primaryimage\",\"url\":\"https:\/\/i0.wp.com\/thai-inhaler.com\/wp-content\/uploads\/2017\/08\/IMG_3422.jpg?fit=2048%2C2048&ssl=1\",\"contentUrl\":\"https:\/\/i0.wp.com\/thai-inhaler.com\/wp-content\/uploads\/2017\/08\/IMG_3422.jpg?fit=2048%2C2048&ssl=1\",\"width\":2048,\"height\":2048,\"caption\":\"Neoplast Mentopas - Thail\u00e4ndisches Menthol Pflaster - 1 Packung mit 10 St\u00fcck\"},{\"@type\":\"BreadcrumbList\",\"@id\":\"https:\/\/thai-inhaler.com\/shop\/plasters\/neoplast-mentopas-thailand-menthol-plaster-10-pieces\/#breadcrumb\",\"itemListElement\":[{\"@type\":\"ListItem\",\"position\":1,\"name\":\"Home\",\"item\":\"https:\/\/thai-inhaler.com\/\"},{\"@type\":\"ListItem\",\"position\":2,\"name\":\"Shop\",\"item\":\"https:\/\/thai-inhaler.com\/shop\/\"},{\"@type\":\"ListItem\",\"position\":3,\"name\":\"Neoplast Mentopas &#8211; Thail\u00e4ndisches Menthol Pflaster &#8211; 1 Packung mit 10 St\u00fcck\"}]},{\"@type\":\"WebSite\",\"@id\":\"https:\/\/thai-inhaler.com\/#website\",\"url\":\"https:\/\/thai-inhaler.com\/\",\"name\":\"Thai-Inhaler.com\",\"description\":\"Thai Herbal Products, Inhalers, Balms, Plasters On Sale\",\"publisher\":{\"@id\":\"https:\/\/thai-inhaler.com\/#organization\"},\"potentialAction\":[{\"@type\":\"SearchAction\",\"target\":{\"@type\":\"EntryPoint\",\"urlTemplate\":\"https:\/\/thai-inhaler.com\/?s={search_term_string}\"},\"query-input\":\"required name=search_term_string\"}],\"inLanguage\":\"de-DE\"},{\"@type\":\"Organization\",\"@id\":\"https:\/\/thai-inhaler.com\/#organization\",\"name\":\"Thai-Inhaler.com\",\"url\":\"https:\/\/thai-inhaler.com\/\",\"logo\":{\"@type\":\"ImageObject\",\"inLanguage\":\"de-DE\",\"@id\":\"https:\/\/thai-inhaler.com\/#\/schema\/logo\/image\/\",\"url\":\"https:\/\/i0.wp.com\/thai-inhaler.com\/wp-content\/uploads\/2017\/08\/cropped-logoThaiinhaler-01.png?fit=460%2C160&ssl=1\",\"contentUrl\":\"https:\/\/i0.wp.com\/thai-inhaler.com\/wp-content\/uploads\/2017\/08\/cropped-logoThaiinhaler-01.png?fit=460%2C160&ssl=1\",\"width\":460,\"height\":160,\"caption\":\"Thai-Inhaler.com\"},\"image\":{\"@id\":\"https:\/\/thai-inhaler.com\/#\/schema\/logo\/image\/\"}}]}<\/script>\n<!-- \/ Yoast SEO plugin. -->","yoast_head_json":{"title":"Neoplast Mentopas - Thail\u00e4ndisches Menthol Pflaster - 1 Packung mit 10 St\u00fcck - Thai-Inhaler.com","robots":{"index":"index","follow":"follow","max-snippet":"max-snippet:-1","max-image-preview":"max-image-preview:large","max-video-preview":"max-video-preview:-1"},"canonical":"https:\/\/thai-inhaler.com\/shop\/plasters\/neoplast-mentopas-thailand-menthol-plaster-10-pieces\/","og_locale":"de_DE","og_type":"article","og_title":"Neoplast Mentopas - Thail\u00e4ndisches Menthol Pflaster - 1 Packung mit 10 St\u00fcck - Thai-Inhaler.com","og_description":"Verwendung: K\u00f6rper Gr\u00f6\u00dfe: 4 x 6cm Herkunftsland: Thailand Packung: Jede Packung enth\u00e4lt 10 schmerzlindernde Pflaster","og_url":"https:\/\/thai-inhaler.com\/shop\/plasters\/neoplast-mentopas-thailand-menthol-plaster-10-pieces\/","og_site_name":"Thai-Inhaler.com","article_modified_time":"2023-11-25T16:47:14+00:00","og_image":[{"width":2048,"height":2048,"url":"https:\/\/thai-inhaler.com\/wp-content\/uploads\/2017\/08\/IMG_3422.jpg","type":"image\/jpeg"}],"twitter_card":"summary_large_image","twitter_misc":{"Gesch\u00e4tzte Lesezeit":"1 Minute"},"schema":{"@context":"https:\/\/schema.org","@graph":[{"@type":"WebPage","@id":"https:\/\/thai-inhaler.com\/shop\/plasters\/neoplast-mentopas-thailand-menthol-plaster-10-pieces\/","url":"https:\/\/thai-inhaler.com\/shop\/plasters\/neoplast-mentopas-thailand-menthol-plaster-10-pieces\/","name":"Neoplast Mentopas - Thail\u00e4ndisches Menthol Pflaster - 1 Packung mit 10 St\u00fcck - Thai-Inhaler.com","isPartOf":{"@id":"https:\/\/thai-inhaler.com\/#website"},"primaryImageOfPage":{"@id":"https:\/\/thai-inhaler.com\/shop\/plasters\/neoplast-mentopas-thailand-menthol-plaster-10-pieces\/#primaryimage"},"image":{"@id":"https:\/\/thai-inhaler.com\/shop\/plasters\/neoplast-mentopas-thailand-menthol-plaster-10-pieces\/#primaryimage"},"thumbnailUrl":"https:\/\/i0.wp.com\/thai-inhaler.com\/wp-content\/uploads\/2017\/08\/IMG_3422.jpg?fit=2048%2C2048&ssl=1","datePublished":"2017-08-21T15:22:11+00:00","dateModified":"2023-11-25T16:47:14+00:00","breadcrumb":{"@id":"https:\/\/thai-inhaler.com\/shop\/plasters\/neoplast-mentopas-thailand-menthol-plaster-10-pieces\/#breadcrumb"},"inLanguage":"de-DE","potentialAction":[{"@type":"ReadAction","target":["https:\/\/thai-inhaler.com\/shop\/plasters\/neoplast-mentopas-thailand-menthol-plaster-10-pieces\/"]}]},{"@type":"ImageObject","inLanguage":"de-DE","@id":"https:\/\/thai-inhaler.com\/shop\/plasters\/neoplast-mentopas-thailand-menthol-plaster-10-pieces\/#primaryimage","url":"https:\/\/i0.wp.com\/thai-inhaler.com\/wp-content\/uploads\/2017\/08\/IMG_3422.jpg?fit=2048%2C2048&ssl=1","contentUrl":"https:\/\/i0.wp.com\/thai-inhaler.com\/wp-content\/uploads\/2017\/08\/IMG_3422.jpg?fit=2048%2C2048&ssl=1","width":2048,"height":2048,"caption":"Neoplast Mentopas - Thail\u00e4ndisches Menthol Pflaster - 1 Packung mit 10 St\u00fcck"},{"@type":"BreadcrumbList","@id":"https:\/\/thai-inhaler.com\/shop\/plasters\/neoplast-mentopas-thailand-menthol-plaster-10-pieces\/#breadcrumb","itemListElement":[{"@type":"ListItem","position":1,"name":"Home","item":"https:\/\/thai-inhaler.com\/"},{"@type":"ListItem","position":2,"name":"Shop","item":"https:\/\/thai-inhaler.com\/shop\/"},{"@type":"ListItem","position":3,"name":"Neoplast Mentopas &#8211; Thail\u00e4ndisches Menthol Pflaster &#8211; 1 Packung mit 10 St\u00fcck"}]},{"@type":"WebSite","@id":"https:\/\/thai-inhaler.com\/#website","url":"https:\/\/thai-inhaler.com\/","name":"Thai-Inhaler.com","description":"Thai Herbal Products, Inhalers, Balms, Plasters On Sale","publisher":{"@id":"https:\/\/thai-inhaler.com\/#organization"},"potentialAction":[{"@type":"SearchAction","target":{"@type":"EntryPoint","urlTemplate":"https:\/\/thai-inhaler.com\/?s={search_term_string}"},"query-input":"required name=search_term_string"}],"inLanguage":"de-DE"},{"@type":"Organization","@id":"https:\/\/thai-inhaler.com\/#organization","name":"Thai-Inhaler.com","url":"https:\/\/thai-inhaler.com\/","logo":{"@type":"ImageObject","inLanguage":"de-DE","@id":"https:\/\/thai-inhaler.com\/#\/schema\/logo\/image\/","url":"https:\/\/i0.wp.com\/thai-inhaler.com\/wp-content\/uploads\/2017\/08\/cropped-logoThaiinhaler-01.png?fit=460%2C160&ssl=1","contentUrl":"https:\/\/i0.wp.com\/thai-inhaler.com\/wp-content\/uploads\/2017\/08\/cropped-logoThaiinhaler-01.png?fit=460%2C160&ssl=1","width":460,"height":160,"caption":"Thai-Inhaler.com"},"image":{"@id":"https:\/\/thai-inhaler.com\/#\/schema\/logo\/image\/"}}]}},"jetpack_sharing_enabled":true,"_links":{"self":[{"href":"https:\/\/thai-inhaler.com\/de\/wp-json\/wp\/v2\/product\/538"}],"collection":[{"href":"https:\/\/thai-inhaler.com\/de\/wp-json\/wp\/v2\/product"}],"about":[{"href":"https:\/\/thai-inhaler.com\/de\/wp-json\/wp\/v2\/types\/product"}],"replies":[{"embeddable":true,"href":"https:\/\/thai-inhaler.com\/de\/wp-json\/wp\/v2\/comments?post=538"}],"wp:featuredmedia":[{"embeddable":true,"href":"https:\/\/thai-inhaler.com\/de\/wp-json\/wp\/v2\/media\/543"}],"wp:attachment":[{"href":"https:\/\/thai-inhaler.com\/de\/wp-json\/wp\/v2\/media?parent=538"}],"wp:term":[{"taxonomy":"product_cat","embeddable":true,"href":"https:\/\/thai-inhaler.com\/de\/wp-json\/wp\/v2\/product_cat?post=538"},{"taxonomy":"product_tag","embeddable":true,"href":"https:\/\/thai-inhaler.com\/de\/wp-json\/wp\/v2\/product_tag?post=538"}],"curies":[{"name":"wp","href":"https:\/\/api.w.org\/{rel}","templated":true}]}}