{"id":532,"date":"2017-11-24T15:56:04","date_gmt":"2017-11-24T14:56:04","guid":{"rendered":"https:\/\/thai-inhaler.com\/shop\/unkategorisiert\/vapex-thailandischer-nasen-inhalator-und-ol-1-stuck\/"},"modified":"2024-01-03T23:07:47","modified_gmt":"2024-01-03T22:07:47","slug":"vapex-thailandischer-nasen-inhalator-und-ol-1-stuck","status":"publish","type":"product","link":"https:\/\/thai-inhaler.com\/de\/shop\/inhalatoren\/vapex-thailandischer-nasen-inhalator-und-ol-1-stuck\/","title":{"rendered":"Vapex &#8211; Thail\u00e4ndischer Nasen-Inhalator und \u00d6l &#8211; 1 St\u00fcck"},"content":{"rendered":"<h2>Vapex &#8211; Thail\u00e4ndischer Nasen-Inhalator und \u00d6l &#8211; 1 St\u00fcck<\/h2>\n<p>Der Vapex \u2013 Thail\u00e4ndische Nasen-Inhalator und \u00d6l ist ein Produkt aus Premium Qualit\u00e4t das genutzt wird, um verstopfte Nasen zu befreien. Er wird in einer handlichen Tasche, die das tragen erleichtert. Die Packung wird mit einer bequemen 2-in-1 Besonderheit geliefert, bei der Sie das Gef\u00e4\u00df mit dem Menthol\/Eukalyptus \u00d6l entnehmen k\u00f6nnen, wodurch Sie das \u00d6l in tropfen auftragen k\u00f6nnen, statt es zu inhalieren.<\/p>\n<h3>Produkt Wirksamkeit:<\/h3>\n<p>Der Vapex \u2013 Thail\u00e4ndische Nasen-Inhalator und \u00d6l hilft, verstopfte Nasen zu befreien, die durch Erk\u00e4ltungen, eine Grippe, Sinusitis oder Heuschnupfen ausgel\u00f6st werden k\u00f6nnen. Dadurch k\u00f6nnen Sie wieder frei Atmen, da es Symptome schnell und nat\u00fcrlich lindert. Es kann auch andere Erk\u00e4ltungs-Symptome lindern, wie zum Beispiel; Unwohlsein und Halsschmerzen. Dazu kommt, das es auch Entz\u00fcndungen und Ausschl\u00e4ge von Insektenstichen lindert.<\/p>\n<h3>Aktive Inhaltsstoffe:<\/h3>\n<ul>\n<li>Menthol \u2013 15.25%<\/li>\n<li>Eukalyptus \u00d6l \u2013 4.45%<\/li>\n<\/ul>\n<h3>Wie man ihn benutzt:<\/h3>\n<p>Sobald Sie merken, das Sie eine Erk\u00e4ltung bekommen, schmieren Sie ein wenig vom Vapex \u00d6l auf ein Taschentuch und Atmen Sie tief ein. Tun Sie dies so oft am Tag, wie Sie f\u00fcr n\u00f6tig halten und vergessen Sie nicht das Taschentuch ab und an auszuwechseln. F\u00fcr Kinder, nutzen Sie einen tropfen von Vapex, indem Sie ihn Nachts auf das Kissen schmieren.<\/p>\n<p>Sie k\u00f6nnen den auch nutzen, indem Sie die Inhalieren, statt ein Taschentuch zu verwenden. F\u00fcr den besten Effekt, halten Sie mit einem Finger ein Nasenloch geschlossen und nehmen Sie mit anderen einen tiefen Atemzug. Wiederholen Sie diesen Vorgang auch mit dem anderen Nasenloch.<\/p>\n<h3>Anmerkung:<\/h3>\n<p>Dieser Inhalator sollte nur von einer Person genutzt werden. Die Nutzung eines Inhalators von mehreren Personen kann dazu f\u00fchren, das Infektionen sich verbreiten.<\/p>\n<h3>Aufbewahrung:<\/h3>\n<p>Bitte an einem k\u00fchlen, trocknen Ort aufbewahren und nicht direktem Sonnenlicht aussetzen.<\/p>\n","protected":false},"excerpt":{"rendered":"<p><strong>Inhalt:<\/strong> 2ml<br \/>\n<strong>Funktion:<\/strong> Lindert verstopfte Nasen<br \/>\n<strong>Haltbarkeit:<\/strong> 3 Jahre<br \/>\n<strong>Herkunftsland:<\/strong> Thailand<\/p>\n","protected":false},"featured_media":537,"comment_status":"open","ping_status":"closed","template":"","meta":{"_exactmetrics_skip_tracking":false,"_exactmetrics_sitenote_active":false,"_exactmetrics_sitenote_note":"","_exactmetrics_sitenote_category":0,"jetpack_post_was_ever_published":false},"product_cat":[86],"product_tag":[],"yoast_head":"<!-- This site is optimized with the Yoast SEO plugin v22.3 - https:\/\/yoast.com\/wordpress\/plugins\/seo\/ -->\n<title>Vapex - Thail\u00e4ndischer Nasen-Inhalator und \u00d6l - 1 St\u00fcck - Thai-Inhaler.com<\/title>\n<meta name=\"robots\" content=\"index, follow, max-snippet:-1, max-image-preview:large, max-video-preview:-1\" \/>\n<link rel=\"canonical\" href=\"https:\/\/thai-inhaler.com\/de\/shop\/inhalatoren\/vapex-thailandischer-nasen-inhalator-und-ol-1-stuck\/\" \/>\n<meta property=\"og:locale\" content=\"de_DE\" \/>\n<meta property=\"og:type\" content=\"article\" \/>\n<meta property=\"og:title\" content=\"Vapex - Thail\u00e4ndischer Nasen-Inhalator und \u00d6l - 1 St\u00fcck - Thai-Inhaler.com\" \/>\n<meta property=\"og:description\" content=\"Inhalt: 2ml Funktion: Lindert verstopfte Nasen Haltbarkeit: 3 Jahre Herkunftsland: Thailand\" \/>\n<meta property=\"og:url\" content=\"https:\/\/thai-inhaler.com\/de\/shop\/inhalatoren\/vapex-thailandischer-nasen-inhalator-und-ol-1-stuck\/\" \/>\n<meta property=\"og:site_name\" content=\"Thai-Inhaler.com\" \/>\n<meta property=\"article:modified_time\" content=\"2024-01-03T22:07:47+00:00\" \/>\n<meta property=\"og:image\" content=\"https:\/\/thai-inhaler.com\/wp-content\/uploads\/2017\/11\/IMG_4061.jpg\" \/>\n\t<meta property=\"og:image:width\" content=\"1818\" \/>\n\t<meta property=\"og:image:height\" content=\"1818\" \/>\n\t<meta property=\"og:image:type\" content=\"image\/jpeg\" \/>\n<meta name=\"twitter:card\" content=\"summary_large_image\" \/>\n<meta name=\"twitter:label1\" content=\"Gesch\u00e4tzte Lesezeit\" \/>\n\t<meta name=\"twitter:data1\" content=\"2 Minuten\" \/>\n<script type=\"application\/ld+json\" class=\"yoast-schema-graph\">{\"@context\":\"https:\/\/schema.org\",\"@graph\":[{\"@type\":\"WebPage\",\"@id\":\"https:\/\/thai-inhaler.com\/de\/shop\/inhalatoren\/vapex-thailandischer-nasen-inhalator-und-ol-1-stuck\/\",\"url\":\"https:\/\/thai-inhaler.com\/de\/shop\/inhalatoren\/vapex-thailandischer-nasen-inhalator-und-ol-1-stuck\/\",\"name\":\"Vapex - Thail\u00e4ndischer Nasen-Inhalator und \u00d6l - 1 St\u00fcck - Thai-Inhaler.com\",\"isPartOf\":{\"@id\":\"https:\/\/thai-inhaler.com\/#website\"},\"primaryImageOfPage\":{\"@id\":\"https:\/\/thai-inhaler.com\/de\/shop\/inhalatoren\/vapex-thailandischer-nasen-inhalator-und-ol-1-stuck\/#primaryimage\"},\"image\":{\"@id\":\"https:\/\/thai-inhaler.com\/de\/shop\/inhalatoren\/vapex-thailandischer-nasen-inhalator-und-ol-1-stuck\/#primaryimage\"},\"thumbnailUrl\":\"https:\/\/i0.wp.com\/thai-inhaler.com\/wp-content\/uploads\/2017\/11\/IMG_4061.jpg?fit=1818%2C1818&ssl=1\",\"datePublished\":\"2017-11-24T14:56:04+00:00\",\"dateModified\":\"2024-01-03T22:07:47+00:00\",\"breadcrumb\":{\"@id\":\"https:\/\/thai-inhaler.com\/de\/shop\/inhalatoren\/vapex-thailandischer-nasen-inhalator-und-ol-1-stuck\/#breadcrumb\"},\"inLanguage\":\"de-DE\",\"potentialAction\":[{\"@type\":\"ReadAction\",\"target\":[\"https:\/\/thai-inhaler.com\/de\/shop\/inhalatoren\/vapex-thailandischer-nasen-inhalator-und-ol-1-stuck\/\"]}]},{\"@type\":\"ImageObject\",\"inLanguage\":\"de-DE\",\"@id\":\"https:\/\/thai-inhaler.com\/de\/shop\/inhalatoren\/vapex-thailandischer-nasen-inhalator-und-ol-1-stuck\/#primaryimage\",\"url\":\"https:\/\/i0.wp.com\/thai-inhaler.com\/wp-content\/uploads\/2017\/11\/IMG_4061.jpg?fit=1818%2C1818&ssl=1\",\"contentUrl\":\"https:\/\/i0.wp.com\/thai-inhaler.com\/wp-content\/uploads\/2017\/11\/IMG_4061.jpg?fit=1818%2C1818&ssl=1\",\"width\":1818,\"height\":1818,\"caption\":\"Vapex - Thail\u00e4ndischer Nasen-Inhalator und \u00d6l - 1 St\u00fcck\"},{\"@type\":\"BreadcrumbList\",\"@id\":\"https:\/\/thai-inhaler.com\/de\/shop\/inhalatoren\/vapex-thailandischer-nasen-inhalator-und-ol-1-stuck\/#breadcrumb\",\"itemListElement\":[{\"@type\":\"ListItem\",\"position\":1,\"name\":\"Home\",\"item\":\"https:\/\/thai-inhaler.com\/\"},{\"@type\":\"ListItem\",\"position\":2,\"name\":\"Shop\",\"item\":\"https:\/\/thai-inhaler.com\/shop\/\"},{\"@type\":\"ListItem\",\"position\":3,\"name\":\"Vapex &#8211; Thail\u00e4ndischer Nasen-Inhalator und \u00d6l &#8211; 1 St\u00fcck\"}]},{\"@type\":\"WebSite\",\"@id\":\"https:\/\/thai-inhaler.com\/#website\",\"url\":\"https:\/\/thai-inhaler.com\/\",\"name\":\"Thai-Inhaler.com\",\"description\":\"Thai Herbal Products, Inhalers, Balms, Plasters On Sale\",\"publisher\":{\"@id\":\"https:\/\/thai-inhaler.com\/#organization\"},\"potentialAction\":[{\"@type\":\"SearchAction\",\"target\":{\"@type\":\"EntryPoint\",\"urlTemplate\":\"https:\/\/thai-inhaler.com\/?s={search_term_string}\"},\"query-input\":\"required name=search_term_string\"}],\"inLanguage\":\"de-DE\"},{\"@type\":\"Organization\",\"@id\":\"https:\/\/thai-inhaler.com\/#organization\",\"name\":\"Thai-Inhaler.com\",\"url\":\"https:\/\/thai-inhaler.com\/\",\"logo\":{\"@type\":\"ImageObject\",\"inLanguage\":\"de-DE\",\"@id\":\"https:\/\/thai-inhaler.com\/#\/schema\/logo\/image\/\",\"url\":\"https:\/\/i0.wp.com\/thai-inhaler.com\/wp-content\/uploads\/2017\/08\/cropped-logoThaiinhaler-01.png?fit=460%2C160&ssl=1\",\"contentUrl\":\"https:\/\/i0.wp.com\/thai-inhaler.com\/wp-content\/uploads\/2017\/08\/cropped-logoThaiinhaler-01.png?fit=460%2C160&ssl=1\",\"width\":460,\"height\":160,\"caption\":\"Thai-Inhaler.com\"},\"image\":{\"@id\":\"https:\/\/thai-inhaler.com\/#\/schema\/logo\/image\/\"}}]}<\/script>\n<!-- \/ Yoast SEO plugin. -->","yoast_head_json":{"title":"Vapex - Thail\u00e4ndischer Nasen-Inhalator und \u00d6l - 1 St\u00fcck - Thai-Inhaler.com","robots":{"index":"index","follow":"follow","max-snippet":"max-snippet:-1","max-image-preview":"max-image-preview:large","max-video-preview":"max-video-preview:-1"},"canonical":"https:\/\/thai-inhaler.com\/de\/shop\/inhalatoren\/vapex-thailandischer-nasen-inhalator-und-ol-1-stuck\/","og_locale":"de_DE","og_type":"article","og_title":"Vapex - Thail\u00e4ndischer Nasen-Inhalator und \u00d6l - 1 St\u00fcck - Thai-Inhaler.com","og_description":"Inhalt: 2ml Funktion: Lindert verstopfte Nasen Haltbarkeit: 3 Jahre Herkunftsland: Thailand","og_url":"https:\/\/thai-inhaler.com\/de\/shop\/inhalatoren\/vapex-thailandischer-nasen-inhalator-und-ol-1-stuck\/","og_site_name":"Thai-Inhaler.com","article_modified_time":"2024-01-03T22:07:47+00:00","og_image":[{"width":1818,"height":1818,"url":"https:\/\/thai-inhaler.com\/wp-content\/uploads\/2017\/11\/IMG_4061.jpg","type":"image\/jpeg"}],"twitter_card":"summary_large_image","twitter_misc":{"Gesch\u00e4tzte Lesezeit":"2 Minuten"},"schema":{"@context":"https:\/\/schema.org","@graph":[{"@type":"WebPage","@id":"https:\/\/thai-inhaler.com\/de\/shop\/inhalatoren\/vapex-thailandischer-nasen-inhalator-und-ol-1-stuck\/","url":"https:\/\/thai-inhaler.com\/de\/shop\/inhalatoren\/vapex-thailandischer-nasen-inhalator-und-ol-1-stuck\/","name":"Vapex - Thail\u00e4ndischer Nasen-Inhalator und \u00d6l - 1 St\u00fcck - Thai-Inhaler.com","isPartOf":{"@id":"https:\/\/thai-inhaler.com\/#website"},"primaryImageOfPage":{"@id":"https:\/\/thai-inhaler.com\/de\/shop\/inhalatoren\/vapex-thailandischer-nasen-inhalator-und-ol-1-stuck\/#primaryimage"},"image":{"@id":"https:\/\/thai-inhaler.com\/de\/shop\/inhalatoren\/vapex-thailandischer-nasen-inhalator-und-ol-1-stuck\/#primaryimage"},"thumbnailUrl":"https:\/\/i0.wp.com\/thai-inhaler.com\/wp-content\/uploads\/2017\/11\/IMG_4061.jpg?fit=1818%2C1818&ssl=1","datePublished":"2017-11-24T14:56:04+00:00","dateModified":"2024-01-03T22:07:47+00:00","breadcrumb":{"@id":"https:\/\/thai-inhaler.com\/de\/shop\/inhalatoren\/vapex-thailandischer-nasen-inhalator-und-ol-1-stuck\/#breadcrumb"},"inLanguage":"de-DE","potentialAction":[{"@type":"ReadAction","target":["https:\/\/thai-inhaler.com\/de\/shop\/inhalatoren\/vapex-thailandischer-nasen-inhalator-und-ol-1-stuck\/"]}]},{"@type":"ImageObject","inLanguage":"de-DE","@id":"https:\/\/thai-inhaler.com\/de\/shop\/inhalatoren\/vapex-thailandischer-nasen-inhalator-und-ol-1-stuck\/#primaryimage","url":"https:\/\/i0.wp.com\/thai-inhaler.com\/wp-content\/uploads\/2017\/11\/IMG_4061.jpg?fit=1818%2C1818&ssl=1","contentUrl":"https:\/\/i0.wp.com\/thai-inhaler.com\/wp-content\/uploads\/2017\/11\/IMG_4061.jpg?fit=1818%2C1818&ssl=1","width":1818,"height":1818,"caption":"Vapex - Thail\u00e4ndischer Nasen-Inhalator und \u00d6l - 1 St\u00fcck"},{"@type":"BreadcrumbList","@id":"https:\/\/thai-inhaler.com\/de\/shop\/inhalatoren\/vapex-thailandischer-nasen-inhalator-und-ol-1-stuck\/#breadcrumb","itemListElement":[{"@type":"ListItem","position":1,"name":"Home","item":"https:\/\/thai-inhaler.com\/"},{"@type":"ListItem","position":2,"name":"Shop","item":"https:\/\/thai-inhaler.com\/shop\/"},{"@type":"ListItem","position":3,"name":"Vapex &#8211; Thail\u00e4ndischer Nasen-Inhalator und \u00d6l &#8211; 1 St\u00fcck"}]},{"@type":"WebSite","@id":"https:\/\/thai-inhaler.com\/#website","url":"https:\/\/thai-inhaler.com\/","name":"Thai-Inhaler.com","description":"Thai Herbal Products, Inhalers, Balms, Plasters On Sale","publisher":{"@id":"https:\/\/thai-inhaler.com\/#organization"},"potentialAction":[{"@type":"SearchAction","target":{"@type":"EntryPoint","urlTemplate":"https:\/\/thai-inhaler.com\/?s={search_term_string}"},"query-input":"required name=search_term_string"}],"inLanguage":"de-DE"},{"@type":"Organization","@id":"https:\/\/thai-inhaler.com\/#organization","name":"Thai-Inhaler.com","url":"https:\/\/thai-inhaler.com\/","logo":{"@type":"ImageObject","inLanguage":"de-DE","@id":"https:\/\/thai-inhaler.com\/#\/schema\/logo\/image\/","url":"https:\/\/i0.wp.com\/thai-inhaler.com\/wp-content\/uploads\/2017\/08\/cropped-logoThaiinhaler-01.png?fit=460%2C160&ssl=1","contentUrl":"https:\/\/i0.wp.com\/thai-inhaler.com\/wp-content\/uploads\/2017\/08\/cropped-logoThaiinhaler-01.png?fit=460%2C160&ssl=1","width":460,"height":160,"caption":"Thai-Inhaler.com"},"image":{"@id":"https:\/\/thai-inhaler.com\/#\/schema\/logo\/image\/"}}]}},"jetpack_sharing_enabled":true,"_links":{"self":[{"href":"https:\/\/thai-inhaler.com\/de\/wp-json\/wp\/v2\/product\/532"}],"collection":[{"href":"https:\/\/thai-inhaler.com\/de\/wp-json\/wp\/v2\/product"}],"about":[{"href":"https:\/\/thai-inhaler.com\/de\/wp-json\/wp\/v2\/types\/product"}],"replies":[{"embeddable":true,"href":"https:\/\/thai-inhaler.com\/de\/wp-json\/wp\/v2\/comments?post=532"}],"wp:featuredmedia":[{"embeddable":true,"href":"https:\/\/thai-inhaler.com\/de\/wp-json\/wp\/v2\/media\/537"}],"wp:attachment":[{"href":"https:\/\/thai-inhaler.com\/de\/wp-json\/wp\/v2\/media?parent=532"}],"wp:term":[{"taxonomy":"product_cat","embeddable":true,"href":"https:\/\/thai-inhaler.com\/de\/wp-json\/wp\/v2\/product_cat?post=532"},{"taxonomy":"product_tag","embeddable":true,"href":"https:\/\/thai-inhaler.com\/de\/wp-json\/wp\/v2\/product_tag?post=532"}],"curies":[{"name":"wp","href":"https:\/\/api.w.org\/{rel}","templated":true}]}}