{"id":445,"date":"2017-08-04T15:53:55","date_gmt":"2017-08-04T13:53:55","guid":{"rendered":"https:\/\/thai-inhaler.com\/shop\/unkategorisiert\/poy-sian-mark-ii-thailandischer-naseninhalator-und-ol-1-stuck\/"},"modified":"2024-03-21T08:57:31","modified_gmt":"2024-03-21T07:57:31","slug":"poy-sian-mark-ii-thailandischer-naseninhalator-und-ol-1-stuck","status":"publish","type":"product","link":"https:\/\/thai-inhaler.com\/de\/shop\/inhalatoren\/poy-sian-mark-ii-thailandischer-naseninhalator-und-ol-1-stuck\/","title":{"rendered":"Poy-Sian Mark II &#8211; Thail\u00e4ndischer Naseninhalator und \u00d6l \u2013 1 St\u00fcck"},"content":{"rendered":"<h2>Poy-Sian Mark II &#8211; Thail\u00e4ndischer Naseninhalator und \u00d6l \u2013 1 St\u00fcck<\/h2>\n<p>Der Poy-Sian Mark II \u2013 Thail\u00e4ndische Naseninhalatobesteht aus einer Mixtur aus \u00c4therischen \u00d6len, Kr\u00f6utern und salzen, die als einfache L\u00f6sung dienen, um eine verstopfte Nase zu lindern, den K\u00f6rper und Geist aufzufrischen und Schwindel sowie Ohnmacht zu beseitigen. Inhalatoren sind in Thailand sehr beliebt und jeder hat dort mindestens einen. Das liegt an ihrer Einfachheit und schneller Einsatzbereitschaft, in der sie den K\u00f6rper und Geist vitalisieren und eine gro\u00dfe Anzahl an Symptomen heilen.<\/p>\n<h3>Inhaltsstoffe:<\/h3>\n<p>Der Poy Sian Mark II besteht aus einer Mixture von salzen und \u00c4therischen \u00d6len, wie Nelken\u00f6l und Pfefferminz\u00f6l. Die Haupt-Inhaltstoffe sind:<\/p>\n<ul>\n<li>Eukalyptus\u00f6l \u2013 8.5%<\/li>\n<li>Menthol \u2013 42%<\/li>\n<li>Kampfer \u2013 16.4%<\/li>\n<li>Borneol \u2013 6.1%<\/li>\n<\/ul>\n<p>Dieses Eukalyptus\u00f6l hilft, h\u00e4rtere \u00d6le wie z.B. Sesam\u00f6l und Mineral\u00f6l aufzul\u00f6sen. Es hilft auch dabei, sogenannte Schuppen aus Kr\u00e4utern wie Pfefferminze und Menthol zu extrahieren.<\/p>\n<h3>Wirksamkeit:<\/h3>\n<p>Die Camphor und Borneol salze bestehen aus 3 Hauptbestandteilen, die \u00c4therische \u00d6le beinhalten, die, wenn man sie inhaliert, ein kaltes, erfrischendes Gef\u00fchl in der Nasenh\u00f6hle ausl\u00f6sen. Dies hilft ihnen dabei, ihren Rachen und die Nebenh\u00f6hlen zu befreien, damit Sie wieder erfrischt und Aufmerksam sind. Es hilft auch dabei Symptome wie Schwindel Ohnmacht zu reduzieren.<\/p>\n<h3>Wie man ihn benutzt:<\/h3>\n<p>Nutzen Sie den Inhalator bitte korrek, indem Sie ihn nah an ihre Nase halten und einen tiefen Atemzug durch die Nase nehmen. Der Inhalator sollte ihre Nase nicht direkt ber\u00fchren. Damit sollen Hautirritationen um die Nase verhindert werden. Und versuchen Sie bitte nicht die salze im Inhalator anzufassen, da dies zu Infektionen f\u00fchren k\u00f6nnte.<\/p>\n<p>Eine andere Art den Poy-Sian Mark II zu nutzen ist, einen nassen Watteball oder ein nasses Taschentuch zu benutzen, um die D\u00e4mpfe einzuatmen. Nutzen Sie bitte nur kleine Mengen um Irritationen zu vermeiden.<\/p>\n<p>F\u00fcr mehr Linderung und extra Aufmerksamkeit, verreiben Sie das Elixier leicht auf ihren Schl\u00e4fen.<\/p>\n<p>Falls Sie eine Nasenh\u00f6hlenerkrankung haben sollten, Sie allergisch sind oder Sie dadurch eine Entz\u00fcndung bekommen, h\u00f6ren Sie bitte sofort auf, das Produkt zu benutzen. Menschen mit einer Nasennebenh\u00f6lenentz\u00fcndung oder Sinusitis sollten dieses Produkt auch nicht nutzen.<\/p>\n<p>Die salze sind daf\u00fcr gedacht, Symptoms f\u00fcr eine Weile zu lindern. Wenn die Symptome bestehen bleiben, suchen Sie bitte einen Arzt auf. Nicht in Reichweite von Kindern aufbewahren.<\/p>\n","protected":false},"excerpt":{"rendered":"<p><strong>Gr\u00f6\u00dfe:<\/strong> 2ml je Tube<br \/>\n<strong>Herkunftsland:<\/strong> Thailand<br \/>\n<strong>Haltbarkeit:<\/strong> 3 Jahre<\/p>\n","protected":false},"featured_media":450,"comment_status":"open","ping_status":"closed","template":"","meta":{"_exactmetrics_skip_tracking":false,"_exactmetrics_sitenote_active":false,"_exactmetrics_sitenote_note":"","_exactmetrics_sitenote_category":0,"jetpack_post_was_ever_published":false},"product_cat":[86],"product_tag":[],"yoast_head":"<!-- This site is optimized with the Yoast SEO plugin v22.3 - https:\/\/yoast.com\/wordpress\/plugins\/seo\/ -->\n<title>Poy-Sian Mark II - Thail\u00e4ndischer Naseninhalator und \u00d6l \u2013 1 St\u00fcck - Thai-Inhaler.com<\/title>\n<meta name=\"robots\" content=\"index, follow, max-snippet:-1, max-image-preview:large, max-video-preview:-1\" \/>\n<link rel=\"canonical\" href=\"https:\/\/thai-inhaler.com\/de\/shop\/inhalatoren\/poy-sian-mark-ii-thailandischer-naseninhalator-und-ol-1-stuck\/\" \/>\n<meta property=\"og:locale\" content=\"de_DE\" \/>\n<meta property=\"og:type\" content=\"article\" \/>\n<meta property=\"og:title\" content=\"Poy-Sian Mark II - Thail\u00e4ndischer Naseninhalator und \u00d6l \u2013 1 St\u00fcck - Thai-Inhaler.com\" \/>\n<meta property=\"og:description\" content=\"Gr\u00f6\u00dfe: 2ml je Tube Herkunftsland: Thailand Haltbarkeit: 3 Jahre\" \/>\n<meta property=\"og:url\" content=\"https:\/\/thai-inhaler.com\/de\/shop\/inhalatoren\/poy-sian-mark-ii-thailandischer-naseninhalator-und-ol-1-stuck\/\" \/>\n<meta property=\"og:site_name\" content=\"Thai-Inhaler.com\" \/>\n<meta property=\"article:modified_time\" content=\"2024-03-21T07:57:31+00:00\" \/>\n<meta property=\"og:image\" content=\"https:\/\/thai-inhaler.com\/wp-content\/uploads\/2017\/08\/IMG_2930.jpg\" \/>\n\t<meta property=\"og:image:width\" content=\"800\" \/>\n\t<meta property=\"og:image:height\" content=\"800\" \/>\n\t<meta property=\"og:image:type\" content=\"image\/jpeg\" \/>\n<meta name=\"twitter:card\" content=\"summary_large_image\" \/>\n<meta name=\"twitter:label1\" content=\"Gesch\u00e4tzte Lesezeit\" \/>\n\t<meta name=\"twitter:data1\" content=\"2 Minuten\" \/>\n<script type=\"application\/ld+json\" class=\"yoast-schema-graph\">{\"@context\":\"https:\/\/schema.org\",\"@graph\":[{\"@type\":\"WebPage\",\"@id\":\"https:\/\/thai-inhaler.com\/de\/shop\/inhalatoren\/poy-sian-mark-ii-thailandischer-naseninhalator-und-ol-1-stuck\/\",\"url\":\"https:\/\/thai-inhaler.com\/de\/shop\/inhalatoren\/poy-sian-mark-ii-thailandischer-naseninhalator-und-ol-1-stuck\/\",\"name\":\"Poy-Sian Mark II - Thail\u00e4ndischer Naseninhalator und \u00d6l \u2013 1 St\u00fcck - Thai-Inhaler.com\",\"isPartOf\":{\"@id\":\"https:\/\/thai-inhaler.com\/#website\"},\"primaryImageOfPage\":{\"@id\":\"https:\/\/thai-inhaler.com\/de\/shop\/inhalatoren\/poy-sian-mark-ii-thailandischer-naseninhalator-und-ol-1-stuck\/#primaryimage\"},\"image\":{\"@id\":\"https:\/\/thai-inhaler.com\/de\/shop\/inhalatoren\/poy-sian-mark-ii-thailandischer-naseninhalator-und-ol-1-stuck\/#primaryimage\"},\"thumbnailUrl\":\"https:\/\/i0.wp.com\/thai-inhaler.com\/wp-content\/uploads\/2017\/08\/IMG_2930.jpg?fit=800%2C800&ssl=1\",\"datePublished\":\"2017-08-04T13:53:55+00:00\",\"dateModified\":\"2024-03-21T07:57:31+00:00\",\"breadcrumb\":{\"@id\":\"https:\/\/thai-inhaler.com\/de\/shop\/inhalatoren\/poy-sian-mark-ii-thailandischer-naseninhalator-und-ol-1-stuck\/#breadcrumb\"},\"inLanguage\":\"de-DE\",\"potentialAction\":[{\"@type\":\"ReadAction\",\"target\":[\"https:\/\/thai-inhaler.com\/de\/shop\/inhalatoren\/poy-sian-mark-ii-thailandischer-naseninhalator-und-ol-1-stuck\/\"]}]},{\"@type\":\"ImageObject\",\"inLanguage\":\"de-DE\",\"@id\":\"https:\/\/thai-inhaler.com\/de\/shop\/inhalatoren\/poy-sian-mark-ii-thailandischer-naseninhalator-und-ol-1-stuck\/#primaryimage\",\"url\":\"https:\/\/i0.wp.com\/thai-inhaler.com\/wp-content\/uploads\/2017\/08\/IMG_2930.jpg?fit=800%2C800&ssl=1\",\"contentUrl\":\"https:\/\/i0.wp.com\/thai-inhaler.com\/wp-content\/uploads\/2017\/08\/IMG_2930.jpg?fit=800%2C800&ssl=1\",\"width\":800,\"height\":800,\"caption\":\"Poy-Sian Mark II - Thail\u00e4ndischer Naseninhalator und \u00d6l \u2013 1 St\u00fcck\"},{\"@type\":\"BreadcrumbList\",\"@id\":\"https:\/\/thai-inhaler.com\/de\/shop\/inhalatoren\/poy-sian-mark-ii-thailandischer-naseninhalator-und-ol-1-stuck\/#breadcrumb\",\"itemListElement\":[{\"@type\":\"ListItem\",\"position\":1,\"name\":\"Home\",\"item\":\"https:\/\/thai-inhaler.com\/\"},{\"@type\":\"ListItem\",\"position\":2,\"name\":\"Shop\",\"item\":\"https:\/\/thai-inhaler.com\/shop\/\"},{\"@type\":\"ListItem\",\"position\":3,\"name\":\"Poy-Sian Mark II &#8211; Thail\u00e4ndischer Naseninhalator und \u00d6l \u2013 1 St\u00fcck\"}]},{\"@type\":\"WebSite\",\"@id\":\"https:\/\/thai-inhaler.com\/#website\",\"url\":\"https:\/\/thai-inhaler.com\/\",\"name\":\"Thai-Inhaler.com\",\"description\":\"Thai Herbal Products, Inhalers, Balms, Plasters On Sale\",\"publisher\":{\"@id\":\"https:\/\/thai-inhaler.com\/#organization\"},\"potentialAction\":[{\"@type\":\"SearchAction\",\"target\":{\"@type\":\"EntryPoint\",\"urlTemplate\":\"https:\/\/thai-inhaler.com\/?s={search_term_string}\"},\"query-input\":\"required name=search_term_string\"}],\"inLanguage\":\"de-DE\"},{\"@type\":\"Organization\",\"@id\":\"https:\/\/thai-inhaler.com\/#organization\",\"name\":\"Thai-Inhaler.com\",\"url\":\"https:\/\/thai-inhaler.com\/\",\"logo\":{\"@type\":\"ImageObject\",\"inLanguage\":\"de-DE\",\"@id\":\"https:\/\/thai-inhaler.com\/#\/schema\/logo\/image\/\",\"url\":\"https:\/\/i0.wp.com\/thai-inhaler.com\/wp-content\/uploads\/2017\/08\/cropped-logoThaiinhaler-01.png?fit=460%2C160&ssl=1\",\"contentUrl\":\"https:\/\/i0.wp.com\/thai-inhaler.com\/wp-content\/uploads\/2017\/08\/cropped-logoThaiinhaler-01.png?fit=460%2C160&ssl=1\",\"width\":460,\"height\":160,\"caption\":\"Thai-Inhaler.com\"},\"image\":{\"@id\":\"https:\/\/thai-inhaler.com\/#\/schema\/logo\/image\/\"}}]}<\/script>\n<!-- \/ Yoast SEO plugin. -->","yoast_head_json":{"title":"Poy-Sian Mark II - Thail\u00e4ndischer Naseninhalator und \u00d6l \u2013 1 St\u00fcck - Thai-Inhaler.com","robots":{"index":"index","follow":"follow","max-snippet":"max-snippet:-1","max-image-preview":"max-image-preview:large","max-video-preview":"max-video-preview:-1"},"canonical":"https:\/\/thai-inhaler.com\/de\/shop\/inhalatoren\/poy-sian-mark-ii-thailandischer-naseninhalator-und-ol-1-stuck\/","og_locale":"de_DE","og_type":"article","og_title":"Poy-Sian Mark II - Thail\u00e4ndischer Naseninhalator und \u00d6l \u2013 1 St\u00fcck - Thai-Inhaler.com","og_description":"Gr\u00f6\u00dfe: 2ml je Tube Herkunftsland: Thailand Haltbarkeit: 3 Jahre","og_url":"https:\/\/thai-inhaler.com\/de\/shop\/inhalatoren\/poy-sian-mark-ii-thailandischer-naseninhalator-und-ol-1-stuck\/","og_site_name":"Thai-Inhaler.com","article_modified_time":"2024-03-21T07:57:31+00:00","og_image":[{"width":800,"height":800,"url":"https:\/\/thai-inhaler.com\/wp-content\/uploads\/2017\/08\/IMG_2930.jpg","type":"image\/jpeg"}],"twitter_card":"summary_large_image","twitter_misc":{"Gesch\u00e4tzte Lesezeit":"2 Minuten"},"schema":{"@context":"https:\/\/schema.org","@graph":[{"@type":"WebPage","@id":"https:\/\/thai-inhaler.com\/de\/shop\/inhalatoren\/poy-sian-mark-ii-thailandischer-naseninhalator-und-ol-1-stuck\/","url":"https:\/\/thai-inhaler.com\/de\/shop\/inhalatoren\/poy-sian-mark-ii-thailandischer-naseninhalator-und-ol-1-stuck\/","name":"Poy-Sian Mark II - Thail\u00e4ndischer Naseninhalator und \u00d6l \u2013 1 St\u00fcck - Thai-Inhaler.com","isPartOf":{"@id":"https:\/\/thai-inhaler.com\/#website"},"primaryImageOfPage":{"@id":"https:\/\/thai-inhaler.com\/de\/shop\/inhalatoren\/poy-sian-mark-ii-thailandischer-naseninhalator-und-ol-1-stuck\/#primaryimage"},"image":{"@id":"https:\/\/thai-inhaler.com\/de\/shop\/inhalatoren\/poy-sian-mark-ii-thailandischer-naseninhalator-und-ol-1-stuck\/#primaryimage"},"thumbnailUrl":"https:\/\/i0.wp.com\/thai-inhaler.com\/wp-content\/uploads\/2017\/08\/IMG_2930.jpg?fit=800%2C800&ssl=1","datePublished":"2017-08-04T13:53:55+00:00","dateModified":"2024-03-21T07:57:31+00:00","breadcrumb":{"@id":"https:\/\/thai-inhaler.com\/de\/shop\/inhalatoren\/poy-sian-mark-ii-thailandischer-naseninhalator-und-ol-1-stuck\/#breadcrumb"},"inLanguage":"de-DE","potentialAction":[{"@type":"ReadAction","target":["https:\/\/thai-inhaler.com\/de\/shop\/inhalatoren\/poy-sian-mark-ii-thailandischer-naseninhalator-und-ol-1-stuck\/"]}]},{"@type":"ImageObject","inLanguage":"de-DE","@id":"https:\/\/thai-inhaler.com\/de\/shop\/inhalatoren\/poy-sian-mark-ii-thailandischer-naseninhalator-und-ol-1-stuck\/#primaryimage","url":"https:\/\/i0.wp.com\/thai-inhaler.com\/wp-content\/uploads\/2017\/08\/IMG_2930.jpg?fit=800%2C800&ssl=1","contentUrl":"https:\/\/i0.wp.com\/thai-inhaler.com\/wp-content\/uploads\/2017\/08\/IMG_2930.jpg?fit=800%2C800&ssl=1","width":800,"height":800,"caption":"Poy-Sian Mark II - Thail\u00e4ndischer Naseninhalator und \u00d6l \u2013 1 St\u00fcck"},{"@type":"BreadcrumbList","@id":"https:\/\/thai-inhaler.com\/de\/shop\/inhalatoren\/poy-sian-mark-ii-thailandischer-naseninhalator-und-ol-1-stuck\/#breadcrumb","itemListElement":[{"@type":"ListItem","position":1,"name":"Home","item":"https:\/\/thai-inhaler.com\/"},{"@type":"ListItem","position":2,"name":"Shop","item":"https:\/\/thai-inhaler.com\/shop\/"},{"@type":"ListItem","position":3,"name":"Poy-Sian Mark II &#8211; Thail\u00e4ndischer Naseninhalator und \u00d6l \u2013 1 St\u00fcck"}]},{"@type":"WebSite","@id":"https:\/\/thai-inhaler.com\/#website","url":"https:\/\/thai-inhaler.com\/","name":"Thai-Inhaler.com","description":"Thai Herbal Products, Inhalers, Balms, Plasters On Sale","publisher":{"@id":"https:\/\/thai-inhaler.com\/#organization"},"potentialAction":[{"@type":"SearchAction","target":{"@type":"EntryPoint","urlTemplate":"https:\/\/thai-inhaler.com\/?s={search_term_string}"},"query-input":"required name=search_term_string"}],"inLanguage":"de-DE"},{"@type":"Organization","@id":"https:\/\/thai-inhaler.com\/#organization","name":"Thai-Inhaler.com","url":"https:\/\/thai-inhaler.com\/","logo":{"@type":"ImageObject","inLanguage":"de-DE","@id":"https:\/\/thai-inhaler.com\/#\/schema\/logo\/image\/","url":"https:\/\/i0.wp.com\/thai-inhaler.com\/wp-content\/uploads\/2017\/08\/cropped-logoThaiinhaler-01.png?fit=460%2C160&ssl=1","contentUrl":"https:\/\/i0.wp.com\/thai-inhaler.com\/wp-content\/uploads\/2017\/08\/cropped-logoThaiinhaler-01.png?fit=460%2C160&ssl=1","width":460,"height":160,"caption":"Thai-Inhaler.com"},"image":{"@id":"https:\/\/thai-inhaler.com\/#\/schema\/logo\/image\/"}}]}},"jetpack_sharing_enabled":true,"_links":{"self":[{"href":"https:\/\/thai-inhaler.com\/de\/wp-json\/wp\/v2\/product\/445"}],"collection":[{"href":"https:\/\/thai-inhaler.com\/de\/wp-json\/wp\/v2\/product"}],"about":[{"href":"https:\/\/thai-inhaler.com\/de\/wp-json\/wp\/v2\/types\/product"}],"replies":[{"embeddable":true,"href":"https:\/\/thai-inhaler.com\/de\/wp-json\/wp\/v2\/comments?post=445"}],"wp:featuredmedia":[{"embeddable":true,"href":"https:\/\/thai-inhaler.com\/de\/wp-json\/wp\/v2\/media\/450"}],"wp:attachment":[{"href":"https:\/\/thai-inhaler.com\/de\/wp-json\/wp\/v2\/media?parent=445"}],"wp:term":[{"taxonomy":"product_cat","embeddable":true,"href":"https:\/\/thai-inhaler.com\/de\/wp-json\/wp\/v2\/product_cat?post=445"},{"taxonomy":"product_tag","embeddable":true,"href":"https:\/\/thai-inhaler.com\/de\/wp-json\/wp\/v2\/product_tag?post=445"}],"curies":[{"name":"wp","href":"https:\/\/api.w.org\/{rel}","templated":true}]}}